{"id":2751,"date":"2024-03-11T13:50:50","date_gmt":"2024-03-11T13:50:50","guid":{"rendered":"https:\/\/nabilaexperience.com\/?page_id=2751"},"modified":"2025-03-14T19:34:50","modified_gmt":"2025-03-14T19:34:50","slug":"faq","status":"publish","type":"page","link":"https:\/\/nabilaexperience.com\/it\/faq\/","title":{"rendered":"FAQ"},"content":{"rendered":"<div style=\"height:50px\" aria-hidden=\"true\" class=\"wp-block-spacer\"><\/div>\n\n\n\n<h1 class=\"wp-block-heading has-text-align-center has-x-large-font-size\">FAQ<\/h1>\n\n\n\n<div style=\"height:15px\" aria-hidden=\"true\" class=\"wp-block-spacer\"><\/div>\n\n\n\n<div id=\"wp-block-themeisle-blocks-accordion-1a18b8e7\" class=\"wp-block-themeisle-blocks-accordion exclusive  is-style-default\">\n<details class=\"wp-block-themeisle-blocks-accordion-item\"><summary class=\"wp-block-themeisle-blocks-accordion-item__title\"><div><strong>COME POSSO PRENOTARE LA MIA PROSSIMA ESPERIENZA?<\/strong><\/div><\/summary><div class=\"wp-block-themeisle-blocks-accordion-item__content\">\n<ol class=\"wp-block-list\">\n<li>Scegliete la vostra esperienza preferita sul nostro sito web.<\/li>\n\n\n\n<li>Selezionate la data che preferite dal calendario delle esperienze.<\/li>\n\n\n\n<li>Selezionare il numero di biglietti che si intende acquistare per ogni tipologia (es. n\u00b0 2 \"ADULTI\" e n\u00b0 1 \"BAMBINI\"). Per il noleggio di yacht, selezionare una delle opzioni disponibili per lo yacht e specificare il numero di partecipanti. <\/li>\n\n\n\n<li>Procedete con la prenotazione e ricordate di inserire il CODICE COUPON* (se ne avete uno) nel carrello o durante il checkout.<\/li>\n\n\n\n<li>Procedere alla cassa, inserire i dati di fatturazione, esaminare il riepilogo dell'ordine e procedere al pagamento.<\/li>\n\n\n\n<li>Scegliete il metodo di pagamento che preferite e completate il pagamento in modo rapido e sicuro.<\/li>\n\n\n\n<li>Riceverete una conferma automatica dell'ordine via e-mail. Dopo aver confermato l'effettiva disponibilit\u00e0 con il partner scelto, vi invieremo una seconda e-mail con la conferma della prenotazione, il voucher da presentare il giorno dell'esperienza e tutti i dettagli necessari per godervi il vostro prossimo Nabila Experience!<\/li>\n<\/ol>\n\n\n\n<p>*Non applicabile ad alcune esperienze del nostro catalogo. Per sapere quali sono escluse, consultate il nostro sito <a href=\"https:\/\/nabilaexperience.com\/it\/termini-e-condizioni\/\" title=\"Termini e condizioni\">Termini e condizioni<\/a>.<\/p>\n<\/div><\/details>\n\n\n\n<details class=\"wp-block-themeisle-blocks-accordion-item\"><summary class=\"wp-block-themeisle-blocks-accordion-item__title\"><div><strong>COSA SUCCEDE SE PRENOTO E NON C'\u00c8 DISPONIBILIT\u00c0?<\/strong><\/div><\/summary><div class=\"wp-block-themeisle-blocks-accordion-item__content\">\n<p>Se prenotate un'esperienza e, dopo la nostra verifica con il partner, questa non \u00e8 disponibile nella data e nell'ora prescelta, riceverete delle possibili alternative:<\/p>\n\n\n\n<ul class=\"wp-block-list\">\n<li>una data e\/o un orario alternativo per la stessa esperienza;<\/li>\n\n\n\n<li>un'esperienza simile disponibile nella stessa data e ora scelta;<\/li>\n\n\n\n<li>il rimborso dell'importo pagato.<\/li>\n<\/ul>\n<\/div><\/details>\n\n\n\n<details class=\"wp-block-themeisle-blocks-accordion-item\"><summary class=\"wp-block-themeisle-blocks-accordion-item__title\"><div><strong>PERCH\u00c9 NON HO ANCORA RICEVUTO LA CONFERMA DELLA PRENOTAZIONE E IL VOUCHER DELL'ESPERIENZA?<\/strong><\/div><\/summary><div class=\"wp-block-themeisle-blocks-accordion-item__content\">\n<p>Se avete prenotato un'esperienza e il pagamento \u00e8 andato a buon fine, dovreste aver ricevuto una mail automatica di conferma dell'ordine. Se non avete ricevuto la seconda e-mail contenente la conferma e il voucher, \u00e8 possibile che sia finita nella cartella spam o che i nostri operatori non abbiano ancora avuto modo di elaborare la vostra richiesta. Potete contattarci via Whatsapp o via e-mail per verificare lo stato del vostro ordine. Siamo qui per assistervi in modo rapido ed efficiente.<\/p>\n<\/div><\/details>\n\n\n\n<details class=\"wp-block-themeisle-blocks-accordion-item\"><summary class=\"wp-block-themeisle-blocks-accordion-item__title\"><div><strong>\u00c8 NECESSARIO STAMPARE IL VOUCHER?<\/strong><\/div><\/summary><div class=\"wp-block-themeisle-blocks-accordion-item__content\">\n<p>No, non \u00e8 necessario stampare il voucher. \u00c8 sufficiente portare con s\u00e9 lo smartphone per mostrare il voucher elettronico al momento dell'esperienza.<\/p>\n<\/div><\/details>\n\n\n\n<details class=\"wp-block-themeisle-blocks-accordion-item\"><summary class=\"wp-block-themeisle-blocks-accordion-item__title\"><div><strong>COSA SUCCEDE SE L'ESPERIENZA NON PU\u00d2 ESSERE EFFETTUATA A CAUSA DELLE CONDIZIONI METEOROLOGICHE?<\/strong><\/div><\/summary><div class=\"wp-block-themeisle-blocks-accordion-item__content\">\n<p>A Tenerife il clima \u00e8 bello tutto l'anno (o quasi). Tuttavia, se il giorno della prenotazione le condizioni meteorologiche sono tali da non consentire lo svolgimento dell'esperienza, sarete avvisati. In seguito, potrete scegliere di riprogrammare l'escursione o di ricevere il rimborso dell'importo pagato.<\/p>\n<\/div><\/details>\n\n\n\n<details class=\"wp-block-themeisle-blocks-accordion-item\"><summary class=\"wp-block-themeisle-blocks-accordion-item__title\"><div><strong>POSSO CAMBIARE LA DATA DELL'ESPERIENZA?<\/strong><\/div><\/summary><div class=\"wp-block-themeisle-blocks-accordion-item__content\">\n<p>Se avete gi\u00e0 prenotato il vostro prossimo Nabila Experience e volete cambiare la data, contattateci via Whatsapp o e-mail. In genere i nostri partner lo consentono senza dover sostenere costi aggiuntivi. Tuttavia, se mancano meno di 48 ore all'inizio dell'esperienza, potrebbe essere pi\u00f9 difficile ottenere un cambio di data.<\/p>\n<\/div><\/details>\n\n\n\n<details class=\"wp-block-themeisle-blocks-accordion-item\"><summary class=\"wp-block-themeisle-blocks-accordion-item__title\"><div><strong>HO PRENOTATO UN'ESPERIENZA, MA PURTROPPO NON POTR\u00d2 ESSERE PRESENTE. COME POSSO FARE?<\/strong><\/div><\/summary><div class=\"wp-block-themeisle-blocks-accordion-item__content\">\n<p>Non preoccupatevi, gli imprevisti possono accadere. L'assistenza di Nabila vi aiuter\u00e0 a trovare la soluzione migliore per voi. La maggior parte dei nostri partner ci permette di riprogrammare o cancellare gratuitamente la prenotazione entro 48 ore. A seconda dell'attivit\u00e0 scelta e del tempo rimanente prima dell'esperienza, potremmo essere in grado di rimborsarvi, scegliere un'altra data o un'altra esperienza. Si prega di consultare la scheda informativa di ciascuna esperienza per le condizioni di cancellazione gratuita, ove possibile.<\/p>\n<\/div><\/details>\n\n\n\n<details class=\"wp-block-themeisle-blocks-accordion-item\"><summary class=\"wp-block-themeisle-blocks-accordion-item__title\"><div><strong>SONO ARRIVATO IN RITARDO. PERCH\u00c9 NESSUNO MI HA ASPETTATO?<\/strong><\/div><\/summary><div class=\"wp-block-themeisle-blocks-accordion-item__content\">\n<p>La puntualit\u00e0 \u00e8 importante e consigliamo sempre di arrivare con almeno 15 minuti di anticipo per evitare queste situazioni. Le escursioni, in particolare quelle che coinvolgono altri partecipanti, hanno orari da rispettare. Rimborsi o riprogrammazioni in questi casi sono molto difficili e anche se faremo il possibile per assistervi, alla fine dipende dalle politiche dei nostri partner.<\/p>\n<\/div><\/details>\n<\/div>\n\n\n\n<div style=\"height:50px\" aria-hidden=\"true\" class=\"wp-block-spacer\"><\/div>","protected":false},"excerpt":{"rendered":"<p>FAQ<\/p>","protected":false},"author":1,"featured_media":5115,"parent":0,"menu_order":0,"comment_status":"closed","ping_status":"closed","template":"","meta":{"_acf_changed":false,"ocean_post_layout":"","ocean_both_sidebars_style":"","ocean_both_sidebars_content_width":0,"ocean_both_sidebars_sidebars_width":0,"ocean_sidebar":"","ocean_second_sidebar":"","ocean_disable_margins":"enable","ocean_add_body_class":"","ocean_shortcode_before_top_bar":"","ocean_shortcode_after_top_bar":"","ocean_shortcode_before_header":"","ocean_shortcode_after_header":"","ocean_has_shortcode":"","ocean_shortcode_after_title":"","ocean_shortcode_before_footer_widgets":"","ocean_shortcode_after_footer_widgets":"","ocean_shortcode_before_footer_bottom":"","ocean_shortcode_after_footer_bottom":"","ocean_display_top_bar":"default","ocean_display_header":"default","ocean_header_style":"","ocean_center_header_left_menu":"","ocean_custom_header_template":"","ocean_custom_logo":0,"ocean_custom_retina_logo":0,"ocean_custom_logo_max_width":0,"ocean_custom_logo_tablet_max_width":0,"ocean_custom_logo_mobile_max_width":0,"ocean_custom_logo_max_height":0,"ocean_custom_logo_tablet_max_height":0,"ocean_custom_logo_mobile_max_height":0,"ocean_header_custom_menu":"","ocean_menu_typo_font_family":"","ocean_menu_typo_font_subset":"","ocean_menu_typo_font_size":0,"ocean_menu_typo_font_size_tablet":0,"ocean_menu_typo_font_size_mobile":0,"ocean_menu_typo_font_size_unit":"px","ocean_menu_typo_font_weight":"","ocean_menu_typo_font_weight_tablet":"","ocean_menu_typo_font_weight_mobile":"","ocean_menu_typo_transform":"","ocean_menu_typo_transform_tablet":"","ocean_menu_typo_transform_mobile":"","ocean_menu_typo_line_height":0,"ocean_menu_typo_line_height_tablet":0,"ocean_menu_typo_line_height_mobile":0,"ocean_menu_typo_line_height_unit":"","ocean_menu_typo_spacing":0,"ocean_menu_typo_spacing_tablet":0,"ocean_menu_typo_spacing_mobile":0,"ocean_menu_typo_spacing_unit":"","ocean_menu_link_color":"","ocean_menu_link_color_hover":"","ocean_menu_link_color_active":"","ocean_menu_link_background":"","ocean_menu_link_hover_background":"","ocean_menu_link_active_background":"","ocean_menu_social_links_bg":"","ocean_menu_social_hover_links_bg":"","ocean_menu_social_links_color":"","ocean_menu_social_hover_links_color":"","ocean_disable_title":"default","ocean_disable_heading":"default","ocean_post_title":"","ocean_post_subheading":"","ocean_post_title_style":"","ocean_post_title_background_color":"","ocean_post_title_background":0,"ocean_post_title_bg_image_position":"","ocean_post_title_bg_image_attachment":"","ocean_post_title_bg_image_repeat":"","ocean_post_title_bg_image_size":"","ocean_post_title_height":0,"ocean_post_title_bg_overlay":0.5,"ocean_post_title_bg_overlay_color":"","ocean_disable_breadcrumbs":"default","ocean_breadcrumbs_color":"","ocean_breadcrumbs_separator_color":"","ocean_breadcrumbs_links_color":"","ocean_breadcrumbs_links_hover_color":"","ocean_display_footer_widgets":"default","ocean_display_footer_bottom":"default","ocean_custom_footer_template":"","_themeisle_gutenberg_block_has_review":false,"footnotes":""},"class_list":["post-2751","page","type-page","status-publish","has-post-thumbnail","hentry","entry","has-media","owp-thumbs-layout-vertical","owp-btn-very-big","owp-tabs-layout-horizontal","has-no-thumbnails"],"acf":[],"aioseo_notices":[],"jetpack_sharing_enabled":true,"_links":{"self":[{"href":"https:\/\/nabilaexperience.com\/it\/wp-json\/wp\/v2\/pages\/2751","targetHints":{"allow":["GET"]}}],"collection":[{"href":"https:\/\/nabilaexperience.com\/it\/wp-json\/wp\/v2\/pages"}],"about":[{"href":"https:\/\/nabilaexperience.com\/it\/wp-json\/wp\/v2\/types\/page"}],"author":[{"embeddable":true,"href":"https:\/\/nabilaexperience.com\/it\/wp-json\/wp\/v2\/users\/1"}],"replies":[{"embeddable":true,"href":"https:\/\/nabilaexperience.com\/it\/wp-json\/wp\/v2\/comments?post=2751"}],"version-history":[{"count":41,"href":"https:\/\/nabilaexperience.com\/it\/wp-json\/wp\/v2\/pages\/2751\/revisions"}],"predecessor-version":[{"id":9105,"href":"https:\/\/nabilaexperience.com\/it\/wp-json\/wp\/v2\/pages\/2751\/revisions\/9105"}],"wp:featuredmedia":[{"embeddable":true,"href":"https:\/\/nabilaexperience.com\/it\/wp-json\/wp\/v2\/media\/5115"}],"wp:attachment":[{"href":"https:\/\/nabilaexperience.com\/it\/wp-json\/wp\/v2\/media?parent=2751"}],"curies":[{"name":"wp","href":"https:\/\/api.w.org\/{rel}","templated":true}]}}