{"id":11057,"date":"2025-06-05T15:39:11","date_gmt":"2025-06-05T15:39:11","guid":{"rendered":"https:\/\/nabilaexperience.com\/?page_id=11057"},"modified":"2025-06-05T16:09:51","modified_gmt":"2025-06-05T16:09:51","slug":"avviso-legale","status":"publish","type":"page","link":"https:\/\/nabilaexperience.com\/it\/avviso-legale\/","title":{"rendered":"AVVISO LEGALE"},"content":{"rendered":"<div style=\"height:50px\" aria-hidden=\"true\" class=\"wp-block-spacer\"><\/div>\n\n\n\n<h1 class=\"wp-block-heading has-text-align-center has-x-large-font-size\" style=\"text-transform:uppercase\">AVVISO LEGALE<\/h1>\n\n\n\n<p><mark style=\"background-color:rgba(0, 0, 0, 0);color:#ffbf00\" class=\"has-inline-color\"><strong>PROPRIETARIO DEL SITO WEB<\/strong><\/mark><\/p>\n\n\n\n<ul class=\"wp-block-list\">\n<li>Nome della societ\u00e0: NABILA WORLD SL<\/li>\n\n\n\n<li>NIF: B70985965<\/li>\n\n\n\n<li>Nome commerciale: NABILA EXPERIENCE<\/li>\n\n\n\n<li>Indirizzo: Avenida Barranco de las Torres n\u00b0 10, planta 2, puerta A - 38670 Adeje - Santa Cruz de Tenerife (Espa\u00f1a)<\/li>\n\n\n\n<li>E-mail: info@nabilaexperience.com<\/li>\n\n\n\n<li>Numero di telefono: +34 624 84 48 18<\/li>\n<\/ul>\n\n\n\n<div style=\"height:25px\" aria-hidden=\"true\" class=\"wp-block-spacer\"><\/div>\n\n\n\n<p><mark style=\"background-color:rgba(0, 0, 0, 0);color:#ffbf00\" class=\"has-inline-color\"><strong>SCOPO DEL SITO WEB<\/strong><\/mark><br>Lo scopo di questo sito web \u00e8 presentare, promuovere e vendere le esperienze, le escursioni e i servizi correlati offerti da Nabila Experience a Tenerife.<\/p>\n\n\n\n<div style=\"height:25px\" aria-hidden=\"true\" class=\"wp-block-spacer\"><\/div>\n\n\n\n<p><mark style=\"background-color:rgba(0, 0, 0, 0);color:#ffbf00\" class=\"has-inline-color\"><strong>PROPRIET\u00c0 INTELLETTUALE<\/strong><\/mark><br>Tutti i contenuti di questo sito web (testi, immagini, video, loghi, icone, ecc.) sono di propriet\u00e0 esclusiva di Nabila Experience o dei suoi fornitori di contenuti e sono protetti dalle leggi sulla propriet\u00e0 intellettuale applicabili. La riproduzione, la distribuzione o l'utilizzo di qualsiasi contenuto senza previa autorizzazione scritta sono severamente vietati.<\/p>\n\n\n\n<div style=\"height:25px\" aria-hidden=\"true\" class=\"wp-block-spacer\"><\/div>\n\n\n\n<p><mark style=\"background-color:rgba(0, 0, 0, 0);color:#ffbf00\" class=\"has-inline-color\"><strong>RESPONSABILIT\u00c0<\/strong><\/mark><br>Nabila Experience si impegna a garantire che il contenuto di questo sito sia accurato e aggiornato. Tuttavia, non garantiamo la completezza, l'affidabilit\u00e0 o la tempestivit\u00e0 delle informazioni fornite. La Nabila Experience non sar\u00e0 ritenuta responsabile per eventuali danni diretti o indiretti derivanti dall'uso di questo sito web o da eventuali errori od omissioni nel suo contenuto.<\/p>\n\n\n\n<div style=\"height:25px\" aria-hidden=\"true\" class=\"wp-block-spacer\"><\/div>\n\n\n\n<p><mark style=\"background-color:rgba(0, 0, 0, 0);color:#ffbf00\" class=\"has-inline-color\"><strong>LINK ESTERNI<\/strong><\/mark><br>Questo sito web pu\u00f2 contenere collegamenti a siti web di terzi. Nabila Experience non \u00e8 responsabile del contenuto o delle pratiche sulla privacy di tali siti esterni.<\/p>\n\n\n\n<div style=\"height:25px\" aria-hidden=\"true\" class=\"wp-block-spacer\"><\/div>\n\n\n\n<p><mark style=\"background-color:rgba(0, 0, 0, 0);color:#ffbf00\" class=\"has-inline-color\"><strong>PRIVACY E PROTEZIONE DEI DATI<\/strong><\/mark><br>Si prega di fare riferimento al nostro <a href=\"https:\/\/nabilaexperience.com\/it\/privacy-policy\/\" title=\"INFORMATIVA SULLA PRIVACY\">Informativa sulla privacy<\/a> per informazioni su come raccogliamo, elaboriamo e proteggiamo i dati personali in conformit\u00e0 al GDPR e ad altre leggi applicabili.<\/p>\n\n\n\n<div style=\"height:25px\" aria-hidden=\"true\" class=\"wp-block-spacer\"><\/div>\n\n\n\n<p><mark style=\"background-color:rgba(0, 0, 0, 0);color:#ffbf00\" class=\"has-inline-color\"><strong>LEGGE APPLICABILE E GIURISDIZIONE<\/strong><\/mark><br>Il presente Avviso legale \u00e8 disciplinato dalla legge spagnola. Qualsiasi controversia derivante da questo sito web sar\u00e0 soggetta alla giurisdizione esclusiva dei tribunali di Santa Cruz de Tenerife.<\/p>\n\n\n\n<div style=\"height:25px\" aria-hidden=\"true\" class=\"wp-block-spacer\"><\/div>","protected":false},"excerpt":{"rendered":"<p>LEGAL NOTICE WEBSITE OWNER PURPOSE OF THE WEBSITEThe purpose of this website is to present, promote, and sell the experiences, excursions, and related services offered by Nabila Experience in Tenerife. INTELLECTUAL PROPERTYAll content on this website (texts, images, videos, logos, icons, etc.) is the exclusive property of Nabila Experience or its content providers and is [&hellip;]<\/p>\n","protected":false},"author":1,"featured_media":10655,"parent":0,"menu_order":0,"comment_status":"closed","ping_status":"closed","template":"","meta":{"_acf_changed":false,"ocean_post_layout":"","ocean_both_sidebars_style":"","ocean_both_sidebars_content_width":0,"ocean_both_sidebars_sidebars_width":0,"ocean_sidebar":"","ocean_second_sidebar":"","ocean_disable_margins":"enable","ocean_add_body_class":"","ocean_shortcode_before_top_bar":"","ocean_shortcode_after_top_bar":"","ocean_shortcode_before_header":"","ocean_shortcode_after_header":"","ocean_has_shortcode":"","ocean_shortcode_after_title":"","ocean_shortcode_before_footer_widgets":"","ocean_shortcode_after_footer_widgets":"","ocean_shortcode_before_footer_bottom":"","ocean_shortcode_after_footer_bottom":"","ocean_display_top_bar":"default","ocean_display_header":"default","ocean_header_style":"","ocean_center_header_left_menu":"","ocean_custom_header_template":"","ocean_custom_logo":0,"ocean_custom_retina_logo":0,"ocean_custom_logo_max_width":0,"ocean_custom_logo_tablet_max_width":0,"ocean_custom_logo_mobile_max_width":0,"ocean_custom_logo_max_height":0,"ocean_custom_logo_tablet_max_height":0,"ocean_custom_logo_mobile_max_height":0,"ocean_header_custom_menu":"","ocean_menu_typo_font_family":"","ocean_menu_typo_font_subset":"","ocean_menu_typo_font_size":0,"ocean_menu_typo_font_size_tablet":0,"ocean_menu_typo_font_size_mobile":0,"ocean_menu_typo_font_size_unit":"px","ocean_menu_typo_font_weight":"","ocean_menu_typo_font_weight_tablet":"","ocean_menu_typo_font_weight_mobile":"","ocean_menu_typo_transform":"","ocean_menu_typo_transform_tablet":"","ocean_menu_typo_transform_mobile":"","ocean_menu_typo_line_height":0,"ocean_menu_typo_line_height_tablet":0,"ocean_menu_typo_line_height_mobile":0,"ocean_menu_typo_line_height_unit":"","ocean_menu_typo_spacing":0,"ocean_menu_typo_spacing_tablet":0,"ocean_menu_typo_spacing_mobile":0,"ocean_menu_typo_spacing_unit":"","ocean_menu_link_color":"","ocean_menu_link_color_hover":"","ocean_menu_link_color_active":"","ocean_menu_link_background":"","ocean_menu_link_hover_background":"","ocean_menu_link_active_background":"","ocean_menu_social_links_bg":"","ocean_menu_social_hover_links_bg":"","ocean_menu_social_links_color":"","ocean_menu_social_hover_links_color":"","ocean_disable_title":"default","ocean_disable_heading":"default","ocean_post_title":"","ocean_post_subheading":"","ocean_post_title_style":"","ocean_post_title_background_color":"","ocean_post_title_background":0,"ocean_post_title_bg_image_position":"","ocean_post_title_bg_image_attachment":"","ocean_post_title_bg_image_repeat":"","ocean_post_title_bg_image_size":"","ocean_post_title_height":0,"ocean_post_title_bg_overlay":0.5,"ocean_post_title_bg_overlay_color":"","ocean_disable_breadcrumbs":"default","ocean_breadcrumbs_color":"","ocean_breadcrumbs_separator_color":"","ocean_breadcrumbs_links_color":"","ocean_breadcrumbs_links_hover_color":"","ocean_display_footer_widgets":"default","ocean_display_footer_bottom":"default","ocean_custom_footer_template":"","_themeisle_gutenberg_block_has_review":false,"footnotes":""},"class_list":["post-11057","page","type-page","status-publish","has-post-thumbnail","hentry","entry","has-media","owp-thumbs-layout-vertical","owp-btn-very-big","owp-tabs-layout-horizontal","has-no-thumbnails"],"acf":[],"aioseo_notices":[],"jetpack_sharing_enabled":true,"_links":{"self":[{"href":"https:\/\/nabilaexperience.com\/it\/wp-json\/wp\/v2\/pages\/11057","targetHints":{"allow":["GET"]}}],"collection":[{"href":"https:\/\/nabilaexperience.com\/it\/wp-json\/wp\/v2\/pages"}],"about":[{"href":"https:\/\/nabilaexperience.com\/it\/wp-json\/wp\/v2\/types\/page"}],"author":[{"embeddable":true,"href":"https:\/\/nabilaexperience.com\/it\/wp-json\/wp\/v2\/users\/1"}],"replies":[{"embeddable":true,"href":"https:\/\/nabilaexperience.com\/it\/wp-json\/wp\/v2\/comments?post=11057"}],"version-history":[{"count":4,"href":"https:\/\/nabilaexperience.com\/it\/wp-json\/wp\/v2\/pages\/11057\/revisions"}],"predecessor-version":[{"id":11071,"href":"https:\/\/nabilaexperience.com\/it\/wp-json\/wp\/v2\/pages\/11057\/revisions\/11071"}],"wp:featuredmedia":[{"embeddable":true,"href":"https:\/\/nabilaexperience.com\/it\/wp-json\/wp\/v2\/media\/10655"}],"wp:attachment":[{"href":"https:\/\/nabilaexperience.com\/it\/wp-json\/wp\/v2\/media?parent=11057"}],"curies":[{"name":"wp","href":"https:\/\/api.w.org\/{rel}","templated":true}]}}