{"id":960,"date":"2023-11-29T16:40:52","date_gmt":"2023-11-29T16:40:52","guid":{"rendered":"https:\/\/nabilaexperience.com\/?page_id=960"},"modified":"2025-03-14T20:28:43","modified_gmt":"2025-03-14T20:28:43","slug":"aventures-terrestres-tenerife","status":"publish","type":"page","link":"https:\/\/nabilaexperience.com\/fr\/aventures-terrestres-tenerife\/","title":{"rendered":"TENERIFE LAND ADVENTURES"},"content":{"rendered":"<div style=\"height:25px\" aria-hidden=\"true\" class=\"wp-block-spacer\"><\/div>\n\n\n\n<h1 class=\"wp-block-heading has-text-align-center has-x-large-font-size\">AVENTURES TERRESTRES<\/h1>\n\n\n\n<div id=\"wp-block-themeisle-blocks-advanced-columns-070458a4\" class=\"wp-block-themeisle-blocks-advanced-columns alignfull has-3-columns has-desktop-equal-layout has-tablet-equal-layout has-mobile-collapsedRows-layout has-vertical-center ticss-c00aadba\"><div class=\"wp-block-themeisle-blocks-advanced-columns-overlay\"><\/div><div class=\"innerblocks-wrap\">\n<div id=\"wp-block-themeisle-blocks-advanced-column-5e8e7d77\" class=\"wp-block-themeisle-blocks-advanced-column ticss-142036c5\">\n<div class=\"wp-block-cover is-light ticss-975647db\"><span aria-hidden=\"true\" class=\"wp-block-cover__background has-background-dim-0 has-background-dim\"><\/span><img fetchpriority=\"high\" decoding=\"async\" width=\"1280\" height=\"720\" class=\"wp-block-cover__image-background wp-image-2714\" alt=\"tenerife land adventures\" src=\"https:\/\/nabilaexperience.com\/wp-content\/uploads\/2024\/03\/BUGGY-1.jpg\" style=\"object-position:100% 50%\" data-object-fit=\"cover\" data-object-position=\"100% 50%\" srcset=\"https:\/\/nabilaexperience.com\/wp-content\/uploads\/2024\/03\/BUGGY-1.jpg 1280w, https:\/\/nabilaexperience.com\/wp-content\/uploads\/2024\/03\/BUGGY-1-600x338.jpg 600w, https:\/\/nabilaexperience.com\/wp-content\/uploads\/2024\/03\/BUGGY-1-300x169.jpg 300w, https:\/\/nabilaexperience.com\/wp-content\/uploads\/2024\/03\/BUGGY-1-1024x576.jpg 1024w, https:\/\/nabilaexperience.com\/wp-content\/uploads\/2024\/03\/BUGGY-1-768x432.jpg 768w, https:\/\/nabilaexperience.com\/wp-content\/uploads\/2024\/03\/BUGGY-1-800x450.jpg 800w, https:\/\/nabilaexperience.com\/wp-content\/uploads\/2024\/03\/BUGGY-1-206x116.jpg 206w\" sizes=\"(max-width: 1280px) 100vw, 1280px\" \/><div class=\"wp-block-cover__inner-container is-layout-flow wp-block-cover-is-layout-flow\">\n<p class=\"has-text-align-center has-large-font-size\"><\/p>\n<\/div><\/div>\n<\/div>\n\n\n\n<div id=\"wp-block-themeisle-blocks-advanced-column-bea6f9b4\" class=\"wp-block-themeisle-blocks-advanced-column ticss-ebecdbdd\">\n<div class=\"wp-block-cover\"><span aria-hidden=\"true\" class=\"wp-block-cover__background has-background-dim-100 has-background-dim\" style=\"background-color:#02244d\"><\/span><img decoding=\"async\" class=\"wp-block-cover__image-background wp-image-306 lazyload\" alt=\"\" data-src=\"https:\/\/api.themeisle.com\/sites\/images\/cb:otter\/q:auto\/wp-content\/uploads\/sites\/664\/2022\/09\/otter-demo-07.png\" style=\"object-position:41% 0%\" data-object-fit=\"cover\" data-object-position=\"41% 0%\" src=\"data:image\/gif;base64,R0lGODlhAQABAAAAACH5BAEKAAEALAAAAAABAAEAAAICTAEAOw==\" \/><div class=\"wp-block-cover__inner-container is-layout-flow wp-block-cover-is-layout-flow\">\n<h1 class=\"wp-block-heading has-text-align-center has-text-color has-link-color has-x-large-font-size wp-elements-4aec4470e2cac57a53c4663aba6407a2\" style=\"color:#ffbf00\">AVENTURES TERRESTRES<\/h1>\n\n\n\n<p class=\"has-text-align-center\">Choisissez vos aventures terrestres pr\u00e9f\u00e9r\u00e9es \u00e0 Tenerife et vivez une explosion de paysages \u00e0 couper le souffle !<\/p>\n\n\n\n<p class=\"has-text-align-center\">Vous rencontrerez des paysages volcaniques, des for\u00eats et des montagnes imposantes qui dominent l'horizon et offrent des vues spectaculaires.<\/p>\n\n\n\n<p class=\"has-text-align-center\">Offrez-vous une exp\u00e9rience unique en visitant le c\u0153ur de Tenerife !<\/p>\n\n\n\n<p class=\"has-text-align-center\">Choisissez d'explorer l'\u00eele en s\u00e9lectionnant le circuit qui vous convient le mieux, et partez \u00e0 l'aventure au volant d'un quad, d'un buggy, ou \u00e0 cheval le long des sentiers, en vous immergeant dans une atmosph\u00e8re de tranquillit\u00e9 et d'authenticit\u00e9.<\/p>\n\n\n\n<div style=\"height:25px\" aria-hidden=\"true\" class=\"wp-block-spacer\"><\/div>\n\n\n\n<p class=\"has-text-align-center\" style=\"font-size:19px\"><strong>\u00c0 vous de choisir !<\/strong><\/p>\n<\/div><\/div>\n<\/div>\n\n\n\n<div id=\"wp-block-themeisle-blocks-advanced-column-26629785\" class=\"wp-block-themeisle-blocks-advanced-column ticss-5beb948d\">\n<div class=\"wp-block-cover is-light ticss-1ec9b5e1\"><span aria-hidden=\"true\" class=\"wp-block-cover__background has-background-dim-0 has-background-dim\" style=\"background-color:#798ca7\"><\/span><img decoding=\"async\" width=\"1005\" height=\"670\" class=\"wp-block-cover__image-background wp-image-4107 lazyload\" alt=\"\" data-src=\"https:\/\/nabilaexperience.com\/wp-content\/uploads\/2024\/05\/PHOTO-2022-03-25-10-56-13-1024x768-2.jpg\" style=\"--smush-placeholder-width: 1005px; --smush-placeholder-aspect-ratio: 1005\/670;object-position:0% 50%\" data-object-fit=\"cover\" data-object-position=\"0% 50%\" data-srcset=\"https:\/\/nabilaexperience.com\/wp-content\/uploads\/2024\/05\/PHOTO-2022-03-25-10-56-13-1024x768-2.jpg 1005w, https:\/\/nabilaexperience.com\/wp-content\/uploads\/2024\/05\/PHOTO-2022-03-25-10-56-13-1024x768-2-300x200.jpg 300w, https:\/\/nabilaexperience.com\/wp-content\/uploads\/2024\/05\/PHOTO-2022-03-25-10-56-13-1024x768-2-600x400.jpg 600w, https:\/\/nabilaexperience.com\/wp-content\/uploads\/2024\/05\/PHOTO-2022-03-25-10-56-13-1024x768-2-768x512.jpg 768w, https:\/\/nabilaexperience.com\/wp-content\/uploads\/2024\/05\/PHOTO-2022-03-25-10-56-13-1024x768-2-174x116.jpg 174w\" data-sizes=\"(max-width: 1005px) 100vw, 1005px\" src=\"data:image\/gif;base64,R0lGODlhAQABAAAAACH5BAEKAAEALAAAAAABAAEAAAICTAEAOw==\" \/><div class=\"wp-block-cover__inner-container is-layout-flow wp-block-cover-is-layout-flow\">\n<p class=\"has-text-align-center has-large-font-size\"><\/p>\n<\/div><\/div>\n<\/div>\n<\/div><\/div>\n\n\n\n<h1 class=\"wp-block-heading alignfull has-text-align-center ticss-1b8a09de has-text-color has-background has-link-color wp-elements-5ac609ea16821c6daa3539fc16c00d43\" style=\"color:#02244d;background-color:#ffbf00;font-size:31px\">CHOISISSEZ VOTRE AVENTURE<\/h1>\n\n\n\t\t\t\t<div class=\"mpStyle ttbm_wraper placeholderLoader ttbm_filter_area\">\n\t\t\t\t\t<div class=\"mpContainer\">\n\t\t\t\t\t\t\t\t\t<div class=\"all_filter_item\">\n\t\t\t\t\t<div class=\"flexWrap grid\">\n\t\t\t\t\t\t\t\t\t\t\t\t\t\t\t<div class=\"filter_item placeholder_area grid_3\"\n\t\t\t\t\t\t\t\t\t\t\t\t\t\t\t\t\t\t\t\t\t\t\t\t\t\t\t\t\t\t\t\t\t\t\t\t\t\t\t\t\t\t\t\t\t\t\t\t\t\t\tdata-organizer=\"251,279,241,248,249,250,138\"\n\t\t\t\t\t\t\t\t\t\t\t\t\t\t\t\t\t\t\t\t\t\t\t\t\t\t\t\t\t\t\tdata-location=\"\"\n\t\t\t\t\t\t\t\t\t\t\t\t\t\t\t\t\t\t\t\t\t\t\t\t\t\t\t\t\t\t\t\t\t\t\t\t\t\t\t\t\t\t\t\t\t\t\t\t\t\t\t\tdata-feature=\"\"\n\t\t\t\t\t\t\t\t\t\t\t\t\t\t\t\t\t\t\t\t\t\t\t\t\t\t\t\t\t\t\t\t\tdata-tag=\"196,187,189\"\n\t\t\t\t\t\t\t\t\t\t\t\t\t\t\t\t\t\t\t\t\t\t\t\t\t\t\t\t\t\t\t\t\t\t\t\t\t\t\t\t\t\tdata-activity=\"130\"\n\t\t\t\t\t\t\t\t\t\t\t\t\t\t\t\t\t\t\t>\n\t\t\t\t\t\t\t\t\t\t<div class=\"bg_image_area\" data-href=\"https:\/\/nabilaexperience.com\/fr\/experiences\/balade-a-cheval-a-tenerife\/\" data-placeholder>\n\t<div data-bg-image=\"https:\/\/nabilaexperience.com\/wp-content\/uploads\/2024\/05\/140722da-8817-4071-9f12-b95e9bfc8ae4-1024x768-2.jpg\"><\/div>\n\t<div class=\"fullAbsolute group_item\">\n\t\t<div class=\"flexEqual\">\n\t\t\t\t\t<div class=\"ttbm_list_info\" data-placeholder>\n\t\t\t<span class=\"fas fa-money-bill\"><\/span>\n\t\t\tDe&nbsp;<span class=\"woocommerce-Price-amount amount\"><bdi><span class=\"woocommerce-Price-currencySymbol\">\u20ac<\/span>45,00<\/bdi><\/span>\t\t<\/div>\n\t\t\t\t\t\t<\/div>\n\t<\/div>\n\t<div class=\"fdColumn absolute_item\">\n\t\t\t\t\t<\/div>\n<\/div>\n<div class=\"fdColumn ttbm_list_details\">\n\t\t<div class=\"ttbm_list_title\" data-placeholder>\r\t\t<h5>\r\t\t\t<a href=\"https:\/\/nabilaexperience.com\/fr\/experiences\/balade-a-cheval-a-tenerife\/\">\r\t\t\t\tBALADE \u00c0 CHEVAL\t\t\t<\/a>\r\t\t<\/h5>\r\t<\/div>\r\n\t\t<div class=\"divider\"><\/div>\n\t\t<div class=\"ttbm_description mp_wp_editor\" data-placeholder>\n\t\t<div>\n\t\t\tProfitez d'une randonn\u00e9e \u00e0 cheval inoubliable \u00e0 travers les paysages \u00e9poustouflants de T\u00e9n\u00e9riffe !\t\t\t\t\n\t\t\t\t\t\t\t\t<\/div>\n\t<\/div>\n\t\t<div class=\"divider\"><\/div>\n\t<div class=\"justifyBetween _wrap\" data-placeholder>\r\t<div class=\"include_service\">\r\t\t\t<\/div>\r\t<button type=\"button\" class=\"dButton_xs ttbm_explore_button\" data-href=\"https:\/\/nabilaexperience.com\/fr\/experiences\/balade-a-cheval-a-tenerife\/\">\r\t\tExplorer\t<\/button>\r<\/div>\r<\/div>\t\t\t\t\t\t\t\t\t<\/div>\n\t\t\t\t\t\t\t\t\t\t\t\t\t\t\t\t\t\t\t\t\t\t\t\t<div class=\"filter_item placeholder_area grid_3\"\n\t\t\t\t\t\t\t\t\t\t\t\t\t\t\t\t\t\t\t\t\t\t\t\t\t\t\t\t\t\t\t\t\t\t\t\t\t\t\t\t\t\t\t\t\t\t\t\t\t\t\tdata-organizer=\"247,248,249,242,244,138,154\"\n\t\t\t\t\t\t\t\t\t\t\t\t\t\t\t\t\t\t\t\t\t\t\t\t\t\t\t\t\t\t\tdata-location=\"\"\n\t\t\t\t\t\t\t\t\t\t\t\t\t\t\t\t\t\t\t\t\t\t\t\t\t\t\t\t\t\t\t\t\t\t\t\t\t\t\t\t\t\t\t\t\t\t\t\t\t\t\t\tdata-feature=\"\"\n\t\t\t\t\t\t\t\t\t\t\t\t\t\t\t\t\t\t\t\t\t\t\t\t\t\t\t\t\t\t\t\t\tdata-tag=\"188,196,187\"\n\t\t\t\t\t\t\t\t\t\t\t\t\t\t\t\t\t\t\t\t\t\t\t\t\t\t\t\t\t\t\t\t\t\t\t\t\t\t\t\t\t\tdata-activity=\"130,157\"\n\t\t\t\t\t\t\t\t\t\t\t\t\t\t\t\t\t\t\t>\n\t\t\t\t\t\t\t\t\t\t<div class=\"bg_image_area\" data-href=\"https:\/\/nabilaexperience.com\/fr\/experiences\/tenerife-teide-buggy-tour-jour-coucher-soleil\/\" data-placeholder>\n\t<div data-bg-image=\"https:\/\/nabilaexperience.com\/wp-content\/uploads\/2024\/05\/TEIDE-_-SUNSET-17-scaled.jpg\"><\/div>\n\t<div class=\"fullAbsolute group_item\">\n\t\t<div class=\"flexEqual\">\n\t\t\t\t\t<div class=\"ttbm_list_info\" data-placeholder>\n\t\t\t<span class=\"fas fa-money-bill\"><\/span>\n\t\t\tDe&nbsp;<span class=\"woocommerce-Price-amount amount\"><bdi><span class=\"woocommerce-Price-currencySymbol\">\u20ac<\/span>210,00<\/bdi><\/span>\t\t<\/div>\n\t\t\t\t\t\t<\/div>\n\t<\/div>\n\t<div class=\"fdColumn absolute_item\">\n\t\t\t\t\t<\/div>\n<\/div>\n<div class=\"fdColumn ttbm_list_details\">\n\t\t<div class=\"ttbm_list_title\" data-placeholder>\r\t\t<h5>\r\t\t\t<a href=\"https:\/\/nabilaexperience.com\/fr\/experiences\/tenerife-teide-buggy-tour-jour-coucher-soleil\/\">\r\t\t\t\tEXCURSION EN BUGGY SUR LE TEIDE - JOUR OU COUCHER DE SOLEIL\t\t\t<\/a>\r\t\t<\/h5>\r\t<\/div>\r\n\t\t<div class=\"divider\"><\/div>\n\t\t<div class=\"ttbm_description mp_wp_editor\" data-placeholder>\n\t\t<div>\n\t\t\tConduisez un buggy jusqu'au Teide et choisissez entre une aventure \u00e0 la journ\u00e9e ou au coucher du soleil.\t\t\t\t\n\t\t\t\t\t\t\t\t<\/div>\n\t<\/div>\n\t\t<div class=\"divider\"><\/div>\n\t<div class=\"justifyBetween _wrap\" data-placeholder>\r\t<div class=\"include_service\">\r\t\t\t<\/div>\r\t<button type=\"button\" class=\"dButton_xs ttbm_explore_button\" data-href=\"https:\/\/nabilaexperience.com\/fr\/experiences\/tenerife-teide-buggy-tour-jour-coucher-soleil\/\">\r\t\tExplorer\t<\/button>\r<\/div>\r<\/div>\t\t\t\t\t\t\t\t\t<\/div>\n\t\t\t\t\t\t\t\t\t\t\t\t\t\t\t\t\t\t\t\t\t\t\t\t<div class=\"filter_item placeholder_area grid_3\"\n\t\t\t\t\t\t\t\t\t\t\t\t\t\t\t\t\t\t\t\t\t\t\t\t\t\t\t\t\t\t\t\t\t\t\t\t\t\t\t\t\t\t\t\t\t\t\t\t\t\t\tdata-organizer=\"247,251,241,248,249,138,278,154\"\n\t\t\t\t\t\t\t\t\t\t\t\t\t\t\t\t\t\t\t\t\t\t\t\t\t\t\t\t\t\t\tdata-location=\"\"\n\t\t\t\t\t\t\t\t\t\t\t\t\t\t\t\t\t\t\t\t\t\t\t\t\t\t\t\t\t\t\t\t\t\t\t\t\t\t\t\t\t\t\t\t\t\t\t\t\t\t\t\tdata-feature=\"\"\n\t\t\t\t\t\t\t\t\t\t\t\t\t\t\t\t\t\t\t\t\t\t\t\t\t\t\t\t\t\t\t\t\tdata-tag=\"188,196,187\"\n\t\t\t\t\t\t\t\t\t\t\t\t\t\t\t\t\t\t\t\t\t\t\t\t\t\t\t\t\t\t\t\t\t\t\t\t\t\t\t\t\t\tdata-activity=\"130,157\"\n\t\t\t\t\t\t\t\t\t\t\t\t\t\t\t\t\t\t\t>\n\t\t\t\t\t\t\t\t\t\t<div class=\"bg_image_area\" data-href=\"https:\/\/nabilaexperience.com\/fr\/experiences\/tenerife-teide-quad-tour-jour-coucher-soleil\/\" data-placeholder>\n\t<div data-bg-image=\"https:\/\/nabilaexperience.com\/wp-content\/uploads\/2024\/05\/145-5.jpg\"><\/div>\n\t<div class=\"fullAbsolute group_item\">\n\t\t<div class=\"flexEqual\">\n\t\t\t\t\t<div class=\"ttbm_list_info\" data-placeholder>\n\t\t\t<span class=\"fas fa-money-bill\"><\/span>\n\t\t\tDe&nbsp;<span class=\"woocommerce-Price-amount amount\"><bdi><span class=\"woocommerce-Price-currencySymbol\">\u20ac<\/span>120,00<\/bdi><\/span>\t\t<\/div>\n\t\t\t\t\t\t<\/div>\n\t<\/div>\n\t<div class=\"fdColumn absolute_item\">\n\t\t\t\t\t<\/div>\n<\/div>\n<div class=\"fdColumn ttbm_list_details\">\n\t\t<div class=\"ttbm_list_title\" data-placeholder>\r\t\t<h5>\r\t\t\t<a href=\"https:\/\/nabilaexperience.com\/fr\/experiences\/tenerife-teide-quad-tour-jour-coucher-soleil\/\">\r\t\t\t\tTOUR EN QUAD AU TEIDE \u2013 JOUR OU COUCHER DE SOLEIL\t\t\t<\/a>\r\t\t<\/h5>\r\t<\/div>\r\n\t\t<div class=\"divider\"><\/div>\n\t\t<div class=\"ttbm_description mp_wp_editor\" data-placeholder>\n\t\t<div>\n\t\t\tMontez \u00e0 bord d'un quad pour atteindre le Teide et choisissez entre une aventure d'une journ\u00e9e ou d'un coucher de soleil !\t\t\t\t\n\t\t\t\t\t\t\t\t<\/div>\n\t<\/div>\n\t\t<div class=\"divider\"><\/div>\n\t<div class=\"justifyBetween _wrap\" data-placeholder>\r\t<div class=\"include_service\">\r\t\t\t<\/div>\r\t<button type=\"button\" class=\"dButton_xs ttbm_explore_button\" data-href=\"https:\/\/nabilaexperience.com\/fr\/experiences\/tenerife-teide-quad-tour-jour-coucher-soleil\/\">\r\t\tExplorer\t<\/button>\r<\/div>\r<\/div>\t\t\t\t\t\t\t\t\t<\/div>\n\t\t\t\t\t\t\t\t\t\t\t\t\t\t\t\t\t\t\t\t\t\t\t\t<div class=\"filter_item placeholder_area grid_3\"\n\t\t\t\t\t\t\t\t\t\t\t\t\t\t\t\t\t\t\t\t\t\t\t\t\t\t\t\t\t\t\t\t\t\t\t\t\t\t\t\t\t\t\t\t\t\t\t\t\t\t\tdata-organizer=\"247,249,138\"\n\t\t\t\t\t\t\t\t\t\t\t\t\t\t\t\t\t\t\t\t\t\t\t\t\t\t\t\t\t\t\tdata-location=\"\"\n\t\t\t\t\t\t\t\t\t\t\t\t\t\t\t\t\t\t\t\t\t\t\t\t\t\t\t\t\t\t\t\t\t\t\t\t\t\t\t\t\t\t\t\t\t\t\t\t\t\t\t\tdata-feature=\"\"\n\t\t\t\t\t\t\t\t\t\t\t\t\t\t\t\t\t\t\t\t\t\t\t\t\t\t\t\t\t\t\t\t\tdata-tag=\"188,187\"\n\t\t\t\t\t\t\t\t\t\t\t\t\t\t\t\t\t\t\t\t\t\t\t\t\t\t\t\t\t\t\t\t\t\t\t\t\t\t\t\t\t\tdata-activity=\"\"\n\t\t\t\t\t\t\t\t\t\t\t\t\t\t\t\t\t\t\t>\n\t\t\t\t\t\t\t\t\t\t<div class=\"bg_image_area\" data-href=\"https:\/\/nabilaexperience.com\/fr\/experiences\/karting-a-tenerife\/\" data-placeholder>\n\t<div data-bg-image=\"https:\/\/nabilaexperience.com\/wp-content\/uploads\/2025\/02\/nabila-experience-go-karting-tenerife-cover.webp\"><\/div>\n\t<div class=\"fullAbsolute group_item\">\n\t\t<div class=\"flexEqual\">\n\t\t\t\t\t<div class=\"ttbm_list_info\" data-placeholder>\n\t\t\t<span class=\"fas fa-money-bill\"><\/span>\n\t\t\tDe&nbsp;<span class=\"woocommerce-Price-amount amount\"><bdi><span class=\"woocommerce-Price-currencySymbol\">\u20ac<\/span>12,00<\/bdi><\/span>\t\t<\/div>\n\t\t\t\t\t\t<\/div>\n\t<\/div>\n\t<div class=\"fdColumn absolute_item\">\n\t\t\t\t\t<\/div>\n<\/div>\n<div class=\"fdColumn ttbm_list_details\">\n\t\t<div class=\"ttbm_list_title\" data-placeholder>\r\t\t<h5>\r\t\t\t<a href=\"https:\/\/nabilaexperience.com\/fr\/experiences\/karting-a-tenerife\/\">\r\t\t\t\tKARTING\t\t\t<\/a>\r\t\t<\/h5>\r\t<\/div>\r\n\t\t<div class=\"divider\"><\/div>\n\t\t<div class=\"ttbm_description mp_wp_editor\" data-placeholder>\n\t\t<div>\n\t\t\tD\u00e9couvrez les sensations du karting \u00e0 Tenerife - plaisir et adr\u00e9naline garantis !\t\t\t\t\n\t\t\t\t\t\t\t\t<\/div>\n\t<\/div>\n\t\t<div class=\"divider\"><\/div>\n\t<div class=\"justifyBetween _wrap\" data-placeholder>\r\t<div class=\"include_service\">\r\t\t\t<\/div>\r\t<button type=\"button\" class=\"dButton_xs ttbm_explore_button\" data-href=\"https:\/\/nabilaexperience.com\/fr\/experiences\/karting-a-tenerife\/\">\r\t\tExplorer\t<\/button>\r<\/div>\r<\/div>\t\t\t\t\t\t\t\t\t<\/div>\n\t\t\t\t\t\t\t\t\t\t\t\t\t\t\t\t\t\t\t\t\t\t\t\t<div class=\"filter_item placeholder_area grid_3\"\n\t\t\t\t\t\t\t\t\t\t\t\t\t\t\t\t\t\t\t\t\t\t\t\t\t\t\t\t\t\t\t\t\t\t\t\t\t\t\t\t\t\t\t\t\t\t\t\t\t\t\tdata-organizer=\"247,279,248,249,244,138,275,154\"\n\t\t\t\t\t\t\t\t\t\t\t\t\t\t\t\t\t\t\t\t\t\t\t\t\t\t\t\t\t\t\tdata-location=\"\"\n\t\t\t\t\t\t\t\t\t\t\t\t\t\t\t\t\t\t\t\t\t\t\t\t\t\t\t\t\t\t\t\t\t\t\t\t\t\t\t\t\t\t\t\t\t\t\t\t\t\t\t\tdata-feature=\"\"\n\t\t\t\t\t\t\t\t\t\t\t\t\t\t\t\t\t\t\t\t\t\t\t\t\t\t\t\t\t\t\t\t\tdata-tag=\"188,196,187\"\n\t\t\t\t\t\t\t\t\t\t\t\t\t\t\t\t\t\t\t\t\t\t\t\t\t\t\t\t\t\t\t\t\t\t\t\t\t\t\t\t\t\tdata-activity=\"130,157\"\n\t\t\t\t\t\t\t\t\t\t\t\t\t\t\t\t\t\t\t>\n\t\t\t\t\t\t\t\t\t\t<div class=\"bg_image_area\" data-href=\"https:\/\/nabilaexperience.com\/fr\/experiences\/tour-jeep-tenerife\/\" data-placeholder>\n\t<div data-bg-image=\"https:\/\/nabilaexperience.com\/wp-content\/uploads\/2025\/06\/tenerife-jeep-tour.webp\"><\/div>\n\t<div class=\"fullAbsolute group_item\">\n\t\t<div class=\"flexEqual\">\n\t\t\t\t\t<div class=\"ttbm_list_info\" data-placeholder>\n\t\t\t<span class=\"fas fa-money-bill\"><\/span>\n\t\t\tDe&nbsp;<span class=\"woocommerce-Price-amount amount\"><bdi><span class=\"woocommerce-Price-currencySymbol\">\u20ac<\/span>120,00<\/bdi><\/span>\t\t<\/div>\n\t\t\t\t\t\t<\/div>\n\t<\/div>\n\t<div class=\"fdColumn absolute_item\">\n\t\t\t\t\t<\/div>\n<\/div>\n<div class=\"fdColumn ttbm_list_details\">\n\t\t<div class=\"ttbm_list_title\" data-placeholder>\r\t\t<h5>\r\t\t\t<a href=\"https:\/\/nabilaexperience.com\/fr\/experiences\/tour-jeep-tenerife\/\">\r\t\t\t\tTOUR EN JEEP\t\t\t<\/a>\r\t\t<\/h5>\r\t<\/div>\r\n\t\t<div class=\"divider\"><\/div>\n\t\t<div class=\"ttbm_description mp_wp_editor\" data-placeholder>\n\t\t<div>\n\t\t\tChoisissez entre une excursion en jeep le long de la c\u00f4te ou sur le mont Teide avec nos guides experts !\t\t\t\t\n\t\t\t\t\t\t\t\t<\/div>\n\t<\/div>\n\t\t<div class=\"divider\"><\/div>\n\t<div class=\"justifyBetween _wrap\" data-placeholder>\r\t<div class=\"include_service\">\r\t\t\t<\/div>\r\t<button type=\"button\" class=\"dButton_xs ttbm_explore_button\" data-href=\"https:\/\/nabilaexperience.com\/fr\/experiences\/tour-jeep-tenerife\/\">\r\t\tExplorer\t<\/button>\r<\/div>\r<\/div>\t\t\t\t\t\t\t\t\t<\/div>\n\t\t\t\t\t\t\t\t\t\t\t\t\t\t\t\t\t\t\t\t\t\t\t\t<div class=\"filter_item placeholder_area grid_3\"\n\t\t\t\t\t\t\t\t\t\t\t\t\t\t\t\t\t\t\t\t\t\t\t\t\t\t\t\t\t\t\t\t\t\t\t\t\t\t\t\t\t\t\t\t\t\t\t\t\t\t\tdata-organizer=\"247,251,248,249,138,275,278,154\"\n\t\t\t\t\t\t\t\t\t\t\t\t\t\t\t\t\t\t\t\t\t\t\t\t\t\t\t\t\t\t\tdata-location=\"\"\n\t\t\t\t\t\t\t\t\t\t\t\t\t\t\t\t\t\t\t\t\t\t\t\t\t\t\t\t\t\t\t\t\t\t\t\t\t\t\t\t\t\t\t\t\t\t\t\t\t\t\t\tdata-feature=\"\"\n\t\t\t\t\t\t\t\t\t\t\t\t\t\t\t\t\t\t\t\t\t\t\t\t\t\t\t\t\t\t\t\t\tdata-tag=\"188,196,187\"\n\t\t\t\t\t\t\t\t\t\t\t\t\t\t\t\t\t\t\t\t\t\t\t\t\t\t\t\t\t\t\t\t\t\t\t\t\t\t\t\t\t\tdata-activity=\"\"\n\t\t\t\t\t\t\t\t\t\t\t\t\t\t\t\t\t\t\t>\n\t\t\t\t\t\t\t\t\t\t<div class=\"bg_image_area\" data-href=\"https:\/\/nabilaexperience.com\/fr\/experiences\/slingshot-tour-a-tenerife\/\" data-placeholder>\n\t<div data-bg-image=\"https:\/\/nabilaexperience.com\/wp-content\/uploads\/2025\/07\/polaris-slingshot-tour-in-tenerife.webp\"><\/div>\n\t<div class=\"fullAbsolute group_item\">\n\t\t<div class=\"flexEqual\">\n\t\t\t\t\t<div class=\"ttbm_list_info\" data-placeholder>\n\t\t\t<span class=\"fas fa-money-bill\"><\/span>\n\t\t\tDe&nbsp;<span class=\"woocommerce-Price-amount amount\"><bdi><span class=\"woocommerce-Price-currencySymbol\">\u20ac<\/span>190,00<\/bdi><\/span>\t\t<\/div>\n\t\t\t\t\t\t<\/div>\n\t<\/div>\n\t<div class=\"fdColumn absolute_item\">\n\t\t\t\t\t<\/div>\n<\/div>\n<div class=\"fdColumn ttbm_list_details\">\n\t\t<div class=\"ttbm_list_title\" data-placeholder>\r\t\t<h5>\r\t\t\t<a href=\"https:\/\/nabilaexperience.com\/fr\/experiences\/slingshot-tour-a-tenerife\/\">\r\t\t\t\tSLINGSHOT TOUR\t\t\t<\/a>\r\t\t<\/h5>\r\t<\/div>\r\n\t\t<div class=\"divider\"><\/div>\n\t\t<div class=\"ttbm_description mp_wp_editor\" data-placeholder>\n\t\t<div>\n\t\t\tDe l'adr\u00e9naline \u00e0 l'\u00e9tat pur, des vues \u00e0 couper le souffle et des aventures uniques en leur genre !\t\t\t\t\n\t\t\t\t\t\t\t\t<\/div>\n\t<\/div>\n\t\t<div class=\"divider\"><\/div>\n\t<div class=\"justifyBetween _wrap\" data-placeholder>\r\t<div class=\"include_service\">\r\t\t\t<\/div>\r\t<button type=\"button\" class=\"dButton_xs ttbm_explore_button\" data-href=\"https:\/\/nabilaexperience.com\/fr\/experiences\/slingshot-tour-a-tenerife\/\">\r\t\tExplorer\t<\/button>\r<\/div>\r<\/div>\t\t\t\t\t\t\t\t\t<\/div>\n\t\t\t\t\t\t\t\t\t\t\t\t\t\t\t\t\t\t\t\t<\/div>\n\t\t\t\t<\/div>\n\t\t\t\t\t\t\t\t<div class=\"search_result_empty\" data-placeholder>Aucun r\u00e9sultat de correspondance trouv\u00e9 !<\/div>\n\t\t\t\t<div class=\"filter_short_result\" data-placeholder>\n\t\t\t\t\tAffichage\t\t\t\t\t<strong class=\"qty_count\">-1<\/strong>\n\t\t\t\t\tde\t\t\t\t\t<strong class=\"total_filter_qty\">6<\/strong>\n\t\t\t\t<\/div>\n\t\t\t\t\t\t\t\t<input type=\"hidden\" name=\"pagination_per_page\" value=\"6\"\/>\n\t\t\t\t<input type=\"hidden\" name=\"pagination_style\" value=\"load_more\"\/>\n\t\t\t\t\t\t\t\t\t<\/div>\n\t\t\t\t<\/div>","protected":false},"excerpt":{"rendered":"<p>LAND ADVENTURES CHOOSE YOUR LAND ADVENTURE<\/p>","protected":false},"author":1,"featured_media":1235,"parent":0,"menu_order":0,"comment_status":"closed","ping_status":"closed","template":"","meta":{"_acf_changed":false,"ocean_post_layout":"","ocean_both_sidebars_style":"","ocean_both_sidebars_content_width":0,"ocean_both_sidebars_sidebars_width":0,"ocean_sidebar":"","ocean_second_sidebar":"","ocean_disable_margins":"enable","ocean_add_body_class":"","ocean_shortcode_before_top_bar":"","ocean_shortcode_after_top_bar":"","ocean_shortcode_before_header":"","ocean_shortcode_after_header":"","ocean_has_shortcode":"","ocean_shortcode_after_title":"","ocean_shortcode_before_footer_widgets":"","ocean_shortcode_after_footer_widgets":"","ocean_shortcode_before_footer_bottom":"","ocean_shortcode_after_footer_bottom":"","ocean_display_top_bar":"default","ocean_display_header":"default","ocean_header_style":"","ocean_center_header_left_menu":"","ocean_custom_header_template":"","ocean_custom_logo":0,"ocean_custom_retina_logo":0,"ocean_custom_logo_max_width":0,"ocean_custom_logo_tablet_max_width":0,"ocean_custom_logo_mobile_max_width":0,"ocean_custom_logo_max_height":0,"ocean_custom_logo_tablet_max_height":0,"ocean_custom_logo_mobile_max_height":0,"ocean_header_custom_menu":"","ocean_menu_typo_font_family":"","ocean_menu_typo_font_subset":"","ocean_menu_typo_font_size":0,"ocean_menu_typo_font_size_tablet":0,"ocean_menu_typo_font_size_mobile":0,"ocean_menu_typo_font_size_unit":"px","ocean_menu_typo_font_weight":"","ocean_menu_typo_font_weight_tablet":"","ocean_menu_typo_font_weight_mobile":"","ocean_menu_typo_transform":"","ocean_menu_typo_transform_tablet":"","ocean_menu_typo_transform_mobile":"","ocean_menu_typo_line_height":0,"ocean_menu_typo_line_height_tablet":0,"ocean_menu_typo_line_height_mobile":0,"ocean_menu_typo_line_height_unit":"","ocean_menu_typo_spacing":0,"ocean_menu_typo_spacing_tablet":0,"ocean_menu_typo_spacing_mobile":0,"ocean_menu_typo_spacing_unit":"","ocean_menu_link_color":"","ocean_menu_link_color_hover":"","ocean_menu_link_color_active":"","ocean_menu_link_background":"","ocean_menu_link_hover_background":"","ocean_menu_link_active_background":"","ocean_menu_social_links_bg":"","ocean_menu_social_hover_links_bg":"","ocean_menu_social_links_color":"","ocean_menu_social_hover_links_color":"","ocean_disable_title":"default","ocean_disable_heading":"default","ocean_post_title":"","ocean_post_subheading":"","ocean_post_title_style":"","ocean_post_title_background_color":"","ocean_post_title_background":0,"ocean_post_title_bg_image_position":"","ocean_post_title_bg_image_attachment":"","ocean_post_title_bg_image_repeat":"","ocean_post_title_bg_image_size":"","ocean_post_title_height":0,"ocean_post_title_bg_overlay":0.5,"ocean_post_title_bg_overlay_color":"","ocean_disable_breadcrumbs":"default","ocean_breadcrumbs_color":"","ocean_breadcrumbs_separator_color":"","ocean_breadcrumbs_links_color":"","ocean_breadcrumbs_links_hover_color":"","ocean_display_footer_widgets":"default","ocean_display_footer_bottom":"default","ocean_custom_footer_template":"","_themeisle_gutenberg_block_has_review":false,"footnotes":""},"class_list":["post-960","page","type-page","status-publish","has-post-thumbnail","hentry","entry","has-media","owp-thumbs-layout-vertical","owp-btn-very-big","owp-tabs-layout-horizontal","has-no-thumbnails"],"acf":[],"aioseo_notices":[],"jetpack_sharing_enabled":true,"_links":{"self":[{"href":"https:\/\/nabilaexperience.com\/fr\/wp-json\/wp\/v2\/pages\/960","targetHints":{"allow":["GET"]}}],"collection":[{"href":"https:\/\/nabilaexperience.com\/fr\/wp-json\/wp\/v2\/pages"}],"about":[{"href":"https:\/\/nabilaexperience.com\/fr\/wp-json\/wp\/v2\/types\/page"}],"author":[{"embeddable":true,"href":"https:\/\/nabilaexperience.com\/fr\/wp-json\/wp\/v2\/users\/1"}],"replies":[{"embeddable":true,"href":"https:\/\/nabilaexperience.com\/fr\/wp-json\/wp\/v2\/comments?post=960"}],"version-history":[{"count":27,"href":"https:\/\/nabilaexperience.com\/fr\/wp-json\/wp\/v2\/pages\/960\/revisions"}],"predecessor-version":[{"id":9120,"href":"https:\/\/nabilaexperience.com\/fr\/wp-json\/wp\/v2\/pages\/960\/revisions\/9120"}],"wp:featuredmedia":[{"embeddable":true,"href":"https:\/\/nabilaexperience.com\/fr\/wp-json\/wp\/v2\/media\/1235"}],"wp:attachment":[{"href":"https:\/\/nabilaexperience.com\/fr\/wp-json\/wp\/v2\/media?parent=960"}],"curies":[{"name":"wp","href":"https:\/\/api.w.org\/{rel}","templated":true}]}}