{"id":13865,"date":"2026-02-19T18:04:35","date_gmt":"2026-02-19T18:04:35","guid":{"rendered":"https:\/\/nabilaexperience.com\/?page_id=13865"},"modified":"2026-02-19T18:04:37","modified_gmt":"2026-02-19T18:04:37","slug":"meilleures-choses-a-faire-a-tenerife-un-jour-de-pluie","status":"publish","type":"page","link":"https:\/\/nabilaexperience.com\/fr\/meilleures-choses-a-faire-a-tenerife-un-jour-de-pluie\/","title":{"rendered":"JOUR DE PLUIE"},"content":{"rendered":"<div style=\"height:25px\" aria-hidden=\"true\" class=\"wp-block-spacer\"><\/div>\n\n\n\n<div style=\"height:50px\" aria-hidden=\"true\" class=\"wp-block-spacer\"><\/div>\n\n\n\n<h1 class=\"wp-block-heading has-text-align-center\" style=\"font-size:35px\">MEILLEURES CHOSES \u00c0 FAIRE \u00c0 TENERIFE UN JOUR DE PLUIE<\/h1>\n\n\n\n<p class=\"has-text-align-center\" style=\"font-size:17px\">Les meilleures choses \u00e0 faire \u00e0 Tenerife lorsqu'il pleut sont de visiter l'un des meilleurs zoos modernes du monde, de se d\u00e9tendre dans un spa ou de profiter d'une visite priv\u00e9e de la gastronomie et des vins.<br>Ces activit\u00e9s d'int\u00e9rieur \u00e0 Tenerife sont parfaites pour les jours de pluie et offrent une fa\u00e7on unique de d\u00e9couvrir l'\u00eele.<\/p>\n\n\n\n<h2 class=\"wp-block-heading has-text-align-center has-text-color has-link-color wp-elements-4752d245e55d2012edd76ca38f57e6b8\" style=\"color:#ffbf00;font-size:20px\">Les jours de pluie \u00e0 T\u00e9n\u00e9rife ne doivent pas g\u00e2cher vos vacances !<\/h2>\n\n\n\n<p class=\"has-text-align-center\" style=\"font-size:17px\"> Qu'il s'agisse de d\u00e9couvrir des attractions naturelles \u00e9tonnantes, de se laisser tenter par des soins de spa ou de go\u00fbter \u00e0 l'authentique cuisine canarienne, il y a beaucoup d'exp\u00e9riences \u00e0 vivre \u00e0 l'int\u00e9rieur tout en restant au sec.<\/p>\n\n\n\n<h2 class=\"wp-block-heading has-text-align-center\" style=\"font-size:25px;text-transform:uppercase\"><strong>Les meilleures exp\u00e9riences pour un jour de pluie \u00e0 T\u00e9n\u00e9rife<\/strong><\/h2>\n\n\n\t\t\t\t<div class=\"mpStyle ttbm_wraper placeholderLoader ttbm_filter_area\">\n\t\t\t\t\t<div class=\"mpContainer\">\n\t\t\t\t\t\t\t\t\t<div class=\"all_filter_item\">\n\t\t\t\t\t<div class=\"flexWrap grid\">\n\t\t\t\t\t\t\t\t\t\t\t\t\t\t\t<div class=\"filter_item placeholder_area grid_3\"\n\t\t\t\t\t\t\t\t\t\t\t\t\t\t\t\t\t\t\t\t\t\t\t\t\t\t\t\t\t\t\t\t\t\t\t\t\t\t\t\t\t\t\t\t\t\t\t\t\t\t\tdata-organizer=\"242,280,140\"\n\t\t\t\t\t\t\t\t\t\t\t\t\t\t\t\t\t\t\t\t\t\t\t\t\t\t\t\t\t\t\tdata-location=\"\"\n\t\t\t\t\t\t\t\t\t\t\t\t\t\t\t\t\t\t\t\t\t\t\t\t\t\t\t\t\t\t\t\t\t\t\t\t\t\t\t\t\t\t\t\t\t\t\t\t\t\t\t\tdata-feature=\"\"\n\t\t\t\t\t\t\t\t\t\t\t\t\t\t\t\t\t\t\t\t\t\t\t\t\t\t\t\t\t\t\t\t\tdata-tag=\"\"\n\t\t\t\t\t\t\t\t\t\t\t\t\t\t\t\t\t\t\t\t\t\t\t\t\t\t\t\t\t\t\t\t\t\t\t\t\t\t\t\t\t\tdata-activity=\"132\"\n\t\t\t\t\t\t\t\t\t\t\t\t\t\t\t\t\t\t\t>\n\t\t\t\t\t\t\t\t\t\t<div class=\"bg_image_area\" data-href=\"https:\/\/nabilaexperience.com\/fr\/experiences\/loro-parque-tenerife\/\" data-placeholder>\n\t<div data-bg-image=\"https:\/\/nabilaexperience.com\/wp-content\/uploads\/2024\/03\/Progetto-senza-titolo-17.png\"><\/div>\n\t<div class=\"fullAbsolute group_item\">\n\t\t<div class=\"flexEqual\">\n\t\t\t\t\t<div class=\"ttbm_list_info\" data-placeholder>\n\t\t\t<span class=\"fas fa-money-bill\"><\/span>\n\t\t\tDe&nbsp;<span class=\"woocommerce-Price-amount amount\"><bdi><span class=\"woocommerce-Price-currencySymbol\">\u20ac<\/span>30,00<\/bdi><\/span>\t\t<\/div>\n\t\t\t\t\t\t<\/div>\n\t<\/div>\n\t<div class=\"fdColumn absolute_item\">\n\t\t\t\t\t<\/div>\n<\/div>\n<div class=\"fdColumn ttbm_list_details\">\n\t\t<div class=\"ttbm_list_title\" data-placeholder>\r\t\t<h5>\r\t\t\t<a href=\"https:\/\/nabilaexperience.com\/fr\/experiences\/loro-parque-tenerife\/\">\r\t\t\t\tLORO PARQUE\t\t\t<\/a>\r\t\t<\/h5>\r\t<\/div>\r\n\t\t<div class=\"divider\"><\/div>\n\t\t<div class=\"ttbm_description mp_wp_editor\" data-placeholder>\n\t\t<div>\n\t\t\tImmergez-vous et laissez-vous surprendre par les merveilles du r\u00e8gne animal !\t\t\t\t\n\t\t\t\t\t\t\t\t<\/div>\n\t<\/div>\n\t\t<div class=\"divider\"><\/div>\n\t<div class=\"justifyBetween _wrap\" data-placeholder>\r\t<div class=\"include_service\">\r\t\t\t<\/div>\r\t<button type=\"button\" class=\"dButton_xs ttbm_explore_button\" data-href=\"https:\/\/nabilaexperience.com\/fr\/experiences\/loro-parque-tenerife\/\">\r\t\tExplorer\t<\/button>\r<\/div>\r<\/div>\t\t\t\t\t\t\t\t\t<\/div>\n\t\t\t\t\t\t\t\t\t\t\t\t\t\t\t\t\t\t\t\t\t\t\t\t<div class=\"filter_item placeholder_area grid_3\"\n\t\t\t\t\t\t\t\t\t\t\t\t\t\t\t\t\t\t\t\t\t\t\t\t\t\t\t\t\t\t\t\t\t\t\t\t\t\t\t\t\t\t\t\t\t\t\t\t\t\t\tdata-organizer=\"280,156\"\n\t\t\t\t\t\t\t\t\t\t\t\t\t\t\t\t\t\t\t\t\t\t\t\t\t\t\t\t\t\t\tdata-location=\"\"\n\t\t\t\t\t\t\t\t\t\t\t\t\t\t\t\t\t\t\t\t\t\t\t\t\t\t\t\t\t\t\t\t\t\t\t\t\t\t\t\t\t\t\t\t\t\t\t\t\t\t\t\tdata-feature=\"\"\n\t\t\t\t\t\t\t\t\t\t\t\t\t\t\t\t\t\t\t\t\t\t\t\t\t\t\t\t\t\t\t\t\tdata-tag=\"\"\n\t\t\t\t\t\t\t\t\t\t\t\t\t\t\t\t\t\t\t\t\t\t\t\t\t\t\t\t\t\t\t\t\t\t\t\t\t\t\t\t\t\tdata-activity=\"\"\n\t\t\t\t\t\t\t\t\t\t\t\t\t\t\t\t\t\t\t>\n\t\t\t\t\t\t\t\t\t\t<div class=\"bg_image_area\" data-href=\"https:\/\/nabilaexperience.com\/fr\/experiences\/spa-a-tenerife\/\" data-placeholder>\n\t<div data-bg-image=\"https:\/\/nabilaexperience.com\/wp-content\/uploads\/2024\/11\/copertina-7.jpg\"><\/div>\n\t<div class=\"fullAbsolute group_item\">\n\t\t<div class=\"flexEqual\">\n\t\t\t\t\t<div class=\"ttbm_list_info\" data-placeholder>\n\t\t\t<span class=\"fas fa-money-bill\"><\/span>\n\t\t\tDe&nbsp;<span class=\"woocommerce-Price-amount amount\"><bdi><span class=\"woocommerce-Price-currencySymbol\">\u20ac<\/span>13,00<\/bdi><\/span>\t\t<\/div>\n\t\t\t\t\t\t<\/div>\n\t<\/div>\n\t<div class=\"fdColumn absolute_item\">\n\t\t\t\t\t<\/div>\n<\/div>\n<div class=\"fdColumn ttbm_list_details\">\n\t\t<div class=\"ttbm_list_title\" data-placeholder>\r\t\t<h5>\r\t\t\t<a href=\"https:\/\/nabilaexperience.com\/fr\/experiences\/spa-a-tenerife\/\">\r\t\t\t\tSPA\t\t\t<\/a>\r\t\t<\/h5>\r\t<\/div>\r\n\t\t<div class=\"divider\"><\/div>\n\t\t<div class=\"ttbm_description mp_wp_editor\" data-placeholder>\n\t\t<div>\n\t\t\tFaites l'exp\u00e9rience de la relaxation ultime dans le meilleur spa de T\u00e9n\u00e9rife !\t\t\t\t\n\t\t\t\t\t\t\t\t<\/div>\n\t<\/div>\n\t\t<div class=\"divider\"><\/div>\n\t<div class=\"justifyBetween _wrap\" data-placeholder>\r\t<div class=\"include_service\">\r\t\t\t<\/div>\r\t<button type=\"button\" class=\"dButton_xs ttbm_explore_button\" data-href=\"https:\/\/nabilaexperience.com\/fr\/experiences\/spa-a-tenerife\/\">\r\t\tExplorer\t<\/button>\r<\/div>\r<\/div>\t\t\t\t\t\t\t\t\t<\/div>\n\t\t\t\t\t\t\t\t\t\t\t\t\t\t\t\t\t\t\t\t\t\t\t\t<div class=\"filter_item placeholder_area grid_3\"\n\t\t\t\t\t\t\t\t\t\t\t\t\t\t\t\t\t\t\t\t\t\t\t\t\t\t\t\t\t\t\t\t\t\t\t\t\t\t\t\t\t\t\t\t\t\t\t\t\t\t\tdata-organizer=\"250,210,280\"\n\t\t\t\t\t\t\t\t\t\t\t\t\t\t\t\t\t\t\t\t\t\t\t\t\t\t\t\t\t\t\tdata-location=\"\"\n\t\t\t\t\t\t\t\t\t\t\t\t\t\t\t\t\t\t\t\t\t\t\t\t\t\t\t\t\t\t\t\t\t\t\t\t\t\t\t\t\t\t\t\t\t\t\t\t\t\t\t\tdata-feature=\"\"\n\t\t\t\t\t\t\t\t\t\t\t\t\t\t\t\t\t\t\t\t\t\t\t\t\t\t\t\t\t\t\t\t\tdata-tag=\"189\"\n\t\t\t\t\t\t\t\t\t\t\t\t\t\t\t\t\t\t\t\t\t\t\t\t\t\t\t\t\t\t\t\t\t\t\t\t\t\t\t\t\t\tdata-activity=\"\"\n\t\t\t\t\t\t\t\t\t\t\t\t\t\t\t\t\t\t\t>\n\t\t\t\t\t\t\t\t\t\t<div class=\"bg_image_area\" data-href=\"https:\/\/nabilaexperience.com\/fr\/experiences\/visite-privee-a-tenerife-vin-gastronomie\/\" data-placeholder>\n\t<div data-bg-image=\"https:\/\/nabilaexperience.com\/wp-content\/uploads\/2025\/02\/casa-miel-vino-fc-1280.jpg\"><\/div>\n\t<div class=\"fullAbsolute group_item\">\n\t\t<div class=\"flexEqual\">\n\t\t\t\t\t\t\t\t<\/div>\n\t<\/div>\n\t<div class=\"fdColumn absolute_item\">\n\t\t\t\t\t<\/div>\n<\/div>\n<div class=\"fdColumn ttbm_list_details\">\n\t\t<div class=\"ttbm_list_title\" data-placeholder>\r\t\t<h5>\r\t\t\t<a href=\"https:\/\/nabilaexperience.com\/fr\/experiences\/visite-privee-a-tenerife-vin-gastronomie\/\">\r\t\t\t\tVISITE PRIV\u00c9E DE VIN ET DE GASTRONOMIE\t\t\t<\/a>\r\t\t<\/h5>\r\t<\/div>\r\n\t\t<div class=\"divider\"><\/div>\n\t\t<div class=\"ttbm_description mp_wp_editor\" data-placeholder>\n\t\t<div>\n\t\t\tExplorez les vins et la gastronomie de Tenerife tout en profitant de vues imprenables et des saveurs de l'\u00eele.\t\t\t\t\n\t\t\t\t\t\t\t\t<\/div>\n\t<\/div>\n\t\t<div class=\"divider\"><\/div>\n\t<div class=\"justifyBetween _wrap\" data-placeholder>\r\t<div class=\"include_service\">\r\t\t\t<\/div>\r\t<button type=\"button\" class=\"dButton_xs ttbm_explore_button\" data-href=\"https:\/\/nabilaexperience.com\/fr\/experiences\/visite-privee-a-tenerife-vin-gastronomie\/\">\r\t\tExplorer\t<\/button>\r<\/div>\r<\/div>\t\t\t\t\t\t\t\t\t<\/div>\n\t\t\t\t\t\t\t\t\t\t\t\t\t\t\t\t\t\t\t\t<\/div>\n\t\t\t\t<\/div>\n\t\t\t\t\t\t\t\t<div class=\"search_result_empty\" data-placeholder>Aucun r\u00e9sultat de correspondance trouv\u00e9 !<\/div>\n\t\t\t\t<div class=\"filter_short_result\" data-placeholder>\n\t\t\t\t\tAffichage\t\t\t\t\t<strong class=\"qty_count\">-1<\/strong>\n\t\t\t\t\tde\t\t\t\t\t<strong class=\"total_filter_qty\">3<\/strong>\n\t\t\t\t<\/div>\n\t\t\t\t\t\t\t\t<input type=\"hidden\" name=\"pagination_per_page\" value=\"3\"\/>\n\t\t\t\t<input type=\"hidden\" name=\"pagination_style\" value=\"load_more\"\/>\n\t\t\t\t\t\t\t\t\t<\/div>\n\t\t\t\t<\/div>\n\t\t\t\t\n\n\n\n<div style=\"height:25px\" aria-hidden=\"true\" class=\"wp-block-spacer\"><\/div>\n\n\n\n<div class=\"wp-block-buttons alignwide is-content-justification-center is-layout-flex wp-container-core-buttons-is-layout-5e6b19ed wp-block-buttons-is-layout-flex\">\n<div class=\"wp-block-button\"><a class=\"wp-block-button__link has-custom-font-size wp-element-button\" href=\"https:\/\/nabilaexperience.com\/fr\/trouver-excursions-tenerife\/\" style=\"border-radius:5px;font-size:20px\"><strong>VOIR TOUTES LES EXCURSIONS \u00c0 TENERIFE<\/strong><\/a><\/div>\n<\/div>\n\n\n\n<div style=\"height:40px\" aria-hidden=\"true\" class=\"wp-block-spacer\"><\/div>","protected":false},"excerpt":{"rendered":"<p>BEST THINGS TO DO IN TENERIFE ON A RAINY DAY The best things to do in Tenerife when it rains are visiting one of the best modern zoos in the world, relaxing with a spa experience, or enjoying a private food and wine tour.These indoor activities in Tenerife are perfect for a rainy day and [&hellip;]<\/p>\n","protected":false},"author":1,"featured_media":5714,"parent":0,"menu_order":0,"comment_status":"closed","ping_status":"closed","template":"","meta":{"_acf_changed":false,"ocean_post_layout":"","ocean_both_sidebars_style":"","ocean_both_sidebars_content_width":0,"ocean_both_sidebars_sidebars_width":0,"ocean_sidebar":"","ocean_second_sidebar":"","ocean_disable_margins":"enable","ocean_add_body_class":"","ocean_shortcode_before_top_bar":"","ocean_shortcode_after_top_bar":"","ocean_shortcode_before_header":"","ocean_shortcode_after_header":"","ocean_has_shortcode":"","ocean_shortcode_after_title":"","ocean_shortcode_before_footer_widgets":"","ocean_shortcode_after_footer_widgets":"","ocean_shortcode_before_footer_bottom":"","ocean_shortcode_after_footer_bottom":"","ocean_display_top_bar":"default","ocean_display_header":"default","ocean_header_style":"","ocean_center_header_left_menu":"","ocean_custom_header_template":"","ocean_custom_logo":0,"ocean_custom_retina_logo":0,"ocean_custom_logo_max_width":0,"ocean_custom_logo_tablet_max_width":0,"ocean_custom_logo_mobile_max_width":0,"ocean_custom_logo_max_height":0,"ocean_custom_logo_tablet_max_height":0,"ocean_custom_logo_mobile_max_height":0,"ocean_header_custom_menu":"","ocean_menu_typo_font_family":"","ocean_menu_typo_font_subset":"","ocean_menu_typo_font_size":0,"ocean_menu_typo_font_size_tablet":0,"ocean_menu_typo_font_size_mobile":0,"ocean_menu_typo_font_size_unit":"px","ocean_menu_typo_font_weight":"","ocean_menu_typo_font_weight_tablet":"","ocean_menu_typo_font_weight_mobile":"","ocean_menu_typo_transform":"","ocean_menu_typo_transform_tablet":"","ocean_menu_typo_transform_mobile":"","ocean_menu_typo_line_height":0,"ocean_menu_typo_line_height_tablet":0,"ocean_menu_typo_line_height_mobile":0,"ocean_menu_typo_line_height_unit":"","ocean_menu_typo_spacing":0,"ocean_menu_typo_spacing_tablet":0,"ocean_menu_typo_spacing_mobile":0,"ocean_menu_typo_spacing_unit":"","ocean_menu_link_color":"","ocean_menu_link_color_hover":"","ocean_menu_link_color_active":"","ocean_menu_link_background":"","ocean_menu_link_hover_background":"","ocean_menu_link_active_background":"","ocean_menu_social_links_bg":"","ocean_menu_social_hover_links_bg":"","ocean_menu_social_links_color":"","ocean_menu_social_hover_links_color":"","ocean_disable_title":"default","ocean_disable_heading":"default","ocean_post_title":"","ocean_post_subheading":"","ocean_post_title_style":"","ocean_post_title_background_color":"","ocean_post_title_background":0,"ocean_post_title_bg_image_position":"","ocean_post_title_bg_image_attachment":"","ocean_post_title_bg_image_repeat":"","ocean_post_title_bg_image_size":"","ocean_post_title_height":0,"ocean_post_title_bg_overlay":0.5,"ocean_post_title_bg_overlay_color":"","ocean_disable_breadcrumbs":"default","ocean_breadcrumbs_color":"","ocean_breadcrumbs_separator_color":"","ocean_breadcrumbs_links_color":"","ocean_breadcrumbs_links_hover_color":"","ocean_display_footer_widgets":"default","ocean_display_footer_bottom":"default","ocean_custom_footer_template":"","_themeisle_gutenberg_block_has_review":false,"footnotes":""},"class_list":["post-13865","page","type-page","status-publish","has-post-thumbnail","hentry","entry","has-media","owp-thumbs-layout-vertical","owp-btn-very-big","owp-tabs-layout-horizontal","has-no-thumbnails"],"acf":[],"aioseo_notices":[],"jetpack_sharing_enabled":true,"_links":{"self":[{"href":"https:\/\/nabilaexperience.com\/fr\/wp-json\/wp\/v2\/pages\/13865","targetHints":{"allow":["GET"]}}],"collection":[{"href":"https:\/\/nabilaexperience.com\/fr\/wp-json\/wp\/v2\/pages"}],"about":[{"href":"https:\/\/nabilaexperience.com\/fr\/wp-json\/wp\/v2\/types\/page"}],"author":[{"embeddable":true,"href":"https:\/\/nabilaexperience.com\/fr\/wp-json\/wp\/v2\/users\/1"}],"replies":[{"embeddable":true,"href":"https:\/\/nabilaexperience.com\/fr\/wp-json\/wp\/v2\/comments?post=13865"}],"version-history":[{"count":18,"href":"https:\/\/nabilaexperience.com\/fr\/wp-json\/wp\/v2\/pages\/13865\/revisions"}],"predecessor-version":[{"id":13904,"href":"https:\/\/nabilaexperience.com\/fr\/wp-json\/wp\/v2\/pages\/13865\/revisions\/13904"}],"wp:featuredmedia":[{"embeddable":true,"href":"https:\/\/nabilaexperience.com\/fr\/wp-json\/wp\/v2\/media\/5714"}],"wp:attachment":[{"href":"https:\/\/nabilaexperience.com\/fr\/wp-json\/wp\/v2\/media?parent=13865"}],"curies":[{"name":"wp","href":"https:\/\/api.w.org\/{rel}","templated":true}]}}