{"id":13863,"date":"2026-02-19T18:04:45","date_gmt":"2026-02-19T18:04:45","guid":{"rendered":"https:\/\/nabilaexperience.com\/?page_id=13863"},"modified":"2026-02-19T18:04:47","modified_gmt":"2026-02-19T18:04:47","slug":"meilleures-choses-a-faire-a-tenerife-un-jour-ensoleille","status":"publish","type":"page","link":"https:\/\/nabilaexperience.com\/fr\/meilleures-choses-a-faire-a-tenerife-un-jour-ensoleille\/","title":{"rendered":"JOURN\u00c9E ENSOLEILL\u00c9E"},"content":{"rendered":"<div style=\"height:25px\" aria-hidden=\"true\" class=\"wp-block-spacer\"><\/div>\n\n\n\n<div style=\"height:50px\" aria-hidden=\"true\" class=\"wp-block-spacer\"><\/div>\n\n\n\n<h1 class=\"wp-block-heading has-text-align-center\" style=\"font-size:35px\">MEILLEURES CHOSES \u00c0 FAIRE \u00c0 TENERIFE PAR UNE JOURN\u00c9E ENSOLEILL\u00c9E<\/h1>\n\n\n\n<p class=\"has-text-align-center\" style=\"font-size:17px\">Les meilleures choses \u00e0 faire \u00e0 Tenerife par une journ\u00e9e ensoleill\u00e9e sont la location d'un bateau, l'observation des baleines et des dauphins, le jet ski, le kayak et la plong\u00e9e avec tuba, la conduite d'une Slingshot ou l'exploration du Teide en quad.<br>Ces activit\u00e9s de plein air \u00e0 Tenerife sont parfaites pour une journ\u00e9e ensoleill\u00e9e et constituent le meilleur moyen de profiter de la mer, du soleil et de l'aventure sur l'\u00eele.<\/p>\n\n\n\n<h2 class=\"wp-block-heading has-text-align-center has-text-color has-link-color wp-elements-5bf4e56fc85b4d7a6106dcb5789af440\" style=\"color:#ffbf00;font-size:20px\">Les journ\u00e9es ensoleill\u00e9es \u00e0 Tenerife sont faites pour vivre des exp\u00e9riences inoubliables !<\/h2>\n\n\n\n<p class=\"has-text-align-center\" style=\"font-size:17px\">Qu'il s'agisse de naviguer le long de la c\u00f4te sur son propre bateau, d'observer les baleines et les dauphins ou d'explorer les paysages volcaniques en quad, le temps ensoleill\u00e9 offre d'innombrables possibilit\u00e9s de profiter pleinement de la beaut\u00e9 naturelle de T\u00e9n\u00e9riffe.<\/p>\n\n\n\n<h2 class=\"wp-block-heading has-text-align-center\" style=\"font-size:25px;text-transform:uppercase\"><strong>Les meilleures exp\u00e9riences pour une journ\u00e9e ensoleill\u00e9e \u00e0 Tenerife<\/strong><\/h2>\n\n\n\t\t\t\t<div class=\"mpStyle ttbm_wraper placeholderLoader ttbm_filter_area\">\n\t\t\t\t\t<div class=\"mpContainer\">\n\t\t\t\t\t\t\t\t\t<div class=\"all_filter_item\">\n\t\t\t\t\t<div class=\"flexWrap grid\">\n\t\t\t\t\t\t\t\t\t\t\t\t\t\t\t<div class=\"filter_item placeholder_area grid_3\"\n\t\t\t\t\t\t\t\t\t\t\t\t\t\t\t\t\t\t\t\t\t\t\t\t\t\t\t\t\t\t\t\t\t\t\t\t\t\t\t\t\t\t\t\t\t\t\t\t\t\t\tdata-organizer=\"276,241,248,250,244,278,141\"\n\t\t\t\t\t\t\t\t\t\t\t\t\t\t\t\t\t\t\t\t\t\t\t\t\t\t\t\t\t\t\tdata-location=\"\"\n\t\t\t\t\t\t\t\t\t\t\t\t\t\t\t\t\t\t\t\t\t\t\t\t\t\t\t\t\t\t\t\t\t\t\t\t\t\t\t\t\t\t\t\t\t\t\t\t\t\t\t\tdata-feature=\"\"\n\t\t\t\t\t\t\t\t\t\t\t\t\t\t\t\t\t\t\t\t\t\t\t\t\t\t\t\t\t\t\t\t\tdata-tag=\"196,189\"\n\t\t\t\t\t\t\t\t\t\t\t\t\t\t\t\t\t\t\t\t\t\t\t\t\t\t\t\t\t\t\t\t\t\t\t\t\t\t\t\t\t\tdata-activity=\"129\"\n\t\t\t\t\t\t\t\t\t\t\t\t\t\t\t\t\t\t\t>\n\t\t\t\t\t\t\t\t\t\t<div class=\"bg_image_area\" data-href=\"https:\/\/nabilaexperience.com\/fr\/experiences\/excursion-kayak-tenerife-avec-snorkeling\/\" data-placeholder>\n\t<div data-bg-image=\"https:\/\/nabilaexperience.com\/wp-content\/uploads\/2024\/05\/145-2.jpg\"><\/div>\n\t<div class=\"fullAbsolute group_item\">\n\t\t<div class=\"flexEqual\">\n\t\t\t\t\t<div class=\"ttbm_list_info\" data-placeholder>\n\t\t\t<span class=\"fas fa-money-bill\"><\/span>\n\t\t\tDe&nbsp;<span class=\"woocommerce-Price-amount amount\"><bdi><span class=\"woocommerce-Price-currencySymbol\">\u20ac<\/span>25,00<\/bdi><\/span>\t\t<\/div>\n\t\t\t\t\t\t<\/div>\n\t<\/div>\n\t<div class=\"fdColumn absolute_item\">\n\t\t\t\t\t<\/div>\n<\/div>\n<div class=\"fdColumn ttbm_list_details\">\n\t\t<div class=\"ttbm_list_title\" data-placeholder>\r\t\t<h5>\r\t\t\t<a href=\"https:\/\/nabilaexperience.com\/fr\/experiences\/excursion-kayak-tenerife-avec-snorkeling\/\">\r\t\t\t\tEXCURSION EN KAYAK AVEC SNORKELING\t\t\t<\/a>\r\t\t<\/h5>\r\t<\/div>\r\n\t\t<div class=\"divider\"><\/div>\n\t\t<div class=\"ttbm_description mp_wp_editor\" data-placeholder>\n\t\t<div>\n\t\t\tExplorez la beaut\u00e9 de la c\u00f4te en kayak et partez \u00e0 la recherche des dauphins et des tortues !\t\t\t\t\n\t\t\t\t\t\t\t\t<\/div>\n\t<\/div>\n\t\t<div class=\"divider\"><\/div>\n\t<div class=\"justifyBetween _wrap\" data-placeholder>\r\t<div class=\"include_service\">\r\t\t\t<\/div>\r\t<button type=\"button\" class=\"dButton_xs ttbm_explore_button\" data-href=\"https:\/\/nabilaexperience.com\/fr\/experiences\/excursion-kayak-tenerife-avec-snorkeling\/\">\r\t\tExplorer\t<\/button>\r<\/div>\r<\/div>\t\t\t\t\t\t\t\t\t<\/div>\n\t\t\t\t\t\t\t\t\t\t\t\t\t\t\t\t\t\t\t\t\t\t\t\t<div class=\"filter_item placeholder_area grid_3\"\n\t\t\t\t\t\t\t\t\t\t\t\t\t\t\t\t\t\t\t\t\t\t\t\t\t\t\t\t\t\t\t\t\t\t\t\t\t\t\t\t\t\t\t\t\t\t\t\t\t\t\tdata-organizer=\"251,137,248,278,245\"\n\t\t\t\t\t\t\t\t\t\t\t\t\t\t\t\t\t\t\t\t\t\t\t\t\t\t\t\t\t\t\tdata-location=\"\"\n\t\t\t\t\t\t\t\t\t\t\t\t\t\t\t\t\t\t\t\t\t\t\t\t\t\t\t\t\t\t\t\t\t\t\t\t\t\t\t\t\t\t\t\t\t\t\t\t\t\t\t\tdata-feature=\"\"\n\t\t\t\t\t\t\t\t\t\t\t\t\t\t\t\t\t\t\t\t\t\t\t\t\t\t\t\t\t\t\t\t\tdata-tag=\"196,166\"\n\t\t\t\t\t\t\t\t\t\t\t\t\t\t\t\t\t\t\t\t\t\t\t\t\t\t\t\t\t\t\t\t\t\t\t\t\t\t\t\t\t\tdata-activity=\"123\"\n\t\t\t\t\t\t\t\t\t\t\t\t\t\t\t\t\t\t\t>\n\t\t\t\t\t\t\t\t\t\t<div class=\"bg_image_area\" data-href=\"https:\/\/nabilaexperience.com\/fr\/experiences\/excursion-voilier-observation-baleines-tenerife\/\" data-placeholder>\n\t<div data-bg-image=\"https:\/\/nabilaexperience.com\/wp-content\/uploads\/2024\/05\/enjoy.jpg\"><\/div>\n\t<div class=\"fullAbsolute group_item\">\n\t\t<div class=\"flexEqual\">\n\t\t\t\t\t\t\t\t<\/div>\n\t<\/div>\n\t<div class=\"fdColumn absolute_item\">\n\t\t\t\t\t<\/div>\n<\/div>\n<div class=\"fdColumn ttbm_list_details\">\n\t\t<div class=\"ttbm_list_title\" data-placeholder>\r\t\t<h5>\r\t\t\t<a href=\"https:\/\/nabilaexperience.com\/fr\/experiences\/excursion-voilier-observation-baleines-tenerife\/\">\r\t\t\t\tEXCURSION EN VOILIER - OBSERVATION DES BALEINES\t\t\t<\/a>\r\t\t<\/h5>\r\t<\/div>\r\n\t\t<div class=\"divider\"><\/div>\n\t\t<div class=\"ttbm_description mp_wp_editor\" data-placeholder>\n\t\t<div>\n\t\t\tNaviguez le long de la c\u00f4te sud de T\u00e9n\u00e9riffe \u00e0 la recherche de baleines, de dauphins et de tortues !\t\t\t\t\n\t\t\t\t\t\t\t\t<\/div>\n\t<\/div>\n\t\t<div class=\"divider\"><\/div>\n\t<div class=\"justifyBetween _wrap\" data-placeholder>\r\t<div class=\"include_service\">\r\t\t\t<\/div>\r\t<button type=\"button\" class=\"dButton_xs ttbm_explore_button\" data-href=\"https:\/\/nabilaexperience.com\/fr\/experiences\/excursion-voilier-observation-baleines-tenerife\/\">\r\t\tExplorer\t<\/button>\r<\/div>\r<\/div>\t\t\t\t\t\t\t\t\t<\/div>\n\t\t\t\t\t\t\t\t\t\t\t\t\t\t\t\t\t\t\t\t\t\t\t\t<div class=\"filter_item placeholder_area grid_3\"\n\t\t\t\t\t\t\t\t\t\t\t\t\t\t\t\t\t\t\t\t\t\t\t\t\t\t\t\t\t\t\t\t\t\t\t\t\t\t\t\t\t\t\t\t\t\t\t\t\t\t\tdata-organizer=\"247,251,248,249,244,278,141\"\n\t\t\t\t\t\t\t\t\t\t\t\t\t\t\t\t\t\t\t\t\t\t\t\t\t\t\t\t\t\t\tdata-location=\"\"\n\t\t\t\t\t\t\t\t\t\t\t\t\t\t\t\t\t\t\t\t\t\t\t\t\t\t\t\t\t\t\t\t\t\t\t\t\t\t\t\t\t\t\t\t\t\t\t\t\t\t\t\tdata-feature=\"\"\n\t\t\t\t\t\t\t\t\t\t\t\t\t\t\t\t\t\t\t\t\t\t\t\t\t\t\t\t\t\t\t\t\tdata-tag=\"188,196,187\"\n\t\t\t\t\t\t\t\t\t\t\t\t\t\t\t\t\t\t\t\t\t\t\t\t\t\t\t\t\t\t\t\t\t\t\t\t\t\t\t\t\t\tdata-activity=\"129\"\n\t\t\t\t\t\t\t\t\t\t\t\t\t\t\t\t\t\t\t>\n\t\t\t\t\t\t\t\t\t\t<div class=\"bg_image_area\" data-href=\"https:\/\/nabilaexperience.com\/fr\/experiences\/jet-ski-tenerife\/\" data-placeholder>\n\t<div data-bg-image=\"https:\/\/nabilaexperience.com\/wp-content\/uploads\/2024\/05\/copertina-3.jpg\"><\/div>\n\t<div class=\"fullAbsolute group_item\">\n\t\t<div class=\"flexEqual\">\n\t\t\t\t\t<div class=\"ttbm_list_info\" data-placeholder>\n\t\t\t<span class=\"fas fa-money-bill\"><\/span>\n\t\t\tDe&nbsp;<span class=\"woocommerce-Price-amount amount\"><bdi><span class=\"woocommerce-Price-currencySymbol\">\u20ac<\/span>90,00<\/bdi><\/span>\t\t<\/div>\n\t\t\t\t\t\t<\/div>\n\t<\/div>\n\t<div class=\"fdColumn absolute_item\">\n\t\t\t\t\t<\/div>\n<\/div>\n<div class=\"fdColumn ttbm_list_details\">\n\t\t<div class=\"ttbm_list_title\" data-placeholder>\r\t\t<h5>\r\t\t\t<a href=\"https:\/\/nabilaexperience.com\/fr\/experiences\/jet-ski-tenerife\/\">\r\t\t\t\tJET-SKI\t\t\t<\/a>\r\t\t<\/h5>\r\t<\/div>\r\n\t\t<div class=\"divider\"><\/div>\n\t\t<div class=\"ttbm_description mp_wp_editor\" data-placeholder>\n\t\t<div>\n\t\t\tProfitez d'un safari en jet ski pour explorer la c\u00f4te de T\u00e9n\u00e9riffe de mani\u00e8re aventureuse !\t\t\t\t\n\t\t\t\t\t\t\t\t<\/div>\n\t<\/div>\n\t\t<div class=\"divider\"><\/div>\n\t<div class=\"justifyBetween _wrap\" data-placeholder>\r\t<div class=\"include_service\">\r\t\t\t<\/div>\r\t<button type=\"button\" class=\"dButton_xs ttbm_explore_button\" data-href=\"https:\/\/nabilaexperience.com\/fr\/experiences\/jet-ski-tenerife\/\">\r\t\tExplorer\t<\/button>\r<\/div>\r<\/div>\t\t\t\t\t\t\t\t\t<\/div>\n\t\t\t\t\t\t\t\t\t\t\t\t\t\t\t\t\t\t\t\t\t\t\t\t<div class=\"filter_item placeholder_area grid_3\"\n\t\t\t\t\t\t\t\t\t\t\t\t\t\t\t\t\t\t\t\t\t\t\t\t\t\t\t\t\t\t\t\t\t\t\t\t\t\t\t\t\t\t\t\t\t\t\t\t\t\t\tdata-organizer=\"247,251,241,248,249,138,278,154\"\n\t\t\t\t\t\t\t\t\t\t\t\t\t\t\t\t\t\t\t\t\t\t\t\t\t\t\t\t\t\t\tdata-location=\"\"\n\t\t\t\t\t\t\t\t\t\t\t\t\t\t\t\t\t\t\t\t\t\t\t\t\t\t\t\t\t\t\t\t\t\t\t\t\t\t\t\t\t\t\t\t\t\t\t\t\t\t\t\tdata-feature=\"\"\n\t\t\t\t\t\t\t\t\t\t\t\t\t\t\t\t\t\t\t\t\t\t\t\t\t\t\t\t\t\t\t\t\tdata-tag=\"188,196,187\"\n\t\t\t\t\t\t\t\t\t\t\t\t\t\t\t\t\t\t\t\t\t\t\t\t\t\t\t\t\t\t\t\t\t\t\t\t\t\t\t\t\t\tdata-activity=\"130,157\"\n\t\t\t\t\t\t\t\t\t\t\t\t\t\t\t\t\t\t\t>\n\t\t\t\t\t\t\t\t\t\t<div class=\"bg_image_area\" data-href=\"https:\/\/nabilaexperience.com\/fr\/experiences\/tenerife-teide-quad-tour-jour-coucher-soleil\/\" data-placeholder>\n\t<div data-bg-image=\"https:\/\/nabilaexperience.com\/wp-content\/uploads\/2024\/05\/145-5.jpg\"><\/div>\n\t<div class=\"fullAbsolute group_item\">\n\t\t<div class=\"flexEqual\">\n\t\t\t\t\t<div class=\"ttbm_list_info\" data-placeholder>\n\t\t\t<span class=\"fas fa-money-bill\"><\/span>\n\t\t\tDe&nbsp;<span class=\"woocommerce-Price-amount amount\"><bdi><span class=\"woocommerce-Price-currencySymbol\">\u20ac<\/span>120,00<\/bdi><\/span>\t\t<\/div>\n\t\t\t\t\t\t<\/div>\n\t<\/div>\n\t<div class=\"fdColumn absolute_item\">\n\t\t\t\t\t<\/div>\n<\/div>\n<div class=\"fdColumn ttbm_list_details\">\n\t\t<div class=\"ttbm_list_title\" data-placeholder>\r\t\t<h5>\r\t\t\t<a href=\"https:\/\/nabilaexperience.com\/fr\/experiences\/tenerife-teide-quad-tour-jour-coucher-soleil\/\">\r\t\t\t\tTOUR EN QUAD AU TEIDE \u2013 JOUR OU COUCHER DE SOLEIL\t\t\t<\/a>\r\t\t<\/h5>\r\t<\/div>\r\n\t\t<div class=\"divider\"><\/div>\n\t\t<div class=\"ttbm_description mp_wp_editor\" data-placeholder>\n\t\t<div>\n\t\t\tMontez \u00e0 bord d'un quad pour atteindre le Teide et choisissez entre une aventure d'une journ\u00e9e ou d'un coucher de soleil !\t\t\t\t\n\t\t\t\t\t\t\t\t<\/div>\n\t<\/div>\n\t\t<div class=\"divider\"><\/div>\n\t<div class=\"justifyBetween _wrap\" data-placeholder>\r\t<div class=\"include_service\">\r\t\t\t<\/div>\r\t<button type=\"button\" class=\"dButton_xs ttbm_explore_button\" data-href=\"https:\/\/nabilaexperience.com\/fr\/experiences\/tenerife-teide-quad-tour-jour-coucher-soleil\/\">\r\t\tExplorer\t<\/button>\r<\/div>\r<\/div>\t\t\t\t\t\t\t\t\t<\/div>\n\t\t\t\t\t\t\t\t\t\t\t\t\t\t\t\t\t\t\t\t\t\t\t\t<div class=\"filter_item placeholder_area grid_3\"\n\t\t\t\t\t\t\t\t\t\t\t\t\t\t\t\t\t\t\t\t\t\t\t\t\t\t\t\t\t\t\t\t\t\t\t\t\t\t\t\t\t\t\t\t\t\t\t\t\t\t\tdata-organizer=\"251,241,248,249,246,275,156,278,141,143,144\"\n\t\t\t\t\t\t\t\t\t\t\t\t\t\t\t\t\t\t\t\t\t\t\t\t\t\t\t\t\t\t\tdata-location=\"\"\n\t\t\t\t\t\t\t\t\t\t\t\t\t\t\t\t\t\t\t\t\t\t\t\t\t\t\t\t\t\t\t\t\t\t\t\t\t\t\t\t\t\t\t\t\t\t\t\t\t\t\t\tdata-feature=\"\"\n\t\t\t\t\t\t\t\t\t\t\t\t\t\t\t\t\t\t\t\t\t\t\t\t\t\t\t\t\t\t\t\t\tdata-tag=\"196,187,190\"\n\t\t\t\t\t\t\t\t\t\t\t\t\t\t\t\t\t\t\t\t\t\t\t\t\t\t\t\t\t\t\t\t\t\t\t\t\t\t\t\t\t\tdata-activity=\"124\"\n\t\t\t\t\t\t\t\t\t\t\t\t\t\t\t\t\t\t\t>\n\t\t\t\t\t\t\t\t\t\t<div class=\"bg_image_area\" data-href=\"https:\/\/nabilaexperience.com\/fr\/experiences\/location-bateau-sans-permis-a-tenerife-fiat-500-off-shore\/\" data-placeholder>\n\t<div data-bg-image=\"https:\/\/nabilaexperience.com\/wp-content\/uploads\/2025\/04\/fiat500boat.1.webp\"><\/div>\n\t<div class=\"fullAbsolute group_item\">\n\t\t<div class=\"flexEqual\">\n\t\t\t\t\t<div class=\"ttbm_list_info\" data-placeholder>\n\t\t\t<span class=\"fas fa-money-bill\"><\/span>\n\t\t\tDe&nbsp;<span class=\"woocommerce-Price-amount amount\"><bdi><span class=\"woocommerce-Price-currencySymbol\">\u20ac<\/span>40,00<\/bdi><\/span>\t\t<\/div>\n\t\t\t\t\t\t<\/div>\n\t<\/div>\n\t<div class=\"fdColumn absolute_item\">\n\t\t\t\t\t<\/div>\n<\/div>\n<div class=\"fdColumn ttbm_list_details\">\n\t\t<div class=\"ttbm_list_title\" data-placeholder>\r\t\t<h5>\r\t\t\t<a href=\"https:\/\/nabilaexperience.com\/fr\/experiences\/location-bateau-sans-permis-a-tenerife-fiat-500-off-shore\/\">\r\t\t\t\tLOCATION DE BATEAU SANS PERMIS \u2013 FIAT 500 OFF-SHORE\t\t\t<\/a>\r\t\t<\/h5>\r\t<\/div>\r\n\t\t<div class=\"divider\"><\/div>\n\t\t<div class=\"ttbm_description mp_wp_editor\" data-placeholder>\n\t\t<div>\n\t\t\tD\u00e9couvrez le style italien avec un bateau Fiat 500 \u00e0 Tenerife \u2013 sans permis, juste du plaisir !\t\t\t\t\n\t\t\t\t\t\t\t\t<\/div>\n\t<\/div>\n\t\t<div class=\"divider\"><\/div>\n\t<div class=\"justifyBetween _wrap\" data-placeholder>\r\t<div class=\"include_service\">\r\t\t\t<\/div>\r\t<button type=\"button\" class=\"dButton_xs ttbm_explore_button\" data-href=\"https:\/\/nabilaexperience.com\/fr\/experiences\/location-bateau-sans-permis-a-tenerife-fiat-500-off-shore\/\">\r\t\tExplorer\t<\/button>\r<\/div>\r<\/div>\t\t\t\t\t\t\t\t\t<\/div>\n\t\t\t\t\t\t\t\t\t\t\t\t\t\t\t\t\t\t\t\t\t\t\t\t<div class=\"filter_item placeholder_area grid_3\"\n\t\t\t\t\t\t\t\t\t\t\t\t\t\t\t\t\t\t\t\t\t\t\t\t\t\t\t\t\t\t\t\t\t\t\t\t\t\t\t\t\t\t\t\t\t\t\t\t\t\t\tdata-organizer=\"247,251,248,249,138,275,278,154\"\n\t\t\t\t\t\t\t\t\t\t\t\t\t\t\t\t\t\t\t\t\t\t\t\t\t\t\t\t\t\t\tdata-location=\"\"\n\t\t\t\t\t\t\t\t\t\t\t\t\t\t\t\t\t\t\t\t\t\t\t\t\t\t\t\t\t\t\t\t\t\t\t\t\t\t\t\t\t\t\t\t\t\t\t\t\t\t\t\tdata-feature=\"\"\n\t\t\t\t\t\t\t\t\t\t\t\t\t\t\t\t\t\t\t\t\t\t\t\t\t\t\t\t\t\t\t\t\tdata-tag=\"188,196,187\"\n\t\t\t\t\t\t\t\t\t\t\t\t\t\t\t\t\t\t\t\t\t\t\t\t\t\t\t\t\t\t\t\t\t\t\t\t\t\t\t\t\t\tdata-activity=\"\"\n\t\t\t\t\t\t\t\t\t\t\t\t\t\t\t\t\t\t\t>\n\t\t\t\t\t\t\t\t\t\t<div class=\"bg_image_area\" data-href=\"https:\/\/nabilaexperience.com\/fr\/experiences\/slingshot-tour-a-tenerife\/\" data-placeholder>\n\t<div data-bg-image=\"https:\/\/nabilaexperience.com\/wp-content\/uploads\/2025\/07\/polaris-slingshot-tour-in-tenerife.webp\"><\/div>\n\t<div class=\"fullAbsolute group_item\">\n\t\t<div class=\"flexEqual\">\n\t\t\t\t\t<div class=\"ttbm_list_info\" data-placeholder>\n\t\t\t<span class=\"fas fa-money-bill\"><\/span>\n\t\t\tDe&nbsp;<span class=\"woocommerce-Price-amount amount\"><bdi><span class=\"woocommerce-Price-currencySymbol\">\u20ac<\/span>190,00<\/bdi><\/span>\t\t<\/div>\n\t\t\t\t\t\t<\/div>\n\t<\/div>\n\t<div class=\"fdColumn absolute_item\">\n\t\t\t\t\t<\/div>\n<\/div>\n<div class=\"fdColumn ttbm_list_details\">\n\t\t<div class=\"ttbm_list_title\" data-placeholder>\r\t\t<h5>\r\t\t\t<a href=\"https:\/\/nabilaexperience.com\/fr\/experiences\/slingshot-tour-a-tenerife\/\">\r\t\t\t\tSLINGSHOT TOUR\t\t\t<\/a>\r\t\t<\/h5>\r\t<\/div>\r\n\t\t<div class=\"divider\"><\/div>\n\t\t<div class=\"ttbm_description mp_wp_editor\" data-placeholder>\n\t\t<div>\n\t\t\tDe l'adr\u00e9naline \u00e0 l'\u00e9tat pur, des vues \u00e0 couper le souffle et des aventures uniques en leur genre !\t\t\t\t\n\t\t\t\t\t\t\t\t<\/div>\n\t<\/div>\n\t\t<div class=\"divider\"><\/div>\n\t<div class=\"justifyBetween _wrap\" data-placeholder>\r\t<div class=\"include_service\">\r\t\t\t<\/div>\r\t<button type=\"button\" class=\"dButton_xs ttbm_explore_button\" data-href=\"https:\/\/nabilaexperience.com\/fr\/experiences\/slingshot-tour-a-tenerife\/\">\r\t\tExplorer\t<\/button>\r<\/div>\r<\/div>\t\t\t\t\t\t\t\t\t<\/div>\n\t\t\t\t\t\t\t\t\t\t\t\t\t\t\t\t\t\t\t\t<\/div>\n\t\t\t\t<\/div>\n\t\t\t\t\t\t\t\t<div class=\"search_result_empty\" data-placeholder>Aucun r\u00e9sultat de correspondance trouv\u00e9 !<\/div>\n\t\t\t\t<div class=\"filter_short_result\" data-placeholder>\n\t\t\t\t\tAffichage\t\t\t\t\t<strong class=\"qty_count\">-1<\/strong>\n\t\t\t\t\tde\t\t\t\t\t<strong class=\"total_filter_qty\">6<\/strong>\n\t\t\t\t<\/div>\n\t\t\t\t\t\t\t\t<input type=\"hidden\" name=\"pagination_per_page\" value=\"6\"\/>\n\t\t\t\t<input type=\"hidden\" name=\"pagination_style\" value=\"load_more\"\/>\n\t\t\t\t\t\t\t\t\t<\/div>\n\t\t\t\t<\/div>\n\t\t\t\t\n\n\n\n<div style=\"height:25px\" aria-hidden=\"true\" class=\"wp-block-spacer\"><\/div>\n\n\n\n<div class=\"wp-block-buttons alignwide is-content-justification-center is-layout-flex wp-container-core-buttons-is-layout-5e6b19ed wp-block-buttons-is-layout-flex\">\n<div class=\"wp-block-button\"><a class=\"wp-block-button__link has-custom-font-size wp-element-button\" href=\"https:\/\/nabilaexperience.com\/fr\/trouver-excursions-tenerife\/\" style=\"border-radius:5px;font-size:20px\"><strong>VOIR TOUTES LES EXCURSIONS \u00c0 TENERIFE<\/strong><\/a><\/div>\n<\/div>\n\n\n\n<div style=\"height:40px\" aria-hidden=\"true\" class=\"wp-block-spacer\"><\/div>","protected":false},"excerpt":{"rendered":"<p>BEST THINGS TO DO IN TENERIFE ON A SUNNY DAY The best things to do in Tenerife on a sunny day include renting a self-drive boat, joining a whale and dolphin watching tour, enjoying jet skiing, kayaking with snorkeling, driving a slingshot, or exploring Teide on a quad tour.These outdoor activities in Tenerife are perfect [&hellip;]<\/p>\n","protected":false},"author":1,"featured_media":4169,"parent":0,"menu_order":0,"comment_status":"closed","ping_status":"closed","template":"","meta":{"_acf_changed":false,"ocean_post_layout":"","ocean_both_sidebars_style":"","ocean_both_sidebars_content_width":0,"ocean_both_sidebars_sidebars_width":0,"ocean_sidebar":"","ocean_second_sidebar":"","ocean_disable_margins":"enable","ocean_add_body_class":"","ocean_shortcode_before_top_bar":"","ocean_shortcode_after_top_bar":"","ocean_shortcode_before_header":"","ocean_shortcode_after_header":"","ocean_has_shortcode":"","ocean_shortcode_after_title":"","ocean_shortcode_before_footer_widgets":"","ocean_shortcode_after_footer_widgets":"","ocean_shortcode_before_footer_bottom":"","ocean_shortcode_after_footer_bottom":"","ocean_display_top_bar":"default","ocean_display_header":"default","ocean_header_style":"","ocean_center_header_left_menu":"","ocean_custom_header_template":"","ocean_custom_logo":0,"ocean_custom_retina_logo":0,"ocean_custom_logo_max_width":0,"ocean_custom_logo_tablet_max_width":0,"ocean_custom_logo_mobile_max_width":0,"ocean_custom_logo_max_height":0,"ocean_custom_logo_tablet_max_height":0,"ocean_custom_logo_mobile_max_height":0,"ocean_header_custom_menu":"","ocean_menu_typo_font_family":"","ocean_menu_typo_font_subset":"","ocean_menu_typo_font_size":0,"ocean_menu_typo_font_size_tablet":0,"ocean_menu_typo_font_size_mobile":0,"ocean_menu_typo_font_size_unit":"px","ocean_menu_typo_font_weight":"","ocean_menu_typo_font_weight_tablet":"","ocean_menu_typo_font_weight_mobile":"","ocean_menu_typo_transform":"","ocean_menu_typo_transform_tablet":"","ocean_menu_typo_transform_mobile":"","ocean_menu_typo_line_height":0,"ocean_menu_typo_line_height_tablet":0,"ocean_menu_typo_line_height_mobile":0,"ocean_menu_typo_line_height_unit":"","ocean_menu_typo_spacing":0,"ocean_menu_typo_spacing_tablet":0,"ocean_menu_typo_spacing_mobile":0,"ocean_menu_typo_spacing_unit":"","ocean_menu_link_color":"","ocean_menu_link_color_hover":"","ocean_menu_link_color_active":"","ocean_menu_link_background":"","ocean_menu_link_hover_background":"","ocean_menu_link_active_background":"","ocean_menu_social_links_bg":"","ocean_menu_social_hover_links_bg":"","ocean_menu_social_links_color":"","ocean_menu_social_hover_links_color":"","ocean_disable_title":"default","ocean_disable_heading":"default","ocean_post_title":"","ocean_post_subheading":"","ocean_post_title_style":"","ocean_post_title_background_color":"","ocean_post_title_background":0,"ocean_post_title_bg_image_position":"","ocean_post_title_bg_image_attachment":"","ocean_post_title_bg_image_repeat":"","ocean_post_title_bg_image_size":"","ocean_post_title_height":0,"ocean_post_title_bg_overlay":0.5,"ocean_post_title_bg_overlay_color":"","ocean_disable_breadcrumbs":"default","ocean_breadcrumbs_color":"","ocean_breadcrumbs_separator_color":"","ocean_breadcrumbs_links_color":"","ocean_breadcrumbs_links_hover_color":"","ocean_display_footer_widgets":"default","ocean_display_footer_bottom":"default","ocean_custom_footer_template":"","_themeisle_gutenberg_block_has_review":false,"footnotes":""},"class_list":["post-13863","page","type-page","status-publish","has-post-thumbnail","hentry","entry","has-media","owp-thumbs-layout-vertical","owp-btn-very-big","owp-tabs-layout-horizontal","has-no-thumbnails"],"acf":[],"aioseo_notices":[],"jetpack_sharing_enabled":true,"_links":{"self":[{"href":"https:\/\/nabilaexperience.com\/fr\/wp-json\/wp\/v2\/pages\/13863","targetHints":{"allow":["GET"]}}],"collection":[{"href":"https:\/\/nabilaexperience.com\/fr\/wp-json\/wp\/v2\/pages"}],"about":[{"href":"https:\/\/nabilaexperience.com\/fr\/wp-json\/wp\/v2\/types\/page"}],"author":[{"embeddable":true,"href":"https:\/\/nabilaexperience.com\/fr\/wp-json\/wp\/v2\/users\/1"}],"replies":[{"embeddable":true,"href":"https:\/\/nabilaexperience.com\/fr\/wp-json\/wp\/v2\/comments?post=13863"}],"version-history":[{"count":3,"href":"https:\/\/nabilaexperience.com\/fr\/wp-json\/wp\/v2\/pages\/13863\/revisions"}],"predecessor-version":[{"id":13909,"href":"https:\/\/nabilaexperience.com\/fr\/wp-json\/wp\/v2\/pages\/13863\/revisions\/13909"}],"wp:featuredmedia":[{"embeddable":true,"href":"https:\/\/nabilaexperience.com\/fr\/wp-json\/wp\/v2\/media\/4169"}],"wp:attachment":[{"href":"https:\/\/nabilaexperience.com\/fr\/wp-json\/wp\/v2\/media?parent=13863"}],"curies":[{"name":"wp","href":"https:\/\/api.w.org\/{rel}","templated":true}]}}