{"id":11057,"date":"2025-06-05T15:39:11","date_gmt":"2025-06-05T15:39:11","guid":{"rendered":"https:\/\/nabilaexperience.com\/?page_id=11057"},"modified":"2025-06-05T16:09:51","modified_gmt":"2025-06-05T16:09:51","slug":"avis-juridique","status":"publish","type":"page","link":"https:\/\/nabilaexperience.com\/fr\/avis-juridique\/","title":{"rendered":"AVIS JURIDIQUE"},"content":{"rendered":"<div style=\"height:50px\" aria-hidden=\"true\" class=\"wp-block-spacer\"><\/div>\n\n\n\n<h1 class=\"wp-block-heading has-text-align-center has-x-large-font-size\" style=\"text-transform:uppercase\">AVIS JURIDIQUE<\/h1>\n\n\n\n<p><mark style=\"background-color:rgba(0, 0, 0, 0);color:#ffbf00\" class=\"has-inline-color\"><strong>PROPRI\u00c9TAIRE DU SITE WEB<\/strong><\/mark><\/p>\n\n\n\n<ul class=\"wp-block-list\">\n<li>Nom de l'entreprise : NABILA WORLD SL<\/li>\n\n\n\n<li>NIF : B70985965<\/li>\n\n\n\n<li>Nom commercial : NABILA EXPERIENCE<\/li>\n\n\n\n<li>Adresse : Avenida Barranco de las Torres n\u00b0 10, planta 2, puerta A - 38670 Adeje - Santa Cruz de Tenerife (Espa\u00f1a)<\/li>\n\n\n\n<li>Courriel : info@nabilaexperience.com<\/li>\n\n\n\n<li>Num\u00e9ro de t\u00e9l\u00e9phone : +34 624 84 48 18<\/li>\n<\/ul>\n\n\n\n<div style=\"height:25px\" aria-hidden=\"true\" class=\"wp-block-spacer\"><\/div>\n\n\n\n<p><mark style=\"background-color:rgba(0, 0, 0, 0);color:#ffbf00\" class=\"has-inline-color\"><strong>OBJECTIF DU SITE WEB<\/strong><\/mark><br>L'objectif de ce site web est de pr\u00e9senter, promouvoir et vendre les exp\u00e9riences, les excursions et les services connexes propos\u00e9s par Nabila Experience \u00e0 T\u00e9n\u00e9riffe.<\/p>\n\n\n\n<div style=\"height:25px\" aria-hidden=\"true\" class=\"wp-block-spacer\"><\/div>\n\n\n\n<p><mark style=\"background-color:rgba(0, 0, 0, 0);color:#ffbf00\" class=\"has-inline-color\"><strong>LA PROPRI\u00c9T\u00c9 INTELLECTUELLE<\/strong><\/mark><br>Tout le contenu de ce site (textes, images, vid\u00e9os, logos, ic\u00f4nes, etc.) est la propri\u00e9t\u00e9 exclusive de Nabila Experience ou de ses fournisseurs de contenu et est prot\u00e9g\u00e9 par les lois applicables en mati\u00e8re de propri\u00e9t\u00e9 intellectuelle. La reproduction, la distribution ou l'utilisation de tout contenu sans autorisation \u00e9crite pr\u00e9alable est strictement interdite.<\/p>\n\n\n\n<div style=\"height:25px\" aria-hidden=\"true\" class=\"wp-block-spacer\"><\/div>\n\n\n\n<p><mark style=\"background-color:rgba(0, 0, 0, 0);color:#ffbf00\" class=\"has-inline-color\"><strong>PASSIF<\/strong><\/mark><br>Nabila Experience s'efforce d'assurer l'exactitude et la mise \u00e0 jour du contenu de ce site. Toutefois, nous ne garantissons pas l'exhaustivit\u00e9, la fiabilit\u00e9 ou l'actualit\u00e9 des informations fournies. Nabila Experience ne peut \u00eatre tenu responsable de tout dommage direct ou indirect r\u00e9sultant de l'utilisation de ce site web ou de toute erreur ou omission dans son contenu.<\/p>\n\n\n\n<div style=\"height:25px\" aria-hidden=\"true\" class=\"wp-block-spacer\"><\/div>\n\n\n\n<p><mark style=\"background-color:rgba(0, 0, 0, 0);color:#ffbf00\" class=\"has-inline-color\"><strong>LIENS EXTERNES<\/strong><\/mark><br>Ce site web peut contenir des liens vers des sites web de tiers. Nabila Experience n'est pas responsable du contenu ou des pratiques de confidentialit\u00e9 de ces sites externes.<\/p>\n\n\n\n<div style=\"height:25px\" aria-hidden=\"true\" class=\"wp-block-spacer\"><\/div>\n\n\n\n<p><mark style=\"background-color:rgba(0, 0, 0, 0);color:#ffbf00\" class=\"has-inline-color\"><strong>VIE PRIV\u00c9E ET PROTECTION DES DONN\u00c9ES<\/strong><\/mark><br>Veuillez vous r\u00e9f\u00e9rer \u00e0 notre <a href=\"https:\/\/nabilaexperience.com\/fr\/politique-de-confidentialite\/\" title=\"POLITIQUE DE CONFIDENTIALIT\u00c9\">Politique de confidentialit\u00e9<\/a> pour obtenir des informations sur la mani\u00e8re dont nous collectons, traitons et prot\u00e9geons les donn\u00e9es \u00e0 caract\u00e8re personnel conform\u00e9ment au GDPR et aux autres lois applicables.<\/p>\n\n\n\n<div style=\"height:25px\" aria-hidden=\"true\" class=\"wp-block-spacer\"><\/div>\n\n\n\n<p><mark style=\"background-color:rgba(0, 0, 0, 0);color:#ffbf00\" class=\"has-inline-color\"><strong>DROIT APPLICABLE ET JURIDICTION<\/strong><\/mark><br>Le pr\u00e9sent avis juridique est r\u00e9gi par le droit espagnol. Tout litige li\u00e9 \u00e0 ce site web rel\u00e8ve de la comp\u00e9tence exclusive des tribunaux de Santa Cruz de Tenerife.<\/p>\n\n\n\n<div style=\"height:25px\" aria-hidden=\"true\" class=\"wp-block-spacer\"><\/div>","protected":false},"excerpt":{"rendered":"<p>LEGAL NOTICE WEBSITE OWNER PURPOSE OF THE WEBSITEThe purpose of this website is to present, promote, and sell the experiences, excursions, and related services offered by Nabila Experience in Tenerife. INTELLECTUAL PROPERTYAll content on this website (texts, images, videos, logos, icons, etc.) is the exclusive property of Nabila Experience or its content providers and is [&hellip;]<\/p>\n","protected":false},"author":1,"featured_media":10655,"parent":0,"menu_order":0,"comment_status":"closed","ping_status":"closed","template":"","meta":{"_acf_changed":false,"ocean_post_layout":"","ocean_both_sidebars_style":"","ocean_both_sidebars_content_width":0,"ocean_both_sidebars_sidebars_width":0,"ocean_sidebar":"","ocean_second_sidebar":"","ocean_disable_margins":"enable","ocean_add_body_class":"","ocean_shortcode_before_top_bar":"","ocean_shortcode_after_top_bar":"","ocean_shortcode_before_header":"","ocean_shortcode_after_header":"","ocean_has_shortcode":"","ocean_shortcode_after_title":"","ocean_shortcode_before_footer_widgets":"","ocean_shortcode_after_footer_widgets":"","ocean_shortcode_before_footer_bottom":"","ocean_shortcode_after_footer_bottom":"","ocean_display_top_bar":"default","ocean_display_header":"default","ocean_header_style":"","ocean_center_header_left_menu":"","ocean_custom_header_template":"","ocean_custom_logo":0,"ocean_custom_retina_logo":0,"ocean_custom_logo_max_width":0,"ocean_custom_logo_tablet_max_width":0,"ocean_custom_logo_mobile_max_width":0,"ocean_custom_logo_max_height":0,"ocean_custom_logo_tablet_max_height":0,"ocean_custom_logo_mobile_max_height":0,"ocean_header_custom_menu":"","ocean_menu_typo_font_family":"","ocean_menu_typo_font_subset":"","ocean_menu_typo_font_size":0,"ocean_menu_typo_font_size_tablet":0,"ocean_menu_typo_font_size_mobile":0,"ocean_menu_typo_font_size_unit":"px","ocean_menu_typo_font_weight":"","ocean_menu_typo_font_weight_tablet":"","ocean_menu_typo_font_weight_mobile":"","ocean_menu_typo_transform":"","ocean_menu_typo_transform_tablet":"","ocean_menu_typo_transform_mobile":"","ocean_menu_typo_line_height":0,"ocean_menu_typo_line_height_tablet":0,"ocean_menu_typo_line_height_mobile":0,"ocean_menu_typo_line_height_unit":"","ocean_menu_typo_spacing":0,"ocean_menu_typo_spacing_tablet":0,"ocean_menu_typo_spacing_mobile":0,"ocean_menu_typo_spacing_unit":"","ocean_menu_link_color":"","ocean_menu_link_color_hover":"","ocean_menu_link_color_active":"","ocean_menu_link_background":"","ocean_menu_link_hover_background":"","ocean_menu_link_active_background":"","ocean_menu_social_links_bg":"","ocean_menu_social_hover_links_bg":"","ocean_menu_social_links_color":"","ocean_menu_social_hover_links_color":"","ocean_disable_title":"default","ocean_disable_heading":"default","ocean_post_title":"","ocean_post_subheading":"","ocean_post_title_style":"","ocean_post_title_background_color":"","ocean_post_title_background":0,"ocean_post_title_bg_image_position":"","ocean_post_title_bg_image_attachment":"","ocean_post_title_bg_image_repeat":"","ocean_post_title_bg_image_size":"","ocean_post_title_height":0,"ocean_post_title_bg_overlay":0.5,"ocean_post_title_bg_overlay_color":"","ocean_disable_breadcrumbs":"default","ocean_breadcrumbs_color":"","ocean_breadcrumbs_separator_color":"","ocean_breadcrumbs_links_color":"","ocean_breadcrumbs_links_hover_color":"","ocean_display_footer_widgets":"default","ocean_display_footer_bottom":"default","ocean_custom_footer_template":"","_themeisle_gutenberg_block_has_review":false,"footnotes":""},"class_list":["post-11057","page","type-page","status-publish","has-post-thumbnail","hentry","entry","has-media","owp-thumbs-layout-vertical","owp-btn-very-big","owp-tabs-layout-horizontal","has-no-thumbnails"],"acf":[],"aioseo_notices":[],"jetpack_sharing_enabled":true,"_links":{"self":[{"href":"https:\/\/nabilaexperience.com\/fr\/wp-json\/wp\/v2\/pages\/11057","targetHints":{"allow":["GET"]}}],"collection":[{"href":"https:\/\/nabilaexperience.com\/fr\/wp-json\/wp\/v2\/pages"}],"about":[{"href":"https:\/\/nabilaexperience.com\/fr\/wp-json\/wp\/v2\/types\/page"}],"author":[{"embeddable":true,"href":"https:\/\/nabilaexperience.com\/fr\/wp-json\/wp\/v2\/users\/1"}],"replies":[{"embeddable":true,"href":"https:\/\/nabilaexperience.com\/fr\/wp-json\/wp\/v2\/comments?post=11057"}],"version-history":[{"count":4,"href":"https:\/\/nabilaexperience.com\/fr\/wp-json\/wp\/v2\/pages\/11057\/revisions"}],"predecessor-version":[{"id":11071,"href":"https:\/\/nabilaexperience.com\/fr\/wp-json\/wp\/v2\/pages\/11057\/revisions\/11071"}],"wp:featuredmedia":[{"embeddable":true,"href":"https:\/\/nabilaexperience.com\/fr\/wp-json\/wp\/v2\/media\/10655"}],"wp:attachment":[{"href":"https:\/\/nabilaexperience.com\/fr\/wp-json\/wp\/v2\/media?parent=11057"}],"curies":[{"name":"wp","href":"https:\/\/api.w.org\/{rel}","templated":true}]}}