{"id":8016,"date":"2025-02-25T18:39:25","date_gmt":"2025-02-25T18:39:25","guid":{"rendered":"https:\/\/nabilaexperience.com\/?page_id=8016"},"modified":"2025-03-10T18:24:42","modified_gmt":"2025-03-10T18:24:42","slug":"nuestra-mision","status":"publish","type":"page","link":"https:\/\/nabilaexperience.com\/es\/nuestra-mision\/","title":{"rendered":"NUESTRA MISI\u00d3N"},"content":{"rendered":"<div style=\"height:25px\" aria-hidden=\"true\" class=\"wp-block-spacer\"><\/div>\n\n\n\n<h1 class=\"wp-block-heading has-text-align-center has-x-large-font-size\">NUESTRA MISI\u00d3N<\/h1>\n\n\n\n<p>Nuestra misi\u00f3n es ofrecer experiencias aut\u00e9nticas, seguras y de alta calidad en Tenerife. Explora con Nabila Experience: \u00a1m\u00e1s que excursiones!<\/p>\n\n\n\n<div id=\"wp-block-themeisle-blocks-advanced-columns-070458a4\" class=\"wp-block-themeisle-blocks-advanced-columns alignfull has-2-columns has-desktop-oneTwo-layout has-tablet-equal-layout has-mobile-collapsedRows-layout has-vertical-center ticss-c00aadba\"><div class=\"wp-block-themeisle-blocks-advanced-columns-overlay\"><\/div><div class=\"innerblocks-wrap\">\n<div id=\"wp-block-themeisle-blocks-advanced-column-5e8e7d77\" class=\"wp-block-themeisle-blocks-advanced-column ticss-0f4d63f9\">\n<div class=\"wp-block-cover is-light ticss-38719535\"><span aria-hidden=\"true\" class=\"wp-block-cover__background has-background-dim-0 has-background-dim\"><\/span><img fetchpriority=\"high\" decoding=\"async\" width=\"1000\" height=\"1000\" class=\"wp-block-cover__image-background wp-image-7956\" alt=\"misi\u00f3n\" src=\"https:\/\/nabilaexperience.com\/wp-content\/uploads\/2025\/02\/nabila-experience-our-mission-fabio-francesca.webp\" data-object-fit=\"cover\" srcset=\"https:\/\/nabilaexperience.com\/wp-content\/uploads\/2025\/02\/nabila-experience-our-mission-fabio-francesca.webp 1000w, https:\/\/nabilaexperience.com\/wp-content\/uploads\/2025\/02\/nabila-experience-our-mission-fabio-francesca-300x300.webp 300w, https:\/\/nabilaexperience.com\/wp-content\/uploads\/2025\/02\/nabila-experience-our-mission-fabio-francesca-150x150.webp 150w, https:\/\/nabilaexperience.com\/wp-content\/uploads\/2025\/02\/nabila-experience-our-mission-fabio-francesca-768x768.webp 768w, https:\/\/nabilaexperience.com\/wp-content\/uploads\/2025\/02\/nabila-experience-our-mission-fabio-francesca-12x12.webp 12w, https:\/\/nabilaexperience.com\/wp-content\/uploads\/2025\/02\/nabila-experience-our-mission-fabio-francesca-600x600.webp 600w, https:\/\/nabilaexperience.com\/wp-content\/uploads\/2025\/02\/nabila-experience-our-mission-fabio-francesca-100x100.webp 100w\" sizes=\"(max-width: 1000px) 100vw, 1000px\" \/><div class=\"wp-block-cover__inner-container is-layout-flow wp-block-cover-is-layout-flow\">\n<p class=\"has-text-align-center has-large-font-size\"><\/p>\n<\/div><\/div>\n<\/div>\n\n\n\n<div id=\"wp-block-themeisle-blocks-advanced-column-bea6f9b4\" class=\"wp-block-themeisle-blocks-advanced-column ticss-819a45ab\">\n<div class=\"wp-block-cover\"><span aria-hidden=\"true\" class=\"wp-block-cover__background has-background-dim-100 has-background-dim\" style=\"background-color:#02244d\"><\/span><img decoding=\"async\" class=\"wp-block-cover__image-background wp-image-306 lazyload\" alt=\"\" data-src=\"https:\/\/api.themeisle.com\/sites\/images\/cb:otter\/q:auto\/wp-content\/uploads\/sites\/664\/2022\/09\/otter-demo-07.png\" style=\"object-position:41% 0%\" data-object-fit=\"cover\" data-object-position=\"41% 0%\" src=\"data:image\/gif;base64,R0lGODlhAQABAAAAACH5BAEKAAEALAAAAAABAAEAAAICTAEAOw==\" \/><div class=\"wp-block-cover__inner-container is-layout-flow wp-block-cover-is-layout-flow\">\n<h1 class=\"wp-block-heading has-text-align-left has-text-color has-link-color has-x-large-font-size wp-elements-6c107ddd68384cd4c5d8a6e6795211c2\" style=\"color:#ffbf00\">NUESTRA MISI\u00d3N<\/h1>\n\n\n\n<div style=\"height:25px\" aria-hidden=\"true\" class=\"wp-block-spacer\"><\/div>\n\n\n\n<p class=\"has-text-align-left\">No somos s\u00f3lo una agencia de viajes, somos una nueva forma de vivir Tenerife.<\/p>\n\n\n\n<p>Nuestra misi\u00f3n es sencilla pero ambiciosa: cambiar la forma en que la gente descubre la isla ofreciendo experiencias aut\u00e9nticas, seguras y de la m\u00e1xima calidad.<\/p>\n\n\n\n<ul class=\"wp-block-list\">\n<li><strong>CALIDAD SIN CONCESIONES<\/strong> - Seleccionamos cuidadosamente cada experiencia, trabajando s\u00f3lo con los mejores operadores de la isla. Cada excursi\u00f3n, cada actividad y cada servicio est\u00e1n dise\u00f1ados para ofrecer los m\u00e1s altos niveles de profesionalidad y seguridad.<\/li>\n<\/ul>\n\n\n\n<ul class=\"wp-block-list\">\n<li><strong>INNOVACI\u00d3N Y SENCILLEZ<\/strong> - La tecnolog\u00eda es nuestra aliada para facilitar los viajes. Se acabaron los volantes y la incertidumbre-Nabila Experience hace que todo sea claro, intuitivo y se pueda reservar en unos pocos clics.<\/li>\n<\/ul>\n\n\n\n<ul class=\"wp-block-list\">\n<li><strong>UNA COMUNIDAD, NO S\u00d3LO UN SITIO WEB<\/strong> - Creemos en el intercambio y el crecimiento colectivo. A trav\u00e9s de nuestro programa de afiliados, cualquiera puede promocionar Tenerife y ganar, convirtiendo su pasi\u00f3n en una oportunidad.<\/li>\n<\/ul>\n\n\n\n<ul class=\"wp-block-list\">\n<li><strong>UN VIAJE SIN ESTR\u00c9S<\/strong> - Queremos que nuestros clientes se centren s\u00f3lo en disfrutar de la isla, sin preocupaciones. Nuestro equipo est\u00e1 siempre disponible para proporcionar asistencia multiling\u00fce y apoyo antes, durante y despu\u00e9s de cada experiencia.<\/li>\n<\/ul>\n\n\n\n<div style=\"height:25px\" aria-hidden=\"true\" class=\"wp-block-spacer\"><\/div>\n\n\n\n<p class=\"has-text-align-center\"><strong>\"M\u00c1S QUE EXCURSIONES\"<\/strong> es m\u00e1s que un eslogan. Es nuestra filosof\u00eda. Es nuestro compromiso. Es nuestra forma de vivir y compartir Tenerife.<\/p>\n\n\n\n<div style=\"height:25px\" aria-hidden=\"true\" class=\"wp-block-spacer\"><\/div>\n\n\n\n<p class=\"has-text-align-center\" style=\"font-size:19px\"><strong>Si busca lo mejor, \u00a1acaba de encontrarlo!<\/strong><\/p>\n<\/div><\/div>\n<\/div>\n<\/div><\/div>","protected":false},"excerpt":{"rendered":"<p>OUR MISSION Our mission is to offer authentic, safe, and high-quality experiences in Tenerife. Explore with Nabila Experience\u2014more than excursions!<\/p>","protected":false},"author":1,"featured_media":5115,"parent":0,"menu_order":0,"comment_status":"closed","ping_status":"closed","template":"","meta":{"_acf_changed":false,"ocean_post_layout":"","ocean_both_sidebars_style":"","ocean_both_sidebars_content_width":0,"ocean_both_sidebars_sidebars_width":0,"ocean_sidebar":"","ocean_second_sidebar":"","ocean_disable_margins":"enable","ocean_add_body_class":"","ocean_shortcode_before_top_bar":"","ocean_shortcode_after_top_bar":"","ocean_shortcode_before_header":"","ocean_shortcode_after_header":"","ocean_has_shortcode":"","ocean_shortcode_after_title":"","ocean_shortcode_before_footer_widgets":"","ocean_shortcode_after_footer_widgets":"","ocean_shortcode_before_footer_bottom":"","ocean_shortcode_after_footer_bottom":"","ocean_display_top_bar":"default","ocean_display_header":"default","ocean_header_style":"","ocean_center_header_left_menu":"","ocean_custom_header_template":"","ocean_custom_logo":0,"ocean_custom_retina_logo":0,"ocean_custom_logo_max_width":0,"ocean_custom_logo_tablet_max_width":0,"ocean_custom_logo_mobile_max_width":0,"ocean_custom_logo_max_height":0,"ocean_custom_logo_tablet_max_height":0,"ocean_custom_logo_mobile_max_height":0,"ocean_header_custom_menu":"","ocean_menu_typo_font_family":"","ocean_menu_typo_font_subset":"","ocean_menu_typo_font_size":0,"ocean_menu_typo_font_size_tablet":0,"ocean_menu_typo_font_size_mobile":0,"ocean_menu_typo_font_size_unit":"px","ocean_menu_typo_font_weight":"","ocean_menu_typo_font_weight_tablet":"","ocean_menu_typo_font_weight_mobile":"","ocean_menu_typo_transform":"","ocean_menu_typo_transform_tablet":"","ocean_menu_typo_transform_mobile":"","ocean_menu_typo_line_height":0,"ocean_menu_typo_line_height_tablet":0,"ocean_menu_typo_line_height_mobile":0,"ocean_menu_typo_line_height_unit":"","ocean_menu_typo_spacing":0,"ocean_menu_typo_spacing_tablet":0,"ocean_menu_typo_spacing_mobile":0,"ocean_menu_typo_spacing_unit":"","ocean_menu_link_color":"","ocean_menu_link_color_hover":"","ocean_menu_link_color_active":"","ocean_menu_link_background":"","ocean_menu_link_hover_background":"","ocean_menu_link_active_background":"","ocean_menu_social_links_bg":"","ocean_menu_social_hover_links_bg":"","ocean_menu_social_links_color":"","ocean_menu_social_hover_links_color":"","ocean_disable_title":"default","ocean_disable_heading":"default","ocean_post_title":"","ocean_post_subheading":"","ocean_post_title_style":"","ocean_post_title_background_color":"","ocean_post_title_background":0,"ocean_post_title_bg_image_position":"","ocean_post_title_bg_image_attachment":"","ocean_post_title_bg_image_repeat":"","ocean_post_title_bg_image_size":"","ocean_post_title_height":0,"ocean_post_title_bg_overlay":0.5,"ocean_post_title_bg_overlay_color":"","ocean_disable_breadcrumbs":"default","ocean_breadcrumbs_color":"","ocean_breadcrumbs_separator_color":"","ocean_breadcrumbs_links_color":"","ocean_breadcrumbs_links_hover_color":"","ocean_display_footer_widgets":"default","ocean_display_footer_bottom":"default","ocean_custom_footer_template":"","_themeisle_gutenberg_block_has_review":false,"footnotes":""},"class_list":["post-8016","page","type-page","status-publish","has-post-thumbnail","hentry","entry","has-media","owp-thumbs-layout-vertical","owp-btn-very-big","owp-tabs-layout-horizontal","has-no-thumbnails"],"acf":[],"aioseo_notices":[],"jetpack_sharing_enabled":true,"_links":{"self":[{"href":"https:\/\/nabilaexperience.com\/es\/wp-json\/wp\/v2\/pages\/8016","targetHints":{"allow":["GET"]}}],"collection":[{"href":"https:\/\/nabilaexperience.com\/es\/wp-json\/wp\/v2\/pages"}],"about":[{"href":"https:\/\/nabilaexperience.com\/es\/wp-json\/wp\/v2\/types\/page"}],"author":[{"embeddable":true,"href":"https:\/\/nabilaexperience.com\/es\/wp-json\/wp\/v2\/users\/1"}],"replies":[{"embeddable":true,"href":"https:\/\/nabilaexperience.com\/es\/wp-json\/wp\/v2\/comments?post=8016"}],"version-history":[{"count":20,"href":"https:\/\/nabilaexperience.com\/es\/wp-json\/wp\/v2\/pages\/8016\/revisions"}],"predecessor-version":[{"id":8830,"href":"https:\/\/nabilaexperience.com\/es\/wp-json\/wp\/v2\/pages\/8016\/revisions\/8830"}],"wp:featuredmedia":[{"embeddable":true,"href":"https:\/\/nabilaexperience.com\/es\/wp-json\/wp\/v2\/media\/5115"}],"wp:attachment":[{"href":"https:\/\/nabilaexperience.com\/es\/wp-json\/wp\/v2\/media?parent=8016"}],"curies":[{"name":"wp","href":"https:\/\/api.w.org\/{rel}","templated":true}]}}