{"id":7940,"date":"2025-02-25T18:39:56","date_gmt":"2025-02-25T18:39:56","guid":{"rendered":"https:\/\/nabilaexperience.com\/?page_id=7940"},"modified":"2026-02-11T20:08:06","modified_gmt":"2026-02-11T20:08:06","slug":"acerca-de-nosotros","status":"publish","type":"page","link":"https:\/\/nabilaexperience.com\/es\/acerca-de-nosotros\/","title":{"rendered":"SOBRE NOSOTROS"},"content":{"rendered":"<div id=\"wp-block-themeisle-blocks-advanced-columns-070458a4\" class=\"wp-block-themeisle-blocks-advanced-columns alignfull has-2-columns has-desktop-oneTwo-layout has-tablet-equal-layout has-mobile-collapsedRows-layout has-vertical-center ticss-c00aadba\"><div class=\"wp-block-themeisle-blocks-advanced-columns-overlay\"><\/div><div class=\"innerblocks-wrap\">\n<div id=\"wp-block-themeisle-blocks-advanced-column-5e8e7d77\" class=\"wp-block-themeisle-blocks-advanced-column ticss-eb43e680\">\n<div class=\"wp-block-cover is-light ticss-8d1e82dd\"><img fetchpriority=\"high\" decoding=\"async\" width=\"1024\" height=\"600\" class=\"wp-block-cover__image-background wp-image-7942\" alt=\"acerca de nosotros\" src=\"https:\/\/nabilaexperience.com\/wp-content\/uploads\/2025\/02\/nabila-experience-about-us-boat.webp\" data-object-fit=\"cover\" srcset=\"https:\/\/nabilaexperience.com\/wp-content\/uploads\/2025\/02\/nabila-experience-about-us-boat.webp 1024w, https:\/\/nabilaexperience.com\/wp-content\/uploads\/2025\/02\/nabila-experience-about-us-boat-300x176.webp 300w, https:\/\/nabilaexperience.com\/wp-content\/uploads\/2025\/02\/nabila-experience-about-us-boat-768x450.webp 768w, https:\/\/nabilaexperience.com\/wp-content\/uploads\/2025\/02\/nabila-experience-about-us-boat-18x12.webp 18w, https:\/\/nabilaexperience.com\/wp-content\/uploads\/2025\/02\/nabila-experience-about-us-boat-600x352.webp 600w\" sizes=\"(max-width: 1024px) 100vw, 1024px\" \/><span aria-hidden=\"true\" class=\"wp-block-cover__background has-background-dim-0 has-background-dim\"><\/span><div class=\"wp-block-cover__inner-container is-layout-flow wp-block-cover-is-layout-flow\">\n<p class=\"has-text-align-center has-large-font-size\"><\/p>\n<\/div><\/div>\n<\/div>\n\n\n\n<div id=\"wp-block-themeisle-blocks-advanced-column-bea6f9b4\" class=\"wp-block-themeisle-blocks-advanced-column ticss-c5b274e3\">\n<div class=\"wp-block-cover\"><img decoding=\"async\" class=\"wp-block-cover__image-background wp-image-306 lazyload\" alt=\"\" data-src=\"https:\/\/api.themeisle.com\/sites\/images\/cb:otter\/q:auto\/wp-content\/uploads\/sites\/664\/2022\/09\/otter-demo-07.png\" style=\"object-position:41% 0%\" data-object-fit=\"cover\" data-object-position=\"41% 0%\" src=\"data:image\/gif;base64,R0lGODlhAQABAAAAACH5BAEKAAEALAAAAAABAAEAAAICTAEAOw==\" \/><span aria-hidden=\"true\" class=\"wp-block-cover__background has-background-dim-100 has-background-dim\" style=\"background-color:#02244d\"><\/span><div class=\"wp-block-cover__inner-container is-layout-flow wp-block-cover-is-layout-flow\"><h1 style=\"color:#ffbf00;\" class=\"has-link-color wp-elements-2ed04eb1197e6ba93ed02375954523fa wp-block-post-title has-text-color has-x-large-font-size\">SOBRE NOSOTROS<\/h1>\n\n\n<div style=\"height:25px\" aria-hidden=\"true\" class=\"wp-block-spacer\"><\/div>\n\n\n\n<p class=\"has-text-align-left\" style=\"font-size:17px\">Fundada por Fabio y Francesca, Nabila Experience naci\u00f3 de la pasi\u00f3n por la excelencia y la hospitalidad.<\/p>\n\n\n\n<p class=\"has-text-align-left\" style=\"font-size:17px\">Nuestra misi\u00f3n es sencilla: ofrecerle las mejores experiencias en Tenerife, asegur\u00e1ndonos de que cada detalle se cuida con pasi\u00f3n y dedicaci\u00f3n.<\/p>\n\n\n\n<p style=\"font-size:17px\">Pero, \u00bfpor qu\u00e9 <em>Nabila<\/em>? Este nombre \u00e1rabe significa noble, generoso y excelente, valores que inspiran todo lo que hacemos. Creemos que cada viaje debe ser algo m\u00e1s que una excursi\u00f3n: debe ser una experiencia extraordinaria.<\/p>\n\n\n\n<p style=\"font-size:17px\">Tanto si busca una excursi\u00f3n, un veh\u00edculo de alquiler o una casa de vacaciones exclusiva, nosotros nos encargamos de todo para que usted s\u00f3lo tenga que disfrutar de la belleza de Tenerife.<\/p>\n\n\n\n<div style=\"height:25px\" aria-hidden=\"true\" class=\"wp-block-spacer\"><\/div>\n\n\n\n<p class=\"has-text-align-center\" style=\"font-size:19px\"><strong>En Nabila Experience, la excelencia no es s\u00f3lo una promesa: es nuestra forma de vida.<\/strong>!<\/p>\n<\/div><\/div>\n<\/div>\n<\/div><\/div>\n\n\n\n<h2 class=\"wp-block-heading alignfull has-text-align-center ticss-e4b7435a has-text-color has-background has-link-color wp-elements-1cc537096e0d8972c85a27b7ec1a46db\" style=\"color:#02244d;background-color:#ffbf00;font-size:31px\">NUESTRA HISTORIA<\/h2>\n\n\n\n<div id=\"wp-block-themeisle-blocks-advanced-columns-08b15238\" class=\"wp-block-themeisle-blocks-advanced-columns alignfull has-3-columns has-desktop-equal-layout has-tablet-equal-layout has-mobile-collapsedRows-layout has-vertical-center ticss-c00aadba\"><div class=\"wp-block-themeisle-blocks-advanced-columns-overlay\"><\/div><div class=\"innerblocks-wrap\">\n<div id=\"wp-block-themeisle-blocks-advanced-column-b57cdb33\" class=\"wp-block-themeisle-blocks-advanced-column\">\n<div class=\"wp-block-cover o-anim-hover pulse o-anim-offset-30px has-white-color has-text-color has-link-color wp-elements-efa4d2c1dfbc15c8a8afd0ad796fd88b\"><img decoding=\"async\" width=\"1000\" height=\"714\" class=\"wp-block-cover__image-background wp-image-7961 lazyload\" alt=\"\" data-src=\"https:\/\/nabilaexperience.com\/wp-content\/uploads\/2025\/02\/nabila-experience-about-us-our-mission.webp\" data-object-fit=\"cover\" data-srcset=\"https:\/\/nabilaexperience.com\/wp-content\/uploads\/2025\/02\/nabila-experience-about-us-our-mission.webp 1000w, https:\/\/nabilaexperience.com\/wp-content\/uploads\/2025\/02\/nabila-experience-about-us-our-mission-300x214.webp 300w, https:\/\/nabilaexperience.com\/wp-content\/uploads\/2025\/02\/nabila-experience-about-us-our-mission-768x548.webp 768w, https:\/\/nabilaexperience.com\/wp-content\/uploads\/2025\/02\/nabila-experience-about-us-our-mission-18x12.webp 18w, https:\/\/nabilaexperience.com\/wp-content\/uploads\/2025\/02\/nabila-experience-about-us-our-mission-600x428.webp 600w\" data-sizes=\"(max-width: 1000px) 100vw, 1000px\" src=\"data:image\/gif;base64,R0lGODlhAQABAAAAACH5BAEKAAEALAAAAAABAAEAAAICTAEAOw==\" style=\"--smush-placeholder-width: 1000px; --smush-placeholder-aspect-ratio: 1000\/714;\" \/><span aria-hidden=\"true\" class=\"wp-block-cover__background has-background-dim\" style=\"background-color:#02244d\"><\/span><div class=\"wp-block-cover__inner-container is-layout-flow wp-block-cover-is-layout-flow\">\n<div class=\"wp-block-buttons has-custom-font-size is-content-justification-center is-layout-flex wp-container-core-buttons-is-layout-5e6b19ed wp-block-buttons-is-layout-flex\" style=\"font-size:17px\">\n<div class=\"wp-block-button has-custom-width wp-block-button__width-75 is-style-primary is-style-outline pulse o-anim-hover is-style-outline--1\"><a class=\"wp-block-button__link has-text-color has-background has-link-color has-medium-font-size has-text-align-center has-custom-font-size wp-element-button\" href=\"https:\/\/nabilaexperience.com\/es\/nuestra-mision\/\" style=\"border-radius:0px;color:#ffbf00;background-color:#02244d7d\"><strong>NUESTRA MISI\u00d3N<\/strong><\/a><\/div>\n<\/div>\n<\/div><\/div>\n<\/div>\n\n\n\n<div id=\"wp-block-themeisle-blocks-advanced-column-eefb8312\" class=\"wp-block-themeisle-blocks-advanced-column\">\n<div class=\"wp-block-cover\"><img decoding=\"async\" width=\"2560\" height=\"1707\" class=\"wp-block-cover__image-background wp-image-4359 lazyload\" alt=\"\" data-src=\"https:\/\/nabilaexperience.com\/wp-content\/uploads\/2024\/05\/copertina-1-scaled.jpg\" data-object-fit=\"cover\" data-srcset=\"https:\/\/nabilaexperience.com\/wp-content\/uploads\/2024\/05\/copertina-1-scaled.jpg 2560w, https:\/\/nabilaexperience.com\/wp-content\/uploads\/2024\/05\/copertina-1-300x200.jpg 300w, https:\/\/nabilaexperience.com\/wp-content\/uploads\/2024\/05\/copertina-1-scaled-600x400.jpg 600w, https:\/\/nabilaexperience.com\/wp-content\/uploads\/2024\/05\/copertina-1-1024x683.jpg 1024w, https:\/\/nabilaexperience.com\/wp-content\/uploads\/2024\/05\/copertina-1-768x512.jpg 768w, https:\/\/nabilaexperience.com\/wp-content\/uploads\/2024\/05\/copertina-1-1536x1024.jpg 1536w, https:\/\/nabilaexperience.com\/wp-content\/uploads\/2024\/05\/copertina-1-2048x1366.jpg 2048w, https:\/\/nabilaexperience.com\/wp-content\/uploads\/2024\/05\/copertina-1-174x116.jpg 174w\" data-sizes=\"(max-width: 2560px) 100vw, 2560px\" src=\"data:image\/gif;base64,R0lGODlhAQABAAAAACH5BAEKAAEALAAAAAABAAEAAAICTAEAOw==\" style=\"--smush-placeholder-width: 2560px; --smush-placeholder-aspect-ratio: 2560\/1707;\" \/><span aria-hidden=\"true\" class=\"wp-block-cover__background has-background-dim\" style=\"background-color:#02244d\"><\/span><div class=\"wp-block-cover__inner-container is-layout-flow wp-block-cover-is-layout-flow\">\n<div class=\"wp-block-buttons has-custom-font-size is-content-justification-center is-layout-flex wp-container-core-buttons-is-layout-5e6b19ed wp-block-buttons-is-layout-flex\" style=\"font-size:17px\">\n<div class=\"wp-block-button has-custom-width wp-block-button__width-75 is-style-primary is-style-outline pulse o-anim-hover is-style-outline--2\"><a class=\"wp-block-button__link has-text-color has-background has-link-color has-medium-font-size has-text-align-center has-custom-font-size wp-element-button\" style=\"border-radius:0px;color:#ffbf00;background-color:#02244d7d\"><strong>NUESTROS EVENTOS<\/strong><br><strong>(PRONTO)<\/strong><\/a><\/div>\n<\/div>\n<\/div><\/div>\n<\/div>\n\n\n\n<div id=\"wp-block-themeisle-blocks-advanced-column-9136d16a\" class=\"wp-block-themeisle-blocks-advanced-column\">\n<div class=\"wp-block-cover\"><img decoding=\"async\" width=\"1000\" height=\"666\" class=\"wp-block-cover__image-background wp-image-7962 lazyload\" alt=\"\" data-src=\"https:\/\/nabilaexperience.com\/wp-content\/uploads\/2025\/02\/nabila-experience-about-us-join-the-team.webp\" data-object-fit=\"cover\" data-srcset=\"https:\/\/nabilaexperience.com\/wp-content\/uploads\/2025\/02\/nabila-experience-about-us-join-the-team.webp 1000w, https:\/\/nabilaexperience.com\/wp-content\/uploads\/2025\/02\/nabila-experience-about-us-join-the-team-300x200.webp 300w, https:\/\/nabilaexperience.com\/wp-content\/uploads\/2025\/02\/nabila-experience-about-us-join-the-team-768x511.webp 768w, https:\/\/nabilaexperience.com\/wp-content\/uploads\/2025\/02\/nabila-experience-about-us-join-the-team-18x12.webp 18w, https:\/\/nabilaexperience.com\/wp-content\/uploads\/2025\/02\/nabila-experience-about-us-join-the-team-600x400.webp 600w\" data-sizes=\"(max-width: 1000px) 100vw, 1000px\" src=\"data:image\/gif;base64,R0lGODlhAQABAAAAACH5BAEKAAEALAAAAAABAAEAAAICTAEAOw==\" style=\"--smush-placeholder-width: 1000px; --smush-placeholder-aspect-ratio: 1000\/666;\" \/><span aria-hidden=\"true\" class=\"wp-block-cover__background has-background-dim\" style=\"background-color:#02244d\"><\/span><div class=\"wp-block-cover__inner-container is-layout-flow wp-block-cover-is-layout-flow\">\n<div class=\"wp-block-buttons has-custom-font-size is-content-justification-center is-layout-flex wp-container-core-buttons-is-layout-5e6b19ed wp-block-buttons-is-layout-flex\" style=\"font-size:17px\">\n<div class=\"wp-block-button has-custom-width wp-block-button__width-75 is-style-primary is-style-outline pulse o-anim-hover is-style-outline--3\"><a class=\"wp-block-button__link has-text-color has-background has-link-color has-medium-font-size has-text-align-center has-custom-font-size wp-element-button\" href=\"https:\/\/nabilaexperience.com\/es\/unete-al-equipo\/\" style=\"border-radius:0px;color:#ffbf00;background-color:#02244d7d\"><strong>\u00daNETE AL EQUIPO<\/strong><\/a><\/div>\n<\/div>\n<\/div><\/div>\n<\/div>\n<\/div><\/div>\n\n\n\n<div id=\"wp-block-themeisle-blocks-advanced-columns-18ffda08\" class=\"wp-block-themeisle-blocks-advanced-columns alignfull has-3-columns has-desktop-equal-layout has-tablet-equal-layout has-mobile-collapsedRows-layout has-vertical-center ticss-c00aadba\"><div class=\"wp-block-themeisle-blocks-advanced-columns-overlay\"><\/div><div class=\"innerblocks-wrap\">\n<div id=\"wp-block-themeisle-blocks-advanced-column-887e8413\" class=\"wp-block-themeisle-blocks-advanced-column\">\n<div class=\"wp-block-cover o-anim-hover pulse o-anim-offset-30px has-white-color has-text-color has-link-color wp-elements-03b041ad123baef7919e4f8f34aeee38\"><img decoding=\"async\" width=\"1000\" height=\"563\" class=\"wp-block-cover__image-background wp-image-7996 lazyload\" alt=\"\" data-src=\"https:\/\/nabilaexperience.com\/wp-content\/uploads\/2025\/02\/nabila-experience-about-us-social-media.webp\" style=\"--smush-placeholder-width: 1000px; --smush-placeholder-aspect-ratio: 1000\/563;object-position:100% 100%\" data-object-fit=\"cover\" data-object-position=\"100% 100%\" data-srcset=\"https:\/\/nabilaexperience.com\/wp-content\/uploads\/2025\/02\/nabila-experience-about-us-social-media.webp 1000w, https:\/\/nabilaexperience.com\/wp-content\/uploads\/2025\/02\/nabila-experience-about-us-social-media-300x169.webp 300w, https:\/\/nabilaexperience.com\/wp-content\/uploads\/2025\/02\/nabila-experience-about-us-social-media-768x432.webp 768w, https:\/\/nabilaexperience.com\/wp-content\/uploads\/2025\/02\/nabila-experience-about-us-social-media-18x10.webp 18w, https:\/\/nabilaexperience.com\/wp-content\/uploads\/2025\/02\/nabila-experience-about-us-social-media-800x450.webp 800w, https:\/\/nabilaexperience.com\/wp-content\/uploads\/2025\/02\/nabila-experience-about-us-social-media-600x338.webp 600w\" data-sizes=\"(max-width: 1000px) 100vw, 1000px\" src=\"data:image\/gif;base64,R0lGODlhAQABAAAAACH5BAEKAAEALAAAAAABAAEAAAICTAEAOw==\" \/><span aria-hidden=\"true\" class=\"wp-block-cover__background has-background-dim\" style=\"background-color:#02244d\"><\/span><div class=\"wp-block-cover__inner-container is-layout-flow wp-block-cover-is-layout-flow\">\n<div class=\"wp-block-buttons has-custom-font-size is-content-justification-center is-layout-flex wp-container-core-buttons-is-layout-5e6b19ed wp-block-buttons-is-layout-flex\" style=\"font-size:17px\">\n<div class=\"wp-block-button has-custom-width wp-block-button__width-75 is-style-primary is-style-outline pulse o-anim-hover is-style-outline--4\"><a class=\"wp-block-button__link has-text-color has-background has-link-color has-medium-font-size has-text-align-center has-custom-font-size wp-element-button\" href=\"https:\/\/nabilaexperience.com\/es\/redes-sociales\/\" style=\"border-radius:0px;color:#ffbf00;background-color:#02244d7d\"><strong>REDES SOCIALES<\/strong><\/a><\/div>\n<\/div>\n<\/div><\/div>\n<\/div>\n\n\n\n<div id=\"wp-block-themeisle-blocks-advanced-column-bbecfe3e\" class=\"wp-block-themeisle-blocks-advanced-column\">\n<div class=\"wp-block-cover\"><img decoding=\"async\" width=\"1000\" height=\"707\" class=\"wp-block-cover__image-background wp-image-7995 lazyload\" alt=\"\" data-src=\"https:\/\/nabilaexperience.com\/wp-content\/uploads\/2025\/02\/nabila-experience-about-us-reviews.webp\" data-object-fit=\"cover\" data-srcset=\"https:\/\/nabilaexperience.com\/wp-content\/uploads\/2025\/02\/nabila-experience-about-us-reviews.webp 1000w, https:\/\/nabilaexperience.com\/wp-content\/uploads\/2025\/02\/nabila-experience-about-us-reviews-300x212.webp 300w, https:\/\/nabilaexperience.com\/wp-content\/uploads\/2025\/02\/nabila-experience-about-us-reviews-768x543.webp 768w, https:\/\/nabilaexperience.com\/wp-content\/uploads\/2025\/02\/nabila-experience-about-us-reviews-18x12.webp 18w, https:\/\/nabilaexperience.com\/wp-content\/uploads\/2025\/02\/nabila-experience-about-us-reviews-600x424.webp 600w\" data-sizes=\"(max-width: 1000px) 100vw, 1000px\" src=\"data:image\/gif;base64,R0lGODlhAQABAAAAACH5BAEKAAEALAAAAAABAAEAAAICTAEAOw==\" style=\"--smush-placeholder-width: 1000px; --smush-placeholder-aspect-ratio: 1000\/707;\" \/><span aria-hidden=\"true\" class=\"wp-block-cover__background has-background-dim\" style=\"background-color:#02244d\"><\/span><div class=\"wp-block-cover__inner-container is-layout-flow wp-block-cover-is-layout-flow\">\n<div class=\"wp-block-buttons has-custom-font-size is-content-justification-center is-layout-flex wp-container-core-buttons-is-layout-5e6b19ed wp-block-buttons-is-layout-flex\" style=\"font-size:17px\">\n<div class=\"wp-block-button has-custom-width wp-block-button__width-75 is-style-primary is-style-outline pulse o-anim-hover is-style-outline--5\"><a class=\"wp-block-button__link has-text-color has-background has-link-color has-medium-font-size has-text-align-center has-custom-font-size wp-element-button\" href=\"https:\/\/nabilaexperience.com\/es\/resenas\/\" style=\"border-radius:0px;color:#ffbf00;background-color:#02244d7d\"><strong>RESE\u00d1AS<\/strong><\/a><\/div>\n<\/div>\n<\/div><\/div>\n<\/div>\n\n\n\n<div id=\"wp-block-themeisle-blocks-advanced-column-dc60e544\" class=\"wp-block-themeisle-blocks-advanced-column\">\n<div class=\"wp-block-cover\" style=\"min-height:430px;aspect-ratio:unset;\"><img decoding=\"async\" width=\"1000\" height=\"667\" class=\"wp-block-cover__image-background wp-image-7964 lazyload\" alt=\"\" data-src=\"https:\/\/nabilaexperience.com\/wp-content\/uploads\/2025\/02\/nabila-experience-about-us-contact-us.webp\" data-object-fit=\"cover\" data-srcset=\"https:\/\/nabilaexperience.com\/wp-content\/uploads\/2025\/02\/nabila-experience-about-us-contact-us.webp 1000w, https:\/\/nabilaexperience.com\/wp-content\/uploads\/2025\/02\/nabila-experience-about-us-contact-us-300x200.webp 300w, https:\/\/nabilaexperience.com\/wp-content\/uploads\/2025\/02\/nabila-experience-about-us-contact-us-768x512.webp 768w, https:\/\/nabilaexperience.com\/wp-content\/uploads\/2025\/02\/nabila-experience-about-us-contact-us-18x12.webp 18w, https:\/\/nabilaexperience.com\/wp-content\/uploads\/2025\/02\/nabila-experience-about-us-contact-us-600x400.webp 600w\" data-sizes=\"(max-width: 1000px) 100vw, 1000px\" src=\"data:image\/gif;base64,R0lGODlhAQABAAAAACH5BAEKAAEALAAAAAABAAEAAAICTAEAOw==\" style=\"--smush-placeholder-width: 1000px; --smush-placeholder-aspect-ratio: 1000\/667;\" \/><span aria-hidden=\"true\" class=\"wp-block-cover__background has-background-dim\" style=\"background-color:#02244d\"><\/span><div class=\"wp-block-cover__inner-container is-layout-flow wp-block-cover-is-layout-flow\">\n<div class=\"wp-block-buttons has-custom-font-size is-content-justification-center is-layout-flex wp-container-core-buttons-is-layout-5e6b19ed wp-block-buttons-is-layout-flex\" style=\"font-size:17px\">\n<div class=\"wp-block-button has-custom-width wp-block-button__width-75 is-style-primary is-style-outline pulse o-anim-hover is-style-outline--6\"><a class=\"wp-block-button__link has-text-color has-background has-link-color has-medium-font-size has-text-align-center has-custom-font-size wp-element-button\" href=\"https:\/\/nabilaexperience.com\/es\/contactenos\/\" style=\"border-radius:0px;color:#ffbf00;background-color:#02244d7d\"><strong>CONT\u00c1CTENOS<\/strong><\/a><\/div>\n<\/div>\n<\/div><\/div>\n<\/div>\n<\/div><\/div>","protected":false},"excerpt":{"rendered":"<p>NUESTRA HISTORIA<\/p>","protected":false},"author":1,"featured_media":7942,"parent":0,"menu_order":0,"comment_status":"closed","ping_status":"closed","template":"","meta":{"_acf_changed":false,"ocean_post_layout":"","ocean_both_sidebars_style":"","ocean_both_sidebars_content_width":0,"ocean_both_sidebars_sidebars_width":0,"ocean_sidebar":"","ocean_second_sidebar":"","ocean_disable_margins":"enable","ocean_add_body_class":"","ocean_shortcode_before_top_bar":"","ocean_shortcode_after_top_bar":"","ocean_shortcode_before_header":"","ocean_shortcode_after_header":"","ocean_has_shortcode":"","ocean_shortcode_after_title":"","ocean_shortcode_before_footer_widgets":"","ocean_shortcode_after_footer_widgets":"","ocean_shortcode_before_footer_bottom":"","ocean_shortcode_after_footer_bottom":"","ocean_display_top_bar":"default","ocean_display_header":"default","ocean_header_style":"","ocean_center_header_left_menu":"","ocean_custom_header_template":"","ocean_custom_logo":0,"ocean_custom_retina_logo":0,"ocean_custom_logo_max_width":0,"ocean_custom_logo_tablet_max_width":0,"ocean_custom_logo_mobile_max_width":0,"ocean_custom_logo_max_height":0,"ocean_custom_logo_tablet_max_height":0,"ocean_custom_logo_mobile_max_height":0,"ocean_header_custom_menu":"","ocean_menu_typo_font_family":"","ocean_menu_typo_font_subset":"","ocean_menu_typo_font_size":0,"ocean_menu_typo_font_size_tablet":0,"ocean_menu_typo_font_size_mobile":0,"ocean_menu_typo_font_size_unit":"px","ocean_menu_typo_font_weight":"","ocean_menu_typo_font_weight_tablet":"","ocean_menu_typo_font_weight_mobile":"","ocean_menu_typo_transform":"","ocean_menu_typo_transform_tablet":"","ocean_menu_typo_transform_mobile":"","ocean_menu_typo_line_height":0,"ocean_menu_typo_line_height_tablet":0,"ocean_menu_typo_line_height_mobile":0,"ocean_menu_typo_line_height_unit":"","ocean_menu_typo_spacing":0,"ocean_menu_typo_spacing_tablet":0,"ocean_menu_typo_spacing_mobile":0,"ocean_menu_typo_spacing_unit":"","ocean_menu_link_color":"","ocean_menu_link_color_hover":"","ocean_menu_link_color_active":"","ocean_menu_link_background":"","ocean_menu_link_hover_background":"","ocean_menu_link_active_background":"","ocean_menu_social_links_bg":"","ocean_menu_social_hover_links_bg":"","ocean_menu_social_links_color":"","ocean_menu_social_hover_links_color":"","ocean_disable_title":"default","ocean_disable_heading":"default","ocean_post_title":"","ocean_post_subheading":"","ocean_post_title_style":"","ocean_post_title_background_color":"","ocean_post_title_background":0,"ocean_post_title_bg_image_position":"","ocean_post_title_bg_image_attachment":"","ocean_post_title_bg_image_repeat":"","ocean_post_title_bg_image_size":"","ocean_post_title_height":0,"ocean_post_title_bg_overlay":0.5,"ocean_post_title_bg_overlay_color":"","ocean_disable_breadcrumbs":"default","ocean_breadcrumbs_color":"","ocean_breadcrumbs_separator_color":"","ocean_breadcrumbs_links_color":"","ocean_breadcrumbs_links_hover_color":"","ocean_display_footer_widgets":"default","ocean_display_footer_bottom":"default","ocean_custom_footer_template":"","_themeisle_gutenberg_block_has_review":false,"footnotes":""},"class_list":["post-7940","page","type-page","status-publish","has-post-thumbnail","hentry","entry","has-media","owp-thumbs-layout-vertical","owp-btn-very-big","owp-tabs-layout-horizontal","has-no-thumbnails"],"acf":[],"aioseo_notices":[],"jetpack_sharing_enabled":true,"_links":{"self":[{"href":"https:\/\/nabilaexperience.com\/es\/wp-json\/wp\/v2\/pages\/7940","targetHints":{"allow":["GET"]}}],"collection":[{"href":"https:\/\/nabilaexperience.com\/es\/wp-json\/wp\/v2\/pages"}],"about":[{"href":"https:\/\/nabilaexperience.com\/es\/wp-json\/wp\/v2\/types\/page"}],"author":[{"embeddable":true,"href":"https:\/\/nabilaexperience.com\/es\/wp-json\/wp\/v2\/users\/1"}],"replies":[{"embeddable":true,"href":"https:\/\/nabilaexperience.com\/es\/wp-json\/wp\/v2\/comments?post=7940"}],"version-history":[{"count":52,"href":"https:\/\/nabilaexperience.com\/es\/wp-json\/wp\/v2\/pages\/7940\/revisions"}],"predecessor-version":[{"id":13651,"href":"https:\/\/nabilaexperience.com\/es\/wp-json\/wp\/v2\/pages\/7940\/revisions\/13651"}],"wp:featuredmedia":[{"embeddable":true,"href":"https:\/\/nabilaexperience.com\/es\/wp-json\/wp\/v2\/media\/7942"}],"wp:attachment":[{"href":"https:\/\/nabilaexperience.com\/es\/wp-json\/wp\/v2\/media?parent=7940"}],"curies":[{"name":"wp","href":"https:\/\/api.w.org\/{rel}","templated":true}]}}