{"id":7893,"date":"2025-02-22T21:12:44","date_gmt":"2025-02-22T21:12:44","guid":{"rendered":"https:\/\/nabilaexperience.com\/?page_id=7893"},"modified":"2025-03-14T22:39:07","modified_gmt":"2025-03-14T22:39:07","slug":"tenerife-excursiones-lujo","status":"publish","type":"page","link":"https:\/\/nabilaexperience.com\/es\/tenerife-excursiones-lujo\/","title":{"rendered":"EXCURSIONES TENERIFE - LUJO"},"content":{"rendered":"<div style=\"height:50px\" aria-hidden=\"true\" class=\"wp-block-spacer\"><\/div>\n\n\n\n<h1 class=\"wp-block-heading has-text-align-center has-x-large-font-size\"><strong>LUJO<\/strong><\/h1>\n\n\n\n<div style=\"height:25px\" aria-hidden=\"true\" class=\"wp-block-spacer\"><\/div>\n\n\n\n<p class=\"has-text-align-center\" style=\"font-size:21px\"><strong>Disfrute de exclusivas excursiones de lujo en Tenerife.<\/strong><\/p>\n\n\n\n<div style=\"height:25px\" aria-hidden=\"true\" class=\"wp-block-spacer\"><\/div>\n\n\n\n<p class=\"has-text-align-center\" style=\"font-size:19px\">Disfrute de alquiler de yates privados, visitas VIP y servicios de primera calidad para una escapada inolvidable.<\/p>\n\n\n\n<div style=\"height:25px\" aria-hidden=\"true\" class=\"wp-block-spacer\"><\/div>\n\n\n\t\t\t\t<div class=\"mpStyle ttbm_wraper placeholderLoader ttbm_filter_area\">\n\t\t\t\t\t<div class=\"mpContainer\">\n\t\t\t\t\t\t\t\t\t<div class=\"all_filter_item\">\n\t\t\t\t\t<div class=\"flexWrap grid\">\n\t\t\t\t\t\t\t\t\t\t\t\t\t\t\t<div class=\"filter_item placeholder_area grid_3\"\n\t\t\t\t\t\t\t\t\t\t\t\t\t\t\t\t\t\t\t\t\t\t\t\t\t\t\t\t\t\t\t\t\t\t\t\t\t\t\t\t\t\t\t\t\t\t\t\t\t\t\tdata-organizer=\"248,244,246,144,142\"\n\t\t\t\t\t\t\t\t\t\t\t\t\t\t\t\t\t\t\t\t\t\t\t\t\t\t\t\t\t\t\tdata-location=\"\"\n\t\t\t\t\t\t\t\t\t\t\t\t\t\t\t\t\t\t\t\t\t\t\t\t\t\t\t\t\t\t\t\t\t\t\t\t\t\t\t\t\t\t\t\t\t\t\t\t\t\t\t\tdata-feature=\"\"\n\t\t\t\t\t\t\t\t\t\t\t\t\t\t\t\t\t\t\t\t\t\t\t\t\t\t\t\t\t\t\t\t\tdata-tag=\"196\"\n\t\t\t\t\t\t\t\t\t\t\t\t\t\t\t\t\t\t\t\t\t\t\t\t\t\t\t\t\t\t\t\t\t\t\t\t\t\t\t\t\t\tdata-activity=\"124\"\n\t\t\t\t\t\t\t\t\t\t\t\t\t\t\t\t\t\t\t>\n\t\t\t\t\t\t\t\t\t\t<div class=\"bg_image_area\" data-href=\"https:\/\/nabilaexperience.com\/es\/experiencias\/alquiler-yate-tenerife-tobogan-actividades-acuaticas\/\" data-placeholder>\n\t<div data-bg-image=\"https:\/\/nabilaexperience.com\/wp-content\/uploads\/2024\/03\/Y-221-1-scaled.jpg\"><\/div>\n\t<div class=\"fullAbsolute group_item\">\n\t\t<div class=\"flexEqual\">\n\t\t\t\t\t\t\t\t<\/div>\n\t<\/div>\n\t<div class=\"fdColumn absolute_item\">\n\t\t\t\t\t<\/div>\n<\/div>\n<div class=\"fdColumn ttbm_list_details\">\n\t\t<div class=\"ttbm_list_title\" data-placeholder>\r\t\t<h5>\r\t\t\t<a href=\"https:\/\/nabilaexperience.com\/es\/experiencias\/alquiler-yate-tenerife-tobogan-actividades-acuaticas\/\">\r\t\t\t\tALQUILER DE YATE CON TOBOG\u00c1N Y ACTIVIDADES ACU\u00c1TICAS\t\t\t<\/a>\r\t\t<\/h5>\r\t<\/div>\r\n\t\t<div class=\"divider\"><\/div>\n\t\t<div class=\"ttbm_description mp_wp_editor\" data-placeholder>\n\t\t<div>\n\t\t\tPrimer yate con tobog\u00e1n acu\u00e1tico y muchos juegos acu\u00e1ticos para adultos y ni\u00f1os.\t\t\t\t\n\t\t\t\t\t\t\t\t<\/div>\n\t<\/div>\n\t\t<div class=\"divider\"><\/div>\n\t<div class=\"justifyBetween _wrap\" data-placeholder>\r\t<div class=\"include_service\">\r\t\t\t<\/div>\r\t<button type=\"button\" class=\"dButton_xs ttbm_explore_button\" data-href=\"https:\/\/nabilaexperience.com\/es\/experiencias\/alquiler-yate-tenerife-tobogan-actividades-acuaticas\/\">\r\t\tExplorar\t<\/button>\r<\/div>\r<\/div>\t\t\t\t\t\t\t\t\t<\/div>\n\t\t\t\t\t\t\t\t\t\t\t\t\t\t\t\t\t\t\t\t\t\t\t\t<div class=\"filter_item placeholder_area grid_3\"\n\t\t\t\t\t\t\t\t\t\t\t\t\t\t\t\t\t\t\t\t\t\t\t\t\t\t\t\t\t\t\t\t\t\t\t\t\t\t\t\t\t\t\t\t\t\t\t\t\t\t\tdata-organizer=\"241,248,250,246,210,155,154\"\n\t\t\t\t\t\t\t\t\t\t\t\t\t\t\t\t\t\t\t\t\t\t\t\t\t\t\t\t\t\t\tdata-location=\"\"\n\t\t\t\t\t\t\t\t\t\t\t\t\t\t\t\t\t\t\t\t\t\t\t\t\t\t\t\t\t\t\t\t\t\t\t\t\t\t\t\t\t\t\t\t\t\t\t\t\t\t\t\tdata-feature=\"\"\n\t\t\t\t\t\t\t\t\t\t\t\t\t\t\t\t\t\t\t\t\t\t\t\t\t\t\t\t\t\t\t\t\tdata-tag=\"196,189,190\"\n\t\t\t\t\t\t\t\t\t\t\t\t\t\t\t\t\t\t\t\t\t\t\t\t\t\t\t\t\t\t\t\t\t\t\t\t\t\t\t\t\t\tdata-activity=\"158,157\"\n\t\t\t\t\t\t\t\t\t\t\t\t\t\t\t\t\t\t\t>\n\t\t\t\t\t\t\t\t\t\t<div class=\"bg_image_area\" data-href=\"https:\/\/nabilaexperience.com\/es\/experiencias\/observacion-estrellas-tenerife-tour-privado-teide\/\" data-placeholder>\n\t<div data-bg-image=\"https:\/\/nabilaexperience.com\/wp-content\/uploads\/2024\/05\/9.jpg\"><\/div>\n\t<div class=\"fullAbsolute group_item\">\n\t\t<div class=\"flexEqual\">\n\t\t\t\t\t<div class=\"ttbm_list_info\" data-placeholder>\n\t\t\t<span class=\"fas fa-money-bill\"><\/span>\n\t\t\tDesde&nbsp;<span class=\"woocommerce-Price-amount amount\"><bdi><span class=\"woocommerce-Price-currencySymbol\">\u20ac<\/span>75,00<\/bdi><\/span>\t\t<\/div>\n\t\t\t\t\t\t<\/div>\n\t<\/div>\n\t<div class=\"fdColumn absolute_item\">\n\t\t\t\t\t<\/div>\n<\/div>\n<div class=\"fdColumn ttbm_list_details\">\n\t\t<div class=\"ttbm_list_title\" data-placeholder>\r\t\t<h5>\r\t\t\t<a href=\"https:\/\/nabilaexperience.com\/es\/experiencias\/observacion-estrellas-tenerife-tour-privado-teide\/\">\r\t\t\t\tTOUR PRIVADO DE OBSERVACI\u00d3N DE ESTRELLAS AL TEIDE\t\t\t<\/a>\r\t\t<\/h5>\r\t<\/div>\r\n\t\t<div class=\"divider\"><\/div>\n\t\t<div class=\"ttbm_description mp_wp_editor\" data-placeholder>\n\t\t<div>\n\t\t\t\u00a1Descubre las estrellas y el universo con la mejor Gu\u00eda Oficial Starlight de Tenerife!\t\t\t\t\n\t\t\t\t\t\t\t\t<\/div>\n\t<\/div>\n\t\t<div class=\"divider\"><\/div>\n\t<div class=\"justifyBetween _wrap\" data-placeholder>\r\t<div class=\"include_service\">\r\t\t\t<\/div>\r\t<button type=\"button\" class=\"dButton_xs ttbm_explore_button\" data-href=\"https:\/\/nabilaexperience.com\/es\/experiencias\/observacion-estrellas-tenerife-tour-privado-teide\/\">\r\t\tExplorar\t<\/button>\r<\/div>\r<\/div>\t\t\t\t\t\t\t\t\t<\/div>\n\t\t\t\t\t\t\t\t\t\t\t\t\t\t\t\t\t\t\t\t\t\t\t\t<div class=\"filter_item placeholder_area grid_3\"\n\t\t\t\t\t\t\t\t\t\t\t\t\t\t\t\t\t\t\t\t\t\t\t\t\t\t\t\t\t\t\t\t\t\t\t\t\t\t\t\t\t\t\t\t\t\t\t\t\t\t\tdata-organizer=\"246,139\"\n\t\t\t\t\t\t\t\t\t\t\t\t\t\t\t\t\t\t\t\t\t\t\t\t\t\t\t\t\t\t\tdata-location=\"\"\n\t\t\t\t\t\t\t\t\t\t\t\t\t\t\t\t\t\t\t\t\t\t\t\t\t\t\t\t\t\t\t\t\t\t\t\t\t\t\t\t\t\t\t\t\t\t\t\t\t\t\t\tdata-feature=\"\"\n\t\t\t\t\t\t\t\t\t\t\t\t\t\t\t\t\t\t\t\t\t\t\t\t\t\t\t\t\t\t\t\t\tdata-tag=\"190\"\n\t\t\t\t\t\t\t\t\t\t\t\t\t\t\t\t\t\t\t\t\t\t\t\t\t\t\t\t\t\t\t\t\t\t\t\t\t\t\t\t\t\tdata-activity=\"131\"\n\t\t\t\t\t\t\t\t\t\t\t\t\t\t\t\t\t\t\t>\n\t\t\t\t\t\t\t\t\t\t<div class=\"bg_image_area\" data-href=\"https:\/\/nabilaexperience.com\/es\/experiencias\/tour-en-helicoptero-en-tenerife\/\" data-placeholder>\n\t<div data-bg-image=\"https:\/\/nabilaexperience.com\/wp-content\/uploads\/2024\/05\/13.png\"><\/div>\n\t<div class=\"fullAbsolute group_item\">\n\t\t<div class=\"flexEqual\">\n\t\t\t\t\t<div class=\"ttbm_list_info\" data-placeholder>\n\t\t\t<span class=\"fas fa-money-bill\"><\/span>\n\t\t\tDesde&nbsp;<span class=\"woocommerce-Price-amount amount\"><bdi><span class=\"woocommerce-Price-currencySymbol\">\u20ac<\/span>110,00<\/bdi><\/span>\t\t<\/div>\n\t\t\t\t\t\t<\/div>\n\t<\/div>\n\t<div class=\"fdColumn absolute_item\">\n\t\t\t\t\t<\/div>\n<\/div>\n<div class=\"fdColumn ttbm_list_details\">\n\t\t<div class=\"ttbm_list_title\" data-placeholder>\r\t\t<h5>\r\t\t\t<a href=\"https:\/\/nabilaexperience.com\/es\/experiencias\/tour-en-helicoptero-en-tenerife\/\">\r\t\t\t\tTOUR EN HELIC\u00d3PTERO\t\t\t<\/a>\r\t\t<\/h5>\r\t<\/div>\r\n\t\t<div class=\"divider\"><\/div>\n\t\t<div class=\"ttbm_description mp_wp_editor\" data-placeholder>\n\t\t<div>\n\t\t\tSobrevuele Tenerife con estilo y descubra sus lugares m\u00e1s emblem\u00e1ticos desde una perspectiva exclusiva.\t\t\t\t\n\t\t\t\t\t\t\t\t<\/div>\n\t<\/div>\n\t\t<div class=\"divider\"><\/div>\n\t<div class=\"justifyBetween _wrap\" data-placeholder>\r\t<div class=\"include_service\">\r\t\t\t<\/div>\r\t<button type=\"button\" class=\"dButton_xs ttbm_explore_button\" data-href=\"https:\/\/nabilaexperience.com\/es\/experiencias\/tour-en-helicoptero-en-tenerife\/\">\r\t\tExplorar\t<\/button>\r<\/div>\r<\/div>\t\t\t\t\t\t\t\t\t<\/div>\n\t\t\t\t\t\t\t\t\t\t\t\t\t\t\t\t\t\t\t\t\t\t\t\t<div class=\"filter_item placeholder_area grid_3\"\n\t\t\t\t\t\t\t\t\t\t\t\t\t\t\t\t\t\t\t\t\t\t\t\t\t\t\t\t\t\t\t\t\t\t\t\t\t\t\t\t\t\t\t\t\t\t\t\t\t\t\tdata-organizer=\"137,246,245\"\n\t\t\t\t\t\t\t\t\t\t\t\t\t\t\t\t\t\t\t\t\t\t\t\t\t\t\t\t\t\t\tdata-location=\"\"\n\t\t\t\t\t\t\t\t\t\t\t\t\t\t\t\t\t\t\t\t\t\t\t\t\t\t\t\t\t\t\t\t\t\t\t\t\t\t\t\t\t\t\t\t\t\t\t\t\t\t\t\tdata-feature=\"\"\n\t\t\t\t\t\t\t\t\t\t\t\t\t\t\t\t\t\t\t\t\t\t\t\t\t\t\t\t\t\t\t\t\tdata-tag=\"190,166\"\n\t\t\t\t\t\t\t\t\t\t\t\t\t\t\t\t\t\t\t\t\t\t\t\t\t\t\t\t\t\t\t\t\t\t\t\t\t\t\t\t\t\tdata-activity=\"123\"\n\t\t\t\t\t\t\t\t\t\t\t\t\t\t\t\t\t\t\t>\n\t\t\t\t\t\t\t\t\t\t<div class=\"bg_image_area\" data-href=\"https:\/\/nabilaexperience.com\/es\/experiencias\/excursion-en-catamaran-de-lujo-en-tenerife\/\" data-placeholder>\n\t<div data-bg-image=\"https:\/\/nabilaexperience.com\/wp-content\/uploads\/2024\/05\/DRON-FIVE-STAR-BOAT-12-scaled.png\"><\/div>\n\t<div class=\"fullAbsolute group_item\">\n\t\t<div class=\"flexEqual\">\n\t\t\t\t\t\t\t\t<\/div>\n\t<\/div>\n\t<div class=\"fdColumn absolute_item\">\n\t\t\t\t\t<\/div>\n<\/div>\n<div class=\"fdColumn ttbm_list_details\">\n\t\t<div class=\"ttbm_list_title\" data-placeholder>\r\t\t<h5>\r\t\t\t<a href=\"https:\/\/nabilaexperience.com\/es\/experiencias\/excursion-en-catamaran-de-lujo-en-tenerife\/\">\r\t\t\t\tEXCURSI\u00d3N EN CATAMAR\u00c1N DE LUJO\t\t\t<\/a>\r\t\t<\/h5>\r\t<\/div>\r\n\t\t<div class=\"divider\"><\/div>\n\t\t<div class=\"ttbm_description mp_wp_editor\" data-placeholder>\n\t\t<div>\n\t\t\tExplore las aguas cristalinas y la vida marina de Tenerife en un catamar\u00e1n de 5 estrellas.\t\t\t\t\n\t\t\t\t\t\t\t\t<\/div>\n\t<\/div>\n\t\t<div class=\"divider\"><\/div>\n\t<div class=\"justifyBetween _wrap\" data-placeholder>\r\t<div class=\"include_service\">\r\t\t\t<\/div>\r\t<button type=\"button\" class=\"dButton_xs ttbm_explore_button\" data-href=\"https:\/\/nabilaexperience.com\/es\/experiencias\/excursion-en-catamaran-de-lujo-en-tenerife\/\">\r\t\tExplorar\t<\/button>\r<\/div>\r<\/div>\t\t\t\t\t\t\t\t\t<\/div>\n\t\t\t\t\t\t\t\t\t\t\t\t\t\t\t\t\t\t\t\t\t\t\t\t<div class=\"filter_item placeholder_area grid_3\"\n\t\t\t\t\t\t\t\t\t\t\t\t\t\t\t\t\t\t\t\t\t\t\t\t\t\t\t\t\t\t\t\t\t\t\t\t\t\t\t\t\t\t\t\t\t\t\t\t\t\t\tdata-organizer=\"241,246,156\"\n\t\t\t\t\t\t\t\t\t\t\t\t\t\t\t\t\t\t\t\t\t\t\t\t\t\t\t\t\t\t\tdata-location=\"\"\n\t\t\t\t\t\t\t\t\t\t\t\t\t\t\t\t\t\t\t\t\t\t\t\t\t\t\t\t\t\t\t\t\t\t\t\t\t\t\t\t\t\t\t\t\t\t\t\t\t\t\t\tdata-feature=\"\"\n\t\t\t\t\t\t\t\t\t\t\t\t\t\t\t\t\t\t\t\t\t\t\t\t\t\t\t\t\t\t\t\t\tdata-tag=\"190\"\n\t\t\t\t\t\t\t\t\t\t\t\t\t\t\t\t\t\t\t\t\t\t\t\t\t\t\t\t\t\t\t\t\t\t\t\t\t\t\t\t\t\tdata-activity=\"159\"\n\t\t\t\t\t\t\t\t\t\t\t\t\t\t\t\t\t\t\t>\n\t\t\t\t\t\t\t\t\t\t<div class=\"bg_image_area\" data-href=\"https:\/\/nabilaexperience.com\/es\/experiencias\/picnic-de-lujo-en-tenerife\/\" data-placeholder>\n\t<div data-bg-image=\"https:\/\/nabilaexperience.com\/wp-content\/uploads\/2024\/05\/WhatsApp-Image-2024-05-08-at-10.43.46.jpeg\"><\/div>\n\t<div class=\"fullAbsolute group_item\">\n\t\t<div class=\"flexEqual\">\n\t\t\t\t\t<div class=\"ttbm_list_info\" data-placeholder>\n\t\t\t<span class=\"fas fa-money-bill\"><\/span>\n\t\t\tDesde&nbsp;<span class=\"woocommerce-Price-amount amount\"><bdi><span class=\"woocommerce-Price-currencySymbol\">\u20ac<\/span>349,00<\/bdi><\/span>\t\t<\/div>\n\t\t\t\t\t\t<\/div>\n\t<\/div>\n\t<div class=\"fdColumn absolute_item\">\n\t\t\t\t\t<\/div>\n<\/div>\n<div class=\"fdColumn ttbm_list_details\">\n\t\t<div class=\"ttbm_list_title\" data-placeholder>\r\t\t<h5>\r\t\t\t<a href=\"https:\/\/nabilaexperience.com\/es\/experiencias\/picnic-de-lujo-en-tenerife\/\">\r\t\t\t\tPICNIC DE LUJO\t\t\t<\/a>\r\t\t<\/h5>\r\t<\/div>\r\n\t\t<div class=\"divider\"><\/div>\n\t\t<div class=\"ttbm_description mp_wp_editor\" data-placeholder>\n\t\t<div>\n\t\t\t\u00a1Descubra lugares secretos de Tenerife disfrutando de un picnic de lujo para sus eventos especiales!\t\t\t\t\n\t\t\t\t\t\t\t\t<\/div>\n\t<\/div>\n\t\t<div class=\"divider\"><\/div>\n\t<div class=\"justifyBetween _wrap\" data-placeholder>\r\t<div class=\"include_service\">\r\t\t\t<\/div>\r\t<button type=\"button\" class=\"dButton_xs ttbm_explore_button\" data-href=\"https:\/\/nabilaexperience.com\/es\/experiencias\/picnic-de-lujo-en-tenerife\/\">\r\t\tExplorar\t<\/button>\r<\/div>\r<\/div>\t\t\t\t\t\t\t\t\t<\/div>\n\t\t\t\t\t\t\t\t\t\t\t\t\t\t\t\t\t\t\t\t\t\t\t\t<div class=\"filter_item placeholder_area grid_3\"\n\t\t\t\t\t\t\t\t\t\t\t\t\t\t\t\t\t\t\t\t\t\t\t\t\t\t\t\t\t\t\t\t\t\t\t\t\t\t\t\t\t\t\t\t\t\t\t\t\t\t\tdata-organizer=\"248,244,246,245,143,144\"\n\t\t\t\t\t\t\t\t\t\t\t\t\t\t\t\t\t\t\t\t\t\t\t\t\t\t\t\t\t\t\tdata-location=\"\"\n\t\t\t\t\t\t\t\t\t\t\t\t\t\t\t\t\t\t\t\t\t\t\t\t\t\t\t\t\t\t\t\t\t\t\t\t\t\t\t\t\t\t\t\t\t\t\t\t\t\t\t\tdata-feature=\"\"\n\t\t\t\t\t\t\t\t\t\t\t\t\t\t\t\t\t\t\t\t\t\t\t\t\t\t\t\t\t\t\t\t\tdata-tag=\"196,190,166\"\n\t\t\t\t\t\t\t\t\t\t\t\t\t\t\t\t\t\t\t\t\t\t\t\t\t\t\t\t\t\t\t\t\t\t\t\t\t\t\t\t\t\tdata-activity=\"124\"\n\t\t\t\t\t\t\t\t\t\t\t\t\t\t\t\t\t\t\t>\n\t\t\t\t\t\t\t\t\t\t<div class=\"bg_image_area\" data-href=\"https:\/\/nabilaexperience.com\/es\/experiencias\/20m-alquiler-barco-de-lujo-tenerife\/\" data-placeholder>\n\t<div data-bg-image=\"https:\/\/nabilaexperience.com\/wp-content\/uploads\/2024\/05\/d1.jpg\"><\/div>\n\t<div class=\"fullAbsolute group_item\">\n\t\t<div class=\"flexEqual\">\n\t\t\t\t\t\t\t\t<\/div>\n\t<\/div>\n\t<div class=\"fdColumn absolute_item\">\n\t\t\t\t\t<\/div>\n<\/div>\n<div class=\"fdColumn ttbm_list_details\">\n\t\t<div class=\"ttbm_list_title\" data-placeholder>\r\t\t<h5>\r\t\t\t<a href=\"https:\/\/nabilaexperience.com\/es\/experiencias\/20m-alquiler-barco-de-lujo-tenerife\/\">\r\t\t\t\tALQUILER DE BARCO DE LUJO - 20 METROS\t\t\t<\/a>\r\t\t<\/h5>\r\t<\/div>\r\n\t\t<div class=\"divider\"><\/div>\n\t\t<div class=\"ttbm_description mp_wp_editor\" data-placeholder>\n\t\t<div>\n\t\t\tRecorra la costa de Tenerife con estilo gracias a una excursi\u00f3n privada en barco de lujo.\t\t\t\t\n\t\t\t\t\t\t\t\t<\/div>\n\t<\/div>\n\t\t<div class=\"divider\"><\/div>\n\t<div class=\"justifyBetween _wrap\" data-placeholder>\r\t<div class=\"include_service\">\r\t\t\t<\/div>\r\t<button type=\"button\" class=\"dButton_xs ttbm_explore_button\" data-href=\"https:\/\/nabilaexperience.com\/es\/experiencias\/20m-alquiler-barco-de-lujo-tenerife\/\">\r\t\tExplorar\t<\/button>\r<\/div>\r<\/div>\t\t\t\t\t\t\t\t\t<\/div>\n\t\t\t\t\t\t\t\t\t\t\t\t\t\t\t\t\t\t\t\t\t\t\t\t<div class=\"filter_item placeholder_area grid_3\"\n\t\t\t\t\t\t\t\t\t\t\t\t\t\t\t\t\t\t\t\t\t\t\t\t\t\t\t\t\t\t\t\t\t\t\t\t\t\t\t\t\t\t\t\t\t\t\t\t\t\t\tdata-organizer=\"246,245,143,144\"\n\t\t\t\t\t\t\t\t\t\t\t\t\t\t\t\t\t\t\t\t\t\t\t\t\t\t\t\t\t\t\tdata-location=\"\"\n\t\t\t\t\t\t\t\t\t\t\t\t\t\t\t\t\t\t\t\t\t\t\t\t\t\t\t\t\t\t\t\t\t\t\t\t\t\t\t\t\t\t\t\t\t\t\t\t\t\t\t\tdata-feature=\"\"\n\t\t\t\t\t\t\t\t\t\t\t\t\t\t\t\t\t\t\t\t\t\t\t\t\t\t\t\t\t\t\t\t\tdata-tag=\"190,166\"\n\t\t\t\t\t\t\t\t\t\t\t\t\t\t\t\t\t\t\t\t\t\t\t\t\t\t\t\t\t\t\t\t\t\t\t\t\t\t\t\t\t\tdata-activity=\"124\"\n\t\t\t\t\t\t\t\t\t\t\t\t\t\t\t\t\t\t\t>\n\t\t\t\t\t\t\t\t\t\t<div class=\"bg_image_area\" data-href=\"https:\/\/nabilaexperience.com\/es\/experiencias\/excursion-privada-en-catamaran-con-fondo-de-cristal-en-tenerife\/\" data-placeholder>\n\t<div data-bg-image=\"https:\/\/nabilaexperience.com\/wp-content\/uploads\/2024\/05\/Catamaran-Abrazo-.jpg\"><\/div>\n\t<div class=\"fullAbsolute group_item\">\n\t\t<div class=\"flexEqual\">\n\t\t\t\t\t\t\t\t<\/div>\n\t<\/div>\n\t<div class=\"fdColumn absolute_item\">\n\t\t\t\t\t<\/div>\n<\/div>\n<div class=\"fdColumn ttbm_list_details\">\n\t\t<div class=\"ttbm_list_title\" data-placeholder>\r\t\t<h5>\r\t\t\t<a href=\"https:\/\/nabilaexperience.com\/es\/experiencias\/excursion-privada-en-catamaran-con-fondo-de-cristal-en-tenerife\/\">\r\t\t\t\tEXCURSI\u00d3N PRIVADA EN CATAMAR\u00c1N CON FONDO DE CRISTAL\t\t\t<\/a>\r\t\t<\/h5>\r\t<\/div>\r\n\t\t<div class=\"divider\"><\/div>\n\t\t<div class=\"ttbm_description mp_wp_editor\" data-placeholder>\n\t\t<div>\n\t\t\tEmb\u00e1rquese en nuestro maravilloso catamar\u00e1n con fondo de cristal para realizar una excursi\u00f3n privada.\t\t\t\t\n\t\t\t\t\t\t\t\t<\/div>\n\t<\/div>\n\t\t<div class=\"divider\"><\/div>\n\t<div class=\"justifyBetween _wrap\" data-placeholder>\r\t<div class=\"include_service\">\r\t\t\t<\/div>\r\t<button type=\"button\" class=\"dButton_xs ttbm_explore_button\" data-href=\"https:\/\/nabilaexperience.com\/es\/experiencias\/excursion-privada-en-catamaran-con-fondo-de-cristal-en-tenerife\/\">\r\t\tExplorar\t<\/button>\r<\/div>\r<\/div>\t\t\t\t\t\t\t\t\t<\/div>\n\t\t\t\t\t\t\t\t\t\t\t\t\t\t\t\t\t\t\t\t\t\t\t\t<div class=\"filter_item placeholder_area grid_3\"\n\t\t\t\t\t\t\t\t\t\t\t\t\t\t\t\t\t\t\t\t\t\t\t\t\t\t\t\t\t\t\t\t\t\t\t\t\t\t\t\t\t\t\t\t\t\t\t\t\t\t\tdata-organizer=\"251,241,248,249,246,275,156,278,141,143,144\"\n\t\t\t\t\t\t\t\t\t\t\t\t\t\t\t\t\t\t\t\t\t\t\t\t\t\t\t\t\t\t\tdata-location=\"\"\n\t\t\t\t\t\t\t\t\t\t\t\t\t\t\t\t\t\t\t\t\t\t\t\t\t\t\t\t\t\t\t\t\t\t\t\t\t\t\t\t\t\t\t\t\t\t\t\t\t\t\t\tdata-feature=\"\"\n\t\t\t\t\t\t\t\t\t\t\t\t\t\t\t\t\t\t\t\t\t\t\t\t\t\t\t\t\t\t\t\t\tdata-tag=\"196,187,190\"\n\t\t\t\t\t\t\t\t\t\t\t\t\t\t\t\t\t\t\t\t\t\t\t\t\t\t\t\t\t\t\t\t\t\t\t\t\t\t\t\t\t\tdata-activity=\"124\"\n\t\t\t\t\t\t\t\t\t\t\t\t\t\t\t\t\t\t\t>\n\t\t\t\t\t\t\t\t\t\t<div class=\"bg_image_area\" data-href=\"https:\/\/nabilaexperience.com\/es\/experiencias\/alquiler-barco-sin-licencia-en-tenerife-fiat-500-off-shore\/\" data-placeholder>\n\t<div data-bg-image=\"https:\/\/nabilaexperience.com\/wp-content\/uploads\/2025\/04\/fiat500boat.1.webp\"><\/div>\n\t<div class=\"fullAbsolute group_item\">\n\t\t<div class=\"flexEqual\">\n\t\t\t\t\t<div class=\"ttbm_list_info\" data-placeholder>\n\t\t\t<span class=\"fas fa-money-bill\"><\/span>\n\t\t\tDesde&nbsp;<span class=\"woocommerce-Price-amount amount\"><bdi><span class=\"woocommerce-Price-currencySymbol\">\u20ac<\/span>40,00<\/bdi><\/span>\t\t<\/div>\n\t\t\t\t\t\t<\/div>\n\t<\/div>\n\t<div class=\"fdColumn absolute_item\">\n\t\t\t\t\t<\/div>\n<\/div>\n<div class=\"fdColumn ttbm_list_details\">\n\t\t<div class=\"ttbm_list_title\" data-placeholder>\r\t\t<h5>\r\t\t\t<a href=\"https:\/\/nabilaexperience.com\/es\/experiencias\/alquiler-barco-sin-licencia-en-tenerife-fiat-500-off-shore\/\">\r\t\t\t\tALQUILER DE BARCO SIN LICENCIA \u2013 FIAT 500 OFF-SHORE\t\t\t<\/a>\r\t\t<\/h5>\r\t<\/div>\r\n\t\t<div class=\"divider\"><\/div>\n\t\t<div class=\"ttbm_description mp_wp_editor\" data-placeholder>\n\t\t<div>\n\t\t\t\u00a1Descubre el estilo italiano con un barco Fiat 500 en Tenerife \u2013 sin licencia, solo diversi\u00f3n!\t\t\t\t\n\t\t\t\t\t\t\t\t<\/div>\n\t<\/div>\n\t\t<div class=\"divider\"><\/div>\n\t<div class=\"justifyBetween _wrap\" data-placeholder>\r\t<div class=\"include_service\">\r\t\t\t<\/div>\r\t<button type=\"button\" class=\"dButton_xs ttbm_explore_button\" data-href=\"https:\/\/nabilaexperience.com\/es\/experiencias\/alquiler-barco-sin-licencia-en-tenerife-fiat-500-off-shore\/\">\r\t\tExplorar\t<\/button>\r<\/div>\r<\/div>\t\t\t\t\t\t\t\t\t<\/div>\n\t\t\t\t\t\t\t\t\t\t\t\t\t\t\t\t\t\t\t\t<\/div>\n\t\t\t\t<\/div>\n\t\t\t\t\t\t\t\t<div class=\"search_result_empty\" data-placeholder>\u00a1No se encontr\u00f3 ning\u00fan resultado de coincidencia!<\/div>\n\t\t\t\t<div class=\"filter_short_result\" data-placeholder>\n\t\t\t\t\tMostrando\t\t\t\t\t<strong class=\"qty_count\">-1<\/strong>\n\t\t\t\t\tde\t\t\t\t\t<strong class=\"total_filter_qty\">8<\/strong>\n\t\t\t\t<\/div>\n\t\t\t\t\t\t\t\t<input type=\"hidden\" name=\"pagination_per_page\" value=\"8\"\/>\n\t\t\t\t<input type=\"hidden\" name=\"pagination_style\" value=\"load_more\"\/>\n\t\t\t\t\t\t\t\t\t<\/div>\n\t\t\t\t<\/div>","protected":false},"excerpt":{"rendered":"<p>LUXURY Indulge in exclusive Luxury Tenerife excursions! Enjoy private yacht charters, VIP tours, and premium services for an unforgettable escape.<\/p>","protected":false},"author":1,"featured_media":3980,"parent":0,"menu_order":0,"comment_status":"closed","ping_status":"closed","template":"","meta":{"_acf_changed":false,"ocean_post_layout":"","ocean_both_sidebars_style":"","ocean_both_sidebars_content_width":0,"ocean_both_sidebars_sidebars_width":0,"ocean_sidebar":"","ocean_second_sidebar":"","ocean_disable_margins":"enable","ocean_add_body_class":"","ocean_shortcode_before_top_bar":"","ocean_shortcode_after_top_bar":"","ocean_shortcode_before_header":"","ocean_shortcode_after_header":"","ocean_has_shortcode":"","ocean_shortcode_after_title":"","ocean_shortcode_before_footer_widgets":"","ocean_shortcode_after_footer_widgets":"","ocean_shortcode_before_footer_bottom":"","ocean_shortcode_after_footer_bottom":"","ocean_display_top_bar":"default","ocean_display_header":"default","ocean_header_style":"","ocean_center_header_left_menu":"","ocean_custom_header_template":"","ocean_custom_logo":0,"ocean_custom_retina_logo":0,"ocean_custom_logo_max_width":0,"ocean_custom_logo_tablet_max_width":0,"ocean_custom_logo_mobile_max_width":0,"ocean_custom_logo_max_height":0,"ocean_custom_logo_tablet_max_height":0,"ocean_custom_logo_mobile_max_height":0,"ocean_header_custom_menu":"","ocean_menu_typo_font_family":"","ocean_menu_typo_font_subset":"","ocean_menu_typo_font_size":0,"ocean_menu_typo_font_size_tablet":0,"ocean_menu_typo_font_size_mobile":0,"ocean_menu_typo_font_size_unit":"px","ocean_menu_typo_font_weight":"","ocean_menu_typo_font_weight_tablet":"","ocean_menu_typo_font_weight_mobile":"","ocean_menu_typo_transform":"","ocean_menu_typo_transform_tablet":"","ocean_menu_typo_transform_mobile":"","ocean_menu_typo_line_height":0,"ocean_menu_typo_line_height_tablet":0,"ocean_menu_typo_line_height_mobile":0,"ocean_menu_typo_line_height_unit":"","ocean_menu_typo_spacing":0,"ocean_menu_typo_spacing_tablet":0,"ocean_menu_typo_spacing_mobile":0,"ocean_menu_typo_spacing_unit":"","ocean_menu_link_color":"","ocean_menu_link_color_hover":"","ocean_menu_link_color_active":"","ocean_menu_link_background":"","ocean_menu_link_hover_background":"","ocean_menu_link_active_background":"","ocean_menu_social_links_bg":"","ocean_menu_social_hover_links_bg":"","ocean_menu_social_links_color":"","ocean_menu_social_hover_links_color":"","ocean_disable_title":"default","ocean_disable_heading":"default","ocean_post_title":"","ocean_post_subheading":"","ocean_post_title_style":"","ocean_post_title_background_color":"","ocean_post_title_background":0,"ocean_post_title_bg_image_position":"","ocean_post_title_bg_image_attachment":"","ocean_post_title_bg_image_repeat":"","ocean_post_title_bg_image_size":"","ocean_post_title_height":0,"ocean_post_title_bg_overlay":0.5,"ocean_post_title_bg_overlay_color":"","ocean_disable_breadcrumbs":"default","ocean_breadcrumbs_color":"","ocean_breadcrumbs_separator_color":"","ocean_breadcrumbs_links_color":"","ocean_breadcrumbs_links_hover_color":"","ocean_display_footer_widgets":"default","ocean_display_footer_bottom":"default","ocean_custom_footer_template":"","_themeisle_gutenberg_block_has_review":false,"footnotes":""},"class_list":["post-7893","page","type-page","status-publish","has-post-thumbnail","hentry","entry","has-media","owp-thumbs-layout-vertical","owp-btn-very-big","owp-tabs-layout-horizontal","has-no-thumbnails"],"acf":[],"aioseo_notices":[],"jetpack_sharing_enabled":true,"_links":{"self":[{"href":"https:\/\/nabilaexperience.com\/es\/wp-json\/wp\/v2\/pages\/7893","targetHints":{"allow":["GET"]}}],"collection":[{"href":"https:\/\/nabilaexperience.com\/es\/wp-json\/wp\/v2\/pages"}],"about":[{"href":"https:\/\/nabilaexperience.com\/es\/wp-json\/wp\/v2\/types\/page"}],"author":[{"embeddable":true,"href":"https:\/\/nabilaexperience.com\/es\/wp-json\/wp\/v2\/users\/1"}],"replies":[{"embeddable":true,"href":"https:\/\/nabilaexperience.com\/es\/wp-json\/wp\/v2\/comments?post=7893"}],"version-history":[{"count":5,"href":"https:\/\/nabilaexperience.com\/es\/wp-json\/wp\/v2\/pages\/7893\/revisions"}],"predecessor-version":[{"id":9133,"href":"https:\/\/nabilaexperience.com\/es\/wp-json\/wp\/v2\/pages\/7893\/revisions\/9133"}],"wp:featuredmedia":[{"embeddable":true,"href":"https:\/\/nabilaexperience.com\/es\/wp-json\/wp\/v2\/media\/3980"}],"wp:attachment":[{"href":"https:\/\/nabilaexperience.com\/es\/wp-json\/wp\/v2\/media?parent=7893"}],"curies":[{"name":"wp","href":"https:\/\/api.w.org\/{rel}","templated":true}]}}