{"id":7874,"date":"2025-02-22T18:14:36","date_gmt":"2025-02-22T18:14:36","guid":{"rendered":"https:\/\/nabilaexperience.com\/?page_id=7874"},"modified":"2025-03-14T19:59:24","modified_gmt":"2025-03-14T19:59:24","slug":"tenerife-excursiones-grupos","status":"publish","type":"page","link":"https:\/\/nabilaexperience.com\/es\/tenerife-excursiones-grupos\/","title":{"rendered":"EXCURSIONES EN TENERIFE - LO MEJOR PARA GRUPOS"},"content":{"rendered":"<div style=\"height:50px\" aria-hidden=\"true\" class=\"wp-block-spacer\"><\/div>\n\n\n\n<h1 class=\"wp-block-heading has-text-align-center has-x-large-font-size\">LAS MEJORES PARA <strong>GRUPOS<\/strong><\/h1>\n\n\n\n<div style=\"height:25px\" aria-hidden=\"true\" class=\"wp-block-spacer\"><\/div>\n\n\n\n<p class=\"has-text-align-center\" style=\"font-size:21px\"><strong>\u00a1Encuentre las mejores excursiones en Tenerife para sus aventuras en grupo!<\/strong><\/p>\n\n\n\n<div style=\"height:25px\" aria-hidden=\"true\" class=\"wp-block-spacer\"><\/div>\n\n\n\n<p class=\"has-text-align-center\" style=\"font-size:19px\">Disfrute de emocionantes excursiones en buggy, paseos en barco y divertidas actividades perfectas para amigos y grupos grandes.<\/p>\n\n\n\n<div style=\"height:25px\" aria-hidden=\"true\" class=\"wp-block-spacer\"><\/div>\n\n\n\t\t\t\t<div class=\"mpStyle ttbm_wraper placeholderLoader ttbm_filter_area\">\n\t\t\t\t\t<div class=\"mpContainer\">\n\t\t\t\t\t\t\t\t\t<div class=\"all_filter_item\">\n\t\t\t\t\t<div class=\"flexWrap grid\">\n\t\t\t\t\t\t\t\t\t\t\t\t\t\t\t<div class=\"filter_item placeholder_area grid_3\"\n\t\t\t\t\t\t\t\t\t\t\t\t\t\t\t\t\t\t\t\t\t\t\t\t\t\t\t\t\t\t\t\t\t\t\t\t\t\t\t\t\t\t\t\t\t\t\t\t\t\t\tdata-organizer=\"248,244,246,144,142\"\n\t\t\t\t\t\t\t\t\t\t\t\t\t\t\t\t\t\t\t\t\t\t\t\t\t\t\t\t\t\t\tdata-location=\"\"\n\t\t\t\t\t\t\t\t\t\t\t\t\t\t\t\t\t\t\t\t\t\t\t\t\t\t\t\t\t\t\t\t\t\t\t\t\t\t\t\t\t\t\t\t\t\t\t\t\t\t\t\tdata-feature=\"\"\n\t\t\t\t\t\t\t\t\t\t\t\t\t\t\t\t\t\t\t\t\t\t\t\t\t\t\t\t\t\t\t\t\tdata-tag=\"196\"\n\t\t\t\t\t\t\t\t\t\t\t\t\t\t\t\t\t\t\t\t\t\t\t\t\t\t\t\t\t\t\t\t\t\t\t\t\t\t\t\t\t\tdata-activity=\"124\"\n\t\t\t\t\t\t\t\t\t\t\t\t\t\t\t\t\t\t\t>\n\t\t\t\t\t\t\t\t\t\t<div class=\"bg_image_area\" data-href=\"https:\/\/nabilaexperience.com\/es\/experiencias\/alquiler-yate-tenerife-tobogan-actividades-acuaticas\/\" data-placeholder>\n\t<div data-bg-image=\"https:\/\/nabilaexperience.com\/wp-content\/uploads\/2024\/03\/Y-221-1-scaled.jpg\"><\/div>\n\t<div class=\"fullAbsolute group_item\">\n\t\t<div class=\"flexEqual\">\n\t\t\t\t\t\t\t\t<\/div>\n\t<\/div>\n\t<div class=\"fdColumn absolute_item\">\n\t\t\t\t\t<\/div>\n<\/div>\n<div class=\"fdColumn ttbm_list_details\">\n\t\t<div class=\"ttbm_list_title\" data-placeholder>\r\t\t<h5>\r\t\t\t<a href=\"https:\/\/nabilaexperience.com\/es\/experiencias\/alquiler-yate-tenerife-tobogan-actividades-acuaticas\/\">\r\t\t\t\tALQUILER DE YATE CON TOBOG\u00c1N Y ACTIVIDADES ACU\u00c1TICAS\t\t\t<\/a>\r\t\t<\/h5>\r\t<\/div>\r\n\t\t<div class=\"divider\"><\/div>\n\t\t<div class=\"ttbm_description mp_wp_editor\" data-placeholder>\n\t\t<div>\n\t\t\tPrimer yate con tobog\u00e1n acu\u00e1tico y muchos juegos acu\u00e1ticos para adultos y ni\u00f1os.\t\t\t\t\n\t\t\t\t\t\t\t\t<\/div>\n\t<\/div>\n\t\t<div class=\"divider\"><\/div>\n\t<div class=\"justifyBetween _wrap\" data-placeholder>\r\t<div class=\"include_service\">\r\t\t\t<\/div>\r\t<button type=\"button\" class=\"dButton_xs ttbm_explore_button\" data-href=\"https:\/\/nabilaexperience.com\/es\/experiencias\/alquiler-yate-tenerife-tobogan-actividades-acuaticas\/\">\r\t\tExplorar\t<\/button>\r<\/div>\r<\/div>\t\t\t\t\t\t\t\t\t<\/div>\n\t\t\t\t\t\t\t\t\t\t\t\t\t\t\t\t\t\t\t\t\t\t\t\t<div class=\"filter_item placeholder_area grid_3\"\n\t\t\t\t\t\t\t\t\t\t\t\t\t\t\t\t\t\t\t\t\t\t\t\t\t\t\t\t\t\t\t\t\t\t\t\t\t\t\t\t\t\t\t\t\t\t\t\t\t\t\tdata-organizer=\"276,241,248,250,244,278,141\"\n\t\t\t\t\t\t\t\t\t\t\t\t\t\t\t\t\t\t\t\t\t\t\t\t\t\t\t\t\t\t\tdata-location=\"\"\n\t\t\t\t\t\t\t\t\t\t\t\t\t\t\t\t\t\t\t\t\t\t\t\t\t\t\t\t\t\t\t\t\t\t\t\t\t\t\t\t\t\t\t\t\t\t\t\t\t\t\t\tdata-feature=\"\"\n\t\t\t\t\t\t\t\t\t\t\t\t\t\t\t\t\t\t\t\t\t\t\t\t\t\t\t\t\t\t\t\t\tdata-tag=\"196,189\"\n\t\t\t\t\t\t\t\t\t\t\t\t\t\t\t\t\t\t\t\t\t\t\t\t\t\t\t\t\t\t\t\t\t\t\t\t\t\t\t\t\t\tdata-activity=\"129\"\n\t\t\t\t\t\t\t\t\t\t\t\t\t\t\t\t\t\t\t>\n\t\t\t\t\t\t\t\t\t\t<div class=\"bg_image_area\" data-href=\"https:\/\/nabilaexperience.com\/es\/experiencias\/tour-kayak-tenerife-con-snorkel\/\" data-placeholder>\n\t<div data-bg-image=\"https:\/\/nabilaexperience.com\/wp-content\/uploads\/2024\/05\/145-2.jpg\"><\/div>\n\t<div class=\"fullAbsolute group_item\">\n\t\t<div class=\"flexEqual\">\n\t\t\t\t\t<div class=\"ttbm_list_info\" data-placeholder>\n\t\t\t<span class=\"fas fa-money-bill\"><\/span>\n\t\t\tDesde&nbsp;<span class=\"woocommerce-Price-amount amount\"><bdi><span class=\"woocommerce-Price-currencySymbol\">\u20ac<\/span>25,00<\/bdi><\/span>\t\t<\/div>\n\t\t\t\t\t\t<\/div>\n\t<\/div>\n\t<div class=\"fdColumn absolute_item\">\n\t\t\t\t\t<\/div>\n<\/div>\n<div class=\"fdColumn ttbm_list_details\">\n\t\t<div class=\"ttbm_list_title\" data-placeholder>\r\t\t<h5>\r\t\t\t<a href=\"https:\/\/nabilaexperience.com\/es\/experiencias\/tour-kayak-tenerife-con-snorkel\/\">\r\t\t\t\tEXCURSI\u00d3N EN KAYAK CON SNORKEL\t\t\t<\/a>\r\t\t<\/h5>\r\t<\/div>\r\n\t\t<div class=\"divider\"><\/div>\n\t\t<div class=\"ttbm_description mp_wp_editor\" data-placeholder>\n\t\t<div>\n\t\t\tExplore la belleza de la costa mientras navega en kayak y busca delfines y tortugas.\t\t\t\t\n\t\t\t\t\t\t\t\t<\/div>\n\t<\/div>\n\t\t<div class=\"divider\"><\/div>\n\t<div class=\"justifyBetween _wrap\" data-placeholder>\r\t<div class=\"include_service\">\r\t\t\t<\/div>\r\t<button type=\"button\" class=\"dButton_xs ttbm_explore_button\" data-href=\"https:\/\/nabilaexperience.com\/es\/experiencias\/tour-kayak-tenerife-con-snorkel\/\">\r\t\tExplorar\t<\/button>\r<\/div>\r<\/div>\t\t\t\t\t\t\t\t\t<\/div>\n\t\t\t\t\t\t\t\t\t\t\t\t\t\t\t\t\t\t\t\t\t\t\t\t<div class=\"filter_item placeholder_area grid_3\"\n\t\t\t\t\t\t\t\t\t\t\t\t\t\t\t\t\t\t\t\t\t\t\t\t\t\t\t\t\t\t\t\t\t\t\t\t\t\t\t\t\t\t\t\t\t\t\t\t\t\t\tdata-organizer=\"247,248,249,242,244,138,154\"\n\t\t\t\t\t\t\t\t\t\t\t\t\t\t\t\t\t\t\t\t\t\t\t\t\t\t\t\t\t\t\tdata-location=\"\"\n\t\t\t\t\t\t\t\t\t\t\t\t\t\t\t\t\t\t\t\t\t\t\t\t\t\t\t\t\t\t\t\t\t\t\t\t\t\t\t\t\t\t\t\t\t\t\t\t\t\t\t\tdata-feature=\"\"\n\t\t\t\t\t\t\t\t\t\t\t\t\t\t\t\t\t\t\t\t\t\t\t\t\t\t\t\t\t\t\t\t\tdata-tag=\"188,196,187\"\n\t\t\t\t\t\t\t\t\t\t\t\t\t\t\t\t\t\t\t\t\t\t\t\t\t\t\t\t\t\t\t\t\t\t\t\t\t\t\t\t\t\tdata-activity=\"130,157\"\n\t\t\t\t\t\t\t\t\t\t\t\t\t\t\t\t\t\t\t>\n\t\t\t\t\t\t\t\t\t\t<div class=\"bg_image_area\" data-href=\"https:\/\/nabilaexperience.com\/es\/experiencias\/tenerife-teide-buggy-tour-dia-atardecer\/\" data-placeholder>\n\t<div data-bg-image=\"https:\/\/nabilaexperience.com\/wp-content\/uploads\/2024\/05\/TEIDE-_-SUNSET-17-scaled.jpg\"><\/div>\n\t<div class=\"fullAbsolute group_item\">\n\t\t<div class=\"flexEqual\">\n\t\t\t\t\t<div class=\"ttbm_list_info\" data-placeholder>\n\t\t\t<span class=\"fas fa-money-bill\"><\/span>\n\t\t\tDesde&nbsp;<span class=\"woocommerce-Price-amount amount\"><bdi><span class=\"woocommerce-Price-currencySymbol\">\u20ac<\/span>210,00<\/bdi><\/span>\t\t<\/div>\n\t\t\t\t\t\t<\/div>\n\t<\/div>\n\t<div class=\"fdColumn absolute_item\">\n\t\t\t\t\t<\/div>\n<\/div>\n<div class=\"fdColumn ttbm_list_details\">\n\t\t<div class=\"ttbm_list_title\" data-placeholder>\r\t\t<h5>\r\t\t\t<a href=\"https:\/\/nabilaexperience.com\/es\/experiencias\/tenerife-teide-buggy-tour-dia-atardecer\/\">\r\t\t\t\tTEIDE BUGGY TOUR - DIA O ATARDECER\t\t\t<\/a>\r\t\t<\/h5>\r\t<\/div>\r\n\t\t<div class=\"divider\"><\/div>\n\t\t<div class=\"ttbm_description mp_wp_editor\" data-placeholder>\n\t\t<div>\n\t\t\tConduzca un buggy para llegar al Teide y elija entre una aventura diurna o al atardecer.\t\t\t\t\n\t\t\t\t\t\t\t\t<\/div>\n\t<\/div>\n\t\t<div class=\"divider\"><\/div>\n\t<div class=\"justifyBetween _wrap\" data-placeholder>\r\t<div class=\"include_service\">\r\t\t\t<\/div>\r\t<button type=\"button\" class=\"dButton_xs ttbm_explore_button\" data-href=\"https:\/\/nabilaexperience.com\/es\/experiencias\/tenerife-teide-buggy-tour-dia-atardecer\/\">\r\t\tExplorar\t<\/button>\r<\/div>\r<\/div>\t\t\t\t\t\t\t\t\t<\/div>\n\t\t\t\t\t\t\t\t\t\t\t\t\t\t\t\t\t\t\t\t\t\t\t\t<div class=\"filter_item placeholder_area grid_3\"\n\t\t\t\t\t\t\t\t\t\t\t\t\t\t\t\t\t\t\t\t\t\t\t\t\t\t\t\t\t\t\t\t\t\t\t\t\t\t\t\t\t\t\t\t\t\t\t\t\t\t\tdata-organizer=\"248,244,246,245,143,144\"\n\t\t\t\t\t\t\t\t\t\t\t\t\t\t\t\t\t\t\t\t\t\t\t\t\t\t\t\t\t\t\tdata-location=\"\"\n\t\t\t\t\t\t\t\t\t\t\t\t\t\t\t\t\t\t\t\t\t\t\t\t\t\t\t\t\t\t\t\t\t\t\t\t\t\t\t\t\t\t\t\t\t\t\t\t\t\t\t\tdata-feature=\"\"\n\t\t\t\t\t\t\t\t\t\t\t\t\t\t\t\t\t\t\t\t\t\t\t\t\t\t\t\t\t\t\t\t\tdata-tag=\"196,190,166\"\n\t\t\t\t\t\t\t\t\t\t\t\t\t\t\t\t\t\t\t\t\t\t\t\t\t\t\t\t\t\t\t\t\t\t\t\t\t\t\t\t\t\tdata-activity=\"124\"\n\t\t\t\t\t\t\t\t\t\t\t\t\t\t\t\t\t\t\t>\n\t\t\t\t\t\t\t\t\t\t<div class=\"bg_image_area\" data-href=\"https:\/\/nabilaexperience.com\/es\/experiencias\/20m-alquiler-barco-de-lujo-tenerife\/\" data-placeholder>\n\t<div data-bg-image=\"https:\/\/nabilaexperience.com\/wp-content\/uploads\/2024\/05\/d1.jpg\"><\/div>\n\t<div class=\"fullAbsolute group_item\">\n\t\t<div class=\"flexEqual\">\n\t\t\t\t\t\t\t\t<\/div>\n\t<\/div>\n\t<div class=\"fdColumn absolute_item\">\n\t\t\t\t\t<\/div>\n<\/div>\n<div class=\"fdColumn ttbm_list_details\">\n\t\t<div class=\"ttbm_list_title\" data-placeholder>\r\t\t<h5>\r\t\t\t<a href=\"https:\/\/nabilaexperience.com\/es\/experiencias\/20m-alquiler-barco-de-lujo-tenerife\/\">\r\t\t\t\tALQUILER DE BARCO DE LUJO - 20 METROS\t\t\t<\/a>\r\t\t<\/h5>\r\t<\/div>\r\n\t\t<div class=\"divider\"><\/div>\n\t\t<div class=\"ttbm_description mp_wp_editor\" data-placeholder>\n\t\t<div>\n\t\t\tRecorra la costa de Tenerife con estilo gracias a una excursi\u00f3n privada en barco de lujo.\t\t\t\t\n\t\t\t\t\t\t\t\t<\/div>\n\t<\/div>\n\t\t<div class=\"divider\"><\/div>\n\t<div class=\"justifyBetween _wrap\" data-placeholder>\r\t<div class=\"include_service\">\r\t\t\t<\/div>\r\t<button type=\"button\" class=\"dButton_xs ttbm_explore_button\" data-href=\"https:\/\/nabilaexperience.com\/es\/experiencias\/20m-alquiler-barco-de-lujo-tenerife\/\">\r\t\tExplorar\t<\/button>\r<\/div>\r<\/div>\t\t\t\t\t\t\t\t\t<\/div>\n\t\t\t\t\t\t\t\t\t\t\t\t\t\t\t\t\t\t\t\t\t\t\t\t<div class=\"filter_item placeholder_area grid_3\"\n\t\t\t\t\t\t\t\t\t\t\t\t\t\t\t\t\t\t\t\t\t\t\t\t\t\t\t\t\t\t\t\t\t\t\t\t\t\t\t\t\t\t\t\t\t\t\t\t\t\t\tdata-organizer=\"247,251,248,249,244,278,141\"\n\t\t\t\t\t\t\t\t\t\t\t\t\t\t\t\t\t\t\t\t\t\t\t\t\t\t\t\t\t\t\tdata-location=\"\"\n\t\t\t\t\t\t\t\t\t\t\t\t\t\t\t\t\t\t\t\t\t\t\t\t\t\t\t\t\t\t\t\t\t\t\t\t\t\t\t\t\t\t\t\t\t\t\t\t\t\t\t\tdata-feature=\"\"\n\t\t\t\t\t\t\t\t\t\t\t\t\t\t\t\t\t\t\t\t\t\t\t\t\t\t\t\t\t\t\t\t\tdata-tag=\"188,196,187\"\n\t\t\t\t\t\t\t\t\t\t\t\t\t\t\t\t\t\t\t\t\t\t\t\t\t\t\t\t\t\t\t\t\t\t\t\t\t\t\t\t\t\tdata-activity=\"129\"\n\t\t\t\t\t\t\t\t\t\t\t\t\t\t\t\t\t\t\t>\n\t\t\t\t\t\t\t\t\t\t<div class=\"bg_image_area\" data-href=\"https:\/\/nabilaexperience.com\/es\/experiencias\/moto-de-agua-tenerife\/\" data-placeholder>\n\t<div data-bg-image=\"https:\/\/nabilaexperience.com\/wp-content\/uploads\/2024\/05\/copertina-3.jpg\"><\/div>\n\t<div class=\"fullAbsolute group_item\">\n\t\t<div class=\"flexEqual\">\n\t\t\t\t\t<div class=\"ttbm_list_info\" data-placeholder>\n\t\t\t<span class=\"fas fa-money-bill\"><\/span>\n\t\t\tDesde&nbsp;<span class=\"woocommerce-Price-amount amount\"><bdi><span class=\"woocommerce-Price-currencySymbol\">\u20ac<\/span>90,00<\/bdi><\/span>\t\t<\/div>\n\t\t\t\t\t\t<\/div>\n\t<\/div>\n\t<div class=\"fdColumn absolute_item\">\n\t\t\t\t\t<\/div>\n<\/div>\n<div class=\"fdColumn ttbm_list_details\">\n\t\t<div class=\"ttbm_list_title\" data-placeholder>\r\t\t<h5>\r\t\t\t<a href=\"https:\/\/nabilaexperience.com\/es\/experiencias\/moto-de-agua-tenerife\/\">\r\t\t\t\tMOTO DE AGUA\t\t\t<\/a>\r\t\t<\/h5>\r\t<\/div>\r\n\t\t<div class=\"divider\"><\/div>\n\t\t<div class=\"ttbm_description mp_wp_editor\" data-placeholder>\n\t\t<div>\n\t\t\tDisfrute de un safari en moto acu\u00e1tica para explorar la costa de Tenerife de una forma aventurera.\t\t\t\t\n\t\t\t\t\t\t\t\t<\/div>\n\t<\/div>\n\t\t<div class=\"divider\"><\/div>\n\t<div class=\"justifyBetween _wrap\" data-placeholder>\r\t<div class=\"include_service\">\r\t\t\t<\/div>\r\t<button type=\"button\" class=\"dButton_xs ttbm_explore_button\" data-href=\"https:\/\/nabilaexperience.com\/es\/experiencias\/moto-de-agua-tenerife\/\">\r\t\tExplorar\t<\/button>\r<\/div>\r<\/div>\t\t\t\t\t\t\t\t\t<\/div>\n\t\t\t\t\t\t\t\t\t\t\t\t\t\t\t\t\t\t\t\t\t\t\t\t<div class=\"filter_item placeholder_area grid_3\"\n\t\t\t\t\t\t\t\t\t\t\t\t\t\t\t\t\t\t\t\t\t\t\t\t\t\t\t\t\t\t\t\t\t\t\t\t\t\t\t\t\t\t\t\t\t\t\t\t\t\t\tdata-organizer=\"247,279,248,249,244,138,275,154\"\n\t\t\t\t\t\t\t\t\t\t\t\t\t\t\t\t\t\t\t\t\t\t\t\t\t\t\t\t\t\t\tdata-location=\"\"\n\t\t\t\t\t\t\t\t\t\t\t\t\t\t\t\t\t\t\t\t\t\t\t\t\t\t\t\t\t\t\t\t\t\t\t\t\t\t\t\t\t\t\t\t\t\t\t\t\t\t\t\tdata-feature=\"\"\n\t\t\t\t\t\t\t\t\t\t\t\t\t\t\t\t\t\t\t\t\t\t\t\t\t\t\t\t\t\t\t\t\tdata-tag=\"188,196,187\"\n\t\t\t\t\t\t\t\t\t\t\t\t\t\t\t\t\t\t\t\t\t\t\t\t\t\t\t\t\t\t\t\t\t\t\t\t\t\t\t\t\t\tdata-activity=\"130,157\"\n\t\t\t\t\t\t\t\t\t\t\t\t\t\t\t\t\t\t\t>\n\t\t\t\t\t\t\t\t\t\t<div class=\"bg_image_area\" data-href=\"https:\/\/nabilaexperience.com\/es\/experiencias\/tour-jeep-tenerife\/\" data-placeholder>\n\t<div data-bg-image=\"https:\/\/nabilaexperience.com\/wp-content\/uploads\/2025\/06\/tenerife-jeep-tour.webp\"><\/div>\n\t<div class=\"fullAbsolute group_item\">\n\t\t<div class=\"flexEqual\">\n\t\t\t\t\t<div class=\"ttbm_list_info\" data-placeholder>\n\t\t\t<span class=\"fas fa-money-bill\"><\/span>\n\t\t\tDesde&nbsp;<span class=\"woocommerce-Price-amount amount\"><bdi><span class=\"woocommerce-Price-currencySymbol\">\u20ac<\/span>120,00<\/bdi><\/span>\t\t<\/div>\n\t\t\t\t\t\t<\/div>\n\t<\/div>\n\t<div class=\"fdColumn absolute_item\">\n\t\t\t\t\t<\/div>\n<\/div>\n<div class=\"fdColumn ttbm_list_details\">\n\t\t<div class=\"ttbm_list_title\" data-placeholder>\r\t\t<h5>\r\t\t\t<a href=\"https:\/\/nabilaexperience.com\/es\/experiencias\/tour-jeep-tenerife\/\">\r\t\t\t\tTOUR EN JEEP\t\t\t<\/a>\r\t\t<\/h5>\r\t<\/div>\r\n\t\t<div class=\"divider\"><\/div>\n\t\t<div class=\"ttbm_description mp_wp_editor\" data-placeholder>\n\t\t<div>\n\t\t\tElija entre una excursi\u00f3n en Jeep por la costa o por el Teide con nuestros gu\u00edas expertos.\t\t\t\t\n\t\t\t\t\t\t\t\t<\/div>\n\t<\/div>\n\t\t<div class=\"divider\"><\/div>\n\t<div class=\"justifyBetween _wrap\" data-placeholder>\r\t<div class=\"include_service\">\r\t\t\t<\/div>\r\t<button type=\"button\" class=\"dButton_xs ttbm_explore_button\" data-href=\"https:\/\/nabilaexperience.com\/es\/experiencias\/tour-jeep-tenerife\/\">\r\t\tExplorar\t<\/button>\r<\/div>\r<\/div>\t\t\t\t\t\t\t\t\t<\/div>\n\t\t\t\t\t\t\t\t\t\t\t\t\t\t\t\t\t\t\t\t<\/div>\n\t\t\t\t<\/div>\n\t\t\t\t\t\t\t\t<div class=\"search_result_empty\" data-placeholder>\u00a1No se encontr\u00f3 ning\u00fan resultado de coincidencia!<\/div>\n\t\t\t\t<div class=\"filter_short_result\" data-placeholder>\n\t\t\t\t\tMostrando\t\t\t\t\t<strong class=\"qty_count\">-1<\/strong>\n\t\t\t\t\tde\t\t\t\t\t<strong class=\"total_filter_qty\">6<\/strong>\n\t\t\t\t<\/div>\n\t\t\t\t\t\t\t\t<input type=\"hidden\" name=\"pagination_per_page\" value=\"6\"\/>\n\t\t\t\t<input type=\"hidden\" name=\"pagination_style\" value=\"load_more\"\/>\n\t\t\t\t\t\t\t\t\t<\/div>\n\t\t\t\t<\/div>","protected":false},"excerpt":{"rendered":"<p>BEST FOR GROUPS Find the best Tenerife excursions for your groups adventures! Enjoy thrilling buggy tours, boat trips, and fun activities perfect for friends and large groups.<\/p>","protected":false},"author":1,"featured_media":6303,"parent":0,"menu_order":0,"comment_status":"closed","ping_status":"closed","template":"","meta":{"_acf_changed":false,"ocean_post_layout":"","ocean_both_sidebars_style":"","ocean_both_sidebars_content_width":0,"ocean_both_sidebars_sidebars_width":0,"ocean_sidebar":"","ocean_second_sidebar":"","ocean_disable_margins":"enable","ocean_add_body_class":"","ocean_shortcode_before_top_bar":"","ocean_shortcode_after_top_bar":"","ocean_shortcode_before_header":"","ocean_shortcode_after_header":"","ocean_has_shortcode":"","ocean_shortcode_after_title":"","ocean_shortcode_before_footer_widgets":"","ocean_shortcode_after_footer_widgets":"","ocean_shortcode_before_footer_bottom":"","ocean_shortcode_after_footer_bottom":"","ocean_display_top_bar":"default","ocean_display_header":"default","ocean_header_style":"","ocean_center_header_left_menu":"","ocean_custom_header_template":"","ocean_custom_logo":0,"ocean_custom_retina_logo":0,"ocean_custom_logo_max_width":0,"ocean_custom_logo_tablet_max_width":0,"ocean_custom_logo_mobile_max_width":0,"ocean_custom_logo_max_height":0,"ocean_custom_logo_tablet_max_height":0,"ocean_custom_logo_mobile_max_height":0,"ocean_header_custom_menu":"","ocean_menu_typo_font_family":"","ocean_menu_typo_font_subset":"","ocean_menu_typo_font_size":0,"ocean_menu_typo_font_size_tablet":0,"ocean_menu_typo_font_size_mobile":0,"ocean_menu_typo_font_size_unit":"px","ocean_menu_typo_font_weight":"","ocean_menu_typo_font_weight_tablet":"","ocean_menu_typo_font_weight_mobile":"","ocean_menu_typo_transform":"","ocean_menu_typo_transform_tablet":"","ocean_menu_typo_transform_mobile":"","ocean_menu_typo_line_height":0,"ocean_menu_typo_line_height_tablet":0,"ocean_menu_typo_line_height_mobile":0,"ocean_menu_typo_line_height_unit":"","ocean_menu_typo_spacing":0,"ocean_menu_typo_spacing_tablet":0,"ocean_menu_typo_spacing_mobile":0,"ocean_menu_typo_spacing_unit":"","ocean_menu_link_color":"","ocean_menu_link_color_hover":"","ocean_menu_link_color_active":"","ocean_menu_link_background":"","ocean_menu_link_hover_background":"","ocean_menu_link_active_background":"","ocean_menu_social_links_bg":"","ocean_menu_social_hover_links_bg":"","ocean_menu_social_links_color":"","ocean_menu_social_hover_links_color":"","ocean_disable_title":"default","ocean_disable_heading":"default","ocean_post_title":"","ocean_post_subheading":"","ocean_post_title_style":"","ocean_post_title_background_color":"","ocean_post_title_background":0,"ocean_post_title_bg_image_position":"","ocean_post_title_bg_image_attachment":"","ocean_post_title_bg_image_repeat":"","ocean_post_title_bg_image_size":"","ocean_post_title_height":0,"ocean_post_title_bg_overlay":0.5,"ocean_post_title_bg_overlay_color":"","ocean_disable_breadcrumbs":"default","ocean_breadcrumbs_color":"","ocean_breadcrumbs_separator_color":"","ocean_breadcrumbs_links_color":"","ocean_breadcrumbs_links_hover_color":"","ocean_display_footer_widgets":"default","ocean_display_footer_bottom":"default","ocean_custom_footer_template":"","_themeisle_gutenberg_block_has_review":false,"footnotes":""},"class_list":["post-7874","page","type-page","status-publish","has-post-thumbnail","hentry","entry","has-media","owp-thumbs-layout-vertical","owp-btn-very-big","owp-tabs-layout-horizontal","has-no-thumbnails"],"acf":[],"aioseo_notices":[],"jetpack_sharing_enabled":true,"_links":{"self":[{"href":"https:\/\/nabilaexperience.com\/es\/wp-json\/wp\/v2\/pages\/7874","targetHints":{"allow":["GET"]}}],"collection":[{"href":"https:\/\/nabilaexperience.com\/es\/wp-json\/wp\/v2\/pages"}],"about":[{"href":"https:\/\/nabilaexperience.com\/es\/wp-json\/wp\/v2\/types\/page"}],"author":[{"embeddable":true,"href":"https:\/\/nabilaexperience.com\/es\/wp-json\/wp\/v2\/users\/1"}],"replies":[{"embeddable":true,"href":"https:\/\/nabilaexperience.com\/es\/wp-json\/wp\/v2\/comments?post=7874"}],"version-history":[{"count":3,"href":"https:\/\/nabilaexperience.com\/es\/wp-json\/wp\/v2\/pages\/7874\/revisions"}],"predecessor-version":[{"id":9109,"href":"https:\/\/nabilaexperience.com\/es\/wp-json\/wp\/v2\/pages\/7874\/revisions\/9109"}],"wp:featuredmedia":[{"embeddable":true,"href":"https:\/\/nabilaexperience.com\/es\/wp-json\/wp\/v2\/media\/6303"}],"wp:attachment":[{"href":"https:\/\/nabilaexperience.com\/es\/wp-json\/wp\/v2\/media?parent=7874"}],"curies":[{"name":"wp","href":"https:\/\/api.w.org\/{rel}","templated":true}]}}