{"id":7805,"date":"2025-02-20T15:05:08","date_gmt":"2025-02-20T15:05:08","guid":{"rendered":"https:\/\/nabilaexperience.com\/?page_id=7805"},"modified":"2026-01-21T09:35:30","modified_gmt":"2026-01-21T09:35:30","slug":"excursiones-tenerife","status":"publish","type":"page","link":"https:\/\/nabilaexperience.com\/es\/excursiones-tenerife\/","title":{"rendered":"EXCURSIONES EN TENERIFE"},"content":{"rendered":"<div style=\"height:25px\" aria-hidden=\"true\" class=\"wp-block-spacer\"><\/div>\n\n\n\n<div id=\"wp-block-themeisle-blocks-advanced-columns-070458a4\" class=\"wp-block-themeisle-blocks-advanced-columns alignfull has-3-columns has-desktop-equal-layout has-tablet-equal-layout has-mobile-collapsedRows-layout has-vertical-center ticss-c00aadba\"><div class=\"wp-block-themeisle-blocks-advanced-columns-overlay\"><\/div><div class=\"innerblocks-wrap\">\n<div id=\"wp-block-themeisle-blocks-advanced-column-5e8e7d77\" class=\"wp-block-themeisle-blocks-advanced-column ticss-a08c6964\">\n<div class=\"wp-block-cover ticss-7945d6b8\"><img fetchpriority=\"high\" decoding=\"async\" width=\"1000\" height=\"1333\" class=\"wp-block-cover__image-background wp-image-8605\" alt=\"excursiones en tenerife\" src=\"https:\/\/nabilaexperience.com\/wp-content\/uploads\/2025\/03\/nabila-experience-tenerife-excursion-dolphins.webp\" data-object-fit=\"cover\" srcset=\"https:\/\/nabilaexperience.com\/wp-content\/uploads\/2025\/03\/nabila-experience-tenerife-excursion-dolphins.webp 1000w, https:\/\/nabilaexperience.com\/wp-content\/uploads\/2025\/03\/nabila-experience-tenerife-excursion-dolphins-225x300.webp 225w, https:\/\/nabilaexperience.com\/wp-content\/uploads\/2025\/03\/nabila-experience-tenerife-excursion-dolphins-768x1024.webp 768w, https:\/\/nabilaexperience.com\/wp-content\/uploads\/2025\/03\/nabila-experience-tenerife-excursion-dolphins-9x12.webp 9w, https:\/\/nabilaexperience.com\/wp-content\/uploads\/2025\/03\/nabila-experience-tenerife-excursion-dolphins-600x800.webp 600w\" sizes=\"(max-width: 1000px) 100vw, 1000px\" \/><span aria-hidden=\"true\" class=\"wp-block-cover__background has-background-dim-0 has-background-dim\" style=\"background-color:#b7808b\"><\/span><div class=\"wp-block-cover__inner-container is-layout-flow wp-block-cover-is-layout-flow\">\n<p class=\"has-text-align-center has-large-font-size\"><\/p>\n<\/div><\/div>\n<\/div>\n\n\n\n<div id=\"wp-block-themeisle-blocks-advanced-column-bea6f9b4\" class=\"wp-block-themeisle-blocks-advanced-column ticss-a7a61a3e\">\n<div class=\"wp-block-cover\"><img decoding=\"async\" class=\"wp-block-cover__image-background wp-image-306 lazyload\" alt=\"\" data-src=\"https:\/\/api.themeisle.com\/sites\/images\/cb:otter\/q:auto\/wp-content\/uploads\/sites\/664\/2022\/09\/otter-demo-07.png\" style=\"object-position:41% 0%\" data-object-fit=\"cover\" data-object-position=\"41% 0%\" src=\"data:image\/gif;base64,R0lGODlhAQABAAAAACH5BAEKAAEALAAAAAABAAEAAAICTAEAOw==\" \/><span aria-hidden=\"true\" class=\"wp-block-cover__background has-background-dim-100 has-background-dim\" style=\"background-color:#02244d\"><\/span><div class=\"wp-block-cover__inner-container is-layout-flow wp-block-cover-is-layout-flow\">\n<h1 class=\"wp-block-heading has-text-align-center has-text-color has-link-color has-x-large-font-size wp-elements-0e3e0d7864dce13e340973f1aaa0de97\" style=\"color:#ffbf00\"><strong>EXCURSIONES<\/strong><\/h1>\n\n\n\n<p class=\"has-text-align-center\" style=\"font-size:17px\">Seleccionamos cuidadosamente las mejores excursiones de Tenerife para garantizar calidad, emoci\u00f3n y momentos inolvidables en la isla.<\/p>\n\n\n\n<div style=\"height:5px\" aria-hidden=\"true\" class=\"wp-block-spacer\"><\/div>\n\n\n\n<ul class=\"wp-block-list\">\n<li><strong>LAS M\u00c1S VENDIDAS<\/strong> - Descubra las experiencias m\u00e1s populares, amadas por nuestros clientes.<\/li>\n<\/ul>\n\n\n\n<ul class=\"wp-block-list\">\n<li><strong>NUESTRA SELECCI\u00d3N<\/strong> - Una colecci\u00f3n de experiencias, organizadas por categor\u00edas para facilitar la navegaci\u00f3n.<\/li>\n<\/ul>\n\n\n\n<ul class=\"wp-block-list\">\n<li><strong>ESPECIALES<\/strong> - Actividades \u00fanicas y exclusivas para una aventura extraordinaria.<\/li>\n<\/ul>\n\n\n\n<ul class=\"wp-block-list\">\n<li><strong>LAS MEJORES PARA VOSOTROS<\/strong> - Ya sea en pareja, en familia o en grupo, encontrar\u00e1 la actividad perfecta.<\/li>\n<\/ul>\n\n\n\n<ul class=\"wp-block-list\">\n<li><strong>ENCUENTRA LA TUYA<\/strong> - Utilice nuestros filtros para descubrir sin esfuerzo la experiencia que m\u00e1s le conviene.<\/li>\n<\/ul>\n\n\n\n<ul class=\"wp-block-list\">\n<li><strong>TARJETA REGALO<\/strong> - El regalo perfecto para momentos inolvidables en Tenerife.<\/li>\n<\/ul>\n\n\n\n<div style=\"height:25px\" aria-hidden=\"true\" class=\"wp-block-spacer\"><\/div>\n\n\n\n<p class=\"has-text-align-center\" style=\"font-size:19px\"><strong>Elija su pr\u00f3xima aventura y disfrute al m\u00e1ximo de Tenerife.<\/strong><\/p>\n<\/div><\/div>\n<\/div>\n\n\n\n<div id=\"wp-block-themeisle-blocks-advanced-column-26629785\" class=\"wp-block-themeisle-blocks-advanced-column ticss-ebab36fb\">\n<div class=\"wp-block-cover is-light ticss-30158b8b\"><img decoding=\"async\" width=\"1920\" height=\"1280\" class=\"wp-block-cover__image-background wp-image-7281 lazyload\" alt=\"\" data-src=\"https:\/\/nabilaexperience.com\/wp-content\/uploads\/2025\/02\/teide-4731624_1920-1.jpg\" style=\"--smush-placeholder-width: 1920px; --smush-placeholder-aspect-ratio: 1920\/1280;object-position:50% 50%\" data-object-fit=\"cover\" data-object-position=\"50% 50%\" data-srcset=\"https:\/\/nabilaexperience.com\/wp-content\/uploads\/2025\/02\/teide-4731624_1920-1.jpg 1920w, https:\/\/nabilaexperience.com\/wp-content\/uploads\/2025\/02\/teide-4731624_1920-1-300x200.jpg 300w, https:\/\/nabilaexperience.com\/wp-content\/uploads\/2025\/02\/teide-4731624_1920-1-600x400.jpg 600w, https:\/\/nabilaexperience.com\/wp-content\/uploads\/2025\/02\/teide-4731624_1920-1-1024x683.jpg 1024w, https:\/\/nabilaexperience.com\/wp-content\/uploads\/2025\/02\/teide-4731624_1920-1-768x512.jpg 768w, https:\/\/nabilaexperience.com\/wp-content\/uploads\/2025\/02\/teide-4731624_1920-1-1536x1024.jpg 1536w\" data-sizes=\"(max-width: 1920px) 100vw, 1920px\" src=\"data:image\/gif;base64,R0lGODlhAQABAAAAACH5BAEKAAEALAAAAAABAAEAAAICTAEAOw==\" \/><span aria-hidden=\"true\" class=\"wp-block-cover__background has-background-dim-0 has-background-dim\" style=\"background-color:#8b7778\"><\/span><div class=\"wp-block-cover__inner-container is-layout-flow wp-block-cover-is-layout-flow\">\n<p class=\"has-text-align-center has-large-font-size\"><\/p>\n<\/div><\/div>\n<\/div>\n<\/div><\/div>\n\n\n\n<h2 class=\"wp-block-heading alignfull has-text-align-center ticss-e4b7435a has-text-color has-background has-link-color wp-elements-68d1a7cde98200b6566abe780ff30e42\" style=\"color:#02244d;background-color:#ffbf00;font-size:31px\">EXCURSIONES EN TENERIFE<\/h2>\n\n\n\n<div id=\"wp-block-themeisle-blocks-advanced-columns-08b15238\" class=\"wp-block-themeisle-blocks-advanced-columns alignfull has-3-columns has-desktop-equal-layout has-tablet-equal-layout has-mobile-collapsedRows-layout has-vertical-center ticss-c00aadba\"><div class=\"wp-block-themeisle-blocks-advanced-columns-overlay\"><\/div><div class=\"innerblocks-wrap\">\n<div id=\"wp-block-themeisle-blocks-advanced-column-b57cdb33\" class=\"wp-block-themeisle-blocks-advanced-column\">\n<div class=\"wp-block-cover o-anim-hover pulse o-anim-offset-30px has-white-color has-text-color has-link-color wp-elements-102da2af9fa2040d3d59eb7fe5b89520\"><img decoding=\"async\" width=\"1080\" height=\"1350\" class=\"wp-block-cover__image-background wp-image-7811 lazyload\" alt=\"\" data-src=\"https:\/\/nabilaexperience.com\/wp-content\/uploads\/2025\/02\/nabila-experience-tenerife-excursions-quad-best-sellers.webp\" style=\"--smush-placeholder-width: 1080px; --smush-placeholder-aspect-ratio: 1080\/1350;object-position:50% 75%\" data-object-fit=\"cover\" data-object-position=\"50% 75%\" data-srcset=\"https:\/\/nabilaexperience.com\/wp-content\/uploads\/2025\/02\/nabila-experience-tenerife-excursions-quad-best-sellers.webp 1080w, https:\/\/nabilaexperience.com\/wp-content\/uploads\/2025\/02\/nabila-experience-tenerife-excursions-quad-best-sellers-240x300.webp 240w, https:\/\/nabilaexperience.com\/wp-content\/uploads\/2025\/02\/nabila-experience-tenerife-excursions-quad-best-sellers-819x1024.webp 819w, https:\/\/nabilaexperience.com\/wp-content\/uploads\/2025\/02\/nabila-experience-tenerife-excursions-quad-best-sellers-768x960.webp 768w, https:\/\/nabilaexperience.com\/wp-content\/uploads\/2025\/02\/nabila-experience-tenerife-excursions-quad-best-sellers-10x12.webp 10w, https:\/\/nabilaexperience.com\/wp-content\/uploads\/2025\/02\/nabila-experience-tenerife-excursions-quad-best-sellers-600x750.webp 600w\" data-sizes=\"(max-width: 1080px) 100vw, 1080px\" src=\"data:image\/gif;base64,R0lGODlhAQABAAAAACH5BAEKAAEALAAAAAABAAEAAAICTAEAOw==\" \/><span aria-hidden=\"true\" class=\"wp-block-cover__background has-background-dim\" style=\"background-color:#02244d\"><\/span><div class=\"wp-block-cover__inner-container is-layout-flow wp-block-cover-is-layout-flow\">\n<div class=\"wp-block-buttons has-custom-font-size is-content-justification-center is-layout-flex wp-container-core-buttons-is-layout-5e6b19ed wp-block-buttons-is-layout-flex\" style=\"font-size:17px\">\n<div class=\"wp-block-button has-custom-width wp-block-button__width-75 is-style-primary is-style-outline pulse o-anim-hover is-style-outline--1\"><a class=\"wp-block-button__link has-text-color has-background has-link-color has-medium-font-size has-text-align-center has-custom-font-size wp-element-button\" href=\"https:\/\/nabilaexperience.com\/es\/excursiones-tenerife-mas-vendidas\/\" style=\"border-radius:0px;color:#ffbf00;background-color:#02244d7d\"><strong>LAS M\u00c1S VENDIDAS<\/strong><\/a><\/div>\n<\/div>\n<\/div><\/div>\n<\/div>\n\n\n\n<div id=\"wp-block-themeisle-blocks-advanced-column-eefb8312\" class=\"wp-block-themeisle-blocks-advanced-column\">\n<div class=\"wp-block-cover o-anim-hover pulse o-anim-offset-30px has-white-color has-text-color has-link-color wp-elements-69596f4a619138314761e0ad5226a3c0\"><img decoding=\"async\" width=\"2560\" height=\"1707\" class=\"wp-block-cover__image-background wp-image-3965 lazyload\" alt=\"\" data-src=\"https:\/\/nabilaexperience.com\/wp-content\/uploads\/2024\/03\/Y-221-1-scaled.jpg\" data-object-fit=\"cover\" data-srcset=\"https:\/\/nabilaexperience.com\/wp-content\/uploads\/2024\/03\/Y-221-1-scaled.jpg 2560w, https:\/\/nabilaexperience.com\/wp-content\/uploads\/2024\/03\/Y-221-1-300x200.jpg 300w, https:\/\/nabilaexperience.com\/wp-content\/uploads\/2024\/03\/Y-221-1-scaled-600x400.jpg 600w, https:\/\/nabilaexperience.com\/wp-content\/uploads\/2024\/03\/Y-221-1-1024x683.jpg 1024w, https:\/\/nabilaexperience.com\/wp-content\/uploads\/2024\/03\/Y-221-1-768x512.jpg 768w, https:\/\/nabilaexperience.com\/wp-content\/uploads\/2024\/03\/Y-221-1-1536x1024.jpg 1536w, https:\/\/nabilaexperience.com\/wp-content\/uploads\/2024\/03\/Y-221-1-2048x1365.jpg 2048w, https:\/\/nabilaexperience.com\/wp-content\/uploads\/2024\/03\/Y-221-1-174x116.jpg 174w\" data-sizes=\"(max-width: 2560px) 100vw, 2560px\" src=\"data:image\/gif;base64,R0lGODlhAQABAAAAACH5BAEKAAEALAAAAAABAAEAAAICTAEAOw==\" style=\"--smush-placeholder-width: 2560px; --smush-placeholder-aspect-ratio: 2560\/1707;\" \/><span aria-hidden=\"true\" class=\"wp-block-cover__background has-background-dim\" style=\"background-color:#02244d\"><\/span><div class=\"wp-block-cover__inner-container is-layout-flow wp-block-cover-is-layout-flow\">\n<div class=\"wp-block-buttons has-custom-font-size is-content-justification-center is-layout-flex wp-container-core-buttons-is-layout-5e6b19ed wp-block-buttons-is-layout-flex\" style=\"font-size:17px\">\n<div class=\"wp-block-button has-custom-width wp-block-button__width-75 is-style-primary is-style-outline pulse o-anim-hover is-style-outline--2\"><a class=\"wp-block-button__link has-text-color has-background has-link-color has-medium-font-size has-text-align-center has-custom-font-size wp-element-button\" href=\"https:\/\/nabilaexperience.com\/es\/tenerife-excursiones-nuestra-seleccion\/\" style=\"border-radius:0px;color:#ffbf00;background-color:#02244d7d\"><strong>NUESTRA SELECCI\u00d3N<\/strong><\/a><\/div>\n<\/div>\n<\/div><\/div>\n<\/div>\n\n\n\n<div id=\"wp-block-themeisle-blocks-advanced-column-9136d16a\" class=\"wp-block-themeisle-blocks-advanced-column\">\n<div class=\"wp-block-cover o-anim-hover pulse o-anim-offset-30px has-white-color has-text-color has-link-color wp-elements-d83477e7f4c0fd893c14cc7a44a0f470\"><img decoding=\"async\" width=\"800\" height=\"533\" class=\"wp-block-cover__image-background wp-image-7949 lazyload\" alt=\"\" data-src=\"https:\/\/nabilaexperience.com\/wp-content\/uploads\/2025\/02\/nabila-experience-tenerife-excursions-specials.webp\" data-object-fit=\"cover\" data-srcset=\"https:\/\/nabilaexperience.com\/wp-content\/uploads\/2025\/02\/nabila-experience-tenerife-excursions-specials.webp 800w, https:\/\/nabilaexperience.com\/wp-content\/uploads\/2025\/02\/nabila-experience-tenerife-excursions-specials-300x200.webp 300w, https:\/\/nabilaexperience.com\/wp-content\/uploads\/2025\/02\/nabila-experience-tenerife-excursions-specials-768x512.webp 768w, https:\/\/nabilaexperience.com\/wp-content\/uploads\/2025\/02\/nabila-experience-tenerife-excursions-specials-18x12.webp 18w, https:\/\/nabilaexperience.com\/wp-content\/uploads\/2025\/02\/nabila-experience-tenerife-excursions-specials-600x400.webp 600w\" data-sizes=\"(max-width: 800px) 100vw, 800px\" src=\"data:image\/gif;base64,R0lGODlhAQABAAAAACH5BAEKAAEALAAAAAABAAEAAAICTAEAOw==\" style=\"--smush-placeholder-width: 800px; --smush-placeholder-aspect-ratio: 800\/533;\" \/><span aria-hidden=\"true\" class=\"wp-block-cover__background has-background-dim\" style=\"background-color:#02244d\"><\/span><div class=\"wp-block-cover__inner-container is-layout-flow wp-block-cover-is-layout-flow\">\n<div class=\"wp-block-buttons has-custom-font-size is-content-justification-center is-layout-flex wp-container-core-buttons-is-layout-5e6b19ed wp-block-buttons-is-layout-flex\" style=\"font-size:17px\">\n<div class=\"wp-block-button has-custom-width wp-block-button__width-75 is-style-primary is-style-outline pulse o-anim-hover is-style-outline--3\"><a class=\"wp-block-button__link has-text-color has-background has-link-color has-medium-font-size has-text-align-center has-custom-font-size wp-element-button\" href=\"https:\/\/nabilaexperience.com\/es\/tenerife-excursiones-especiales\/\" style=\"border-radius:0px;color:#ffbf00;background-color:#02244d7d\"><strong>ESPECIALES<\/strong><\/a><\/div>\n<\/div>\n<\/div><\/div>\n<\/div>\n<\/div><\/div>\n\n\n\n<div id=\"wp-block-themeisle-blocks-advanced-columns-f992fa37\" class=\"wp-block-themeisle-blocks-advanced-columns alignfull has-3-columns has-desktop-equal-layout has-tablet-equal-layout has-mobile-collapsedRows-layout has-vertical-center ticss-c00aadba\"><div class=\"wp-block-themeisle-blocks-advanced-columns-overlay\"><\/div><div class=\"innerblocks-wrap\">\n<div id=\"wp-block-themeisle-blocks-advanced-column-58cb9d86\" class=\"wp-block-themeisle-blocks-advanced-column\">\n<div class=\"wp-block-cover\"><img decoding=\"async\" width=\"512\" height=\"512\" class=\"wp-block-cover__image-background wp-image-7809 lazyload\" alt=\"\" data-src=\"https:\/\/nabilaexperience.com\/wp-content\/uploads\/2025\/02\/nabila-experience-tenerife-excursions-siam-park.webp\" data-object-fit=\"cover\" data-srcset=\"https:\/\/nabilaexperience.com\/wp-content\/uploads\/2025\/02\/nabila-experience-tenerife-excursions-siam-park.webp 512w, https:\/\/nabilaexperience.com\/wp-content\/uploads\/2025\/02\/nabila-experience-tenerife-excursions-siam-park-300x300.webp 300w, https:\/\/nabilaexperience.com\/wp-content\/uploads\/2025\/02\/nabila-experience-tenerife-excursions-siam-park-150x150.webp 150w, https:\/\/nabilaexperience.com\/wp-content\/uploads\/2025\/02\/nabila-experience-tenerife-excursions-siam-park-12x12.webp 12w, https:\/\/nabilaexperience.com\/wp-content\/uploads\/2025\/02\/nabila-experience-tenerife-excursions-siam-park-100x100.webp 100w\" data-sizes=\"(max-width: 512px) 100vw, 512px\" src=\"data:image\/gif;base64,R0lGODlhAQABAAAAACH5BAEKAAEALAAAAAABAAEAAAICTAEAOw==\" style=\"--smush-placeholder-width: 512px; --smush-placeholder-aspect-ratio: 512\/512;\" \/><span aria-hidden=\"true\" class=\"wp-block-cover__background has-background-dim\" style=\"background-color:#02244d\"><\/span><div class=\"wp-block-cover__inner-container is-layout-flow wp-block-cover-is-layout-flow\">\n<div class=\"wp-block-buttons has-custom-font-size is-content-justification-center is-layout-flex wp-container-core-buttons-is-layout-5e6b19ed wp-block-buttons-is-layout-flex\" style=\"font-size:17px\">\n<div class=\"wp-block-button has-custom-width wp-block-button__width-75 is-style-primary is-style-outline pulse o-anim-hover is-style-outline--4\"><a class=\"wp-block-button__link has-text-color has-background has-link-color has-medium-font-size has-text-align-center has-custom-font-size wp-element-button\" href=\"https:\/\/nabilaexperience.com\/es\/tenerife-excursiones-mejores\/\" style=\"border-radius:0px;color:#ffbf00;background-color:#02244d7d\"><strong>LAS MEJORES PARA VOSOTROS<\/strong><\/a><\/div>\n<\/div>\n<\/div><\/div>\n<\/div>\n\n\n\n<div id=\"wp-block-themeisle-blocks-advanced-column-30a2aa22\" class=\"wp-block-themeisle-blocks-advanced-column\">\n<div class=\"wp-block-cover\" style=\"min-height:430px;aspect-ratio:unset;\"><img decoding=\"async\" width=\"800\" height=\"469\" class=\"wp-block-cover__image-background wp-image-7891 lazyload\" alt=\"\" data-src=\"https:\/\/nabilaexperience.com\/wp-content\/uploads\/2025\/02\/nabila-experience-tenerife-excursions-find-yours.webp\" data-object-fit=\"cover\" data-srcset=\"https:\/\/nabilaexperience.com\/wp-content\/uploads\/2025\/02\/nabila-experience-tenerife-excursions-find-yours.webp 800w, https:\/\/nabilaexperience.com\/wp-content\/uploads\/2025\/02\/nabila-experience-tenerife-excursions-find-yours-300x176.webp 300w, https:\/\/nabilaexperience.com\/wp-content\/uploads\/2025\/02\/nabila-experience-tenerife-excursions-find-yours-768x450.webp 768w, https:\/\/nabilaexperience.com\/wp-content\/uploads\/2025\/02\/nabila-experience-tenerife-excursions-find-yours-18x12.webp 18w, https:\/\/nabilaexperience.com\/wp-content\/uploads\/2025\/02\/nabila-experience-tenerife-excursions-find-yours-600x352.webp 600w\" data-sizes=\"(max-width: 800px) 100vw, 800px\" src=\"data:image\/gif;base64,R0lGODlhAQABAAAAACH5BAEKAAEALAAAAAABAAEAAAICTAEAOw==\" style=\"--smush-placeholder-width: 800px; --smush-placeholder-aspect-ratio: 800\/469;\" \/><span aria-hidden=\"true\" class=\"wp-block-cover__background has-background-dim\" style=\"background-color:#02244d\"><\/span><div class=\"wp-block-cover__inner-container is-layout-flow wp-block-cover-is-layout-flow\">\n<div class=\"wp-block-buttons has-custom-font-size is-content-justification-center is-layout-flex wp-container-core-buttons-is-layout-5e6b19ed wp-block-buttons-is-layout-flex\" style=\"font-size:17px\">\n<div class=\"wp-block-button has-custom-width wp-block-button__width-75 is-style-primary is-style-outline pulse o-anim-hover is-style-outline--5\"><a class=\"wp-block-button__link has-text-color has-background has-link-color has-medium-font-size has-text-align-center has-custom-font-size wp-element-button\" href=\"https:\/\/nabilaexperience.com\/es\/encuentrar-excursiones-tenerife\/\" style=\"border-radius:0px;color:#ffbf00;background-color:#02244d7d\"><strong>ENCUENTRA LA TUYA<\/strong><\/a><\/div>\n<\/div>\n<\/div><\/div>\n<\/div>\n\n\n\n<div id=\"wp-block-themeisle-blocks-advanced-column-6f0028d5\" class=\"wp-block-themeisle-blocks-advanced-column\">\n<div class=\"wp-block-cover\" style=\"min-height:430px;aspect-ratio:unset;\"><img decoding=\"async\" width=\"1024\" height=\"1024\" class=\"wp-block-cover__image-background wp-image-7950 lazyload\" alt=\"\" data-src=\"https:\/\/nabilaexperience.com\/wp-content\/uploads\/2025\/02\/nabila-experience-tenerife-excursions-gift-card.webp\" data-object-fit=\"cover\" data-srcset=\"https:\/\/nabilaexperience.com\/wp-content\/uploads\/2025\/02\/nabila-experience-tenerife-excursions-gift-card.webp 1024w, https:\/\/nabilaexperience.com\/wp-content\/uploads\/2025\/02\/nabila-experience-tenerife-excursions-gift-card-300x300.webp 300w, https:\/\/nabilaexperience.com\/wp-content\/uploads\/2025\/02\/nabila-experience-tenerife-excursions-gift-card-150x150.webp 150w, https:\/\/nabilaexperience.com\/wp-content\/uploads\/2025\/02\/nabila-experience-tenerife-excursions-gift-card-768x768.webp 768w, https:\/\/nabilaexperience.com\/wp-content\/uploads\/2025\/02\/nabila-experience-tenerife-excursions-gift-card-12x12.webp 12w, https:\/\/nabilaexperience.com\/wp-content\/uploads\/2025\/02\/nabila-experience-tenerife-excursions-gift-card-600x600.webp 600w, https:\/\/nabilaexperience.com\/wp-content\/uploads\/2025\/02\/nabila-experience-tenerife-excursions-gift-card-100x100.webp 100w\" data-sizes=\"(max-width: 1024px) 100vw, 1024px\" src=\"data:image\/gif;base64,R0lGODlhAQABAAAAACH5BAEKAAEALAAAAAABAAEAAAICTAEAOw==\" style=\"--smush-placeholder-width: 1024px; --smush-placeholder-aspect-ratio: 1024\/1024;\" \/><span aria-hidden=\"true\" class=\"wp-block-cover__background has-background-dim\" style=\"background-color:#02244d\"><\/span><div class=\"wp-block-cover__inner-container is-layout-flow wp-block-cover-is-layout-flow\">\n<div class=\"wp-block-buttons has-custom-font-size is-content-justification-center is-layout-flex wp-container-core-buttons-is-layout-5e6b19ed wp-block-buttons-is-layout-flex\" style=\"font-size:17px\">\n<div class=\"wp-block-button has-custom-width wp-block-button__width-75 is-style-primary is-style-outline pulse o-anim-hover is-style-outline--6\"><a class=\"wp-block-button__link has-text-color has-background has-link-color has-medium-font-size has-text-align-center has-custom-font-size wp-element-button\" href=\"https:\/\/nabilaexperience.com\/es\/tarjeta-regalo\/\" style=\"border-radius:0px;color:#ffbf00;background-color:#02244d7d\"><strong>TARJETA REGALO<\/strong><\/a><\/div>\n<\/div>\n<\/div><\/div>\n<\/div>\n<\/div><\/div>","protected":false},"excerpt":{"rendered":"<p>EXCURSIONES EN TENERIFE<\/p>","protected":false},"author":1,"featured_media":4851,"parent":0,"menu_order":0,"comment_status":"closed","ping_status":"closed","template":"","meta":{"_acf_changed":false,"ocean_post_layout":"","ocean_both_sidebars_style":"","ocean_both_sidebars_content_width":0,"ocean_both_sidebars_sidebars_width":0,"ocean_sidebar":"","ocean_second_sidebar":"","ocean_disable_margins":"enable","ocean_add_body_class":"","ocean_shortcode_before_top_bar":"","ocean_shortcode_after_top_bar":"","ocean_shortcode_before_header":"","ocean_shortcode_after_header":"","ocean_has_shortcode":"","ocean_shortcode_after_title":"","ocean_shortcode_before_footer_widgets":"","ocean_shortcode_after_footer_widgets":"","ocean_shortcode_before_footer_bottom":"","ocean_shortcode_after_footer_bottom":"","ocean_display_top_bar":"default","ocean_display_header":"default","ocean_header_style":"","ocean_center_header_left_menu":"","ocean_custom_header_template":"","ocean_custom_logo":0,"ocean_custom_retina_logo":0,"ocean_custom_logo_max_width":0,"ocean_custom_logo_tablet_max_width":0,"ocean_custom_logo_mobile_max_width":0,"ocean_custom_logo_max_height":0,"ocean_custom_logo_tablet_max_height":0,"ocean_custom_logo_mobile_max_height":0,"ocean_header_custom_menu":"","ocean_menu_typo_font_family":"","ocean_menu_typo_font_subset":"","ocean_menu_typo_font_size":0,"ocean_menu_typo_font_size_tablet":0,"ocean_menu_typo_font_size_mobile":0,"ocean_menu_typo_font_size_unit":"px","ocean_menu_typo_font_weight":"","ocean_menu_typo_font_weight_tablet":"","ocean_menu_typo_font_weight_mobile":"","ocean_menu_typo_transform":"","ocean_menu_typo_transform_tablet":"","ocean_menu_typo_transform_mobile":"","ocean_menu_typo_line_height":0,"ocean_menu_typo_line_height_tablet":0,"ocean_menu_typo_line_height_mobile":0,"ocean_menu_typo_line_height_unit":"","ocean_menu_typo_spacing":0,"ocean_menu_typo_spacing_tablet":0,"ocean_menu_typo_spacing_mobile":0,"ocean_menu_typo_spacing_unit":"","ocean_menu_link_color":"","ocean_menu_link_color_hover":"","ocean_menu_link_color_active":"","ocean_menu_link_background":"","ocean_menu_link_hover_background":"","ocean_menu_link_active_background":"","ocean_menu_social_links_bg":"","ocean_menu_social_hover_links_bg":"","ocean_menu_social_links_color":"","ocean_menu_social_hover_links_color":"","ocean_disable_title":"default","ocean_disable_heading":"default","ocean_post_title":"","ocean_post_subheading":"","ocean_post_title_style":"","ocean_post_title_background_color":"","ocean_post_title_background":0,"ocean_post_title_bg_image_position":"","ocean_post_title_bg_image_attachment":"","ocean_post_title_bg_image_repeat":"","ocean_post_title_bg_image_size":"","ocean_post_title_height":0,"ocean_post_title_bg_overlay":0.5,"ocean_post_title_bg_overlay_color":"","ocean_disable_breadcrumbs":"default","ocean_breadcrumbs_color":"","ocean_breadcrumbs_separator_color":"","ocean_breadcrumbs_links_color":"","ocean_breadcrumbs_links_hover_color":"","ocean_display_footer_widgets":"default","ocean_display_footer_bottom":"default","ocean_custom_footer_template":"","_themeisle_gutenberg_block_has_review":false,"footnotes":""},"class_list":["post-7805","page","type-page","status-publish","has-post-thumbnail","hentry","entry","has-media","owp-thumbs-layout-vertical","owp-btn-very-big","owp-tabs-layout-horizontal","has-no-thumbnails"],"acf":[],"aioseo_notices":[],"jetpack_sharing_enabled":true,"_links":{"self":[{"href":"https:\/\/nabilaexperience.com\/es\/wp-json\/wp\/v2\/pages\/7805","targetHints":{"allow":["GET"]}}],"collection":[{"href":"https:\/\/nabilaexperience.com\/es\/wp-json\/wp\/v2\/pages"}],"about":[{"href":"https:\/\/nabilaexperience.com\/es\/wp-json\/wp\/v2\/types\/page"}],"author":[{"embeddable":true,"href":"https:\/\/nabilaexperience.com\/es\/wp-json\/wp\/v2\/users\/1"}],"replies":[{"embeddable":true,"href":"https:\/\/nabilaexperience.com\/es\/wp-json\/wp\/v2\/comments?post=7805"}],"version-history":[{"count":34,"href":"https:\/\/nabilaexperience.com\/es\/wp-json\/wp\/v2\/pages\/7805\/revisions"}],"predecessor-version":[{"id":13530,"href":"https:\/\/nabilaexperience.com\/es\/wp-json\/wp\/v2\/pages\/7805\/revisions\/13530"}],"wp:featuredmedia":[{"embeddable":true,"href":"https:\/\/nabilaexperience.com\/es\/wp-json\/wp\/v2\/media\/4851"}],"wp:attachment":[{"href":"https:\/\/nabilaexperience.com\/es\/wp-json\/wp\/v2\/media?parent=7805"}],"curies":[{"name":"wp","href":"https:\/\/api.w.org\/{rel}","templated":true}]}}