{"id":5784,"date":"2024-12-16T18:01:06","date_gmt":"2024-12-16T18:01:06","guid":{"rendered":"https:\/\/nabilaexperience.com\/?page_id=5784"},"modified":"2025-03-22T18:20:16","modified_gmt":"2025-03-22T18:20:16","slug":"tarjeta-regalo","status":"publish","type":"page","link":"https:\/\/nabilaexperience.com\/es\/tarjeta-regalo\/","title":{"rendered":"TARJETA REGALO"},"content":{"rendered":"<div style=\"height:50px\" aria-hidden=\"true\" class=\"wp-block-spacer\"><\/div>\n\n\n\n<h1 class=\"wp-block-heading has-text-align-center ticss-ddbaa43c has-x-large-font-size\">TARJETA REGALO<\/h1>\n\n\n\n<div id=\"wp-block-themeisle-blocks-advanced-columns-070458a4\" class=\"wp-block-themeisle-blocks-advanced-columns alignwide has-2-columns has-desktop-oneTwo-layout has-tablet-equal-layout has-mobile-collapsedRows-layout has-vertical-center ticss-c00aadba\"><div class=\"wp-block-themeisle-blocks-advanced-columns-overlay\"><\/div><div class=\"innerblocks-wrap\">\n<div id=\"wp-block-themeisle-blocks-advanced-column-5e8e7d77\" class=\"wp-block-themeisle-blocks-advanced-column\">\n<div class=\"wp-block-cover alignwide is-light\"><span aria-hidden=\"true\" class=\"wp-block-cover__background has-background-dim-0 has-background-dim\" style=\"background-color:#b7808b\"><\/span><img fetchpriority=\"high\" decoding=\"async\" width=\"600\" height=\"600\" class=\"wp-block-cover__image-background wp-image-5809\" alt=\"REGALO\" src=\"https:\/\/nabilaexperience.com\/wp-content\/uploads\/2024\/12\/gift.png\" data-object-fit=\"cover\" srcset=\"https:\/\/nabilaexperience.com\/wp-content\/uploads\/2024\/12\/gift.png 600w, https:\/\/nabilaexperience.com\/wp-content\/uploads\/2024\/12\/gift-100x100.png 100w, https:\/\/nabilaexperience.com\/wp-content\/uploads\/2024\/12\/gift-300x300.png 300w, https:\/\/nabilaexperience.com\/wp-content\/uploads\/2024\/12\/gift-150x150.png 150w\" sizes=\"(max-width: 600px) 100vw, 600px\" \/><div class=\"wp-block-cover__inner-container is-layout-flow wp-block-cover-is-layout-flow\">\n<p class=\"has-text-align-center has-large-font-size\"><\/p>\n<\/div><\/div>\n<\/div>\n\n\n\n<div id=\"wp-block-themeisle-blocks-advanced-column-bea6f9b4\" class=\"wp-block-themeisle-blocks-advanced-column\">\n<div class=\"wp-block-cover\"><span aria-hidden=\"true\" class=\"wp-block-cover__background has-background-dim-100 has-background-dim\" style=\"background-color:#02244d\"><\/span><img decoding=\"async\" class=\"wp-block-cover__image-background wp-image-306 lazyload\" alt=\"\" data-src=\"https:\/\/api.themeisle.com\/sites\/images\/cb:otter\/q:auto\/wp-content\/uploads\/sites\/664\/2022\/09\/otter-demo-07.png\" style=\"object-position:41% 0%\" data-object-fit=\"cover\" data-object-position=\"41% 0%\" src=\"data:image\/gif;base64,R0lGODlhAQABAAAAACH5BAEKAAEALAAAAAABAAEAAAICTAEAOw==\" \/><div class=\"wp-block-cover__inner-container is-layout-flow wp-block-cover-is-layout-flow\">\n<p class=\"has-text-align-left\" style=\"font-size:17px\">\u00a1Regale aventuras inolvidables con una tarjeta regalo de Nabila Experience!<\/p>\n\n\n\n<p class=\"has-text-align-left\" style=\"font-size:17px\">Perfecta para exploradores, amantes de las emociones fuertes o cualquier persona dispuesta a descubrir la belleza de Tenerife, esta tarjeta regalo ofrece acceso a una gran variedad de experiencias, desde emocionantes deportes acu\u00e1ticos y excursiones en yates de lujo hasta relajantes excursiones por la isla y lugares de inter\u00e9s cultural.<\/p>\n\n\n\n<p class=\"has-text-align-left\" style=\"font-size:17px\">Disponible en m\u00faltiples cantidades, es el regalo perfecto para Navidad, cumplea\u00f1os, aniversarios o cualquier celebraci\u00f3n.<\/p>\n\n\n\n<div style=\"height:25px\" aria-hidden=\"true\" class=\"wp-block-spacer\"><\/div>\n\n\n\n<p class=\"has-text-align-center\" style=\"font-size:19px\"><strong>\u00a1Deje que creen recuerdos imborrables en Tenerife con Nabila Experience!<\/strong><\/p>\n<\/div><\/div>\n<\/div>\n<\/div><\/div>\n\n\n\n<div class=\"wp-block-columns are-vertically-aligned-center is-layout-flex wp-container-core-columns-is-layout-9d6595d7 wp-block-columns-is-layout-flex\">\n<div class=\"wp-block-column is-vertically-aligned-center is-layout-flow wp-block-column-is-layout-flow\" style=\"flex-basis:100%\">\n<div style=\"height:25px\" aria-hidden=\"true\" class=\"wp-block-spacer\"><\/div>\n\n\n\n<h2 class=\"wp-block-heading alignfull has-text-align-center ticss-e4b7435a has-text-color has-background has-link-color wp-elements-478d0630a526e38e986dd2cee357705e\" style=\"color:#02244d;background-color:#ffbf00;font-size:31px\"><strong>ELIJA SU TARJETA REGALO<\/strong><\/h2>\n<\/div>\n<\/div>\n\n\n\n<div id=\"wp-block-themeisle-blocks-advanced-columns-3f2c419b\" class=\"wp-block-themeisle-blocks-advanced-columns alignfull has-3-columns has-desktop-equal-layout has-tablet-equal-layout has-mobile-collapsedRows-layout has-vertical-center ticss-4ae2f43f\"><div class=\"wp-block-themeisle-blocks-advanced-columns-overlay\"><\/div><div class=\"innerblocks-wrap\">\n<div id=\"wp-block-themeisle-blocks-advanced-column-9b16738d\" class=\"wp-block-themeisle-blocks-advanced-column\">\n<div class=\"wp-block-cover\"><span aria-hidden=\"true\" class=\"wp-block-cover__background has-background-dim\" style=\"background-color:#02244d\"><\/span><img decoding=\"async\" width=\"1920\" height=\"1280\" class=\"wp-block-cover__image-background wp-image-6627 lazyload\" alt=\"\" data-src=\"https:\/\/nabilaexperience.com\/wp-content\/uploads\/2025\/01\/cake-8470015_1920.jpg\" style=\"--smush-placeholder-width: 1920px; --smush-placeholder-aspect-ratio: 1920\/1280;object-position:55% 50%\" data-object-fit=\"cover\" data-object-position=\"55% 50%\" data-srcset=\"https:\/\/nabilaexperience.com\/wp-content\/uploads\/2025\/01\/cake-8470015_1920.jpg 1920w, https:\/\/nabilaexperience.com\/wp-content\/uploads\/2025\/01\/cake-8470015_1920-300x200.jpg 300w, https:\/\/nabilaexperience.com\/wp-content\/uploads\/2025\/01\/cake-8470015_1920-600x400.jpg 600w, https:\/\/nabilaexperience.com\/wp-content\/uploads\/2025\/01\/cake-8470015_1920-1024x683.jpg 1024w, https:\/\/nabilaexperience.com\/wp-content\/uploads\/2025\/01\/cake-8470015_1920-768x512.jpg 768w, https:\/\/nabilaexperience.com\/wp-content\/uploads\/2025\/01\/cake-8470015_1920-1536x1024.jpg 1536w\" data-sizes=\"(max-width: 1920px) 100vw, 1920px\" src=\"data:image\/gif;base64,R0lGODlhAQABAAAAACH5BAEKAAEALAAAAAABAAEAAAICTAEAOw==\" \/><div class=\"wp-block-cover__inner-container is-layout-flow wp-block-cover-is-layout-flow\">\n<div class=\"wp-block-buttons has-custom-font-size is-content-justification-center is-layout-flex wp-container-core-buttons-is-layout-5e6b19ed wp-block-buttons-is-layout-flex\" style=\"font-size:17px\">\n<div class=\"wp-block-button has-custom-width wp-block-button__width-75 has-custom-font-size is-style-primary is-style-outline pulse o-anim-hover has-medium-font-size is-style-outline--1\"><a class=\"wp-block-button__link has-text-color has-background has-link-color has-text-align-center wp-element-button\" href=\"https:\/\/nabilaexperience.com\/es\/producto\/tarjeta-regalo-cumpleanos\/\" style=\"border-radius:0px;color:#ffbf00;background-color:#02244d7d\"><strong>CUMPLEA\u00d1OS<\/strong><\/a><\/div>\n<\/div>\n<\/div><\/div>\n<\/div>\n\n\n\n<div id=\"wp-block-themeisle-blocks-advanced-column-5b9ed101\" class=\"wp-block-themeisle-blocks-advanced-column\">\n<div class=\"wp-block-cover aligncenter o-anim-hover pulse o-anim-offset-30px has-white-color has-text-color has-link-color wp-elements-53ec820a84a783a0cc4dc22279a34633\"><span aria-hidden=\"true\" class=\"wp-block-cover__background has-background-dim\" style=\"background-color:#02244d\"><\/span><img decoding=\"async\" width=\"1920\" height=\"1280\" class=\"wp-block-cover__image-background wp-image-5851 lazyload\" alt=\"\" data-src=\"https:\/\/nabilaexperience.com\/wp-content\/uploads\/2024\/12\/christmas-background-1869902_1920.jpg\" style=\"--smush-placeholder-width: 1920px; --smush-placeholder-aspect-ratio: 1920\/1280;object-position:0% 50%\" data-object-fit=\"cover\" data-object-position=\"0% 50%\" data-srcset=\"https:\/\/nabilaexperience.com\/wp-content\/uploads\/2024\/12\/christmas-background-1869902_1920.jpg 1920w, https:\/\/nabilaexperience.com\/wp-content\/uploads\/2024\/12\/christmas-background-1869902_1920-300x200.jpg 300w, https:\/\/nabilaexperience.com\/wp-content\/uploads\/2024\/12\/christmas-background-1869902_1920-600x400.jpg 600w, https:\/\/nabilaexperience.com\/wp-content\/uploads\/2024\/12\/christmas-background-1869902_1920-1024x683.jpg 1024w, https:\/\/nabilaexperience.com\/wp-content\/uploads\/2024\/12\/christmas-background-1869902_1920-768x512.jpg 768w, https:\/\/nabilaexperience.com\/wp-content\/uploads\/2024\/12\/christmas-background-1869902_1920-1536x1024.jpg 1536w\" data-sizes=\"(max-width: 1920px) 100vw, 1920px\" src=\"data:image\/gif;base64,R0lGODlhAQABAAAAACH5BAEKAAEALAAAAAABAAEAAAICTAEAOw==\" \/><div class=\"wp-block-cover__inner-container is-layout-flow wp-block-cover-is-layout-flow\">\n<div class=\"wp-block-buttons has-custom-font-size is-content-justification-center is-layout-flex wp-container-core-buttons-is-layout-5e6b19ed wp-block-buttons-is-layout-flex\" style=\"font-size:17px\">\n<div class=\"wp-block-button has-custom-width wp-block-button__width-75 has-custom-font-size is-style-primary is-style-outline pulse o-anim-hover has-medium-font-size is-style-outline--2\"><a class=\"wp-block-button__link has-text-color has-background has-link-color has-text-align-center wp-element-button\" href=\"https:\/\/nabilaexperience.com\/es\/producto\/tarjeta-regalo-navidad\/\" style=\"border-radius:0px;color:#ffbf00;background-color:#02244d7d\"><strong>CHRISTMAS<\/strong><\/a><\/div>\n<\/div>\n<\/div><\/div>\n<\/div>\n\n\n\n<div id=\"wp-block-themeisle-blocks-advanced-column-ff02250a\" class=\"wp-block-themeisle-blocks-advanced-column\">\n<div class=\"wp-block-cover\"><span aria-hidden=\"true\" class=\"wp-block-cover__background has-background-dim\" style=\"background-color:#02244d\"><\/span><img decoding=\"async\" width=\"600\" height=\"600\" class=\"wp-block-cover__image-background wp-image-6643 lazyload\" alt=\"\" data-src=\"https:\/\/nabilaexperience.com\/wp-content\/uploads\/2025\/02\/Happy-Birthday-2.png\" data-object-fit=\"cover\" data-srcset=\"https:\/\/nabilaexperience.com\/wp-content\/uploads\/2025\/02\/Happy-Birthday-2.png 600w, https:\/\/nabilaexperience.com\/wp-content\/uploads\/2025\/02\/Happy-Birthday-2-100x100.png 100w, https:\/\/nabilaexperience.com\/wp-content\/uploads\/2025\/02\/Happy-Birthday-2-300x300.png 300w, https:\/\/nabilaexperience.com\/wp-content\/uploads\/2025\/02\/Happy-Birthday-2-150x150.png 150w\" data-sizes=\"(max-width: 600px) 100vw, 600px\" src=\"data:image\/gif;base64,R0lGODlhAQABAAAAACH5BAEKAAEALAAAAAABAAEAAAICTAEAOw==\" style=\"--smush-placeholder-width: 600px; --smush-placeholder-aspect-ratio: 600\/600;\" \/><div class=\"wp-block-cover__inner-container is-layout-flow wp-block-cover-is-layout-flow\">\n<div class=\"wp-block-buttons has-custom-font-size is-content-justification-center is-layout-flex wp-container-core-buttons-is-layout-5e6b19ed wp-block-buttons-is-layout-flex\" style=\"font-size:17px\">\n<div class=\"wp-block-button has-custom-width wp-block-button__width-75 has-custom-font-size is-style-primary is-style-outline has-medium-font-size is-style-outline--3\"><a class=\"wp-block-button__link has-text-color has-background has-link-color wp-element-button\" href=\"https:\/\/nabilaexperience.com\/es\/producto\/tarjeta-regalo-san-valentin\/\" style=\"border-radius:0px;color:#ffbf00;background-color:#02244d7d\"><strong>D\u00cdA DE SAN VALENT\u00cdN<\/strong><\/a><\/div>\n<\/div>\n<\/div><\/div>\n<\/div>\n<\/div><\/div>","protected":false},"excerpt":{"rendered":"<p>GIFT CARD CHOOSE YOUR GIFT CARD<\/p>","protected":false},"author":1,"featured_media":5771,"parent":0,"menu_order":0,"comment_status":"closed","ping_status":"closed","template":"","meta":{"_acf_changed":false,"ocean_post_layout":"","ocean_both_sidebars_style":"","ocean_both_sidebars_content_width":0,"ocean_both_sidebars_sidebars_width":0,"ocean_sidebar":"","ocean_second_sidebar":"","ocean_disable_margins":"enable","ocean_add_body_class":"","ocean_shortcode_before_top_bar":"","ocean_shortcode_after_top_bar":"","ocean_shortcode_before_header":"","ocean_shortcode_after_header":"","ocean_has_shortcode":"","ocean_shortcode_after_title":"","ocean_shortcode_before_footer_widgets":"","ocean_shortcode_after_footer_widgets":"","ocean_shortcode_before_footer_bottom":"","ocean_shortcode_after_footer_bottom":"","ocean_display_top_bar":"default","ocean_display_header":"default","ocean_header_style":"","ocean_center_header_left_menu":"","ocean_custom_header_template":"","ocean_custom_logo":0,"ocean_custom_retina_logo":0,"ocean_custom_logo_max_width":0,"ocean_custom_logo_tablet_max_width":0,"ocean_custom_logo_mobile_max_width":0,"ocean_custom_logo_max_height":0,"ocean_custom_logo_tablet_max_height":0,"ocean_custom_logo_mobile_max_height":0,"ocean_header_custom_menu":"","ocean_menu_typo_font_family":"","ocean_menu_typo_font_subset":"","ocean_menu_typo_font_size":0,"ocean_menu_typo_font_size_tablet":0,"ocean_menu_typo_font_size_mobile":0,"ocean_menu_typo_font_size_unit":"px","ocean_menu_typo_font_weight":"","ocean_menu_typo_font_weight_tablet":"","ocean_menu_typo_font_weight_mobile":"","ocean_menu_typo_transform":"","ocean_menu_typo_transform_tablet":"","ocean_menu_typo_transform_mobile":"","ocean_menu_typo_line_height":0,"ocean_menu_typo_line_height_tablet":0,"ocean_menu_typo_line_height_mobile":0,"ocean_menu_typo_line_height_unit":"","ocean_menu_typo_spacing":0,"ocean_menu_typo_spacing_tablet":0,"ocean_menu_typo_spacing_mobile":0,"ocean_menu_typo_spacing_unit":"","ocean_menu_link_color":"","ocean_menu_link_color_hover":"","ocean_menu_link_color_active":"","ocean_menu_link_background":"","ocean_menu_link_hover_background":"","ocean_menu_link_active_background":"","ocean_menu_social_links_bg":"","ocean_menu_social_hover_links_bg":"","ocean_menu_social_links_color":"","ocean_menu_social_hover_links_color":"","ocean_disable_title":"default","ocean_disable_heading":"default","ocean_post_title":"","ocean_post_subheading":"","ocean_post_title_style":"","ocean_post_title_background_color":"","ocean_post_title_background":0,"ocean_post_title_bg_image_position":"","ocean_post_title_bg_image_attachment":"","ocean_post_title_bg_image_repeat":"","ocean_post_title_bg_image_size":"","ocean_post_title_height":0,"ocean_post_title_bg_overlay":0.5,"ocean_post_title_bg_overlay_color":"","ocean_disable_breadcrumbs":"default","ocean_breadcrumbs_color":"","ocean_breadcrumbs_separator_color":"","ocean_breadcrumbs_links_color":"","ocean_breadcrumbs_links_hover_color":"","ocean_display_footer_widgets":"default","ocean_display_footer_bottom":"default","ocean_custom_footer_template":"","_themeisle_gutenberg_block_has_review":false,"footnotes":""},"class_list":["post-5784","page","type-page","status-publish","has-post-thumbnail","hentry","entry","has-media","owp-thumbs-layout-vertical","owp-btn-very-big","owp-tabs-layout-horizontal","has-no-thumbnails"],"acf":[],"aioseo_notices":[],"jetpack_sharing_enabled":true,"_links":{"self":[{"href":"https:\/\/nabilaexperience.com\/es\/wp-json\/wp\/v2\/pages\/5784","targetHints":{"allow":["GET"]}}],"collection":[{"href":"https:\/\/nabilaexperience.com\/es\/wp-json\/wp\/v2\/pages"}],"about":[{"href":"https:\/\/nabilaexperience.com\/es\/wp-json\/wp\/v2\/types\/page"}],"author":[{"embeddable":true,"href":"https:\/\/nabilaexperience.com\/es\/wp-json\/wp\/v2\/users\/1"}],"replies":[{"embeddable":true,"href":"https:\/\/nabilaexperience.com\/es\/wp-json\/wp\/v2\/comments?post=5784"}],"version-history":[{"count":54,"href":"https:\/\/nabilaexperience.com\/es\/wp-json\/wp\/v2\/pages\/5784\/revisions"}],"predecessor-version":[{"id":8829,"href":"https:\/\/nabilaexperience.com\/es\/wp-json\/wp\/v2\/pages\/5784\/revisions\/8829"}],"wp:featuredmedia":[{"embeddable":true,"href":"https:\/\/nabilaexperience.com\/es\/wp-json\/wp\/v2\/media\/5771"}],"wp:attachment":[{"href":"https:\/\/nabilaexperience.com\/es\/wp-json\/wp\/v2\/media?parent=5784"}],"curies":[{"name":"wp","href":"https:\/\/api.w.org\/{rel}","templated":true}]}}