{"id":3735,"date":"2024-04-09T13:49:41","date_gmt":"2024-04-09T13:49:41","guid":{"rendered":"https:\/\/nabilaexperience.com\/?page_id=3735"},"modified":"2025-06-05T16:09:44","modified_gmt":"2025-06-05T16:09:44","slug":"politica-de-privacidad","status":"publish","type":"page","link":"https:\/\/nabilaexperience.com\/es\/politica-de-privacidad\/","title":{"rendered":"POL\u00cdTICA DE PRIVACIDAD"},"content":{"rendered":"<div style=\"height:50px\" aria-hidden=\"true\" class=\"wp-block-spacer\"><\/div>\n\n\n\n<h1 class=\"wp-block-heading has-text-align-center has-x-large-font-size\" style=\"text-transform:uppercase\">Pol\u00edtica de privacidad<\/h1>\n\n\n\n<div style=\"height:25px\" aria-hidden=\"true\" class=\"wp-block-spacer\"><\/div>\n\n\n\n<p>Esta Pol\u00edtica de Privacidad describe las pol\u00edticas de recogida, uso y divulgaci\u00f3n de la informaci\u00f3n que recopilamos cuando usted utiliza nuestro sitio web https:\/\/nabilaexperience.com\/ (El Sitio). <\/p>\n\n\n\n<div style=\"height:25px\" aria-hidden=\"true\" class=\"wp-block-spacer\"><\/div>\n\n\n\n<p>Al acceder o utilizar el Sitio, usted consiente la recogida, uso y divulgaci\u00f3n de su informaci\u00f3n de acuerdo con esta Pol\u00edtica de Privacidad. Si no da su consentimiento, le rogamos que no acceda al Sitio ni lo utilice.<\/p>\n\n\n\n<p>Podemos modificar esta Pol\u00edtica de Privacidad en cualquier momento sin previo aviso y publicaremos la Pol\u00edtica de Privacidad revisada en el Sitio. La Pol\u00edtica revisada entrar\u00e1 en vigor 180 d\u00edas despu\u00e9s de su publicaci\u00f3n en el Sitio y su acceso o uso continuado del Sitio despu\u00e9s de dicho plazo constituir\u00e1 su aceptaci\u00f3n de la Pol\u00edtica de Privacidad revisada. Por lo tanto, le recomendamos que revise peri\u00f3dicamente esta p\u00e1gina.<\/p>\n\n\n\n<div style=\"height:25px\" aria-hidden=\"true\" class=\"wp-block-spacer\"><\/div>\n\n\n\n<p><strong><mark style=\"background-color:rgba(0, 0, 0, 0);color:#ffbf00\" class=\"has-inline-color\">RESPONSABLE DEL TRATAMIENTO DE SUS DATOS<\/mark><\/strong><\/p>\n\n\n\n<ul class=\"wp-block-list\">\n<li>Nombre de la empresa: NABILA WORLD SL<\/li>\n\n\n\n<li>NIF: B70985965<\/li>\n\n\n\n<li>Nombre comercial: NABILA EXPERIENCE<\/li>\n\n\n\n<li>Direcci\u00f3n: Avenida Barranco de las Torres n\u00b0 10, planta 2, puerta A - 38670 Adeje - Santa Cruz de Tenerife (Espa\u00f1a)<\/li>\n\n\n\n<li>Correo electr\u00f3nico: info@nabilaexperience.com<\/li>\n\n\n\n<li>Tel\u00e9fono: +34 624 84 48 18<\/li>\n<\/ul>\n\n\n\n<div style=\"height:25px\" aria-hidden=\"true\" class=\"wp-block-spacer\"><\/div>\n\n\n\n<p><strong><mark style=\"background-color:rgba(0, 0, 0, 0);color:#ffbf00\" class=\"has-inline-color\">INFORMACI\u00d3N QUE RECOPILAMOS<\/mark><\/strong><br>Recopilaremos y procesaremos la siguiente informaci\u00f3n personal sobre usted:<\/p>\n\n\n\n<ul class=\"wp-block-list\">\n<li>Nombre<\/li>\n\n\n\n<li>Correo electr\u00f3nico<\/li>\n\n\n\n<li>M\u00f3vil<\/li>\n\n\n\n<li>Perfil en las redes sociales<\/li>\n\n\n\n<li>Fecha de nacimiento<\/li>\n\n\n\n<li>Direcci\u00f3n<\/li>\n\n\n\n<li>Informaci\u00f3n de pago<\/li>\n<\/ul>\n\n\n\n<div style=\"height:25px\" aria-hidden=\"true\" class=\"wp-block-spacer\"><\/div>\n\n\n\n<p><mark style=\"background-color:rgba(0, 0, 0, 0);color:#ffbf00\" class=\"has-inline-color\"><strong>C\u00d3MO RECOPILAMOS SU INFORMACI\u00d3N<\/strong><\/mark><br>Recogemos\/recibimos informaci\u00f3n sobre usted de la siguiente manera:<\/p>\n\n\n\n<ul class=\"wp-block-list\">\n<li>Cuando un usuario rellena el formulario de registro o env\u00eda informaci\u00f3n personal de otro modo<\/li>\n\n\n\n<li>Interact\u00faa con el sitio web<\/li>\n\n\n\n<li>De fuentes p\u00fablicas<\/li>\n<\/ul>\n\n\n\n<div style=\"height:25px\" aria-hidden=\"true\" class=\"wp-block-spacer\"><\/div>\n\n\n\n<p><mark style=\"background-color:rgba(0, 0, 0, 0);color:#ffbf00\" class=\"has-inline-color\"><strong>C\u00d3MO UTILIZAMOS SU INFORMACI\u00d3N<\/strong><\/mark><br>Utilizaremos la informaci\u00f3n que recopilemos sobre usted para los siguientes fines:<\/p>\n\n\n\n<ul class=\"wp-block-list\">\n<li>Marketing\/Promoci\u00f3n<\/li>\n\n\n\n<li>Crear una cuenta de usuario<\/li>\n\n\n\n<li>Testimonios<\/li>\n\n\n\n<li>Recogida de opiniones de los clientes<\/li>\n\n\n\n<li>Aplicar las C&amp;C<\/li>\n\n\n\n<li>Procesar el pago<\/li>\n\n\n\n<li>Ayuda<\/li>\n\n\n\n<li>Informaci\u00f3n administrativa<\/li>\n\n\n\n<li>Publicidad dirigida<\/li>\n\n\n\n<li>Gestionar los pedidos de los clientes<\/li>\n\n\n\n<li>Protecci\u00f3n del emplazamiento<\/li>\n\n\n\n<li>Comentarios de usuario a usuario<\/li>\n\n\n\n<li>Resoluci\u00f3n de litigios<\/li>\n\n\n\n<li>Gestionar la cuenta de usuario<\/li>\n\n\n\n<li>Si queremos utilizar su informaci\u00f3n para cualquier otro fin, le pediremos su consentimiento y utilizaremos su informaci\u00f3n s\u00f3lo cuando recibamos su consentimiento y, en ese caso, s\u00f3lo para el fin o fines para los que otorgamos el consentimiento, a menos que la ley nos obligue a hacer otra cosa.<\/li>\n<\/ul>\n\n\n\n<div style=\"height:25px\" aria-hidden=\"true\" class=\"wp-block-spacer\"><\/div>\n\n\n\n<p><mark style=\"background-color:rgba(0, 0, 0, 0);color:#ffbf00\" class=\"has-inline-color\"><strong>C\u00d3MO COMPARTIMOS SU INFORMACI\u00d3N<\/strong><\/mark><br>No transferiremos su informaci\u00f3n personal a terceros sin su consentimiento, excepto en las circunstancias limitadas que se describen a continuaci\u00f3n:<\/p>\n\n\n\n<ul class=\"wp-block-list\">\n<li>Servicio de anuncios<\/li>\n\n\n\n<li>Anal\u00edtica<\/li>\n\n\n\n<li>Servicios de recuperaci\u00f3n de pagos<\/li>\n\n\n\n<li>Recogida y proceso de datos<\/li>\n\n\n\n<li>Exigimos a dichos terceros que utilicen la informaci\u00f3n personal que les transferimos \u00fanicamente para el fin para el que fue transferida y que no la conserven durante m\u00e1s tiempo del necesario para cumplir dicho fin.<\/li>\n\n\n\n<li>Tambi\u00e9n podemos revelar su informaci\u00f3n personal para lo siguiente: (1) para cumplir con la legislaci\u00f3n aplicable, reglamentos, \u00f3rdenes judiciales u otros procesos legales; (2) para hacer cumplir sus acuerdos con nosotros, incluyendo esta Pol\u00edtica de Privacidad; o (3) para responder a reclamaciones de que su uso del Sitio viola cualquier derecho de terceros. Si el Servicio o nuestra empresa se fusionan o adquieren con otra empresa, su informaci\u00f3n ser\u00e1 uno de los activos que se transfieran al nuevo propietario.<\/li>\n<\/ul>\n\n\n\n<div style=\"height:25px\" aria-hidden=\"true\" class=\"wp-block-spacer\"><\/div>\n\n\n\n<p><mark style=\"background-color:rgba(0, 0, 0, 0);color:#ffbf00\" class=\"has-inline-color\"><strong>CONSERVACI\u00d3N DE SUS DATOS<\/strong><\/mark><br>Conservaremos su informaci\u00f3n personal entre 90 d\u00edas y 2 a\u00f1os despu\u00e9s de que los usuarios cancelen sus cuentas o mientras la necesitemos para cumplir los fines para los que fue recopilada, tal y como se detalla en esta Pol\u00edtica de privacidad. Es posible que necesitemos retener cierta informaci\u00f3n durante per\u00edodos m\u00e1s largos, como el mantenimiento de registros \/ informes de conformidad con la legislaci\u00f3n aplicable o por otras razones leg\u00edtimas como el cumplimiento de los derechos legales, la prevenci\u00f3n del fraude, etc. La informaci\u00f3n an\u00f3nima residual y la informaci\u00f3n agregada, ninguna de las cuales le identifica (directa o indirectamente), pueden almacenarse indefinidamente.<\/p>\n\n\n\n<div style=\"height:25px\" aria-hidden=\"true\" class=\"wp-block-spacer\"><\/div>\n\n\n\n<p><mark style=\"background-color:rgba(0, 0, 0, 0);color:#ffbf00\" class=\"has-inline-color\"><strong>SUS DERECHOS<\/strong><\/mark><br>En funci\u00f3n de la legislaci\u00f3n aplicable, usted puede tener derecho a acceder a sus datos personales y rectificarlos o borrarlos o recibir una copia de los mismos, limitar el tratamiento activo de sus datos u oponerse a \u00e9l, solicitarnos que compartamos (portemos) su informaci\u00f3n personal a otra entidad, retirar cualquier consentimiento que nos haya dado para tratar sus datos, derecho a presentar una reclamaci\u00f3n ante una autoridad legal y otros derechos que puedan corresponderle en virtud de la legislaci\u00f3n aplicable. Para ejercer estos derechos, puede escribirnos a info@nabilaexperience.com. Responderemos a su solicitud de conformidad con la legislaci\u00f3n aplicable.<br>Puede darse de baja de las comunicaciones de marketing directo o de la elaboraci\u00f3n de perfiles que llevamos a cabo con fines de marketing escribi\u00e9ndonos a info@nabilaexperience.com.<br>Tenga en cuenta que si no nos permite recopilar o procesar la informaci\u00f3n personal requerida o retira el consentimiento para procesar la misma para los fines requeridos, es posible que no pueda acceder o utilizar los servicios para los que se solicit\u00f3 su informaci\u00f3n.<\/p>\n\n\n\n<div style=\"height:25px\" aria-hidden=\"true\" class=\"wp-block-spacer\"><\/div>\n\n\n\n<p><mark style=\"background-color:rgba(0, 0, 0, 0);color:#ffbf00\" class=\"has-inline-color\"><strong>COOKIES<\/strong><\/mark><br>Para obtener m\u00e1s informaci\u00f3n sobre c\u00f3mo las utilizamos y sus opciones en relaci\u00f3n con estas tecnolog\u00edas de rastreo, consulte nuestro <a href=\"https:\/\/nabilaexperience.com\/es\/politica-de-cookies\/\" title=\"Pol\u00edtica de cookies\">Pol\u00edtica de cookies<\/a>.<\/p>\n\n\n\n<div style=\"height:25px\" aria-hidden=\"true\" class=\"wp-block-spacer\"><\/div>\n\n\n\n<p><mark style=\"background-color:rgba(0, 0, 0, 0);color:#ffbf00\" class=\"has-inline-color\"><strong>SEGURIDAD<\/strong><\/mark><br>La seguridad de su informaci\u00f3n es importante para nosotros y utilizaremos medidas de seguridad razonables para evitar la p\u00e9rdida, el uso indebido o la alteraci\u00f3n no autorizada de su informaci\u00f3n bajo nuestro control. Sin embargo, dados los riesgos inherentes, no podemos garantizar una seguridad absoluta y, en consecuencia, no podemos asegurar o garantizar la seguridad de cualquier informaci\u00f3n que nos transmita y usted lo hace bajo su propio riesgo.<\/p>\n\n\n\n<div style=\"height:25px\" aria-hidden=\"true\" class=\"wp-block-spacer\"><\/div>\n\n\n\n<p><mark style=\"background-color:rgba(0, 0, 0, 0);color:#ffbf00\" class=\"has-inline-color\"><strong>ENLACES DE TERCEROS Y USO DE SU INFORMACI\u00d3N<\/strong><\/mark><br>Nuestro Servicio puede contener enlaces a otros sitios web que no son operados por nosotros. La presente Pol\u00edtica de Privacidad no se refiere a la pol\u00edtica de privacidad ni a otras pr\u00e1cticas de terceros, incluidos los terceros que operen cualquier sitio web o servicio al que pueda accederse a trav\u00e9s de un enlace en el Sitio. Le recomendamos encarecidamente que revise la pol\u00edtica de privacidad de cada sitio que visite. No tenemos ning\u00fan control ni asumimos ninguna responsabilidad por el contenido, las pol\u00edticas de privacidad o las pr\u00e1cticas de los sitios o servicios de terceros.<\/p>\n\n\n\n<div style=\"height:25px\" aria-hidden=\"true\" class=\"wp-block-spacer\"><\/div>\n\n\n\n<p><mark style=\"background-color:rgba(0, 0, 0, 0);color:#ffbf00\" class=\"has-inline-color\"><strong>RESPONSABLE DE QUEJAS \/ PROTECCI\u00d3N DE DATOS<\/strong><\/mark><br>Si tiene alguna duda o preocupaci\u00f3n sobre el tratamiento de la informaci\u00f3n de que disponemos, puede enviar un correo electr\u00f3nico a nuestro responsable de quejas a info@nabilaexperience.com. Atenderemos sus inquietudes de conformidad con la legislaci\u00f3n aplicable.<\/p>\n\n\n\n<div style=\"height:50px\" aria-hidden=\"true\" class=\"wp-block-spacer\"><\/div>","protected":false},"excerpt":{"rendered":"<p>Privacy Policy This Privacy Policy describes the policies on the collection, use and disclosure of your information that we collect when you use our website https:\/\/nabilaexperience.com\/ (The Site). By accessing or using the Site, you are consenting to the collection, use and disclosure of your information in accordance with this Privacy Policy. If you do [&hellip;]<\/p>\n","protected":false},"author":1,"featured_media":5115,"parent":0,"menu_order":0,"comment_status":"closed","ping_status":"closed","template":"","meta":{"_acf_changed":false,"ocean_post_layout":"","ocean_both_sidebars_style":"","ocean_both_sidebars_content_width":0,"ocean_both_sidebars_sidebars_width":0,"ocean_sidebar":"","ocean_second_sidebar":"","ocean_disable_margins":"enable","ocean_add_body_class":"","ocean_shortcode_before_top_bar":"","ocean_shortcode_after_top_bar":"","ocean_shortcode_before_header":"","ocean_shortcode_after_header":"","ocean_has_shortcode":"","ocean_shortcode_after_title":"","ocean_shortcode_before_footer_widgets":"","ocean_shortcode_after_footer_widgets":"","ocean_shortcode_before_footer_bottom":"","ocean_shortcode_after_footer_bottom":"","ocean_display_top_bar":"default","ocean_display_header":"default","ocean_header_style":"","ocean_center_header_left_menu":"","ocean_custom_header_template":"","ocean_custom_logo":0,"ocean_custom_retina_logo":0,"ocean_custom_logo_max_width":0,"ocean_custom_logo_tablet_max_width":0,"ocean_custom_logo_mobile_max_width":0,"ocean_custom_logo_max_height":0,"ocean_custom_logo_tablet_max_height":0,"ocean_custom_logo_mobile_max_height":0,"ocean_header_custom_menu":"","ocean_menu_typo_font_family":"","ocean_menu_typo_font_subset":"","ocean_menu_typo_font_size":0,"ocean_menu_typo_font_size_tablet":0,"ocean_menu_typo_font_size_mobile":0,"ocean_menu_typo_font_size_unit":"px","ocean_menu_typo_font_weight":"","ocean_menu_typo_font_weight_tablet":"","ocean_menu_typo_font_weight_mobile":"","ocean_menu_typo_transform":"","ocean_menu_typo_transform_tablet":"","ocean_menu_typo_transform_mobile":"","ocean_menu_typo_line_height":0,"ocean_menu_typo_line_height_tablet":0,"ocean_menu_typo_line_height_mobile":0,"ocean_menu_typo_line_height_unit":"","ocean_menu_typo_spacing":0,"ocean_menu_typo_spacing_tablet":0,"ocean_menu_typo_spacing_mobile":0,"ocean_menu_typo_spacing_unit":"","ocean_menu_link_color":"","ocean_menu_link_color_hover":"","ocean_menu_link_color_active":"","ocean_menu_link_background":"","ocean_menu_link_hover_background":"","ocean_menu_link_active_background":"","ocean_menu_social_links_bg":"","ocean_menu_social_hover_links_bg":"","ocean_menu_social_links_color":"","ocean_menu_social_hover_links_color":"","ocean_disable_title":"default","ocean_disable_heading":"default","ocean_post_title":"","ocean_post_subheading":"","ocean_post_title_style":"","ocean_post_title_background_color":"","ocean_post_title_background":0,"ocean_post_title_bg_image_position":"","ocean_post_title_bg_image_attachment":"","ocean_post_title_bg_image_repeat":"","ocean_post_title_bg_image_size":"","ocean_post_title_height":0,"ocean_post_title_bg_overlay":0.5,"ocean_post_title_bg_overlay_color":"","ocean_disable_breadcrumbs":"default","ocean_breadcrumbs_color":"","ocean_breadcrumbs_separator_color":"","ocean_breadcrumbs_links_color":"","ocean_breadcrumbs_links_hover_color":"","ocean_display_footer_widgets":"default","ocean_display_footer_bottom":"default","ocean_custom_footer_template":"","_themeisle_gutenberg_block_has_review":false,"footnotes":""},"class_list":["post-3735","page","type-page","status-publish","has-post-thumbnail","hentry","entry","has-media","owp-thumbs-layout-vertical","owp-btn-very-big","owp-tabs-layout-horizontal","has-no-thumbnails"],"acf":[],"aioseo_notices":[],"jetpack_sharing_enabled":true,"_links":{"self":[{"href":"https:\/\/nabilaexperience.com\/es\/wp-json\/wp\/v2\/pages\/3735","targetHints":{"allow":["GET"]}}],"collection":[{"href":"https:\/\/nabilaexperience.com\/es\/wp-json\/wp\/v2\/pages"}],"about":[{"href":"https:\/\/nabilaexperience.com\/es\/wp-json\/wp\/v2\/types\/page"}],"author":[{"embeddable":true,"href":"https:\/\/nabilaexperience.com\/es\/wp-json\/wp\/v2\/users\/1"}],"replies":[{"embeddable":true,"href":"https:\/\/nabilaexperience.com\/es\/wp-json\/wp\/v2\/comments?post=3735"}],"version-history":[{"count":22,"href":"https:\/\/nabilaexperience.com\/es\/wp-json\/wp\/v2\/pages\/3735\/revisions"}],"predecessor-version":[{"id":11067,"href":"https:\/\/nabilaexperience.com\/es\/wp-json\/wp\/v2\/pages\/3735\/revisions\/11067"}],"wp:featuredmedia":[{"embeddable":true,"href":"https:\/\/nabilaexperience.com\/es\/wp-json\/wp\/v2\/media\/5115"}],"wp:attachment":[{"href":"https:\/\/nabilaexperience.com\/es\/wp-json\/wp\/v2\/media?parent=3735"}],"curies":[{"name":"wp","href":"https:\/\/api.w.org\/{rel}","templated":true}]}}