{"id":3712,"date":"2024-04-05T18:13:36","date_gmt":"2024-04-05T18:13:36","guid":{"rendered":"https:\/\/nabilaexperience.com\/?page_id=3712"},"modified":"2025-03-10T16:11:58","modified_gmt":"2025-03-10T16:11:58","slug":"sitemap","status":"publish","type":"page","link":"https:\/\/nabilaexperience.com\/es\/sitemap\/","title":{"rendered":"MAPA DEL SITIO"},"content":{"rendered":"<div style=\"height:50px\" aria-hidden=\"true\" class=\"wp-block-spacer\"><\/div>\n\n\n\n<h1 class=\"wp-block-heading has-text-align-center ticss-ddbaa43c has-x-large-font-size\">MAPA DEL SITIO<\/h1>\n\n\n\n<p>Explore nuestro mapa web para navegar f\u00e1cilmente por nuestro sitio web. Encuentre excursiones, actividades y experiencias para que su aventura en Tenerife sea inolvidable.<\/p>\n\n\n\n<div style=\"height:25px\" aria-hidden=\"true\" class=\"wp-block-spacer\"><\/div>\n\n\n<div class=\"aioseo-html-sitemap\"><style>.aioseo-html-sitemap.labels-hidden ul { margin: 0; }<\/style><div class=\"aioseo-html-page-sitemap\"><h4>P\u00e1ginas<\/h4><ul><li><a href=\"https:\/\/nabilaexperience.com\/es\/acerca-de-nosotros\/\" >SOBRE NOSOTROS<\/a><\/li><li><a href=\"https:\/\/nabilaexperience.com\/es\/affiliate-area\/\" >\u00c1REA AFILIADOS<\/a><\/li><li><a href=\"https:\/\/nabilaexperience.com\/es\/affiliate-registration\/\" >REGISTRO DE AFILIADOS<\/a><\/li><li><a href=\"https:\/\/nabilaexperience.com\/es\/alquiler-barcos-tenerife\/\" >ALQUILER DE BARCOS EN TENERIFE<\/a><\/li><li><a href=\"https:\/\/nabilaexperience.com\/es\/alquiler-barcos-tenerife-lujo-relax\/\" >ALQUILER DE BARCOS TENERIFE - LUJO Y RELAX<\/a><\/li><li><a href=\"https:\/\/nabilaexperience.com\/es\/alquiler-de-barcos-tenerife-fiesta-privada\/\" >ALQUILER DE BARCOS TENERIFE - FIESTA PRIVADA<\/a><\/li><li><a href=\"https:\/\/nabilaexperience.com\/es\/alquiler-barcos-tenerife-deportes-diversion\/\" >ALQUILER DE BARCOS TENERIFE - DEPORTE Y DIVERSI\u00d3N<\/a><\/li><li><a href=\"https:\/\/nabilaexperience.com\/es\/cotizacion-de-evento-empresarial\/\" >PRESUPUESTO DE EVENTOS<\/a><\/li><li><a href=\"https:\/\/nabilaexperience.com\/es\/alquiler-de-coches-tenerife\/\" >ALQUILER DE COCHES<\/a><\/li><li><a href=\"https:\/\/nabilaexperience.com\/es\/carrito\/\" >CARRO<\/a><\/li><li><a href=\"https:\/\/nabilaexperience.com\/es\/finalizar-compra\/\" >CHECKOUT<\/a><\/li><li><a href=\"https:\/\/nabilaexperience.com\/es\/mejores-cosas-que-hacer-en-tenerife-en-dia-nublado\/\" >D\u00cdA NUBLADO<\/a><\/li><li><a href=\"https:\/\/nabilaexperience.com\/es\/contactenos\/\" >CONT\u00c1CTENOS<\/a><\/li><li><a href=\"https:\/\/nabilaexperience.com\/es\/politica-de-cookies\/\" >POL\u00cdTICA DE COOKIES<\/a><\/li><li><a href=\"https:\/\/nabilaexperience.com\/es\/planificacion-de-eventos-en-tenerife\/\" >PLANIFICACI\u00d3N DE EVENTOS<\/a><\/li><li><a href=\"https:\/\/nabilaexperience.com\/es\/faq\/\" >FAQ<\/a><\/li><li><a href=\"https:\/\/nabilaexperience.com\/es\/encuentrar-excursiones-tenerife\/\" >ENCUENTRA TUS EXCURSIONES EN TENERIFE<\/a><\/li><li><a href=\"https:\/\/nabilaexperience.com\/es\/tarjeta-regalo\/\" >TARJETA REGALO<\/a><\/li><li><a href=\"https:\/\/nabilaexperience.com\/es\/casas-de-vacaciones-en-tenerife\/\" >CASAS DE VACACIONES<\/a><\/li><li><a href=\"https:\/\/nabilaexperience.com\/es\/administradores-de-casas-de-vacaciones-o-de-negocios\/\" >CASA DE VACACIONES O GERENTES DE EMPRESA<\/a><\/li><li><a href=\"https:\/\/nabilaexperience.com\/es\" >INICIO<\/a><\/li><li><a href=\"https:\/\/nabilaexperience.com\/es\/influencers\/\" >INFLUENCERS<\/a><\/li><li><a href=\"https:\/\/nabilaexperience.com\/es\/tenerife-info-consejos\/\" >INFO Y CONSEJOS<\/a><\/li><li><a href=\"https:\/\/nabilaexperience.com\/es\/unete-al-equipo\/\" >\u00daNETE AL EQUIPO<\/a><\/li><li><a href=\"https:\/\/nabilaexperience.com\/es\/aviso-legal\/\" >AVISO LEGAL<\/a><\/li><li><a href=\"https:\/\/nabilaexperience.com\/es\/tenerife-camaras-web-directo\/\" >C\u00c1MARAS WEB EN DIRECTO<\/a><\/li><li><a href=\"https:\/\/nabilaexperience.com\/es\/panel-de-afiliados-multinivel\/\" >PANEL DE AFILIADOS MULTINIVEL<\/a><\/li><li><a href=\"https:\/\/nabilaexperience.com\/es\/others-affiliates\/\" >OTROS AFILIADOS<\/a><\/li><li><a href=\"https:\/\/nabilaexperience.com\/es\/nuestra-mision\/\" >NUESTRA MISI\u00d3N<\/a><\/li><li><a href=\"https:\/\/nabilaexperience.com\/es\/tenerife-excursiones-nuestra-seleccion\/\" >NUESTRA SELECCI\u00d3N DE EXCURSIONES EN TENERIFE<\/a><\/li><li><a href=\"https:\/\/nabilaexperience.com\/es\/politica-de-privacidad\/\" >POL\u00cdTICA DE PRIVACIDAD<\/a><\/li><li><a href=\"https:\/\/nabilaexperience.com\/es\/presupuesto-evento-privado\/\" >PRESUPUESTO EVENTO PRIVADO<\/a><\/li><li><a href=\"https:\/\/nabilaexperience.com\/es\/mejores-cosas-que-hacer-en-tenerife-en-un-dia-de-lluvia\/\" >D\u00cdA DE LLUVIA<\/a><\/li><li><a href=\"https:\/\/nabilaexperience.com\/es\/tenerife-escapada-relajante\/\" >ESCAPADA RELAJANTE A TENERIFE<\/a><\/li><li><a href=\"https:\/\/nabilaexperience.com\/es\/resenas\/\" >RESE\u00d1AS<\/a><\/li><li><a href=\"https:\/\/nabilaexperience.com\/es\/alquiler-de-scooter-en-tenerife\/\" >ALQUILER DE SCOOTERS<\/a><\/li><li><a href=\"https:\/\/nabilaexperience.com\/es\/sitemap\/\" >MAPA DEL SITIO<\/a><\/li><li><a href=\"https:\/\/nabilaexperience.com\/es\/redes-sociales\/\" >REDES SOCIALES<\/a><\/li><li><a href=\"https:\/\/nabilaexperience.com\/es\/mejores-cosas-que-hacer-en-tenerife-en-dia-soleado\/\" >D\u00cdA SOLEADO<\/a><\/li><li><a href=\"https:\/\/nabilaexperience.com\/es\/alquiler-de-supercoches-en-tenerife\/\" >ALQUILER DE SUPERCOCHES<\/a><\/li><li><a href=\"https:\/\/nabilaexperience.com\/es\/excursiones-teide\/\" >EXCURSIONES AL TEIDE<\/a><\/li><li><a href=\"https:\/\/nabilaexperience.com\/es\/excursiones-barco-tenerife\/\" >EXCURSIONES EN BARCO EN TENERIFE<\/a><\/li><li><a href=\"https:\/\/nabilaexperience.com\/es\/tenerife-eventos-empresarial\/\" >EVENTOS EN TENERIFE - SU EVENTO DE NEGOCIOS PERFECTO<\/a><\/li><li><a href=\"https:\/\/nabilaexperience.com\/es\/tenerife-eventos-privados\/\" >EVENTOS EN TENERIFE - SU EVENTO PERFECTO<\/a><\/li><li><a href=\"https:\/\/nabilaexperience.com\/es\/packs-excursiones-tenerife\/\" >PAQUETES EXCURSIONES TENERIFE<\/a><\/li><li><a href=\"https:\/\/nabilaexperience.com\/es\/excursiones-tenerife\/\" >EXCURSIONES EN TENERIFE<\/a><\/li><li><a href=\"https:\/\/nabilaexperience.com\/es\/tenerife-excursiones-adrenalina\/\" >EXCURSIONES TENERIFE - ADRENALINA<\/a><\/li><li><a href=\"https:\/\/nabilaexperience.com\/es\/tenerife-excursiones-parejas\/\" >EXCURSIONES EN TENERIFE - LO MEJOR PARA PAREJAS<\/a><\/li><li><a href=\"https:\/\/nabilaexperience.com\/es\/tenerife-excursiones-familias\/\" >EXCURSIONES EN TENERIFE - LO MEJOR PARA LAS FAMILIAS<\/a><\/li><li><a href=\"https:\/\/nabilaexperience.com\/es\/tenerife-excursiones-grupos\/\" >EXCURSIONES EN TENERIFE - LO MEJOR PARA GRUPOS<\/a><\/li><li><a href=\"https:\/\/nabilaexperience.com\/es\/tenerife-excursiones-mejores\/\" >EXCURSIONES EN TENERIFE - LO MEJOR PARA USTED<\/a><\/li><li><a href=\"https:\/\/nabilaexperience.com\/es\/excursiones-tenerife-mas-vendidas\/\" >EXCURSIONES EN TENERIFE - LOS M\u00c1S VENDIDOS<\/a><\/li><li><a href=\"https:\/\/nabilaexperience.com\/es\/tenerife-excursiones-cupon-descuento-10\/\" >EXCURSIONES EN TENERIFE - C\u00d3DIGO DE CUP\u00d3N 10% OFF<\/a><\/li><li><a href=\"https:\/\/nabilaexperience.com\/es\/tenerife-excursiones-conducir-montar\/\" >EXCURSIONES EN TENERIFE - DRIVE &amp; RIDE<\/a><\/li><li><a href=\"https:\/\/nabilaexperience.com\/es\/tenerife-excursiones-explorar-descubrir\/\" >EXCURSIONES EN TENERIFE - EXPLORA Y DESCUBRE<\/a><\/li><li><a href=\"https:\/\/nabilaexperience.com\/es\/tenerife-excursiones-lujo\/\" >EXCURSIONES TENERIFE - LUJO<\/a><\/li><li><a href=\"https:\/\/nabilaexperience.com\/es\/tenerife-excursiones-especiales\/\" >EXCURSIONES EN TENERIFE - ESPECIALES<\/a><\/li><li><a href=\"https:\/\/nabilaexperience.com\/es\/tenerife-tierra-aventuras\/\" >TENERIFE LAND ADVENTURES<\/a><\/li><li><a href=\"https:\/\/nabilaexperience.com\/es\/parques-tematicos-tenerife\/\" >PARQUE DE ATRACCIONES DE TENERIFE<\/a><\/li><li><a href=\"https:\/\/nabilaexperience.com\/es\/alquileres-en-tenerife\/\" >ALQUILERES EN TENERIFE<\/a><\/li><li><a href=\"https:\/\/nabilaexperience.com\/es\/servicios-en-tenerife\/\" >SERVICIOS EN TENERIFE<\/a><\/li><li><a href=\"https:\/\/nabilaexperience.com\/es\/experiencias-cielo-tenerife\/\" >EXPERIENCIAS TENERIFE SKY<\/a><\/li><li><a href=\"https:\/\/nabilaexperience.com\/es\/tenerife-observacion-estrellas\/\" >OBSERVACI\u00d3N DE ESTRELLAS EN TENERIFE<\/a><\/li><li><a href=\"https:\/\/nabilaexperience.com\/es\/tours-tenerife\/\" >TENERIFE TOURS<\/a><\/li><li><a href=\"https:\/\/nabilaexperience.com\/es\/actividades-acuaticas-tenerife\/\" >ACTIVIDADES ACU\u00c1TICAS EN TENERIFE<\/a><\/li><li><a href=\"https:\/\/nabilaexperience.com\/es\/avistamiento-ballenas-tenerife\/\" >AVISTAMIENTO DE CET\u00c1CEOS EN TENERIFE<\/a><\/li><li><a href=\"https:\/\/nabilaexperience.com\/es\/terminos-y-condiciones\/\" >CONDICIONES GENERALES<\/a><\/li><li><a href=\"https:\/\/nabilaexperience.com\/es\/gracias\/\" >Gracias<\/a><\/li><li><a href=\"https:\/\/nabilaexperience.com\/es\/rejilla-de-loto\/\" >Tour Lotus Vista en cuadr\u00edcula<\/a><\/li><li><a href=\"https:\/\/nabilaexperience.com\/es\/rejilla-de-orquideas\/\" >Tour Orqu\u00eddea Vista en cuadr\u00edcula<\/a><\/li><li><a href=\"https:\/\/nabilaexperience.com\/es\/encuentre\/\" >Resultado de la b\u00fasqueda<\/a><\/li><li><a href=\"https:\/\/nabilaexperience.com\/es\/traslado-tenerife\/\" >TRASLADO<\/a><\/li><li><a href=\"https:\/\/nabilaexperience.com\/es\/tenerife-tiempo-clima\/\" >TIEMPO Y CLIMA<\/a><\/li><li><a href=\"https:\/\/nabilaexperience.com\/es\/que-llevar-a-tenerife\/\" >QU\u00c9 LLEVAR<\/a><\/li><\/ul><\/div><br \/><div class=\"aioseo-html-ttbm_tour-sitemap\"><h4>Experiencias<\/h4><ul><li><a href=\"https:\/\/nabilaexperience.com\/es\/experiencias\/parque-aventura-tenerife\/\" >PARQUE DE AVENTURAS<\/a><\/li><li><a href=\"https:\/\/nabilaexperience.com\/es\/experiencias\/subida-al-teleferico-del-pico-teide\/\" >SUBIDA AL PICO DEL TEIDE EN TELEF\u00c9RICO<\/a><\/li><li><a href=\"https:\/\/nabilaexperience.com\/es\/experiencias\/curso-de-buceo-en-tenerife-padi-open-water\/\" >CURSO DE BUCEO - PADI OPEN WATER<\/a><\/li><li><a href=\"https:\/\/nabilaexperience.com\/es\/experiencias\/alquiler-moto-ducati-tenerife\/\" >ALQUILER DE MOTOS DUCATI<\/a><\/li><li><a href=\"https:\/\/nabilaexperience.com\/es\/experiencias\/e-surf-en-tenerife\/\" >E-SURF<\/a><\/li><li><a href=\"https:\/\/nabilaexperience.com\/es\/experiencias\/excursion-en-catamaran-ecologico-en-tenerife\/\" >EXCURSI\u00d3N EN CATAMAR\u00c1N ECOL\u00d3GICO<\/a><\/li><li><a href=\"https:\/\/nabilaexperience.com\/es\/experiencias\/excursion-en-barco-de-pesca-en-tenerife\/\" >EXCURSI\u00d3N EN BARCO DE PESCA<\/a><\/li><li><a href=\"https:\/\/nabilaexperience.com\/es\/experiencias\/excursion-en-catamaran-con-fondo-de-cristal-en-tenerife\/\" >EXCURSI\u00d3N EN CATAMAR\u00c1N CON FONDO DE CRISTAL<\/a><\/li><li><a href=\"https:\/\/nabilaexperience.com\/es\/experiencias\/karting-en-tenerife\/\" >KARTING<\/a><\/li><li><a href=\"https:\/\/nabilaexperience.com\/es\/experiencias\/tour-en-helicoptero-en-tenerife\/\" >TOUR EN HELIC\u00d3PTERO<\/a><\/li><li><a href=\"https:\/\/nabilaexperience.com\/es\/experiencias\/paseo-a-caballo-en-tenerife\/\" >PASEO A CABALLO<\/a><\/li><li><a href=\"https:\/\/nabilaexperience.com\/es\/experiencias\/tour-jeep-tenerife\/\" >TOUR EN JEEP<\/a><\/li><li><a href=\"https:\/\/nabilaexperience.com\/es\/experiencias\/moto-de-agua-tenerife\/\" >MOTO DE AGUA<\/a><\/li><li><a href=\"https:\/\/nabilaexperience.com\/es\/experiencias\/tour-kayak-tenerife-con-snorkel\/\" >EXCURSI\u00d3N EN KAYAK CON SNORKEL<\/a><\/li><li><a href=\"https:\/\/nabilaexperience.com\/es\/experiencias\/loro-parque-tenerife\/\" >LORO PARQUE<\/a><\/li><li><a href=\"https:\/\/nabilaexperience.com\/es\/experiencias\/20m-alquiler-barco-de-lujo-tenerife\/\" >ALQUILER DE BARCO DE LUJO - 20 METROS<\/a><\/li><li><a href=\"https:\/\/nabilaexperience.com\/es\/experiencias\/paseo-en-barco-de-lujo-en-tenerife\/\" >PASEO EN BARCO DE LUJO<\/a><\/li><li><a href=\"https:\/\/nabilaexperience.com\/es\/experiencias\/excursion-en-catamaran-de-lujo-en-tenerife\/\" >EXCURSI\u00d3N EN CATAMAR\u00c1N DE LUJO<\/a><\/li><li><a href=\"https:\/\/nabilaexperience.com\/es\/experiencias\/picnic-de-lujo-en-tenerife\/\" >PICNIC DE LUJO<\/a><\/li><li><a href=\"https:\/\/nabilaexperience.com\/es\/experiencias\/tenerife-alquiler-scooter-movilidad\/\" >ALQUILER DE SCOOTERS DE MOVILIDAD REDUCIDA<\/a><\/li><li><a href=\"https:\/\/nabilaexperience.com\/es\/experiencias\/parapente-en-tenerife-teide\/\" >PARAPENTE DESDE EL TEIDE<\/a><\/li><li><a href=\"https:\/\/nabilaexperience.com\/es\/experiencias\/parapente-en-tenerife-adeje\/\" >PARAPENTE EN ADEJE<\/a><\/li><li><a href=\"https:\/\/nabilaexperience.com\/es\/experiencias\/parapente-en-tenerife-anaga\/\" >PARAPENTE EN ANAGA<\/a><\/li><li><a href=\"https:\/\/nabilaexperience.com\/es\/experiencias\/parapente-en-tenerife-guimar\/\" >PARAPENTE EN G\u00dc\u00cdMAR<\/a><\/li><li><a href=\"https:\/\/nabilaexperience.com\/es\/experiencias\/parapente-en-tenerife-los-realejos\/\" >PARAPENTE EN LOS REALEJOS<\/a><\/li><li><a href=\"https:\/\/nabilaexperience.com\/es\/experiencias\/parasailing-en-tenerife\/\" >PARASILING<\/a><\/li><li><a href=\"https:\/\/nabilaexperience.com\/es\/experiencias\/alquiler-de-barco-sin-licencia-premium-en-tenerife\/\" >ALQUILER DE BARCOS PREMIUM SIN CONDUCTOR<\/a><\/li><li><a href=\"https:\/\/nabilaexperience.com\/es\/experiencias\/tour-privado-anaga-tenerife\/\" >TOUR PRIVADO EN ANAGA<\/a><\/li><li><a href=\"https:\/\/nabilaexperience.com\/es\/experiencias\/tour-privado-personalizable-en-tenerife\/\" >TOUR PRIVADO PERSONALIZABLE<\/a><\/li><li><a href=\"https:\/\/nabilaexperience.com\/es\/experiencias\/tour-privado-catamaran-ecologico-en-tenerife\/\" >EXCURSI\u00d3N PRIVADA EN CATAMAR\u00c1N ECOL\u00d3GICO<\/a><\/li><li><a href=\"https:\/\/nabilaexperience.com\/es\/experiencias\/excursion-privada-en-barco-de-pesca-en-tenerife\/\" >EXCURSI\u00d3N PRIVADA EN BARCO DE PESCA<\/a><\/li><li><a href=\"https:\/\/nabilaexperience.com\/es\/experiencias\/excursion-privada-en-catamaran-con-fondo-de-cristal-en-tenerife\/\" >EXCURSI\u00d3N PRIVADA EN CATAMAR\u00c1N CON FONDO DE CRISTAL<\/a><\/li><li><a href=\"https:\/\/nabilaexperience.com\/es\/experiencias\/tour-privado-isla-de-tenerife\/\" >TOUR PRIVADO POR LA ISLA<\/a><\/li><li><a href=\"https:\/\/nabilaexperience.com\/es\/experiencias\/tour-gastronomico-privado-masca-tenerife\/\" >TOUR GASTRON\u00d3MICO PRIVADO EN MASCA<\/a><\/li><li><a href=\"https:\/\/nabilaexperience.com\/es\/experiencias\/excursion-privada-por-la-costa-norte-de-tenerife\/\" >EXCURSI\u00d3N PRIVADA POR LA COSTA NORTE<\/a><\/li><li><a href=\"https:\/\/nabilaexperience.com\/es\/experiencias\/alquiler-de-velero-privado-en-tenerife\/\" >ALQUILER DE VELERO PRIVADO<\/a><\/li><li><a href=\"https:\/\/nabilaexperience.com\/es\/experiencias\/observacion-estrellas-tenerife-tour-privado-teide\/\" >TOUR PRIVADO DE OBSERVACI\u00d3N DE ESTRELLAS AL TEIDE<\/a><\/li><li><a href=\"https:\/\/nabilaexperience.com\/es\/experiencias\/tour-privado-en-tenerife-teide-vino\/\" >TOUR PRIVADO TEIDE &amp; VINO<\/a><\/li><li><a href=\"https:\/\/nabilaexperience.com\/es\/experiencias\/tour-privado-al-teide-en-tenerife\/\" >TOUR PRIVADO AL TEIDE<\/a><\/li><li><a href=\"https:\/\/nabilaexperience.com\/es\/experiencias\/tour-privado-tenerife-masca-garachico-icod\/\" >TOUR PRIVADO: MASCA, GARACHICO &amp; ICOD<\/a><\/li><li><a href=\"https:\/\/nabilaexperience.com\/es\/experiencias\/tenerife-tour-privado-teide-avistamiento-cetaceos\/\" >TOUR PRIVADO: TEIDE Y AVISTAMIENTO DE BALLENAS<\/a><\/li><li><a href=\"https:\/\/nabilaexperience.com\/es\/experiencias\/tour-privado-en-tenerife-vino-gastronomia\/\" >TOUR PRIVADO DE VINO Y GASTRONOM\u00cdA<\/a><\/li><li><a href=\"https:\/\/nabilaexperience.com\/es\/experiencias\/alquiler-quad-tenerife\/\" >ALQUILER DE QUAD<\/a><\/li><li><a href=\"https:\/\/nabilaexperience.com\/es\/experiencias\/excursion-en-velero-avistamiento-ballenas-tenerife\/\" >PASEO EN VELERO - AVISTAMIENTO DE BALLENAS<\/a><\/li><li><a href=\"https:\/\/nabilaexperience.com\/es\/experiencias\/tour-santa-cruz-y-alrededores-en-tenerife\/\" >TOUR DE SANTA CRUZ Y ALREDEDORES<\/a><\/li><li><a href=\"https:\/\/nabilaexperience.com\/es\/experiencias\/tenerife-alquiler-scooter-125cc\/\" >ALQUILER DE SCOOTER - 125cc<\/a><\/li><li><a href=\"https:\/\/nabilaexperience.com\/es\/experiencias\/tenerife-300cc-scooter-alquiler\/\" >ALQUILER DE SCOOTER - 300cc<\/a><\/li><li><a href=\"https:\/\/nabilaexperience.com\/es\/experiencias\/tenerife-alquiler-scooter-50cc\/\" >ALQUILER DE SCOOTER - 50cc<\/a><\/li><li><a href=\"https:\/\/nabilaexperience.com\/es\/experiencias\/buceo-en-tenerife-los-cristianos\/\" >BUCEO - LOS CRISTIANOS<\/a><\/li><li><a href=\"https:\/\/nabilaexperience.com\/es\/experiencias\/buceo-en-tenerife-radazul\/\" >BUCEO - RADAZUL<\/a><\/li><li><a href=\"https:\/\/nabilaexperience.com\/es\/experiencias\/alquiler-de-barcos-sin-licencia-en-tenerife\/\" >ALQUILER DE BARCO SIN LICENCIA<\/a><\/li><li><a href=\"https:\/\/nabilaexperience.com\/es\/experiencias\/alquiler-barco-sin-licencia-en-tenerife-fiat-500-off-shore\/\" >ALQUILER DE BARCO SIN LICENCIA \u2013 FIAT 500 OFF-SHORE<\/a><\/li><li><a href=\"https:\/\/nabilaexperience.com\/es\/experiencias\/siam-park-tenerife\/\" >SIAM PARK<\/a><\/li><li><a href=\"https:\/\/nabilaexperience.com\/es\/experiencias\/siam-park-day-night\/\" >SIAM PARK \u2013 DAY &amp; NIGHT<\/a><\/li><li><a href=\"https:\/\/nabilaexperience.com\/es\/experiencias\/siam-park-night\/\" >SIAM PARK \u2013 NIGHT<\/a><\/li><li><a href=\"https:\/\/nabilaexperience.com\/es\/experiencias\/slingshot-tour-en-tenerife\/\" >SLINGSHOT TOUR<\/a><\/li><li><a href=\"https:\/\/nabilaexperience.com\/es\/experiencias\/snorkeling-en-tenerife-los-cristianos\/\" >SNORKELING - LOS CRISTIANOS<\/a><\/li><li><a href=\"https:\/\/nabilaexperience.com\/es\/experiencias\/spa-en-tenerife\/\" >SPA<\/a><\/li><li><a href=\"https:\/\/nabilaexperience.com\/es\/experiencias\/stand-up-paddle-en-tenerife\/\" >STAND-UP PADDLE<\/a><\/li><li><a href=\"https:\/\/nabilaexperience.com\/es\/experiencias\/tour-en-submarino-en-tenerife\/\" >TOUR EN SUBMARINO<\/a><\/li><li><a href=\"https:\/\/nabilaexperience.com\/es\/experiencias\/teide-masca-tour-tenerife\/\" >TEIDE &amp; MASCA TOUR<\/a><\/li><li><a href=\"https:\/\/nabilaexperience.com\/es\/experiencias\/tenerife-teide-buggy-tour-dia-atardecer\/\" >TEIDE BUGGY TOUR - DIA O ATARDECER<\/a><\/li><li><a href=\"https:\/\/nabilaexperience.com\/es\/experiencias\/tenerife-teide-quad-tour-dia-atardecer\/\" >TOUR EN QUAD AL TEIDE \u2013 D\u00cdA O ATARDECER<\/a><\/li><li><a href=\"https:\/\/nabilaexperience.com\/es\/experiencias\/teide-tour\/\" >TOUR TEIDE<\/a><\/li><li><a href=\"https:\/\/nabilaexperience.com\/es\/experiencias\/excursion-teide-atardecer-estrellas\/\" >EXCURSI\u00d3N AL TEIDE - ATARDECER Y ESTRELLAS<\/a><\/li><li><a href=\"https:\/\/nabilaexperience.com\/es\/experiencias\/entrada-doble-siam-park-loro-parque\/\" >ENTRADA DOBLE: SIAM PARK + LORO PARQUE<\/a><\/li><li><a href=\"https:\/\/nabilaexperience.com\/es\/experiencias\/vip-subida-pico-teide-teleferico\/\" >SUBIDA VIP AL PICO DEL TEIDE EN TELEF\u00c9RICO<\/a><\/li><li><a href=\"https:\/\/nabilaexperience.com\/es\/experiencias\/vip-teide-tour\/\" >TOUR VIP AL TEIDE<\/a><\/li><li><a href=\"https:\/\/nabilaexperience.com\/es\/experiencias\/deportes-acuaticos-tenerife-jet-ski-parasailing\/\" >DEPORTES ACU\u00c1TICOS: MOTO DE AGUA + PARASAILING<\/a><\/li><li><a href=\"https:\/\/nabilaexperience.com\/es\/experiencias\/alquiler-yate-tenerife-tobogan-actividades-acuaticas\/\" >ALQUILER DE YATE CON TOBOG\u00c1N Y ACTIVIDADES ACU\u00c1TICAS<\/a><\/li><li><a href=\"https:\/\/nabilaexperience.com\/es\/experiencias\/paseo-en-yate-en-tenerife-con-tobogan-y-actividades-acuaticas\/\" >PASEO EN YATE CON TOBOG\u00c1N Y ACTIVIDADES ACU\u00c1TICAS<\/a><\/li><\/ul><\/div><br \/><\/div>","protected":false},"excerpt":{"rendered":"<p>SITEMAP Explore our sitemap to easily navigate our website. Find tours, activities, and experiences to make your Tenerife adventure unforgettable.<\/p>","protected":false},"author":1,"featured_media":5115,"parent":0,"menu_order":0,"comment_status":"closed","ping_status":"closed","template":"","meta":{"_acf_changed":false,"ocean_post_layout":"","ocean_both_sidebars_style":"","ocean_both_sidebars_content_width":0,"ocean_both_sidebars_sidebars_width":0,"ocean_sidebar":"","ocean_second_sidebar":"","ocean_disable_margins":"enable","ocean_add_body_class":"","ocean_shortcode_before_top_bar":"","ocean_shortcode_after_top_bar":"","ocean_shortcode_before_header":"","ocean_shortcode_after_header":"","ocean_has_shortcode":"","ocean_shortcode_after_title":"","ocean_shortcode_before_footer_widgets":"","ocean_shortcode_after_footer_widgets":"","ocean_shortcode_before_footer_bottom":"","ocean_shortcode_after_footer_bottom":"","ocean_display_top_bar":"default","ocean_display_header":"default","ocean_header_style":"","ocean_center_header_left_menu":"","ocean_custom_header_template":"","ocean_custom_logo":0,"ocean_custom_retina_logo":0,"ocean_custom_logo_max_width":0,"ocean_custom_logo_tablet_max_width":0,"ocean_custom_logo_mobile_max_width":0,"ocean_custom_logo_max_height":0,"ocean_custom_logo_tablet_max_height":0,"ocean_custom_logo_mobile_max_height":0,"ocean_header_custom_menu":"","ocean_menu_typo_font_family":"","ocean_menu_typo_font_subset":"","ocean_menu_typo_font_size":0,"ocean_menu_typo_font_size_tablet":0,"ocean_menu_typo_font_size_mobile":0,"ocean_menu_typo_font_size_unit":"px","ocean_menu_typo_font_weight":"","ocean_menu_typo_font_weight_tablet":"","ocean_menu_typo_font_weight_mobile":"","ocean_menu_typo_transform":"","ocean_menu_typo_transform_tablet":"","ocean_menu_typo_transform_mobile":"","ocean_menu_typo_line_height":0,"ocean_menu_typo_line_height_tablet":0,"ocean_menu_typo_line_height_mobile":0,"ocean_menu_typo_line_height_unit":"","ocean_menu_typo_spacing":0,"ocean_menu_typo_spacing_tablet":0,"ocean_menu_typo_spacing_mobile":0,"ocean_menu_typo_spacing_unit":"","ocean_menu_link_color":"","ocean_menu_link_color_hover":"","ocean_menu_link_color_active":"","ocean_menu_link_background":"","ocean_menu_link_hover_background":"","ocean_menu_link_active_background":"","ocean_menu_social_links_bg":"","ocean_menu_social_hover_links_bg":"","ocean_menu_social_links_color":"","ocean_menu_social_hover_links_color":"","ocean_disable_title":"default","ocean_disable_heading":"default","ocean_post_title":"","ocean_post_subheading":"","ocean_post_title_style":"","ocean_post_title_background_color":"","ocean_post_title_background":0,"ocean_post_title_bg_image_position":"","ocean_post_title_bg_image_attachment":"","ocean_post_title_bg_image_repeat":"","ocean_post_title_bg_image_size":"","ocean_post_title_height":0,"ocean_post_title_bg_overlay":0.5,"ocean_post_title_bg_overlay_color":"","ocean_disable_breadcrumbs":"default","ocean_breadcrumbs_color":"","ocean_breadcrumbs_separator_color":"","ocean_breadcrumbs_links_color":"","ocean_breadcrumbs_links_hover_color":"","ocean_display_footer_widgets":"default","ocean_display_footer_bottom":"default","ocean_custom_footer_template":"","_themeisle_gutenberg_block_has_review":false,"footnotes":""},"class_list":["post-3712","page","type-page","status-publish","has-post-thumbnail","hentry","entry","has-media","owp-thumbs-layout-vertical","owp-btn-very-big","owp-tabs-layout-horizontal","has-no-thumbnails"],"acf":[],"aioseo_notices":[],"jetpack_sharing_enabled":true,"_links":{"self":[{"href":"https:\/\/nabilaexperience.com\/es\/wp-json\/wp\/v2\/pages\/3712","targetHints":{"allow":["GET"]}}],"collection":[{"href":"https:\/\/nabilaexperience.com\/es\/wp-json\/wp\/v2\/pages"}],"about":[{"href":"https:\/\/nabilaexperience.com\/es\/wp-json\/wp\/v2\/types\/page"}],"author":[{"embeddable":true,"href":"https:\/\/nabilaexperience.com\/es\/wp-json\/wp\/v2\/users\/1"}],"replies":[{"embeddable":true,"href":"https:\/\/nabilaexperience.com\/es\/wp-json\/wp\/v2\/comments?post=3712"}],"version-history":[{"count":27,"href":"https:\/\/nabilaexperience.com\/es\/wp-json\/wp\/v2\/pages\/3712\/revisions"}],"predecessor-version":[{"id":8744,"href":"https:\/\/nabilaexperience.com\/es\/wp-json\/wp\/v2\/pages\/3712\/revisions\/8744"}],"wp:featuredmedia":[{"embeddable":true,"href":"https:\/\/nabilaexperience.com\/es\/wp-json\/wp\/v2\/media\/5115"}],"wp:attachment":[{"href":"https:\/\/nabilaexperience.com\/es\/wp-json\/wp\/v2\/media?parent=3712"}],"curies":[{"name":"wp","href":"https:\/\/api.w.org\/{rel}","templated":true}]}}