{"id":2751,"date":"2024-03-11T13:50:50","date_gmt":"2024-03-11T13:50:50","guid":{"rendered":"https:\/\/nabilaexperience.com\/?page_id=2751"},"modified":"2025-03-14T19:34:50","modified_gmt":"2025-03-14T19:34:50","slug":"faq","status":"publish","type":"page","link":"https:\/\/nabilaexperience.com\/es\/faq\/","title":{"rendered":"FAQ"},"content":{"rendered":"<div style=\"height:50px\" aria-hidden=\"true\" class=\"wp-block-spacer\"><\/div>\n\n\n\n<h1 class=\"wp-block-heading has-text-align-center has-x-large-font-size\">FAQ<\/h1>\n\n\n\n<div style=\"height:15px\" aria-hidden=\"true\" class=\"wp-block-spacer\"><\/div>\n\n\n\n<div id=\"wp-block-themeisle-blocks-accordion-1a18b8e7\" class=\"wp-block-themeisle-blocks-accordion exclusive  is-style-default\">\n<details class=\"wp-block-themeisle-blocks-accordion-item\"><summary class=\"wp-block-themeisle-blocks-accordion-item__title\"><div><strong>\u00bfC\u00d3MO PUEDO RESERVAR MI PR\u00d3XIMA EXPERIENCIA?<\/strong><\/div><\/summary><div class=\"wp-block-themeisle-blocks-accordion-item__content\">\n<ol class=\"wp-block-list\">\n<li>Elija su experiencia favorita en nuestro sitio web.<\/li>\n\n\n\n<li>Seleccione su fecha preferida en el calendario de experiencias.<\/li>\n\n\n\n<li>Seleccione el n\u00famero de billetes que desea comprar para cada tipo (por ejemplo, n\u00b0 2 \"ADULTO\" y n\u00b0 1 \"NI\u00d1O\"). Para los alquileres de yates, seleccione una de las opciones disponibles para el yate y especifique el n\u00famero de participantes. <\/li>\n\n\n\n<li>Proceda con la reserva y recuerde introducir el C\u00d3DIGO CUP\u00d3N* (si lo tiene) en el carrito o durante el pago.<\/li>\n\n\n\n<li>Vaya a la caja, introduzca sus datos de facturaci\u00f3n, revise el resumen del pedido y proceda al pago.<\/li>\n\n\n\n<li>Elija el m\u00e9todo de pago que prefiera y realice el pago de forma r\u00e1pida y segura.<\/li>\n\n\n\n<li>Recibir\u00e1 una confirmaci\u00f3n autom\u00e1tica del pedido por correo electr\u00f3nico. \u00a1Tras confirmar la disponibilidad real con el socio que hayas elegido, te enviaremos un segundo correo electr\u00f3nico con la confirmaci\u00f3n de la reserva, el vale que deber\u00e1s presentar el d\u00eda de la experiencia y todos los detalles necesarios para disfrutar de tu pr\u00f3ximo Nabila Experience!<\/li>\n<\/ol>\n\n\n\n<p>*No aplicable a algunas experiencias de nuestro cat\u00e1logo. Para saber cu\u00e1les est\u00e1n excluidas, consulte nuestro <a href=\"https:\/\/nabilaexperience.com\/es\/terminos-y-condiciones\/\" title=\"T\u00e9rminos y Condiciones\">T\u00e9rminos y Condiciones<\/a>.<\/p>\n<\/div><\/details>\n\n\n\n<details class=\"wp-block-themeisle-blocks-accordion-item\"><summary class=\"wp-block-themeisle-blocks-accordion-item__title\"><div><strong>\u00bfQU\u00c9 OCURRE SI RESERVO Y NO HAY DISPONIBILIDAD?<\/strong><\/div><\/summary><div class=\"wp-block-themeisle-blocks-accordion-item__content\">\n<p>Si reserva una experiencia y, tras nuestra comprobaci\u00f3n con el socio, no est\u00e1 disponible en la fecha y hora elegidas, recibir\u00e1 posibles alternativas:<\/p>\n\n\n\n<ul class=\"wp-block-list\">\n<li>una fecha y\/u hora alternativas para la misma experiencia;<\/li>\n\n\n\n<li>una experiencia similar disponible en la misma fecha y hora elegidas;<\/li>\n\n\n\n<li>la devoluci\u00f3n del importe pagado.<\/li>\n<\/ul>\n<\/div><\/details>\n\n\n\n<details class=\"wp-block-themeisle-blocks-accordion-item\"><summary class=\"wp-block-themeisle-blocks-accordion-item__title\"><div><strong>\u00bfPOR QU\u00c9 NO HE RECIBIDO A\u00daN LA CONFIRMACI\u00d3N DE LA RESERVA Y EL BONO DE LA EXPERIENCIA?<\/strong><\/div><\/summary><div class=\"wp-block-themeisle-blocks-accordion-item__content\">\n<p>Si ha reservado una experiencia y el pago se ha realizado correctamente, deber\u00eda haber recibido un correo autom\u00e1tico de confirmaci\u00f3n del pedido. Si no ha recibido el segundo correo electr\u00f3nico con la confirmaci\u00f3n y el vale, es posible que se encuentre en su carpeta de correo no deseado o que nuestros operadores a\u00fan no hayan podido procesar su solicitud. Puede ponerse en contacto con nosotros por Whatsapp o correo electr\u00f3nico para comprobar el estado de su pedido. Estamos aqu\u00ed para atenderle con rapidez y eficacia.<\/p>\n<\/div><\/details>\n\n\n\n<details class=\"wp-block-themeisle-blocks-accordion-item\"><summary class=\"wp-block-themeisle-blocks-accordion-item__title\"><div><strong>\u00bfES NECESARIO IMPRIMIR EL VALE?<\/strong><\/div><\/summary><div class=\"wp-block-themeisle-blocks-accordion-item__content\">\n<p>No, no es necesario imprimir el vale. Simplemente puede llevar su smartphone para mostrar el vale electr\u00f3nico en el momento de la experiencia.<\/p>\n<\/div><\/details>\n\n\n\n<details class=\"wp-block-themeisle-blocks-accordion-item\"><summary class=\"wp-block-themeisle-blocks-accordion-item__title\"><div><strong>\u00bfQU\u00c9 OCURRE SI LA EXPERIENCIA NO PUEDE LLEVARSE A CABO DEBIDO A LAS CONDICIONES METEOROL\u00d3GICAS?<\/strong><\/div><\/summary><div class=\"wp-block-themeisle-blocks-accordion-item__content\">\n<p>En Tenerife el clima es hermoso todo el a\u00f1o (o casi). Sin embargo, si el d\u00eda de su reserva las condiciones meteorol\u00f3gicas son tales que la experiencia no puede tener lugar, se le notificar\u00e1. Posteriormente, podr\u00e1 optar por reprogramar la excursi\u00f3n o recibir el reembolso del importe abonado.<\/p>\n<\/div><\/details>\n\n\n\n<details class=\"wp-block-themeisle-blocks-accordion-item\"><summary class=\"wp-block-themeisle-blocks-accordion-item__title\"><div><strong>\u00bfPUEDO CAMBIAR LA FECHA DE LA EXPERIENCIA?<\/strong><\/div><\/summary><div class=\"wp-block-themeisle-blocks-accordion-item__content\">\n<p>Si ya ha reservado su pr\u00f3ximo Nabila Experience y desea cambiar la fecha, p\u00f3ngase en contacto con nosotros a trav\u00e9s de Whatsapp o correo electr\u00f3nico. Por lo general, nuestros socios lo permiten sin incurrir en costes adicionales. Sin embargo, si faltan menos de 48 horas para el inicio de la experiencia, puede ser m\u00e1s dif\u00edcil obtener un cambio de fecha.<\/p>\n<\/div><\/details>\n\n\n\n<details class=\"wp-block-themeisle-blocks-accordion-item\"><summary class=\"wp-block-themeisle-blocks-accordion-item__title\"><div><strong>HE RESERVADO UNA EXPERIENCIA, PERO LAMENTABLEMENTE NO PODR\u00c9 ESTAR ALL\u00cd. \u00bfC\u00d3MO PUEDO HACERLO?<\/strong><\/div><\/summary><div class=\"wp-block-themeisle-blocks-accordion-item__content\">\n<p>No te preocupes, pueden surgir imprevistos. La asistencia de Nabila le ayudar\u00e1 a encontrar la mejor soluci\u00f3n para usted. La mayor\u00eda de nuestros socios nos permiten reprogramar o cancelar su reserva gratuitamente en un plazo de 48 horas. Dependiendo de la actividad elegida y del tiempo que falte para la experiencia, podremos reembolsarle el importe, elegir otra fecha u otra experiencia. Consulte la ficha informativa de cada experiencia para conocer las condiciones de cancelaci\u00f3n gratuita, siempre que sea posible.<\/p>\n<\/div><\/details>\n\n\n\n<details class=\"wp-block-themeisle-blocks-accordion-item\"><summary class=\"wp-block-themeisle-blocks-accordion-item__title\"><div><strong>LLEGU\u00c9 TARDE. \u00bfPOR QU\u00c9 NADIE ME ESPER\u00d3?<\/strong><\/div><\/summary><div class=\"wp-block-themeisle-blocks-accordion-item__content\">\n<p>La puntualidad es importante y siempre recomendamos llegar al menos 15 minutos antes para evitar estas situaciones. Las excursiones, especialmente las que implican a otros participantes, tienen horarios que hay que respetar. Los reembolsos o reprogramaciones en estos casos son muy dif\u00edciles y, aunque haremos todo lo posible por ayudarle, en \u00faltima instancia depende de las pol\u00edticas de nuestros socios.<\/p>\n<\/div><\/details>\n<\/div>\n\n\n\n<div style=\"height:50px\" aria-hidden=\"true\" class=\"wp-block-spacer\"><\/div>","protected":false},"excerpt":{"rendered":"<p>FAQ<\/p>","protected":false},"author":1,"featured_media":5115,"parent":0,"menu_order":0,"comment_status":"closed","ping_status":"closed","template":"","meta":{"_acf_changed":false,"ocean_post_layout":"","ocean_both_sidebars_style":"","ocean_both_sidebars_content_width":0,"ocean_both_sidebars_sidebars_width":0,"ocean_sidebar":"","ocean_second_sidebar":"","ocean_disable_margins":"enable","ocean_add_body_class":"","ocean_shortcode_before_top_bar":"","ocean_shortcode_after_top_bar":"","ocean_shortcode_before_header":"","ocean_shortcode_after_header":"","ocean_has_shortcode":"","ocean_shortcode_after_title":"","ocean_shortcode_before_footer_widgets":"","ocean_shortcode_after_footer_widgets":"","ocean_shortcode_before_footer_bottom":"","ocean_shortcode_after_footer_bottom":"","ocean_display_top_bar":"default","ocean_display_header":"default","ocean_header_style":"","ocean_center_header_left_menu":"","ocean_custom_header_template":"","ocean_custom_logo":0,"ocean_custom_retina_logo":0,"ocean_custom_logo_max_width":0,"ocean_custom_logo_tablet_max_width":0,"ocean_custom_logo_mobile_max_width":0,"ocean_custom_logo_max_height":0,"ocean_custom_logo_tablet_max_height":0,"ocean_custom_logo_mobile_max_height":0,"ocean_header_custom_menu":"","ocean_menu_typo_font_family":"","ocean_menu_typo_font_subset":"","ocean_menu_typo_font_size":0,"ocean_menu_typo_font_size_tablet":0,"ocean_menu_typo_font_size_mobile":0,"ocean_menu_typo_font_size_unit":"px","ocean_menu_typo_font_weight":"","ocean_menu_typo_font_weight_tablet":"","ocean_menu_typo_font_weight_mobile":"","ocean_menu_typo_transform":"","ocean_menu_typo_transform_tablet":"","ocean_menu_typo_transform_mobile":"","ocean_menu_typo_line_height":0,"ocean_menu_typo_line_height_tablet":0,"ocean_menu_typo_line_height_mobile":0,"ocean_menu_typo_line_height_unit":"","ocean_menu_typo_spacing":0,"ocean_menu_typo_spacing_tablet":0,"ocean_menu_typo_spacing_mobile":0,"ocean_menu_typo_spacing_unit":"","ocean_menu_link_color":"","ocean_menu_link_color_hover":"","ocean_menu_link_color_active":"","ocean_menu_link_background":"","ocean_menu_link_hover_background":"","ocean_menu_link_active_background":"","ocean_menu_social_links_bg":"","ocean_menu_social_hover_links_bg":"","ocean_menu_social_links_color":"","ocean_menu_social_hover_links_color":"","ocean_disable_title":"default","ocean_disable_heading":"default","ocean_post_title":"","ocean_post_subheading":"","ocean_post_title_style":"","ocean_post_title_background_color":"","ocean_post_title_background":0,"ocean_post_title_bg_image_position":"","ocean_post_title_bg_image_attachment":"","ocean_post_title_bg_image_repeat":"","ocean_post_title_bg_image_size":"","ocean_post_title_height":0,"ocean_post_title_bg_overlay":0.5,"ocean_post_title_bg_overlay_color":"","ocean_disable_breadcrumbs":"default","ocean_breadcrumbs_color":"","ocean_breadcrumbs_separator_color":"","ocean_breadcrumbs_links_color":"","ocean_breadcrumbs_links_hover_color":"","ocean_display_footer_widgets":"default","ocean_display_footer_bottom":"default","ocean_custom_footer_template":"","_themeisle_gutenberg_block_has_review":false,"footnotes":""},"class_list":["post-2751","page","type-page","status-publish","has-post-thumbnail","hentry","entry","has-media","owp-thumbs-layout-vertical","owp-btn-very-big","owp-tabs-layout-horizontal","has-no-thumbnails"],"acf":[],"aioseo_notices":[],"jetpack_sharing_enabled":true,"_links":{"self":[{"href":"https:\/\/nabilaexperience.com\/es\/wp-json\/wp\/v2\/pages\/2751","targetHints":{"allow":["GET"]}}],"collection":[{"href":"https:\/\/nabilaexperience.com\/es\/wp-json\/wp\/v2\/pages"}],"about":[{"href":"https:\/\/nabilaexperience.com\/es\/wp-json\/wp\/v2\/types\/page"}],"author":[{"embeddable":true,"href":"https:\/\/nabilaexperience.com\/es\/wp-json\/wp\/v2\/users\/1"}],"replies":[{"embeddable":true,"href":"https:\/\/nabilaexperience.com\/es\/wp-json\/wp\/v2\/comments?post=2751"}],"version-history":[{"count":41,"href":"https:\/\/nabilaexperience.com\/es\/wp-json\/wp\/v2\/pages\/2751\/revisions"}],"predecessor-version":[{"id":9105,"href":"https:\/\/nabilaexperience.com\/es\/wp-json\/wp\/v2\/pages\/2751\/revisions\/9105"}],"wp:featuredmedia":[{"embeddable":true,"href":"https:\/\/nabilaexperience.com\/es\/wp-json\/wp\/v2\/media\/5115"}],"wp:attachment":[{"href":"https:\/\/nabilaexperience.com\/es\/wp-json\/wp\/v2\/media?parent=2751"}],"curies":[{"name":"wp","href":"https:\/\/api.w.org\/{rel}","templated":true}]}}