{"id":2541,"date":"2024-03-10T21:09:37","date_gmt":"2024-03-10T21:09:37","guid":{"rendered":"https:\/\/nabilaexperience.com\/?page_id=2541"},"modified":"2025-03-09T20:09:57","modified_gmt":"2025-03-09T20:09:57","slug":"others-affiliates","status":"publish","type":"page","link":"https:\/\/nabilaexperience.com\/es\/others-affiliates\/","title":{"rendered":"OTROS AFILIADOS"},"content":{"rendered":"<div style=\"height:25px\" aria-hidden=\"true\" class=\"wp-block-spacer\"><\/div>\n\n\n\n<h1 class=\"wp-block-heading has-text-align-center has-x-large-font-size\">OTRAS FILIALES<\/h1>\n\n\n\n<p>\u00danete a nuestro programa de afiliados para amantes de los viajes y tinerfe\u00f1os. Como afiliados, ganar\u00e1s comisiones mientras nosotros nos encargamos de las experiencias de tus amigos.<\/p>\n\n\n\n<h2 class=\"wp-block-heading\">\u00danete a nuestro programa de afiliados para amantes de los viajes y tinerfe\u00f1os. Como afiliados, ganar\u00e1s comisiones mientras nosotros nos encargamos de las experiencias de tus amigos.<\/h2>\n\n\n\n<h2 class=\"wp-block-heading\">\u00danete a nuestro programa de afiliados para amantes de los viajes y tinerfe\u00f1os. Como afiliados, ganar\u00e1s comisiones mientras nosotros nos encargamos de las experiencias de tus amigos.<\/h2>\n\n\n\n<div id=\"wp-block-themeisle-blocks-advanced-columns-69f67a90\" class=\"wp-block-themeisle-blocks-advanced-columns alignfull has-3-columns has-desktop-equal-layout has-tablet-equal-layout has-mobile-collapsedRows-layout has-vertical-center ticss-c00aadba\"><div class=\"wp-block-themeisle-blocks-advanced-columns-overlay\"><\/div><div class=\"innerblocks-wrap\">\n<div id=\"wp-block-themeisle-blocks-advanced-column-46ca9b7e\" class=\"wp-block-themeisle-blocks-advanced-column ticss-1ac3a758\">\n<div class=\"wp-block-cover is-light ticss-94274a8b\"><span aria-hidden=\"true\" class=\"wp-block-cover__background has-background-dim-0 has-background-dim\"><\/span><img fetchpriority=\"high\" decoding=\"async\" width=\"1920\" height=\"1920\" class=\"wp-block-cover__image-background wp-image-2702\" alt=\"afiliados\" src=\"https:\/\/nabilaexperience.com\/wp-content\/uploads\/2024\/03\/sunset-2103130_1920-1.jpg\" data-object-fit=\"cover\" srcset=\"https:\/\/nabilaexperience.com\/wp-content\/uploads\/2024\/03\/sunset-2103130_1920-1.jpg 1920w, https:\/\/nabilaexperience.com\/wp-content\/uploads\/2024\/03\/sunset-2103130_1920-1-100x100.jpg 100w, https:\/\/nabilaexperience.com\/wp-content\/uploads\/2024\/03\/sunset-2103130_1920-1-600x600.jpg 600w, https:\/\/nabilaexperience.com\/wp-content\/uploads\/2024\/03\/sunset-2103130_1920-1-300x300.jpg 300w, https:\/\/nabilaexperience.com\/wp-content\/uploads\/2024\/03\/sunset-2103130_1920-1-1024x1024.jpg 1024w, https:\/\/nabilaexperience.com\/wp-content\/uploads\/2024\/03\/sunset-2103130_1920-1-150x150.jpg 150w, https:\/\/nabilaexperience.com\/wp-content\/uploads\/2024\/03\/sunset-2103130_1920-1-768x768.jpg 768w, https:\/\/nabilaexperience.com\/wp-content\/uploads\/2024\/03\/sunset-2103130_1920-1-1536x1536.jpg 1536w, https:\/\/nabilaexperience.com\/wp-content\/uploads\/2024\/03\/sunset-2103130_1920-1-1320x1320.jpg 1320w, https:\/\/nabilaexperience.com\/wp-content\/uploads\/2024\/03\/sunset-2103130_1920-1-116x116.jpg 116w\" sizes=\"(max-width: 1920px) 100vw, 1920px\" \/><div class=\"wp-block-cover__inner-container is-layout-flow wp-block-cover-is-layout-flow\">\n<p class=\"has-text-align-center has-large-font-size\"><\/p>\n<\/div><\/div>\n<\/div>\n\n\n\n<div id=\"wp-block-themeisle-blocks-advanced-column-7310d738\" class=\"wp-block-themeisle-blocks-advanced-column ticss-542ce682\">\n<div class=\"wp-block-cover\"><span aria-hidden=\"true\" class=\"wp-block-cover__background has-background-dim-100 has-background-dim\" style=\"background-color:#02244d\"><\/span><img decoding=\"async\" class=\"wp-block-cover__image-background wp-image-306 lazyload\" alt=\"\" data-src=\"https:\/\/api.themeisle.com\/sites\/images\/cb:otter\/q:auto\/wp-content\/uploads\/sites\/664\/2022\/09\/otter-demo-07.png\" style=\"object-position:41% 0%\" data-object-fit=\"cover\" data-object-position=\"41% 0%\" src=\"data:image\/gif;base64,R0lGODlhAQABAAAAACH5BAEKAAEALAAAAAABAAEAAAICTAEAOw==\" \/><div class=\"wp-block-cover__inner-container is-layout-flow wp-block-cover-is-layout-flow\">\n<h1 class=\"wp-block-heading has-text-align-center has-text-color has-link-color has-x-large-font-size wp-elements-f71bda018e4b2a093aca56970f81683e\" style=\"color:#ffbf00\">OTRAS FILIALES<\/h1>\n\n\n\n<p class=\"has-text-align-center\">\u00bfLe apasionan los viajes y las excursiones?<\/p>\n\n\n\n<p class=\"has-text-align-center\">\u00bfSus amigos, familiares y colegas le piden consejo sobre destinos y experiencias vacacionales?<\/p>\n\n\n\n<p class=\"has-text-align-center\">\u00bfTe gustar\u00eda ganar comisiones por las experiencias de tus amigos en Tenerife?<\/p>\n\n\n\n<p class=\"has-text-align-center has-text-color has-link-color wp-elements-26f4ffbcf0ae51f4aa324b43e65406e8\" style=\"color:#ffbf00;font-size:23px;text-transform:uppercase\"><strong>\u00fanete ya al equipo de Nabila Experience!<\/strong><\/p>\n\n\n\n<p class=\"has-text-align-center\" style=\"font-size:19px;text-transform:none\"><strong>Nosotros nos encargamos de las experiencias de tus amigos y t\u00fa ganar\u00e1s comisiones.<\/strong><\/p>\n\n\n\n<div style=\"height:25px\" aria-hidden=\"true\" class=\"wp-block-spacer\"><\/div>\n\n\n\n<div class=\"wp-block-buttons is-content-justification-center is-layout-flex wp-container-core-buttons-is-layout-16018d1d wp-block-buttons-is-layout-flex\">\n<div class=\"wp-block-button\"><a class=\"wp-block-button__link has-text-color has-background has-link-color wp-element-button\" href=\"https:\/\/nabilaexperience.com\/es\/affiliate-registration\/\" style=\"border-radius:0px;color:#02244d;background-color:#ffbf00\"><strong>REG\u00cdSTRESE AHORA<\/strong><\/a><\/div>\n<\/div>\n\n\n\n<div style=\"height:25px\" aria-hidden=\"true\" class=\"wp-block-spacer\"><\/div>\n<\/div><\/div>\n<\/div>\n\n\n\n<div id=\"wp-block-themeisle-blocks-advanced-column-3446a60c\" class=\"wp-block-themeisle-blocks-advanced-column ticss-53e2e0f6\">\n<div class=\"wp-block-cover is-light ticss-2abd49f3\"><span aria-hidden=\"true\" class=\"wp-block-cover__background has-background-dim-0 has-background-dim\"><\/span><img decoding=\"async\" width=\"1920\" height=\"1280\" class=\"wp-block-cover__image-background wp-image-2703 lazyload\" alt=\"\" data-src=\"https:\/\/nabilaexperience.com\/wp-content\/uploads\/2024\/03\/mobile-phones-1490691_1920.jpg\" data-object-fit=\"cover\" data-srcset=\"https:\/\/nabilaexperience.com\/wp-content\/uploads\/2024\/03\/mobile-phones-1490691_1920.jpg 1920w, https:\/\/nabilaexperience.com\/wp-content\/uploads\/2024\/03\/mobile-phones-1490691_1920-300x200.jpg 300w, https:\/\/nabilaexperience.com\/wp-content\/uploads\/2024\/03\/mobile-phones-1490691_1920-600x400.jpg 600w, https:\/\/nabilaexperience.com\/wp-content\/uploads\/2024\/03\/mobile-phones-1490691_1920-1024x683.jpg 1024w, https:\/\/nabilaexperience.com\/wp-content\/uploads\/2024\/03\/mobile-phones-1490691_1920-768x512.jpg 768w, https:\/\/nabilaexperience.com\/wp-content\/uploads\/2024\/03\/mobile-phones-1490691_1920-1536x1024.jpg 1536w, https:\/\/nabilaexperience.com\/wp-content\/uploads\/2024\/03\/mobile-phones-1490691_1920-1320x880.jpg 1320w, https:\/\/nabilaexperience.com\/wp-content\/uploads\/2024\/03\/mobile-phones-1490691_1920-174x116.jpg 174w\" data-sizes=\"(max-width: 1920px) 100vw, 1920px\" src=\"data:image\/gif;base64,R0lGODlhAQABAAAAACH5BAEKAAEALAAAAAABAAEAAAICTAEAOw==\" style=\"--smush-placeholder-width: 1920px; --smush-placeholder-aspect-ratio: 1920\/1280;\" \/><div class=\"wp-block-cover__inner-container is-layout-flow wp-block-cover-is-layout-flow\">\n<p class=\"has-text-align-center has-large-font-size\"><\/p>\n<\/div><\/div>\n<\/div>\n<\/div><\/div>\n\n\n\n<h2 class=\"wp-block-heading alignfull has-text-align-center has-text-color has-background has-link-color wp-elements-0287859cfbc88c5672d13e512b86e25e\" style=\"color:#02244d;background-color:#ffbf00;font-size:31px\">C\u00d3MO FUNCIONA<\/h2>\n\n\n\n<div style=\"height:25px\" aria-hidden=\"true\" class=\"wp-block-spacer\"><\/div>\n\n\n\n<div class=\"wp-block-columns alignwide are-vertically-aligned-top is-layout-flex wp-container-core-columns-is-layout-9d6595d7 wp-block-columns-is-layout-flex\">\n<div class=\"wp-block-column is-vertically-aligned-top is-layout-flow wp-block-column-is-layout-flow\">\n<div class=\"wp-block-media-text alignwide is-vertically-aligned-top\" style=\"grid-template-columns:15% auto\"><figure class=\"wp-block-media-text__media\"><img decoding=\"async\" width=\"500\" height=\"500\" data-src=\"https:\/\/nabilaexperience.com\/wp-content\/uploads\/2024\/03\/IMG_2751.png\" alt=\"\" class=\"wp-image-2679 size-full lazyload\" data-srcset=\"https:\/\/nabilaexperience.com\/wp-content\/uploads\/2024\/03\/IMG_2751.png 500w, https:\/\/nabilaexperience.com\/wp-content\/uploads\/2024\/03\/IMG_2751-100x100.png 100w, https:\/\/nabilaexperience.com\/wp-content\/uploads\/2024\/03\/IMG_2751-300x300.png 300w, https:\/\/nabilaexperience.com\/wp-content\/uploads\/2024\/03\/IMG_2751-150x150.png 150w, https:\/\/nabilaexperience.com\/wp-content\/uploads\/2024\/03\/IMG_2751-116x116.png 116w\" data-sizes=\"(max-width: 500px) 100vw, 500px\" src=\"data:image\/gif;base64,R0lGODlhAQABAAAAACH5BAEKAAEALAAAAAABAAEAAAICTAEAOw==\" style=\"--smush-placeholder-width: 500px; --smush-placeholder-aspect-ratio: 500\/500;\" \/><\/figure><div class=\"wp-block-media-text__content\">\n<p class=\"has-text-align-left has-text-color has-link-color wp-elements-6c5d13636f75f5b05a8b960017862a46\" style=\"color:#ffbf00;font-size:19px;text-transform:uppercase\"><strong>Comparta su c\u00f3digo de referencia<\/strong><\/p>\n\n\n\n<p>Recomienda Nabila Experience a amigos, familiares y colegas y comparte con ellos tu c\u00f3digo de recomendaci\u00f3n.<\/p>\n<\/div><\/div>\n<\/div>\n\n\n\n<div class=\"wp-block-column is-vertically-aligned-top is-layout-flow wp-block-column-is-layout-flow\">\n<div class=\"wp-block-media-text alignwide is-vertically-aligned-top\" style=\"grid-template-columns:15% auto\"><figure class=\"wp-block-media-text__media\"><img decoding=\"async\" width=\"500\" height=\"500\" data-src=\"https:\/\/nabilaexperience.com\/wp-content\/uploads\/2024\/03\/Progetto-senza-titolo-11.png\" alt=\"\" class=\"wp-image-2680 size-full lazyload\" data-srcset=\"https:\/\/nabilaexperience.com\/wp-content\/uploads\/2024\/03\/Progetto-senza-titolo-11.png 500w, https:\/\/nabilaexperience.com\/wp-content\/uploads\/2024\/03\/Progetto-senza-titolo-11-100x100.png 100w, https:\/\/nabilaexperience.com\/wp-content\/uploads\/2024\/03\/Progetto-senza-titolo-11-300x300.png 300w, https:\/\/nabilaexperience.com\/wp-content\/uploads\/2024\/03\/Progetto-senza-titolo-11-150x150.png 150w, https:\/\/nabilaexperience.com\/wp-content\/uploads\/2024\/03\/Progetto-senza-titolo-11-116x116.png 116w\" data-sizes=\"(max-width: 500px) 100vw, 500px\" src=\"data:image\/gif;base64,R0lGODlhAQABAAAAACH5BAEKAAEALAAAAAABAAEAAAICTAEAOw==\" style=\"--smush-placeholder-width: 500px; --smush-placeholder-aspect-ratio: 500\/500;\" \/><\/figure><div class=\"wp-block-media-text__content\">\n<p class=\"has-text-color has-link-color wp-elements-211b585a18ec177040f59645ebb85ddc\" style=\"color:#ffbf00;font-size:19px;text-transform:uppercase\"><strong>descuento para amigos<\/strong><\/p>\n\n\n\n<p>Tus amigos recibir\u00e1n un descuento en sus experiencias si introducen tu c\u00f3digo de recomendaci\u00f3n al realizar compras en nuestro sitio web.<\/p>\n<\/div><\/div>\n<\/div>\n\n\n\n<div class=\"wp-block-column is-vertically-aligned-top is-layout-flow wp-block-column-is-layout-flow\">\n<div class=\"wp-block-media-text alignwide is-vertically-aligned-top\" style=\"grid-template-columns:15% auto\"><figure class=\"wp-block-media-text__media\"><img decoding=\"async\" width=\"500\" height=\"500\" data-src=\"https:\/\/nabilaexperience.com\/wp-content\/uploads\/2024\/03\/IMG_2785.png\" alt=\"\" class=\"wp-image-2425 size-full lazyload\" data-srcset=\"https:\/\/nabilaexperience.com\/wp-content\/uploads\/2024\/03\/IMG_2785.png 500w, https:\/\/nabilaexperience.com\/wp-content\/uploads\/2024\/03\/IMG_2785-100x100.png 100w, https:\/\/nabilaexperience.com\/wp-content\/uploads\/2024\/03\/IMG_2785-300x300.png 300w, https:\/\/nabilaexperience.com\/wp-content\/uploads\/2024\/03\/IMG_2785-150x150.png 150w, https:\/\/nabilaexperience.com\/wp-content\/uploads\/2024\/03\/IMG_2785-116x116.png 116w\" data-sizes=\"(max-width: 500px) 100vw, 500px\" src=\"data:image\/gif;base64,R0lGODlhAQABAAAAACH5BAEKAAEALAAAAAABAAEAAAICTAEAOw==\" style=\"--smush-placeholder-width: 500px; --smush-placeholder-aspect-ratio: 500\/500;\" \/><\/figure><div class=\"wp-block-media-text__content\">\n<p class=\"has-luminous-vivid-amber-color has-text-color has-link-color wp-elements-cbc96b7fe162f6532533ba3689a09854\" style=\"font-size:19px;text-transform:uppercase\"><strong>GET PAID<\/strong><\/p>\n\n\n\n<p>Por cada compra con tu c\u00f3digo de referencia ganas comisiones.<\/p>\n<\/div><\/div>\n<\/div>\n<\/div>\n\n\n\n<div style=\"height:50px\" aria-hidden=\"true\" class=\"wp-block-spacer\"><\/div>\n\n\n\n<h2 class=\"wp-block-heading alignfull has-text-align-center has-text-color has-background has-link-color wp-elements-167fc78af9286b4fe86a5c8657a97f4d\" style=\"color:#02244d;background-color:#ffbf00;font-size:31px\">SERVICIOS<\/h2>\n\n\n\n<div style=\"height:25px\" aria-hidden=\"true\" class=\"wp-block-spacer\"><\/div>\n\n\n\n<div class=\"wp-block-columns alignwide are-vertically-aligned-top is-layout-flex wp-container-core-columns-is-layout-9d6595d7 wp-block-columns-is-layout-flex\">\n<div class=\"wp-block-column is-vertically-aligned-top is-layout-flow wp-block-column-is-layout-flow\">\n<div class=\"wp-block-media-text alignwide is-vertically-aligned-top\" style=\"grid-template-columns:15% auto\"><figure class=\"wp-block-media-text__media\"><img decoding=\"async\" width=\"500\" height=\"500\" data-src=\"https:\/\/nabilaexperience.com\/wp-content\/uploads\/2024\/03\/70B7E4F0-EF32-4B01-BA4C-5C8000F4E086.png\" alt=\"\" class=\"wp-image-2625 size-full lazyload\" data-srcset=\"https:\/\/nabilaexperience.com\/wp-content\/uploads\/2024\/03\/70B7E4F0-EF32-4B01-BA4C-5C8000F4E086.png 500w, https:\/\/nabilaexperience.com\/wp-content\/uploads\/2024\/03\/70B7E4F0-EF32-4B01-BA4C-5C8000F4E086-100x100.png 100w, https:\/\/nabilaexperience.com\/wp-content\/uploads\/2024\/03\/70B7E4F0-EF32-4B01-BA4C-5C8000F4E086-300x300.png 300w, https:\/\/nabilaexperience.com\/wp-content\/uploads\/2024\/03\/70B7E4F0-EF32-4B01-BA4C-5C8000F4E086-150x150.png 150w, https:\/\/nabilaexperience.com\/wp-content\/uploads\/2024\/03\/70B7E4F0-EF32-4B01-BA4C-5C8000F4E086-116x116.png 116w\" data-sizes=\"(max-width: 500px) 100vw, 500px\" src=\"data:image\/gif;base64,R0lGODlhAQABAAAAACH5BAEKAAEALAAAAAABAAEAAAICTAEAOw==\" style=\"--smush-placeholder-width: 500px; --smush-placeholder-aspect-ratio: 500\/500;\" \/><\/figure><div class=\"wp-block-media-text__content\">\n<p class=\"has-text-align-left has-text-color has-link-color wp-elements-45423690da5eb34fa9ca1dd64d268400\" style=\"color:#ffbf00;font-size:19px;text-transform:uppercase\"><strong>TABLERO<\/strong><\/p>\n\n\n\n<p>Acceda a su panel de control para ver las compras de sus seguidores y realizar un seguimiento de sus comisiones.<\/p>\n<\/div><\/div>\n<\/div>\n\n\n\n<div class=\"wp-block-column is-vertically-aligned-top is-layout-flow wp-block-column-is-layout-flow\">\n<div class=\"wp-block-media-text alignwide is-vertically-aligned-top\" style=\"grid-template-columns:15% auto\"><figure class=\"wp-block-media-text__media\"><img decoding=\"async\" width=\"500\" height=\"500\" data-src=\"https:\/\/nabilaexperience.com\/wp-content\/uploads\/2024\/03\/7E56ECCD-104F-4E88-B000-C57BA0B7A71E-1.png\" alt=\"\" class=\"wp-image-2631 size-full lazyload\" data-srcset=\"https:\/\/nabilaexperience.com\/wp-content\/uploads\/2024\/03\/7E56ECCD-104F-4E88-B000-C57BA0B7A71E-1.png 500w, https:\/\/nabilaexperience.com\/wp-content\/uploads\/2024\/03\/7E56ECCD-104F-4E88-B000-C57BA0B7A71E-1-100x100.png 100w, https:\/\/nabilaexperience.com\/wp-content\/uploads\/2024\/03\/7E56ECCD-104F-4E88-B000-C57BA0B7A71E-1-300x300.png 300w, https:\/\/nabilaexperience.com\/wp-content\/uploads\/2024\/03\/7E56ECCD-104F-4E88-B000-C57BA0B7A71E-1-150x150.png 150w, https:\/\/nabilaexperience.com\/wp-content\/uploads\/2024\/03\/7E56ECCD-104F-4E88-B000-C57BA0B7A71E-1-116x116.png 116w\" data-sizes=\"(max-width: 500px) 100vw, 500px\" src=\"data:image\/gif;base64,R0lGODlhAQABAAAAACH5BAEKAAEALAAAAAABAAEAAAICTAEAOw==\" style=\"--smush-placeholder-width: 500px; --smush-placeholder-aspect-ratio: 500\/500;\" \/><\/figure><div class=\"wp-block-media-text__content\">\n<p class=\"has-text-color has-link-color wp-elements-2288d9a54c733313f9402360024f48f9\" style=\"color:#ffbf00;font-size:19px;text-transform:uppercase\"><strong>PAGO<\/strong><\/p>\n\n\n\n<p>Puedes solicitar el pago de tus comisiones cuando quieras, eligiendo la forma de pago que prefieras.<\/p>\n<\/div><\/div>\n<\/div>\n\n\n\n<div class=\"wp-block-column is-vertically-aligned-top is-layout-flow wp-block-column-is-layout-flow\">\n<div class=\"wp-block-media-text alignwide is-vertically-aligned-top\" style=\"grid-template-columns:15% auto\"><figure class=\"wp-block-media-text__media\"><img decoding=\"async\" width=\"500\" height=\"500\" data-src=\"https:\/\/nabilaexperience.com\/wp-content\/uploads\/2024\/03\/B8491E98-2819-43C5-B795-576777F2CA72.png\" alt=\"\" class=\"wp-image-2627 size-full lazyload\" data-srcset=\"https:\/\/nabilaexperience.com\/wp-content\/uploads\/2024\/03\/B8491E98-2819-43C5-B795-576777F2CA72.png 500w, https:\/\/nabilaexperience.com\/wp-content\/uploads\/2024\/03\/B8491E98-2819-43C5-B795-576777F2CA72-100x100.png 100w, https:\/\/nabilaexperience.com\/wp-content\/uploads\/2024\/03\/B8491E98-2819-43C5-B795-576777F2CA72-300x300.png 300w, https:\/\/nabilaexperience.com\/wp-content\/uploads\/2024\/03\/B8491E98-2819-43C5-B795-576777F2CA72-150x150.png 150w, https:\/\/nabilaexperience.com\/wp-content\/uploads\/2024\/03\/B8491E98-2819-43C5-B795-576777F2CA72-116x116.png 116w\" data-sizes=\"(max-width: 500px) 100vw, 500px\" src=\"data:image\/gif;base64,R0lGODlhAQABAAAAACH5BAEKAAEALAAAAAABAAEAAAICTAEAOw==\" style=\"--smush-placeholder-width: 500px; --smush-placeholder-aspect-ratio: 500\/500;\" \/><\/figure><div class=\"wp-block-media-text__content\">\n<p class=\"has-luminous-vivid-amber-color has-text-color has-link-color wp-elements-76a9de4d16cf34b403797492069bd4b4\" style=\"font-size:19px;text-transform:uppercase\"><strong>ASISTENCIA <\/strong><\/p>\n\n\n\n<p>Si necesitas ayuda o informaci\u00f3n, ponte en contacto con nosotros por Whatsapp o correo electr\u00f3nico. Estamos aqu\u00ed para ayudarte.<\/p>\n<\/div><\/div>\n<\/div>\n<\/div>\n\n\n\n<div style=\"height:50px\" aria-hidden=\"true\" class=\"wp-block-spacer\"><\/div>\n\n\n\n<h2 class=\"wp-block-heading has-text-align-center\" style=\"font-size:31px;text-transform:uppercase\">\u00fanete ya al equipo de Nabila Experience!<\/h2>\n\n\n\n<div style=\"height:25px\" aria-hidden=\"true\" class=\"wp-block-spacer\"><\/div>\n\n\n\n<div class=\"wp-block-buttons is-content-justification-center is-layout-flex wp-container-core-buttons-is-layout-16018d1d wp-block-buttons-is-layout-flex\">\n<div class=\"wp-block-button\"><a class=\"wp-block-button__link has-text-color has-background has-link-color wp-element-button\" href=\"https:\/\/nabilaexperience.com\/es\/affiliate-registration\/\" style=\"border-radius:0px;color:#02244d;background-color:#ffbf00\"><strong>REG\u00cdSTRESE AHORA<\/strong><\/a><\/div>\n<\/div>\n\n\n\n<div style=\"height:50px\" aria-hidden=\"true\" class=\"wp-block-spacer\"><\/div>\n\n\n\n<p class=\"has-text-align-center has-medium-font-size\">O <a href=\"https:\/\/nabilaexperience.com\/es\/contactenos\/\" title=\"CONT\u00c1CTENOS\">CONT\u00c1CTENOS<\/a> PARA M\u00c1S INFORMACI\u00d3N<\/p>\n\n\n\n<div style=\"height:50px\" aria-hidden=\"true\" class=\"wp-block-spacer\"><\/div>","protected":false},"excerpt":{"rendered":"<p>OTHER AFFILIATES Join our affiliate program for travel lovers and Tenerife locals. As affiliates, you earn commissions while we take care of your friends&#8217; experiences. Join our affiliate program for travel lovers and Tenerife locals. As affiliates, you earn commissions while we take care of your friends&#8217; experiences. Join our affiliate program for travel lovers [&hellip;]<\/p>\n","protected":false},"author":1,"featured_media":2702,"parent":0,"menu_order":0,"comment_status":"closed","ping_status":"closed","template":"","meta":{"_acf_changed":false,"ocean_post_layout":"","ocean_both_sidebars_style":"","ocean_both_sidebars_content_width":0,"ocean_both_sidebars_sidebars_width":0,"ocean_sidebar":"","ocean_second_sidebar":"","ocean_disable_margins":"enable","ocean_add_body_class":"","ocean_shortcode_before_top_bar":"","ocean_shortcode_after_top_bar":"","ocean_shortcode_before_header":"","ocean_shortcode_after_header":"","ocean_has_shortcode":"","ocean_shortcode_after_title":"","ocean_shortcode_before_footer_widgets":"","ocean_shortcode_after_footer_widgets":"","ocean_shortcode_before_footer_bottom":"","ocean_shortcode_after_footer_bottom":"","ocean_display_top_bar":"default","ocean_display_header":"default","ocean_header_style":"","ocean_center_header_left_menu":"","ocean_custom_header_template":"","ocean_custom_logo":0,"ocean_custom_retina_logo":0,"ocean_custom_logo_max_width":0,"ocean_custom_logo_tablet_max_width":0,"ocean_custom_logo_mobile_max_width":0,"ocean_custom_logo_max_height":0,"ocean_custom_logo_tablet_max_height":0,"ocean_custom_logo_mobile_max_height":0,"ocean_header_custom_menu":"","ocean_menu_typo_font_family":"","ocean_menu_typo_font_subset":"","ocean_menu_typo_font_size":0,"ocean_menu_typo_font_size_tablet":0,"ocean_menu_typo_font_size_mobile":0,"ocean_menu_typo_font_size_unit":"px","ocean_menu_typo_font_weight":"","ocean_menu_typo_font_weight_tablet":"","ocean_menu_typo_font_weight_mobile":"","ocean_menu_typo_transform":"","ocean_menu_typo_transform_tablet":"","ocean_menu_typo_transform_mobile":"","ocean_menu_typo_line_height":0,"ocean_menu_typo_line_height_tablet":0,"ocean_menu_typo_line_height_mobile":0,"ocean_menu_typo_line_height_unit":"","ocean_menu_typo_spacing":0,"ocean_menu_typo_spacing_tablet":0,"ocean_menu_typo_spacing_mobile":0,"ocean_menu_typo_spacing_unit":"","ocean_menu_link_color":"","ocean_menu_link_color_hover":"","ocean_menu_link_color_active":"","ocean_menu_link_background":"","ocean_menu_link_hover_background":"","ocean_menu_link_active_background":"","ocean_menu_social_links_bg":"","ocean_menu_social_hover_links_bg":"","ocean_menu_social_links_color":"","ocean_menu_social_hover_links_color":"","ocean_disable_title":"default","ocean_disable_heading":"default","ocean_post_title":"","ocean_post_subheading":"","ocean_post_title_style":"","ocean_post_title_background_color":"","ocean_post_title_background":0,"ocean_post_title_bg_image_position":"","ocean_post_title_bg_image_attachment":"","ocean_post_title_bg_image_repeat":"","ocean_post_title_bg_image_size":"","ocean_post_title_height":0,"ocean_post_title_bg_overlay":0.5,"ocean_post_title_bg_overlay_color":"","ocean_disable_breadcrumbs":"default","ocean_breadcrumbs_color":"","ocean_breadcrumbs_separator_color":"","ocean_breadcrumbs_links_color":"","ocean_breadcrumbs_links_hover_color":"","ocean_display_footer_widgets":"default","ocean_display_footer_bottom":"default","ocean_custom_footer_template":"","_themeisle_gutenberg_block_has_review":false,"footnotes":""},"class_list":["post-2541","page","type-page","status-publish","has-post-thumbnail","hentry","entry","has-media","owp-thumbs-layout-vertical","owp-btn-very-big","owp-tabs-layout-horizontal","has-no-thumbnails"],"acf":[],"aioseo_notices":[],"jetpack_sharing_enabled":true,"_links":{"self":[{"href":"https:\/\/nabilaexperience.com\/es\/wp-json\/wp\/v2\/pages\/2541","targetHints":{"allow":["GET"]}}],"collection":[{"href":"https:\/\/nabilaexperience.com\/es\/wp-json\/wp\/v2\/pages"}],"about":[{"href":"https:\/\/nabilaexperience.com\/es\/wp-json\/wp\/v2\/types\/page"}],"author":[{"embeddable":true,"href":"https:\/\/nabilaexperience.com\/es\/wp-json\/wp\/v2\/users\/1"}],"replies":[{"embeddable":true,"href":"https:\/\/nabilaexperience.com\/es\/wp-json\/wp\/v2\/comments?post=2541"}],"version-history":[{"count":9,"href":"https:\/\/nabilaexperience.com\/es\/wp-json\/wp\/v2\/pages\/2541\/revisions"}],"predecessor-version":[{"id":8684,"href":"https:\/\/nabilaexperience.com\/es\/wp-json\/wp\/v2\/pages\/2541\/revisions\/8684"}],"wp:featuredmedia":[{"embeddable":true,"href":"https:\/\/nabilaexperience.com\/es\/wp-json\/wp\/v2\/media\/2702"}],"wp:attachment":[{"href":"https:\/\/nabilaexperience.com\/es\/wp-json\/wp\/v2\/media?parent=2541"}],"curies":[{"name":"wp","href":"https:\/\/api.w.org\/{rel}","templated":true}]}}