{"id":11057,"date":"2025-06-05T15:39:11","date_gmt":"2025-06-05T15:39:11","guid":{"rendered":"https:\/\/nabilaexperience.com\/?page_id=11057"},"modified":"2025-06-05T16:09:51","modified_gmt":"2025-06-05T16:09:51","slug":"aviso-legal","status":"publish","type":"page","link":"https:\/\/nabilaexperience.com\/es\/aviso-legal\/","title":{"rendered":"AVISO LEGAL"},"content":{"rendered":"<div style=\"height:50px\" aria-hidden=\"true\" class=\"wp-block-spacer\"><\/div>\n\n\n\n<h1 class=\"wp-block-heading has-text-align-center has-x-large-font-size\" style=\"text-transform:uppercase\">AVISO LEGAL<\/h1>\n\n\n\n<p><mark style=\"background-color:rgba(0, 0, 0, 0);color:#ffbf00\" class=\"has-inline-color\"><strong>PROPIETARIO DEL SITIO WEB<\/strong><\/mark><\/p>\n\n\n\n<ul class=\"wp-block-list\">\n<li>Nombre de la empresa: NABILA WORLD SL<\/li>\n\n\n\n<li>NIF: B70985965<\/li>\n\n\n\n<li>Nombre comercial: NABILA EXPERIENCE<\/li>\n\n\n\n<li>Direcci\u00f3n: Avenida Barranco de las Torres n\u00b0 10, planta 2, puerta A - 38670 Adeje - Santa Cruz de Tenerife (Espa\u00f1a)<\/li>\n\n\n\n<li>Correo electr\u00f3nico: info@nabilaexperience.com<\/li>\n\n\n\n<li>Tel\u00e9fono: +34 624 84 48 18<\/li>\n<\/ul>\n\n\n\n<div style=\"height:25px\" aria-hidden=\"true\" class=\"wp-block-spacer\"><\/div>\n\n\n\n<p><mark style=\"background-color:rgba(0, 0, 0, 0);color:#ffbf00\" class=\"has-inline-color\"><strong>FINALIDAD DEL SITIO WEB<\/strong><\/mark><br>El prop\u00f3sito de este sitio web es presentar, promocionar y vender las experiencias, excursiones y servicios relacionados ofrecidos por Nabila Experience en Tenerife.<\/p>\n\n\n\n<div style=\"height:25px\" aria-hidden=\"true\" class=\"wp-block-spacer\"><\/div>\n\n\n\n<p><mark style=\"background-color:rgba(0, 0, 0, 0);color:#ffbf00\" class=\"has-inline-color\"><strong>PROPIEDAD INTELECTUAL<\/strong><\/mark><br>Todos los contenidos de este sitio web (textos, im\u00e1genes, v\u00eddeos, logotipos, iconos, etc.) son propiedad exclusiva de Nabila Experience o de sus proveedores de contenidos y est\u00e1n protegidos por la legislaci\u00f3n aplicable en materia de propiedad intelectual. Queda terminantemente prohibida la reproducci\u00f3n, distribuci\u00f3n o utilizaci\u00f3n de cualquier contenido sin autorizaci\u00f3n previa por escrito.<\/p>\n\n\n\n<div style=\"height:25px\" aria-hidden=\"true\" class=\"wp-block-spacer\"><\/div>\n\n\n\n<p><mark style=\"background-color:rgba(0, 0, 0, 0);color:#ffbf00\" class=\"has-inline-color\"><strong>RESPONSABILIDAD<\/strong><\/mark><br>Nabila Experience se esfuerza por garantizar que el contenido de este sitio sea preciso y est\u00e9 actualizado. Sin embargo, no garantizamos la exhaustividad, fiabilidad o actualidad de la informaci\u00f3n proporcionada. Nabila Experience no se hace responsable de ning\u00fan da\u00f1o directo o indirecto derivado del uso de este sitio web o de cualquier error u omisi\u00f3n en su contenido.<\/p>\n\n\n\n<div style=\"height:25px\" aria-hidden=\"true\" class=\"wp-block-spacer\"><\/div>\n\n\n\n<p><mark style=\"background-color:rgba(0, 0, 0, 0);color:#ffbf00\" class=\"has-inline-color\"><strong>ENLACES EXTERNOS<\/strong><\/mark><br>Este sitio web puede contener enlaces a sitios web de terceros. Nabila Experience no es responsable del contenido ni de las pr\u00e1cticas de privacidad de dichos sitios externos.<\/p>\n\n\n\n<div style=\"height:25px\" aria-hidden=\"true\" class=\"wp-block-spacer\"><\/div>\n\n\n\n<p><mark style=\"background-color:rgba(0, 0, 0, 0);color:#ffbf00\" class=\"has-inline-color\"><strong>PRIVACIDAD Y PROTECCI\u00d3N DE DATOS<\/strong><\/mark><br>Consulte nuestra <a href=\"https:\/\/nabilaexperience.com\/es\/politica-de-privacidad\/\" title=\"POL\u00cdTICA DE PRIVACIDAD\">Pol\u00edtica de privacidad<\/a> para obtener informaci\u00f3n sobre c\u00f3mo recopilamos, procesamos y protegemos los datos personales de conformidad con el GDPR y otras leyes aplicables.<\/p>\n\n\n\n<div style=\"height:25px\" aria-hidden=\"true\" class=\"wp-block-spacer\"><\/div>\n\n\n\n<p><mark style=\"background-color:rgba(0, 0, 0, 0);color:#ffbf00\" class=\"has-inline-color\"><strong>LEGISLACI\u00d3N Y JURISDICCI\u00d3N APLICABLES<\/strong><\/mark><br>El presente Aviso Legal se rige por la legislaci\u00f3n espa\u00f1ola. Cualquier controversia que surja en relaci\u00f3n con este sitio web se someter\u00e1 a la jurisdicci\u00f3n exclusiva de los tribunales de Santa Cruz de Tenerife.<\/p>\n\n\n\n<div style=\"height:25px\" aria-hidden=\"true\" class=\"wp-block-spacer\"><\/div>","protected":false},"excerpt":{"rendered":"<p>LEGAL NOTICE WEBSITE OWNER PURPOSE OF THE WEBSITEThe purpose of this website is to present, promote, and sell the experiences, excursions, and related services offered by Nabila Experience in Tenerife. INTELLECTUAL PROPERTYAll content on this website (texts, images, videos, logos, icons, etc.) is the exclusive property of Nabila Experience or its content providers and is [&hellip;]<\/p>\n","protected":false},"author":1,"featured_media":10655,"parent":0,"menu_order":0,"comment_status":"closed","ping_status":"closed","template":"","meta":{"_acf_changed":false,"ocean_post_layout":"","ocean_both_sidebars_style":"","ocean_both_sidebars_content_width":0,"ocean_both_sidebars_sidebars_width":0,"ocean_sidebar":"","ocean_second_sidebar":"","ocean_disable_margins":"enable","ocean_add_body_class":"","ocean_shortcode_before_top_bar":"","ocean_shortcode_after_top_bar":"","ocean_shortcode_before_header":"","ocean_shortcode_after_header":"","ocean_has_shortcode":"","ocean_shortcode_after_title":"","ocean_shortcode_before_footer_widgets":"","ocean_shortcode_after_footer_widgets":"","ocean_shortcode_before_footer_bottom":"","ocean_shortcode_after_footer_bottom":"","ocean_display_top_bar":"default","ocean_display_header":"default","ocean_header_style":"","ocean_center_header_left_menu":"","ocean_custom_header_template":"","ocean_custom_logo":0,"ocean_custom_retina_logo":0,"ocean_custom_logo_max_width":0,"ocean_custom_logo_tablet_max_width":0,"ocean_custom_logo_mobile_max_width":0,"ocean_custom_logo_max_height":0,"ocean_custom_logo_tablet_max_height":0,"ocean_custom_logo_mobile_max_height":0,"ocean_header_custom_menu":"","ocean_menu_typo_font_family":"","ocean_menu_typo_font_subset":"","ocean_menu_typo_font_size":0,"ocean_menu_typo_font_size_tablet":0,"ocean_menu_typo_font_size_mobile":0,"ocean_menu_typo_font_size_unit":"px","ocean_menu_typo_font_weight":"","ocean_menu_typo_font_weight_tablet":"","ocean_menu_typo_font_weight_mobile":"","ocean_menu_typo_transform":"","ocean_menu_typo_transform_tablet":"","ocean_menu_typo_transform_mobile":"","ocean_menu_typo_line_height":0,"ocean_menu_typo_line_height_tablet":0,"ocean_menu_typo_line_height_mobile":0,"ocean_menu_typo_line_height_unit":"","ocean_menu_typo_spacing":0,"ocean_menu_typo_spacing_tablet":0,"ocean_menu_typo_spacing_mobile":0,"ocean_menu_typo_spacing_unit":"","ocean_menu_link_color":"","ocean_menu_link_color_hover":"","ocean_menu_link_color_active":"","ocean_menu_link_background":"","ocean_menu_link_hover_background":"","ocean_menu_link_active_background":"","ocean_menu_social_links_bg":"","ocean_menu_social_hover_links_bg":"","ocean_menu_social_links_color":"","ocean_menu_social_hover_links_color":"","ocean_disable_title":"default","ocean_disable_heading":"default","ocean_post_title":"","ocean_post_subheading":"","ocean_post_title_style":"","ocean_post_title_background_color":"","ocean_post_title_background":0,"ocean_post_title_bg_image_position":"","ocean_post_title_bg_image_attachment":"","ocean_post_title_bg_image_repeat":"","ocean_post_title_bg_image_size":"","ocean_post_title_height":0,"ocean_post_title_bg_overlay":0.5,"ocean_post_title_bg_overlay_color":"","ocean_disable_breadcrumbs":"default","ocean_breadcrumbs_color":"","ocean_breadcrumbs_separator_color":"","ocean_breadcrumbs_links_color":"","ocean_breadcrumbs_links_hover_color":"","ocean_display_footer_widgets":"default","ocean_display_footer_bottom":"default","ocean_custom_footer_template":"","_themeisle_gutenberg_block_has_review":false,"footnotes":""},"class_list":["post-11057","page","type-page","status-publish","has-post-thumbnail","hentry","entry","has-media","owp-thumbs-layout-vertical","owp-btn-very-big","owp-tabs-layout-horizontal","has-no-thumbnails"],"acf":[],"aioseo_notices":[],"jetpack_sharing_enabled":true,"_links":{"self":[{"href":"https:\/\/nabilaexperience.com\/es\/wp-json\/wp\/v2\/pages\/11057","targetHints":{"allow":["GET"]}}],"collection":[{"href":"https:\/\/nabilaexperience.com\/es\/wp-json\/wp\/v2\/pages"}],"about":[{"href":"https:\/\/nabilaexperience.com\/es\/wp-json\/wp\/v2\/types\/page"}],"author":[{"embeddable":true,"href":"https:\/\/nabilaexperience.com\/es\/wp-json\/wp\/v2\/users\/1"}],"replies":[{"embeddable":true,"href":"https:\/\/nabilaexperience.com\/es\/wp-json\/wp\/v2\/comments?post=11057"}],"version-history":[{"count":4,"href":"https:\/\/nabilaexperience.com\/es\/wp-json\/wp\/v2\/pages\/11057\/revisions"}],"predecessor-version":[{"id":11071,"href":"https:\/\/nabilaexperience.com\/es\/wp-json\/wp\/v2\/pages\/11057\/revisions\/11071"}],"wp:featuredmedia":[{"embeddable":true,"href":"https:\/\/nabilaexperience.com\/es\/wp-json\/wp\/v2\/media\/10655"}],"wp:attachment":[{"href":"https:\/\/nabilaexperience.com\/es\/wp-json\/wp\/v2\/media?parent=11057"}],"curies":[{"name":"wp","href":"https:\/\/api.w.org\/{rel}","templated":true}]}}