{"id":8472,"date":"2025-03-10T18:37:10","date_gmt":"2025-03-10T18:37:10","guid":{"rendered":"https:\/\/nabilaexperience.com\/?page_id=8472"},"modified":"2025-03-29T21:16:01","modified_gmt":"2025-03-29T21:16:01","slug":"was-man-auf-teneriffa-einpacken-sollte","status":"publish","type":"page","link":"https:\/\/nabilaexperience.com\/de\/was-man-auf-teneriffa-einpacken-sollte\/","title":{"rendered":"WAS ZU PACKEN"},"content":{"rendered":"<div style=\"height:25px\" aria-hidden=\"true\" class=\"wp-block-spacer\"><\/div>\n\n\n\n<h1 class=\"wp-block-heading has-text-align-center has-x-large-font-size\">WAS ZU PACKEN<\/h1>\n\n\n\n<div id=\"wp-block-themeisle-blocks-advanced-columns-da374821\" class=\"wp-block-themeisle-blocks-advanced-columns alignfull has-2-columns has-desktop-oneTwo-layout has-tablet-equal-layout has-mobile-collapsedRows-layout has-vertical-center ticss-c00aadba\"><div class=\"wp-block-themeisle-blocks-advanced-columns-overlay\"><\/div><div class=\"innerblocks-wrap\">\n<div id=\"wp-block-themeisle-blocks-advanced-column-3c73ff86\" class=\"wp-block-themeisle-blocks-advanced-column ticss-3c73ff86\">\n<div class=\"wp-block-cover is-light ticss-93c3bcbb\"><span aria-hidden=\"true\" class=\"wp-block-cover__background has-background-dim-0 has-background-dim\"><\/span><img fetchpriority=\"high\" decoding=\"async\" width=\"1000\" height=\"667\" class=\"wp-block-cover__image-background wp-image-8310\" alt=\"was man f\u00fcr Teneriffa packen sollte\" src=\"https:\/\/nabilaexperience.com\/wp-content\/uploads\/2025\/03\/nabila-experience-info-tips-weather-climate.webp\" data-object-fit=\"cover\" srcset=\"https:\/\/nabilaexperience.com\/wp-content\/uploads\/2025\/03\/nabila-experience-info-tips-weather-climate.webp 1000w, https:\/\/nabilaexperience.com\/wp-content\/uploads\/2025\/03\/nabila-experience-info-tips-weather-climate-300x200.webp 300w, https:\/\/nabilaexperience.com\/wp-content\/uploads\/2025\/03\/nabila-experience-info-tips-weather-climate-768x512.webp 768w, https:\/\/nabilaexperience.com\/wp-content\/uploads\/2025\/03\/nabila-experience-info-tips-weather-climate-18x12.webp 18w, https:\/\/nabilaexperience.com\/wp-content\/uploads\/2025\/03\/nabila-experience-info-tips-weather-climate-600x400.webp 600w\" sizes=\"(max-width: 1000px) 100vw, 1000px\" \/><div class=\"wp-block-cover__inner-container is-layout-flow wp-block-cover-is-layout-flow\">\n<p class=\"has-text-align-center has-large-font-size\"><\/p>\n<\/div><\/div>\n<\/div>\n\n\n\n<div id=\"wp-block-themeisle-blocks-advanced-column-32fd45a6\" class=\"wp-block-themeisle-blocks-advanced-column\">\n<div class=\"wp-block-cover ticss-402da394\"><span aria-hidden=\"true\" class=\"wp-block-cover__background has-background-dim-100 has-background-dim\" style=\"background-color:#02244d\"><\/span><img decoding=\"async\" class=\"wp-block-cover__image-background wp-image-306 lazyload\" alt=\"\" data-src=\"https:\/\/api.themeisle.com\/sites\/images\/cb:otter\/q:auto\/wp-content\/uploads\/sites\/664\/2022\/09\/otter-demo-07.png\" style=\"object-position:41% 0%\" data-object-fit=\"cover\" data-object-position=\"41% 0%\" src=\"data:image\/gif;base64,R0lGODlhAQABAAAAACH5BAEKAAEALAAAAAABAAEAAAICTAEAOw==\" \/><div class=\"wp-block-cover__inner-container is-layout-flow wp-block-cover-is-layout-flow\">\n<h1 class=\"wp-block-heading has-text-align-left has-text-color has-link-color has-x-large-font-size wp-elements-8b7eb03328684104d62e89bd84dc8b95\" style=\"color:#ffbf00\">WAS ZU PACKEN<\/h1>\n\n\n\n<div style=\"height:25px\" aria-hidden=\"true\" class=\"wp-block-spacer\"><\/div>\n\n\n\n<p>Auf Teneriffa herrschen das ganze Jahr \u00fcber angenehme Temperaturen, aber das Klima variiert je nach Region und H\u00f6henlage.<\/p>\n\n\n\n<p>Hier erfahren Sie, was Sie einpacken sollten, um bestens vorbereitet zu sein:<\/p>\n\n\n\n<ul class=\"wp-block-list\">\n<li><strong>LEICHTE KLEIDUNG:<\/strong> T-Shirts, Shorts und Sommerkleidung f\u00fcr warme Tage, vor allem an der S\u00fcdk\u00fcste.<\/li>\n<\/ul>\n\n\n\n<ul class=\"wp-block-list\">\n<li><strong>SCHWIMMKLEIDUNG:<\/strong> Ein Muss f\u00fcr Str\u00e4nde, Schwimmb\u00e4der, Bootsfahrten und Wasseraktivit\u00e4ten.<\/li>\n<\/ul>\n\n\n\n<ul class=\"wp-block-list\">\n<li><strong>SONNENSCHUTZ:<\/strong> Sonnenschutzmittel, Sonnenbrille und Hut, um sich vor der starken Sonne zu sch\u00fctzen.<\/li>\n<\/ul>\n\n\n\n<ul class=\"wp-block-list\">\n<li><strong>BEQUEME SCHUHE:<\/strong> Ideal f\u00fcr die Erkundung von St\u00e4dten und Naturpfaden. Bringen Sie Wanderschuhe mit, wenn Sie wandern wollen.<\/li>\n<\/ul>\n\n\n\n<ul class=\"wp-block-list\">\n<li><strong>PULLOVER ODER LEICHTE JACKE:<\/strong> Die Abende k\u00f6nnen k\u00fchler sein, besonders im Winter oder in h\u00f6heren Lagen wie dem Teide.<\/li>\n<\/ul>\n\n\n\n<ul class=\"wp-block-list\">\n<li><strong>REGENJACKE ODER WINDBREAKER:<\/strong> N\u00fctzlich, wenn Sie in den Norden reisen, wo gelegentlicher Regen h\u00e4ufiger vorkommt.<\/li>\n<\/ul>\n\n\n\n<ul class=\"wp-block-list\">\n<li><strong>WARME KLEIDUNG F\u00dcR DEN TEIDE:<\/strong> Wenn Sie auf den Berg gehen, packen Sie warme Schichten ein. Schnee ist im Winter m\u00f6glich!<\/li>\n<\/ul>\n\n\n\n<ul class=\"wp-block-list\">\n<li><strong>NETZADAPTER:<\/strong> Auf Teneriffa werden europ\u00e4ische Steckdosen verwendet (230V, 50Hz, Typ C und F).<\/li>\n<\/ul>\n\n\n\n<ul class=\"wp-block-list\">\n<li><strong>POWERBANK:<\/strong> Unverzichtbar, damit Ihre Ger\u00e4te w\u00e4hrend langer Erkundungstouren immer aufgeladen sind.<\/li>\n<\/ul>\n\n\n\n<ul class=\"wp-block-list\">\n<li><strong>LEICHTER RUCKSACK:<\/strong> Praktisch f\u00fcr Ausfl\u00fcge, Tagestouren oder einfach f\u00fcr den Strand.<\/li>\n<\/ul>\n\n\n\n<div style=\"height:25px\" aria-hidden=\"true\" class=\"wp-block-spacer\"><\/div>\n\n\n\n<p class=\"has-text-align-center\" style=\"font-size:19px\"><strong>Mit dieser Liste sind Sie f\u00fcr jedes Abenteuer auf der Insel bestens ger\u00fcstet!<\/strong><\/p>\n\n\n\n<div style=\"height:10px\" aria-hidden=\"true\" class=\"wp-block-spacer\"><\/div>\n\n\n\n<p class=\"has-text-align-center\" style=\"font-size:19px\"><strong>Um Ihren Urlaub auf Teneriffa in vollen Z\u00fcgen genie\u00dfen zu k\u00f6nnen, empfehlen wir Ihnen, Ihre Ausfl\u00fcge und Ihren Mietwagen im Voraus zu buchen!<\/strong><\/p>\n\n\n\n<div class=\"wp-block-buttons alignwide is-content-justification-center is-layout-flex wp-container-core-buttons-is-layout-5e6b19ed wp-block-buttons-is-layout-flex\">\n<div class=\"wp-block-button has-custom-font-size\" style=\"font-size:19px\"><a class=\"wp-block-button__link wp-element-button\" href=\"https:\/\/nabilaexperience.com\/de\/teneriffa-ausfluge-besten\/\" style=\"border-radius:5px\"><strong>AUSFL\u00dcGE<\/strong><\/a><\/div>\n\n\n\n<div class=\"wp-block-button has-custom-font-size\" style=\"font-size:19px\"><a class=\"wp-block-button__link wp-element-button\" href=\"https:\/\/nabilaexperience.com\/de\/mietwagen-teneriffa\/\" style=\"border-radius:5px\"><strong>AUTOVERMIETUNG<\/strong><\/a><\/div>\n<\/div>\n<\/div><\/div>\n<\/div>\n<\/div><\/div>","protected":false},"excerpt":{"rendered":"<p>WAS ZU PACKEN<\/p>","protected":false},"author":1,"featured_media":8310,"parent":0,"menu_order":0,"comment_status":"closed","ping_status":"closed","template":"","meta":{"_acf_changed":false,"ocean_post_layout":"","ocean_both_sidebars_style":"","ocean_both_sidebars_content_width":0,"ocean_both_sidebars_sidebars_width":0,"ocean_sidebar":"","ocean_second_sidebar":"","ocean_disable_margins":"enable","ocean_add_body_class":"","ocean_shortcode_before_top_bar":"","ocean_shortcode_after_top_bar":"","ocean_shortcode_before_header":"","ocean_shortcode_after_header":"","ocean_has_shortcode":"","ocean_shortcode_after_title":"","ocean_shortcode_before_footer_widgets":"","ocean_shortcode_after_footer_widgets":"","ocean_shortcode_before_footer_bottom":"","ocean_shortcode_after_footer_bottom":"","ocean_display_top_bar":"default","ocean_display_header":"default","ocean_header_style":"","ocean_center_header_left_menu":"","ocean_custom_header_template":"","ocean_custom_logo":0,"ocean_custom_retina_logo":0,"ocean_custom_logo_max_width":0,"ocean_custom_logo_tablet_max_width":0,"ocean_custom_logo_mobile_max_width":0,"ocean_custom_logo_max_height":0,"ocean_custom_logo_tablet_max_height":0,"ocean_custom_logo_mobile_max_height":0,"ocean_header_custom_menu":"","ocean_menu_typo_font_family":"","ocean_menu_typo_font_subset":"","ocean_menu_typo_font_size":0,"ocean_menu_typo_font_size_tablet":0,"ocean_menu_typo_font_size_mobile":0,"ocean_menu_typo_font_size_unit":"px","ocean_menu_typo_font_weight":"","ocean_menu_typo_font_weight_tablet":"","ocean_menu_typo_font_weight_mobile":"","ocean_menu_typo_transform":"","ocean_menu_typo_transform_tablet":"","ocean_menu_typo_transform_mobile":"","ocean_menu_typo_line_height":0,"ocean_menu_typo_line_height_tablet":0,"ocean_menu_typo_line_height_mobile":0,"ocean_menu_typo_line_height_unit":"","ocean_menu_typo_spacing":0,"ocean_menu_typo_spacing_tablet":0,"ocean_menu_typo_spacing_mobile":0,"ocean_menu_typo_spacing_unit":"","ocean_menu_link_color":"","ocean_menu_link_color_hover":"","ocean_menu_link_color_active":"","ocean_menu_link_background":"","ocean_menu_link_hover_background":"","ocean_menu_link_active_background":"","ocean_menu_social_links_bg":"","ocean_menu_social_hover_links_bg":"","ocean_menu_social_links_color":"","ocean_menu_social_hover_links_color":"","ocean_disable_title":"default","ocean_disable_heading":"default","ocean_post_title":"","ocean_post_subheading":"","ocean_post_title_style":"","ocean_post_title_background_color":"","ocean_post_title_background":0,"ocean_post_title_bg_image_position":"","ocean_post_title_bg_image_attachment":"","ocean_post_title_bg_image_repeat":"","ocean_post_title_bg_image_size":"","ocean_post_title_height":0,"ocean_post_title_bg_overlay":0.5,"ocean_post_title_bg_overlay_color":"","ocean_disable_breadcrumbs":"default","ocean_breadcrumbs_color":"","ocean_breadcrumbs_separator_color":"","ocean_breadcrumbs_links_color":"","ocean_breadcrumbs_links_hover_color":"","ocean_display_footer_widgets":"default","ocean_display_footer_bottom":"default","ocean_custom_footer_template":"","_themeisle_gutenberg_block_has_review":false,"footnotes":""},"class_list":["post-8472","page","type-page","status-publish","has-post-thumbnail","hentry","entry","has-media","owp-thumbs-layout-vertical","owp-btn-very-big","owp-tabs-layout-horizontal","has-no-thumbnails"],"acf":[],"aioseo_notices":[],"jetpack_sharing_enabled":true,"_links":{"self":[{"href":"https:\/\/nabilaexperience.com\/de\/wp-json\/wp\/v2\/pages\/8472","targetHints":{"allow":["GET"]}}],"collection":[{"href":"https:\/\/nabilaexperience.com\/de\/wp-json\/wp\/v2\/pages"}],"about":[{"href":"https:\/\/nabilaexperience.com\/de\/wp-json\/wp\/v2\/types\/page"}],"author":[{"embeddable":true,"href":"https:\/\/nabilaexperience.com\/de\/wp-json\/wp\/v2\/users\/1"}],"replies":[{"embeddable":true,"href":"https:\/\/nabilaexperience.com\/de\/wp-json\/wp\/v2\/comments?post=8472"}],"version-history":[{"count":13,"href":"https:\/\/nabilaexperience.com\/de\/wp-json\/wp\/v2\/pages\/8472\/revisions"}],"predecessor-version":[{"id":10288,"href":"https:\/\/nabilaexperience.com\/de\/wp-json\/wp\/v2\/pages\/8472\/revisions\/10288"}],"wp:featuredmedia":[{"embeddable":true,"href":"https:\/\/nabilaexperience.com\/de\/wp-json\/wp\/v2\/media\/8310"}],"wp:attachment":[{"href":"https:\/\/nabilaexperience.com\/de\/wp-json\/wp\/v2\/media?parent=8472"}],"curies":[{"name":"wp","href":"https:\/\/api.w.org\/{rel}","templated":true}]}}