{"id":8041,"date":"2025-03-10T18:36:46","date_gmt":"2025-03-10T18:36:46","guid":{"rendered":"https:\/\/nabilaexperience.com\/?page_id=8041"},"modified":"2026-01-21T09:38:23","modified_gmt":"2026-01-21T09:38:23","slug":"tenerife-info-tipps","status":"publish","type":"page","link":"https:\/\/nabilaexperience.com\/de\/tenerife-info-tipps\/","title":{"rendered":"INFO &amp; TIPPS"},"content":{"rendered":"<div style=\"height:25px\" aria-hidden=\"true\" class=\"wp-block-spacer\"><\/div>\n\n\n\n<div id=\"wp-block-themeisle-blocks-advanced-columns-070458a4\" class=\"wp-block-themeisle-blocks-advanced-columns alignfull has-2-columns has-desktop-oneTwo-layout has-tablet-equal-layout has-mobile-collapsedRows-layout has-vertical-center ticss-c00aadba\"><div class=\"wp-block-themeisle-blocks-advanced-columns-overlay\"><\/div><div class=\"innerblocks-wrap\">\n<div id=\"wp-block-themeisle-blocks-advanced-column-5e8e7d77\" class=\"wp-block-themeisle-blocks-advanced-column ticss-e26b905b\">\n<div class=\"wp-block-cover is-light ticss-7b52cac0\"><img fetchpriority=\"high\" decoding=\"async\" width=\"1000\" height=\"668\" class=\"wp-block-cover__image-background wp-image-8055\" alt=\"Teneriffa\" src=\"https:\/\/nabilaexperience.com\/wp-content\/uploads\/2025\/02\/nabila-experience-info-tips-tenerife.webp\" style=\"object-position:40% 50%\" data-object-fit=\"cover\" data-object-position=\"40% 50%\" srcset=\"https:\/\/nabilaexperience.com\/wp-content\/uploads\/2025\/02\/nabila-experience-info-tips-tenerife.webp 1000w, https:\/\/nabilaexperience.com\/wp-content\/uploads\/2025\/02\/nabila-experience-info-tips-tenerife-300x200.webp 300w, https:\/\/nabilaexperience.com\/wp-content\/uploads\/2025\/02\/nabila-experience-info-tips-tenerife-768x513.webp 768w, https:\/\/nabilaexperience.com\/wp-content\/uploads\/2025\/02\/nabila-experience-info-tips-tenerife-18x12.webp 18w, https:\/\/nabilaexperience.com\/wp-content\/uploads\/2025\/02\/nabila-experience-info-tips-tenerife-600x401.webp 600w\" sizes=\"(max-width: 1000px) 100vw, 1000px\" \/><span aria-hidden=\"true\" class=\"wp-block-cover__background has-background-dim-0 has-background-dim\"><\/span><div class=\"wp-block-cover__inner-container is-layout-flow wp-block-cover-is-layout-flow\">\n<p class=\"has-text-align-center has-large-font-size\"><\/p>\n<\/div><\/div>\n<\/div>\n\n\n\n<div id=\"wp-block-themeisle-blocks-advanced-column-bea6f9b4\" class=\"wp-block-themeisle-blocks-advanced-column ticss-3b0f9a44\">\n<div class=\"wp-block-cover\"><img decoding=\"async\" class=\"wp-block-cover__image-background wp-image-306 lazyload\" alt=\"\" data-src=\"https:\/\/api.themeisle.com\/sites\/images\/cb:otter\/q:auto\/wp-content\/uploads\/sites\/664\/2022\/09\/otter-demo-07.png\" style=\"object-position:41% 0%\" data-object-fit=\"cover\" data-object-position=\"41% 0%\" src=\"data:image\/gif;base64,R0lGODlhAQABAAAAACH5BAEKAAEALAAAAAABAAEAAAICTAEAOw==\" \/><span aria-hidden=\"true\" class=\"wp-block-cover__background has-background-dim-100 has-background-dim\" style=\"background-color:#02244d\"><\/span><div class=\"wp-block-cover__inner-container is-layout-flow wp-block-cover-is-layout-flow\">\n<h1 class=\"wp-block-heading has-text-align-left has-text-color has-link-color has-x-large-font-size wp-elements-e8e82a7d0bb0ac98d1af9a8610e38fc9\" style=\"color:#ffbf00\">INFO &amp; TIPPS<\/h1>\n\n\n\n<div style=\"height:25px\" aria-hidden=\"true\" class=\"wp-block-spacer\"><\/div>\n\n\n\n<p>Planen Sie Ihre Reise nach Teneriffa? Wir haben das Richtige f\u00fcr Sie! Ganz gleich, ob Sie zum ersten Mal auf der Insel sind oder zum wiederholten Mal kommen, in diesem Abschnitt finden Sie alle wichtigen Informationen, damit Ihr Aufenthalt reibungslos und unvergesslich wird. Von praktischen Tipps bis hin zu Einblicken in Echtzeit finden Sie hier alles, was Sie vor Ihrer Reise wissen m\u00fcssen.<\/p>\n\n\n\n<ul class=\"wp-block-list\">\n<li><strong>TENERIFFA-KARTE<\/strong>&nbsp;- Eine interaktive Karte mit den wichtigsten Attraktionen, sehenswerten Orten und verborgenen Sch\u00e4tzen der Insel.<\/li>\n<\/ul>\n\n\n\n<ul class=\"wp-block-list\">\n<li><strong>LIVE-WEBCAMS<\/strong>&nbsp;- Pr\u00fcfen Sie vor Ihrer Reise Echtzeitansichten der Str\u00e4nde, Stra\u00dfen, Landschaften und Wetterbedingungen auf Teneriffa.<\/li>\n<\/ul>\n\n\n\n<ul class=\"wp-block-list\">\n<li><strong>WETTER UND KLIMA<\/strong>&nbsp;- Erhalten Sie aktuelle Wettervorhersagen und saisonale Informationen f\u00fcr eine perfekte Reiseplanung.<\/li>\n<\/ul>\n\n\n\n<ul class=\"wp-block-list\">\n<li><strong>WAS ZU PACKEN<\/strong> - Wichtige Packtipps, damit Sie auf das Klima und die Aktivit\u00e4ten auf Teneriffa vorbereitet sind.<\/li>\n<\/ul>\n\n\n\n<ul class=\"wp-block-list\">\n<li><strong>GUT ZU WISSEN<\/strong>&nbsp;- N\u00fctzliche Tipps zu \u00f6rtlichen Gepflogenheiten, Transport, Sicherheit und mehr, damit Sie Teneriffa problemlos erkunden k\u00f6nnen.<\/li>\n<\/ul>\n\n\n\n<ul class=\"wp-block-list\">\n<li><strong>FESTE UND VERANSTALTUNGEN<\/strong>&nbsp;- Informieren Sie sich \u00fcber die wichtigsten Veranstaltungen, vom ber\u00fchmten Karneval bis hin zu Konzerten und kulturellen Festen.<\/li>\n<\/ul>\n\n\n\n<div style=\"height:25px\" aria-hidden=\"true\" class=\"wp-block-spacer\"><\/div>\n\n\n\n<p class=\"has-text-align-center\" style=\"font-size:20px\"><strong>Planen Sie Ihren Urlaub auf Teneriffa im Voraus mit uns!<\/strong><\/p>\n\n\n\n<div class=\"wp-block-buttons alignwide is-content-justification-center is-layout-flex wp-container-core-buttons-is-layout-5e6b19ed wp-block-buttons-is-layout-flex\">\n<div class=\"wp-block-button\"><a class=\"wp-block-button__link has-custom-font-size wp-element-button\" href=\"https:\/\/nabilaexperience.com\/de\/teneriffa-ausfluge\/\" style=\"border-radius:5px;font-size:19px\"><strong>AUSFL\u00dcGE<\/strong><\/a><\/div>\n\n\n\n<div class=\"wp-block-button\"><a class=\"wp-block-button__link has-custom-font-size wp-element-button\" href=\"https:\/\/nabilaexperience.com\/de\/dienstleistungen-auf-teneriffa\/\" style=\"border-radius:5px;font-size:19px\"><strong>DIENSTLEISTUNGEN<\/strong><\/a><\/div>\n<\/div>\n\n\n\n<div style=\"height:10px\" aria-hidden=\"true\" class=\"wp-block-spacer\"><\/div>\n<\/div><\/div>\n<\/div>\n<\/div><\/div>\n\n\n\n<h2 class=\"wp-block-heading alignfull has-text-align-center ticss-e4b7435a has-text-color has-background has-link-color wp-elements-c8b3d7352ebdbcfd7e6e26a2f845d9c3\" style=\"color:#02244d;background-color:#ffbf00;font-size:31px\">INFO &amp; TIPPS<\/h2>\n\n\n\n<div id=\"wp-block-themeisle-blocks-advanced-columns-08b15238\" class=\"wp-block-themeisle-blocks-advanced-columns alignfull has-3-columns has-desktop-equal-layout has-tablet-equal-layout has-mobile-collapsedRows-layout has-vertical-center ticss-c00aadba\"><div class=\"wp-block-themeisle-blocks-advanced-columns-overlay\"><\/div><div class=\"innerblocks-wrap\">\n<div id=\"wp-block-themeisle-blocks-advanced-column-eefb8312\" class=\"wp-block-themeisle-blocks-advanced-column\">\n<div class=\"wp-block-cover\"><img decoding=\"async\" width=\"726\" height=\"590\" class=\"wp-block-cover__image-background wp-image-11124 size-full lazyload\" alt=\"\" data-src=\"https:\/\/nabilaexperience.com\/wp-content\/uploads\/2025\/06\/things-to-do-in-tenerife.map_-1.webp\" data-object-fit=\"cover\" data-srcset=\"https:\/\/nabilaexperience.com\/wp-content\/uploads\/2025\/06\/things-to-do-in-tenerife.map_-1.webp 726w, https:\/\/nabilaexperience.com\/wp-content\/uploads\/2025\/06\/things-to-do-in-tenerife.map_-1-300x244.webp 300w, https:\/\/nabilaexperience.com\/wp-content\/uploads\/2025\/06\/things-to-do-in-tenerife.map_-1-15x12.webp 15w, https:\/\/nabilaexperience.com\/wp-content\/uploads\/2025\/06\/things-to-do-in-tenerife.map_-1-600x488.webp 600w\" data-sizes=\"(max-width: 726px) 100vw, 726px\" src=\"data:image\/gif;base64,R0lGODlhAQABAAAAACH5BAEKAAEALAAAAAABAAEAAAICTAEAOw==\" style=\"--smush-placeholder-width: 726px; --smush-placeholder-aspect-ratio: 726\/590;\" \/><span aria-hidden=\"true\" class=\"wp-block-cover__background has-background-dim\" style=\"background-color:#02244d\"><\/span><div class=\"wp-block-cover__inner-container is-layout-flow wp-block-cover-is-layout-flow\">\n<div class=\"wp-block-buttons has-custom-font-size is-content-justification-center is-layout-flex wp-container-core-buttons-is-layout-5e6b19ed wp-block-buttons-is-layout-flex\" style=\"font-size:17px\">\n<div class=\"wp-block-button has-custom-width wp-block-button__width-75 is-style-primary is-style-outline pulse o-anim-hover is-style-outline--1\"><a class=\"wp-block-button__link has-text-color has-background has-link-color has-medium-font-size has-text-align-center has-custom-font-size wp-element-button\" style=\"border-radius:0px;color:#ffbf00;background-color:#02244d7d\"><strong>TENERIFFA-KARTE<\/strong><br><strong>(BALD)<\/strong><\/a><\/div>\n<\/div>\n<\/div><\/div>\n<\/div>\n\n\n\n<div id=\"wp-block-themeisle-blocks-advanced-column-9136d16a\" class=\"wp-block-themeisle-blocks-advanced-column\">\n<div class=\"wp-block-cover\"><img decoding=\"async\" class=\"wp-block-cover__image-background wp-image-8047 lazyload\" alt=\"\" data-src=\"https:\/\/nabilaexperience.com\/wp-content\/uploads\/2025\/02\/beach-5278006_1920.jpg\" data-object-fit=\"cover\" src=\"data:image\/gif;base64,R0lGODlhAQABAAAAACH5BAEKAAEALAAAAAABAAEAAAICTAEAOw==\" \/><span aria-hidden=\"true\" class=\"wp-block-cover__background has-background-dim\" style=\"background-color:#02244d\"><\/span><div class=\"wp-block-cover__inner-container is-layout-flow wp-block-cover-is-layout-flow\">\n<div class=\"wp-block-buttons has-custom-font-size is-content-justification-center is-layout-flex wp-container-core-buttons-is-layout-5e6b19ed wp-block-buttons-is-layout-flex\" style=\"font-size:17px\">\n<div class=\"wp-block-button has-custom-width wp-block-button__width-75 is-style-primary is-style-outline pulse o-anim-hover is-style-outline--2\"><a class=\"wp-block-button__link has-text-color has-background has-link-color has-medium-font-size has-text-align-center has-custom-font-size wp-element-button\" href=\"https:\/\/nabilaexperience.com\/de\/live-webcams-tenerife\/\" style=\"border-radius:0px;color:#ffbf00;background-color:#02244d7d\"><strong>LIVE-WEBCAMS<\/strong><\/a><\/div>\n<\/div>\n<\/div><\/div>\n<\/div>\n\n\n\n<div id=\"wp-block-themeisle-blocks-advanced-column-95ccbf48\" class=\"wp-block-themeisle-blocks-advanced-column\">\n<div class=\"wp-block-cover o-anim-hover pulse o-anim-offset-30px has-white-color has-text-color has-link-color wp-elements-17a305fa4a614d48f20d0481a5d0f81f\"><img decoding=\"async\" width=\"1000\" height=\"667\" class=\"wp-block-cover__image-background wp-image-8048 lazyload\" alt=\"\" data-src=\"https:\/\/nabilaexperience.com\/wp-content\/uploads\/2025\/02\/nabila-experience-info-tips-tenerife-teide.webp\" data-object-fit=\"cover\" data-srcset=\"https:\/\/nabilaexperience.com\/wp-content\/uploads\/2025\/02\/nabila-experience-info-tips-tenerife-teide.webp 1000w, https:\/\/nabilaexperience.com\/wp-content\/uploads\/2025\/02\/nabila-experience-info-tips-tenerife-teide-300x200.webp 300w, https:\/\/nabilaexperience.com\/wp-content\/uploads\/2025\/02\/nabila-experience-info-tips-tenerife-teide-768x512.webp 768w, https:\/\/nabilaexperience.com\/wp-content\/uploads\/2025\/02\/nabila-experience-info-tips-tenerife-teide-18x12.webp 18w, https:\/\/nabilaexperience.com\/wp-content\/uploads\/2025\/02\/nabila-experience-info-tips-tenerife-teide-600x400.webp 600w\" data-sizes=\"(max-width: 1000px) 100vw, 1000px\" src=\"data:image\/gif;base64,R0lGODlhAQABAAAAACH5BAEKAAEALAAAAAABAAEAAAICTAEAOw==\" style=\"--smush-placeholder-width: 1000px; --smush-placeholder-aspect-ratio: 1000\/667;\" \/><span aria-hidden=\"true\" class=\"wp-block-cover__background has-background-dim\" style=\"background-color:#02244d\"><\/span><div class=\"wp-block-cover__inner-container is-layout-flow wp-block-cover-is-layout-flow\">\n<div class=\"wp-block-buttons has-custom-font-size is-content-justification-center is-layout-flex wp-container-core-buttons-is-layout-5e6b19ed wp-block-buttons-is-layout-flex\" style=\"font-size:17px\">\n<div class=\"wp-block-button has-custom-width wp-block-button__width-75 is-style-primary is-style-outline pulse o-anim-hover is-style-outline--3\"><a class=\"wp-block-button__link has-text-color has-background has-link-color has-medium-font-size has-text-align-center has-custom-font-size wp-element-button\" href=\"https:\/\/nabilaexperience.com\/de\/teneriffa-wetter-klima\/\" style=\"border-radius:0px;color:#ffbf00;background-color:#02244d7d\"><strong>WETTER UND KLIMA<\/strong><\/a><\/div>\n<\/div>\n<\/div><\/div>\n<\/div>\n<\/div><\/div>\n\n\n\n<div id=\"wp-block-themeisle-blocks-advanced-columns-18ffda08\" class=\"wp-block-themeisle-blocks-advanced-columns alignfull has-3-columns has-desktop-equal-layout has-tablet-equal-layout has-mobile-collapsedRows-layout has-vertical-center ticss-c00aadba\"><div class=\"wp-block-themeisle-blocks-advanced-columns-overlay\"><\/div><div class=\"innerblocks-wrap\">\n<div id=\"wp-block-themeisle-blocks-advanced-column-887e8413\" class=\"wp-block-themeisle-blocks-advanced-column\">\n<div class=\"wp-block-cover o-anim-hover pulse o-anim-offset-30px has-white-color has-text-color has-link-color wp-elements-95d171d9c443b770cc23c48aa40b1bf9\"><img decoding=\"async\" width=\"1000\" height=\"667\" class=\"wp-block-cover__image-background wp-image-8310 lazyload\" alt=\"\" data-src=\"https:\/\/nabilaexperience.com\/wp-content\/uploads\/2025\/03\/nabila-experience-info-tips-weather-climate.webp\" data-object-fit=\"cover\" data-srcset=\"https:\/\/nabilaexperience.com\/wp-content\/uploads\/2025\/03\/nabila-experience-info-tips-weather-climate.webp 1000w, https:\/\/nabilaexperience.com\/wp-content\/uploads\/2025\/03\/nabila-experience-info-tips-weather-climate-300x200.webp 300w, https:\/\/nabilaexperience.com\/wp-content\/uploads\/2025\/03\/nabila-experience-info-tips-weather-climate-768x512.webp 768w, https:\/\/nabilaexperience.com\/wp-content\/uploads\/2025\/03\/nabila-experience-info-tips-weather-climate-18x12.webp 18w, https:\/\/nabilaexperience.com\/wp-content\/uploads\/2025\/03\/nabila-experience-info-tips-weather-climate-600x400.webp 600w\" data-sizes=\"(max-width: 1000px) 100vw, 1000px\" src=\"data:image\/gif;base64,R0lGODlhAQABAAAAACH5BAEKAAEALAAAAAABAAEAAAICTAEAOw==\" style=\"--smush-placeholder-width: 1000px; --smush-placeholder-aspect-ratio: 1000\/667;\" \/><span aria-hidden=\"true\" class=\"wp-block-cover__background has-background-dim\" style=\"background-color:#02244d\"><\/span><div class=\"wp-block-cover__inner-container is-layout-flow wp-block-cover-is-layout-flow\">\n<div class=\"wp-block-buttons has-custom-font-size is-content-justification-center is-layout-flex wp-container-core-buttons-is-layout-5e6b19ed wp-block-buttons-is-layout-flex\" style=\"font-size:17px\">\n<div class=\"wp-block-button has-custom-width wp-block-button__width-75 is-style-primary is-style-outline pulse o-anim-hover is-style-outline--4\"><a class=\"wp-block-button__link has-text-color has-background has-link-color has-medium-font-size has-text-align-center has-custom-font-size wp-element-button\" href=\"https:\/\/nabilaexperience.com\/de\/was-man-auf-teneriffa-einpacken-sollte\/\" style=\"border-radius:0px;color:#ffbf00;background-color:#02244d7d\"><strong>WAS ZU PACKEN<\/strong><\/a><\/div>\n<\/div>\n<\/div><\/div>\n<\/div>\n\n\n\n<div id=\"wp-block-themeisle-blocks-advanced-column-8720a649\" class=\"wp-block-themeisle-blocks-advanced-column\">\n<div class=\"wp-block-cover o-anim-hover pulse o-anim-offset-30px has-white-color has-text-color has-link-color wp-elements-0e48cfe1c31d9ff0a3e2d88bdfb84788\"><img decoding=\"async\" width=\"1000\" height=\"667\" class=\"wp-block-cover__image-background wp-image-8042 lazyload\" alt=\"\" data-src=\"https:\/\/nabilaexperience.com\/wp-content\/uploads\/2025\/02\/nabila-experience-info-tips-tenerife-good-to-know.webp\" data-object-fit=\"cover\" data-srcset=\"https:\/\/nabilaexperience.com\/wp-content\/uploads\/2025\/02\/nabila-experience-info-tips-tenerife-good-to-know.webp 1000w, https:\/\/nabilaexperience.com\/wp-content\/uploads\/2025\/02\/nabila-experience-info-tips-tenerife-good-to-know-300x200.webp 300w, https:\/\/nabilaexperience.com\/wp-content\/uploads\/2025\/02\/nabila-experience-info-tips-tenerife-good-to-know-768x512.webp 768w, https:\/\/nabilaexperience.com\/wp-content\/uploads\/2025\/02\/nabila-experience-info-tips-tenerife-good-to-know-18x12.webp 18w, https:\/\/nabilaexperience.com\/wp-content\/uploads\/2025\/02\/nabila-experience-info-tips-tenerife-good-to-know-600x400.webp 600w\" data-sizes=\"(max-width: 1000px) 100vw, 1000px\" src=\"data:image\/gif;base64,R0lGODlhAQABAAAAACH5BAEKAAEALAAAAAABAAEAAAICTAEAOw==\" style=\"--smush-placeholder-width: 1000px; --smush-placeholder-aspect-ratio: 1000\/667;\" \/><span aria-hidden=\"true\" class=\"wp-block-cover__background has-background-dim\" style=\"background-color:#02244d\"><\/span><div class=\"wp-block-cover__inner-container is-layout-flow wp-block-cover-is-layout-flow\">\n<div class=\"wp-block-buttons has-custom-font-size is-content-justification-center is-layout-flex wp-container-core-buttons-is-layout-5e6b19ed wp-block-buttons-is-layout-flex\" style=\"font-size:17px\">\n<div class=\"wp-block-button has-custom-width wp-block-button__width-75 is-style-primary is-style-outline pulse o-anim-hover is-style-outline--5\"><a class=\"wp-block-button__link has-text-color has-background has-link-color has-medium-font-size has-text-align-center has-custom-font-size wp-element-button\" style=\"border-radius:0px;color:#ffbf00;background-color:#02244d7d\"><strong>GUT ZU WISSEN<\/strong><br><strong>(BALD)<\/strong><\/a><\/div>\n<\/div>\n<\/div><\/div>\n<\/div>\n\n\n\n<div id=\"wp-block-themeisle-blocks-advanced-column-bbecfe3e\" class=\"wp-block-themeisle-blocks-advanced-column\">\n<div class=\"wp-block-cover\"><img decoding=\"async\" width=\"1000\" height=\"667\" class=\"wp-block-cover__image-background wp-image-8044 lazyload\" alt=\"\" data-src=\"https:\/\/nabilaexperience.com\/wp-content\/uploads\/2025\/02\/nabila-experience-info-tips-tenerife-carnival.webp\" data-object-fit=\"cover\" data-srcset=\"https:\/\/nabilaexperience.com\/wp-content\/uploads\/2025\/02\/nabila-experience-info-tips-tenerife-carnival.webp 1000w, https:\/\/nabilaexperience.com\/wp-content\/uploads\/2025\/02\/nabila-experience-info-tips-tenerife-carnival-300x200.webp 300w, https:\/\/nabilaexperience.com\/wp-content\/uploads\/2025\/02\/nabila-experience-info-tips-tenerife-carnival-768x512.webp 768w, https:\/\/nabilaexperience.com\/wp-content\/uploads\/2025\/02\/nabila-experience-info-tips-tenerife-carnival-18x12.webp 18w, https:\/\/nabilaexperience.com\/wp-content\/uploads\/2025\/02\/nabila-experience-info-tips-tenerife-carnival-600x400.webp 600w\" data-sizes=\"(max-width: 1000px) 100vw, 1000px\" src=\"data:image\/gif;base64,R0lGODlhAQABAAAAACH5BAEKAAEALAAAAAABAAEAAAICTAEAOw==\" style=\"--smush-placeholder-width: 1000px; --smush-placeholder-aspect-ratio: 1000\/667;\" \/><span aria-hidden=\"true\" class=\"wp-block-cover__background has-background-dim\" style=\"background-color:#02244d\"><\/span><div class=\"wp-block-cover__inner-container is-layout-flow wp-block-cover-is-layout-flow\">\n<div class=\"wp-block-buttons has-custom-font-size is-content-justification-center is-layout-flex wp-container-core-buttons-is-layout-5e6b19ed wp-block-buttons-is-layout-flex\" style=\"font-size:17px\">\n<div class=\"wp-block-button has-custom-width wp-block-button__width-75 is-style-primary is-style-outline pulse o-anim-hover is-style-outline--6\"><a class=\"wp-block-button__link has-text-color has-background has-link-color has-medium-font-size has-text-align-center has-custom-font-size wp-element-button\" style=\"border-radius:0px;color:#ffbf00;background-color:#02244d7d\"><strong>FESTE UND VERANSTALTUNGEN<\/strong><br><strong>(BALD)<\/strong><\/a><\/div>\n<\/div>\n<\/div><\/div>\n<\/div>\n<\/div><\/div>","protected":false},"excerpt":{"rendered":"<p>INFO &amp; TIPPS<\/p>","protected":false},"author":1,"featured_media":8055,"parent":0,"menu_order":0,"comment_status":"closed","ping_status":"closed","template":"","meta":{"_acf_changed":false,"ocean_post_layout":"","ocean_both_sidebars_style":"","ocean_both_sidebars_content_width":0,"ocean_both_sidebars_sidebars_width":0,"ocean_sidebar":"","ocean_second_sidebar":"","ocean_disable_margins":"enable","ocean_add_body_class":"","ocean_shortcode_before_top_bar":"","ocean_shortcode_after_top_bar":"","ocean_shortcode_before_header":"","ocean_shortcode_after_header":"","ocean_has_shortcode":"","ocean_shortcode_after_title":"","ocean_shortcode_before_footer_widgets":"","ocean_shortcode_after_footer_widgets":"","ocean_shortcode_before_footer_bottom":"","ocean_shortcode_after_footer_bottom":"","ocean_display_top_bar":"default","ocean_display_header":"default","ocean_header_style":"","ocean_center_header_left_menu":"","ocean_custom_header_template":"","ocean_custom_logo":0,"ocean_custom_retina_logo":0,"ocean_custom_logo_max_width":0,"ocean_custom_logo_tablet_max_width":0,"ocean_custom_logo_mobile_max_width":0,"ocean_custom_logo_max_height":0,"ocean_custom_logo_tablet_max_height":0,"ocean_custom_logo_mobile_max_height":0,"ocean_header_custom_menu":"","ocean_menu_typo_font_family":"","ocean_menu_typo_font_subset":"","ocean_menu_typo_font_size":0,"ocean_menu_typo_font_size_tablet":0,"ocean_menu_typo_font_size_mobile":0,"ocean_menu_typo_font_size_unit":"px","ocean_menu_typo_font_weight":"","ocean_menu_typo_font_weight_tablet":"","ocean_menu_typo_font_weight_mobile":"","ocean_menu_typo_transform":"","ocean_menu_typo_transform_tablet":"","ocean_menu_typo_transform_mobile":"","ocean_menu_typo_line_height":0,"ocean_menu_typo_line_height_tablet":0,"ocean_menu_typo_line_height_mobile":0,"ocean_menu_typo_line_height_unit":"","ocean_menu_typo_spacing":0,"ocean_menu_typo_spacing_tablet":0,"ocean_menu_typo_spacing_mobile":0,"ocean_menu_typo_spacing_unit":"","ocean_menu_link_color":"","ocean_menu_link_color_hover":"","ocean_menu_link_color_active":"","ocean_menu_link_background":"","ocean_menu_link_hover_background":"","ocean_menu_link_active_background":"","ocean_menu_social_links_bg":"","ocean_menu_social_hover_links_bg":"","ocean_menu_social_links_color":"","ocean_menu_social_hover_links_color":"","ocean_disable_title":"default","ocean_disable_heading":"default","ocean_post_title":"","ocean_post_subheading":"","ocean_post_title_style":"","ocean_post_title_background_color":"","ocean_post_title_background":0,"ocean_post_title_bg_image_position":"","ocean_post_title_bg_image_attachment":"","ocean_post_title_bg_image_repeat":"","ocean_post_title_bg_image_size":"","ocean_post_title_height":0,"ocean_post_title_bg_overlay":0.5,"ocean_post_title_bg_overlay_color":"","ocean_disable_breadcrumbs":"default","ocean_breadcrumbs_color":"","ocean_breadcrumbs_separator_color":"","ocean_breadcrumbs_links_color":"","ocean_breadcrumbs_links_hover_color":"","ocean_display_footer_widgets":"default","ocean_display_footer_bottom":"default","ocean_custom_footer_template":"","_themeisle_gutenberg_block_has_review":false,"footnotes":""},"class_list":["post-8041","page","type-page","status-publish","has-post-thumbnail","hentry","entry","has-media","owp-thumbs-layout-vertical","owp-btn-very-big","owp-tabs-layout-horizontal","has-no-thumbnails"],"acf":[],"aioseo_notices":[],"jetpack_sharing_enabled":true,"_links":{"self":[{"href":"https:\/\/nabilaexperience.com\/de\/wp-json\/wp\/v2\/pages\/8041","targetHints":{"allow":["GET"]}}],"collection":[{"href":"https:\/\/nabilaexperience.com\/de\/wp-json\/wp\/v2\/pages"}],"about":[{"href":"https:\/\/nabilaexperience.com\/de\/wp-json\/wp\/v2\/types\/page"}],"author":[{"embeddable":true,"href":"https:\/\/nabilaexperience.com\/de\/wp-json\/wp\/v2\/users\/1"}],"replies":[{"embeddable":true,"href":"https:\/\/nabilaexperience.com\/de\/wp-json\/wp\/v2\/comments?post=8041"}],"version-history":[{"count":46,"href":"https:\/\/nabilaexperience.com\/de\/wp-json\/wp\/v2\/pages\/8041\/revisions"}],"predecessor-version":[{"id":13534,"href":"https:\/\/nabilaexperience.com\/de\/wp-json\/wp\/v2\/pages\/8041\/revisions\/13534"}],"wp:featuredmedia":[{"embeddable":true,"href":"https:\/\/nabilaexperience.com\/de\/wp-json\/wp\/v2\/media\/8055"}],"wp:attachment":[{"href":"https:\/\/nabilaexperience.com\/de\/wp-json\/wp\/v2\/media?parent=8041"}],"curies":[{"name":"wp","href":"https:\/\/api.w.org\/{rel}","templated":true}]}}