{"id":7836,"date":"2025-02-22T18:16:31","date_gmt":"2025-02-22T18:16:31","guid":{"rendered":"https:\/\/nabilaexperience.com\/?page_id=7836"},"modified":"2025-03-14T20:00:27","modified_gmt":"2025-03-14T20:00:27","slug":"teneriffa-ausfluge-besten","status":"publish","type":"page","link":"https:\/\/nabilaexperience.com\/de\/teneriffa-ausfluge-besten\/","title":{"rendered":"TENERIFFA AUSFL\u00dcGE - DAS BESTE F\u00dcR SIE"},"content":{"rendered":"<div style=\"height:25px\" aria-hidden=\"true\" class=\"wp-block-spacer\"><\/div>\n\n\n\n<h1 class=\"wp-block-heading has-text-align-center has-x-large-font-size\">DIE BESTEN F\u00dcR SIE<\/h1>\n\n\n\n<div id=\"wp-block-themeisle-blocks-advanced-columns-070458a4\" class=\"wp-block-themeisle-blocks-advanced-columns alignfull has-3-columns has-desktop-equal-layout has-tablet-equal-layout has-mobile-collapsedRows-layout has-vertical-center ticss-c00aadba\"><div class=\"wp-block-themeisle-blocks-advanced-columns-overlay\"><\/div><div class=\"innerblocks-wrap\">\n<div id=\"wp-block-themeisle-blocks-advanced-column-5e8e7d77\" class=\"wp-block-themeisle-blocks-advanced-column ticss-721694f4\">\n<div class=\"wp-block-cover is-light ticss-b793776c\"><span aria-hidden=\"true\" class=\"wp-block-cover__background has-background-dim-0 has-background-dim\" style=\"background-color:#b7808b\"><\/span><img fetchpriority=\"high\" decoding=\"async\" width=\"1200\" height=\"800\" class=\"wp-block-cover__image-background wp-image-4468\" alt=\"Teneriffa-Ausfl\u00fcge\" src=\"https:\/\/nabilaexperience.com\/wp-content\/uploads\/2024\/05\/whitesea1.jpg\" style=\"object-position:40% 50%\" data-object-fit=\"cover\" data-object-position=\"40% 50%\" srcset=\"https:\/\/nabilaexperience.com\/wp-content\/uploads\/2024\/05\/whitesea1.jpg 1200w, https:\/\/nabilaexperience.com\/wp-content\/uploads\/2024\/05\/whitesea1-300x200.jpg 300w, https:\/\/nabilaexperience.com\/wp-content\/uploads\/2024\/05\/whitesea1-600x400.jpg 600w, https:\/\/nabilaexperience.com\/wp-content\/uploads\/2024\/05\/whitesea1-1024x683.jpg 1024w, https:\/\/nabilaexperience.com\/wp-content\/uploads\/2024\/05\/whitesea1-768x512.jpg 768w, https:\/\/nabilaexperience.com\/wp-content\/uploads\/2024\/05\/whitesea1-174x116.jpg 174w\" sizes=\"(max-width: 1200px) 100vw, 1200px\" \/><div class=\"wp-block-cover__inner-container is-layout-flow wp-block-cover-is-layout-flow\">\n<p class=\"has-text-align-center has-large-font-size\"><\/p>\n<\/div><\/div>\n<\/div>\n\n\n\n<div id=\"wp-block-themeisle-blocks-advanced-column-bea6f9b4\" class=\"wp-block-themeisle-blocks-advanced-column ticss-ee00ba8a\">\n<div class=\"wp-block-cover\"><span aria-hidden=\"true\" class=\"wp-block-cover__background has-background-dim-100 has-background-dim\" style=\"background-color:#02244d\"><\/span><img decoding=\"async\" class=\"wp-block-cover__image-background wp-image-306 lazyload\" alt=\"\" data-src=\"https:\/\/api.themeisle.com\/sites\/images\/cb:otter\/q:auto\/wp-content\/uploads\/sites\/664\/2022\/09\/otter-demo-07.png\" style=\"object-position:41% 0%\" data-object-fit=\"cover\" data-object-position=\"41% 0%\" src=\"data:image\/gif;base64,R0lGODlhAQABAAAAACH5BAEKAAEALAAAAAABAAEAAAICTAEAOw==\" \/><div class=\"wp-block-cover__inner-container is-layout-flow wp-block-cover-is-layout-flow\">\n<h1 class=\"wp-block-heading has-text-align-center has-text-color has-link-color has-x-large-font-size wp-elements-71279c6062267708569e3e6a4975f299\" style=\"color:#ffbf00\">DIE BESTEN F\u00dcR SIE<\/h1>\n\n\n\n<p class=\"has-text-align-center\" style=\"font-size:17px\">Ob Sie einen romantischen Ausflug, ein Familienabenteuer oder eine lustige Gruppenaktivit\u00e4t planen, wir haben die besten Teneriffa-Ausfl\u00fcge f\u00fcr Sie.<\/p>\n\n\n\n<ul style=\"font-size:17px\" class=\"wp-block-list\">\n<li><strong>PAARE<\/strong> - Besondere Momente zu zweit, von der Kreuzfahrt zum Sonnenuntergang bis zur Sternenbeobachtung.<\/li>\n<\/ul>\n\n\n\n<ul class=\"wp-block-list\">\n<li style=\"font-size:17px\"><strong>FAMILIEN<\/strong> - Spa\u00dfige Aktivit\u00e4ten f\u00fcr alle Altersgruppen, ideal, um gemeinsam Erinnerungen zu schaffen.<\/li>\n<\/ul>\n\n\n\n<ul class=\"wp-block-list\">\n<li style=\"font-size:17px\"><strong>GRUPPEN<\/strong> - Aufregende Abenteuer, die Sie mit Freunden oder gr\u00f6\u00dferen Gruppen erleben k\u00f6nnen.<\/li>\n<\/ul>\n\n\n\n<div style=\"height:25px\" aria-hidden=\"true\" class=\"wp-block-spacer\"><\/div>\n\n\n\n<p class=\"has-text-align-center\" style=\"font-size:19px\"><strong>W\u00e4hlen Sie die Option, die Ihnen am besten gef\u00e4llt, und entdecken Sie Teneriffa auf Ihre Weise!<\/strong><\/p>\n<\/div><\/div>\n<\/div>\n\n\n\n<div id=\"wp-block-themeisle-blocks-advanced-column-26629785\" class=\"wp-block-themeisle-blocks-advanced-column ticss-4153f868\">\n<div class=\"wp-block-cover is-light ticss-2740ae92\"><span aria-hidden=\"true\" class=\"wp-block-cover__background has-background-dim-0 has-background-dim\" style=\"background-color:#8b7778\"><\/span><img decoding=\"async\" width=\"1266\" height=\"844\" class=\"wp-block-cover__image-background wp-image-5389 lazyload\" alt=\"\" data-src=\"https:\/\/nabilaexperience.com\/wp-content\/uploads\/2024\/09\/20221217_150102-opt-1.jpg\" style=\"--smush-placeholder-width: 1266px; --smush-placeholder-aspect-ratio: 1266\/844;object-position:40% 50%\" data-object-fit=\"cover\" data-object-position=\"40% 50%\" data-srcset=\"https:\/\/nabilaexperience.com\/wp-content\/uploads\/2024\/09\/20221217_150102-opt-1.jpg 1266w, https:\/\/nabilaexperience.com\/wp-content\/uploads\/2024\/09\/20221217_150102-opt-1-300x200.jpg 300w, https:\/\/nabilaexperience.com\/wp-content\/uploads\/2024\/09\/20221217_150102-opt-1-600x400.jpg 600w, https:\/\/nabilaexperience.com\/wp-content\/uploads\/2024\/09\/20221217_150102-opt-1-1024x683.jpg 1024w, https:\/\/nabilaexperience.com\/wp-content\/uploads\/2024\/09\/20221217_150102-opt-1-768x512.jpg 768w, https:\/\/nabilaexperience.com\/wp-content\/uploads\/2024\/09\/20221217_150102-opt-1-174x116.jpg 174w\" data-sizes=\"(max-width: 1266px) 100vw, 1266px\" src=\"data:image\/gif;base64,R0lGODlhAQABAAAAACH5BAEKAAEALAAAAAABAAEAAAICTAEAOw==\" \/><div class=\"wp-block-cover__inner-container is-layout-flow wp-block-cover-is-layout-flow\">\n<p class=\"has-text-align-center has-large-font-size\"><\/p>\n<\/div><\/div>\n<\/div>\n<\/div><\/div>\n\n\n\n<h2 class=\"wp-block-heading alignfull has-text-align-center ticss-e4b7435a has-text-color has-background has-link-color wp-elements-a44444b3572671b7395ab4ba69443d0a\" style=\"color:#02244d;background-color:#ffbf00;font-size:31px\">DIE BESTEN F\u00dcR<\/h2>\n\n\n\n<div id=\"wp-block-themeisle-blocks-advanced-columns-08b15238\" class=\"wp-block-themeisle-blocks-advanced-columns alignfull has-3-columns has-desktop-equal-layout has-tablet-equal-layout has-mobile-collapsedRows-layout has-vertical-center ticss-c00aadba\"><div class=\"wp-block-themeisle-blocks-advanced-columns-overlay\"><\/div><div class=\"innerblocks-wrap\">\n<div id=\"wp-block-themeisle-blocks-advanced-column-b57cdb33\" class=\"wp-block-themeisle-blocks-advanced-column\">\n<div class=\"wp-block-cover o-anim-hover pulse o-anim-offset-30px has-white-color has-text-color has-link-color wp-elements-877445315debb34a717452e6e04eb416\"><span aria-hidden=\"true\" class=\"wp-block-cover__background has-background-dim\" style=\"background-color:#02244d\"><\/span><img decoding=\"async\" width=\"2560\" height=\"1707\" class=\"wp-block-cover__image-background wp-image-1807 lazyload\" alt=\"\" data-src=\"https:\/\/nabilaexperience.com\/wp-content\/uploads\/2024\/02\/LUXURY-YACHT-scaled.jpg\" data-object-fit=\"cover\" data-srcset=\"https:\/\/nabilaexperience.com\/wp-content\/uploads\/2024\/02\/LUXURY-YACHT-scaled.jpg 2560w, https:\/\/nabilaexperience.com\/wp-content\/uploads\/2024\/02\/LUXURY-YACHT-300x200.jpg 300w, https:\/\/nabilaexperience.com\/wp-content\/uploads\/2024\/02\/LUXURY-YACHT-scaled-600x400.jpg 600w, https:\/\/nabilaexperience.com\/wp-content\/uploads\/2024\/02\/LUXURY-YACHT-1024x683.jpg 1024w, https:\/\/nabilaexperience.com\/wp-content\/uploads\/2024\/02\/LUXURY-YACHT-768x512.jpg 768w, https:\/\/nabilaexperience.com\/wp-content\/uploads\/2024\/02\/LUXURY-YACHT-1536x1024.jpg 1536w, https:\/\/nabilaexperience.com\/wp-content\/uploads\/2024\/02\/LUXURY-YACHT-2048x1365.jpg 2048w, https:\/\/nabilaexperience.com\/wp-content\/uploads\/2024\/02\/LUXURY-YACHT-1320x880.jpg 1320w, https:\/\/nabilaexperience.com\/wp-content\/uploads\/2024\/02\/LUXURY-YACHT-174x116.jpg 174w\" data-sizes=\"(max-width: 2560px) 100vw, 2560px\" src=\"data:image\/gif;base64,R0lGODlhAQABAAAAACH5BAEKAAEALAAAAAABAAEAAAICTAEAOw==\" style=\"--smush-placeholder-width: 2560px; --smush-placeholder-aspect-ratio: 2560\/1707;\" \/><div class=\"wp-block-cover__inner-container is-layout-flow wp-block-cover-is-layout-flow\">\n<div class=\"wp-block-buttons has-custom-font-size is-content-justification-center is-layout-flex wp-container-core-buttons-is-layout-5e6b19ed wp-block-buttons-is-layout-flex\" style=\"font-size:17px\">\n<div class=\"wp-block-button has-custom-width wp-block-button__width-75 has-custom-font-size is-style-primary is-style-outline pulse o-anim-hover has-medium-font-size is-style-outline--1\"><a class=\"wp-block-button__link has-text-color has-background has-link-color has-text-align-center wp-element-button\" href=\"https:\/\/nabilaexperience.com\/de\/teneriffa-ausfluge-paare\/\" style=\"border-radius:0px;color:#ffbf00;background-color:#02244d7d\"><strong>PAARE<\/strong><\/a><\/div>\n<\/div>\n<\/div><\/div>\n<\/div>\n\n\n\n<div id=\"wp-block-themeisle-blocks-advanced-column-eefb8312\" class=\"wp-block-themeisle-blocks-advanced-column\">\n<div class=\"wp-block-cover\"><span aria-hidden=\"true\" class=\"wp-block-cover__background has-background-dim\" style=\"background-color:#02244d\"><\/span><img decoding=\"async\" width=\"512\" height=\"512\" class=\"wp-block-cover__image-background wp-image-7809 lazyload\" alt=\"am besten\" data-src=\"https:\/\/nabilaexperience.com\/wp-content\/uploads\/2025\/02\/nabila-experience-tenerife-excursions-siam-park.webp\" data-object-fit=\"cover\" data-srcset=\"https:\/\/nabilaexperience.com\/wp-content\/uploads\/2025\/02\/nabila-experience-tenerife-excursions-siam-park.webp 512w, https:\/\/nabilaexperience.com\/wp-content\/uploads\/2025\/02\/nabila-experience-tenerife-excursions-siam-park-300x300.webp 300w, https:\/\/nabilaexperience.com\/wp-content\/uploads\/2025\/02\/nabila-experience-tenerife-excursions-siam-park-150x150.webp 150w, https:\/\/nabilaexperience.com\/wp-content\/uploads\/2025\/02\/nabila-experience-tenerife-excursions-siam-park-12x12.webp 12w, https:\/\/nabilaexperience.com\/wp-content\/uploads\/2025\/02\/nabila-experience-tenerife-excursions-siam-park-100x100.webp 100w\" data-sizes=\"(max-width: 512px) 100vw, 512px\" src=\"data:image\/gif;base64,R0lGODlhAQABAAAAACH5BAEKAAEALAAAAAABAAEAAAICTAEAOw==\" style=\"--smush-placeholder-width: 512px; --smush-placeholder-aspect-ratio: 512\/512;\" \/><div class=\"wp-block-cover__inner-container is-layout-flow wp-block-cover-is-layout-flow\">\n<div class=\"wp-block-buttons has-custom-font-size is-content-justification-center is-layout-flex wp-container-core-buttons-is-layout-5e6b19ed wp-block-buttons-is-layout-flex\" style=\"font-size:17px\">\n<div class=\"wp-block-button has-custom-width wp-block-button__width-75 has-custom-font-size is-style-primary is-style-outline pulse o-anim-hover has-medium-font-size is-style-outline--2\"><a class=\"wp-block-button__link has-text-color has-background has-link-color has-text-align-center wp-element-button\" href=\"https:\/\/nabilaexperience.com\/de\/teneriffa-ausfluge-familien\/\" style=\"border-radius:0px;color:#ffbf00;background-color:#02244d7d\"><strong>FAMILIEN<\/strong><\/a><\/div>\n<\/div>\n<\/div><\/div>\n<\/div>\n\n\n\n<div id=\"wp-block-themeisle-blocks-advanced-column-9136d16a\" class=\"wp-block-themeisle-blocks-advanced-column\">\n<div class=\"wp-block-cover\" style=\"min-height:430px;aspect-ratio:unset;\"><span aria-hidden=\"true\" class=\"wp-block-cover__background has-background-dim\" style=\"background-color:#02244d\"><\/span><img decoding=\"async\" width=\"1080\" height=\"720\" class=\"wp-block-cover__image-background wp-image-6303 lazyload\" alt=\"\" data-src=\"https:\/\/nabilaexperience.com\/wp-content\/uploads\/2025\/01\/5-1.jpg\" style=\"--smush-placeholder-width: 1080px; --smush-placeholder-aspect-ratio: 1080\/720;object-position:25% 49%\" data-object-fit=\"cover\" data-object-position=\"25% 49%\" data-srcset=\"https:\/\/nabilaexperience.com\/wp-content\/uploads\/2025\/01\/5-1.jpg 1080w, https:\/\/nabilaexperience.com\/wp-content\/uploads\/2025\/01\/5-1-300x200.jpg 300w, https:\/\/nabilaexperience.com\/wp-content\/uploads\/2025\/01\/5-1-600x400.jpg 600w, https:\/\/nabilaexperience.com\/wp-content\/uploads\/2025\/01\/5-1-1024x683.jpg 1024w, https:\/\/nabilaexperience.com\/wp-content\/uploads\/2025\/01\/5-1-768x512.jpg 768w\" data-sizes=\"(max-width: 1080px) 100vw, 1080px\" src=\"data:image\/gif;base64,R0lGODlhAQABAAAAACH5BAEKAAEALAAAAAABAAEAAAICTAEAOw==\" \/><div class=\"wp-block-cover__inner-container is-layout-flow wp-block-cover-is-layout-flow\">\n<div class=\"wp-block-buttons has-custom-font-size is-content-justification-center is-layout-flex wp-container-core-buttons-is-layout-5e6b19ed wp-block-buttons-is-layout-flex\" style=\"font-size:17px\">\n<div class=\"wp-block-button has-custom-width wp-block-button__width-75 has-custom-font-size is-style-primary is-style-outline pulse o-anim-hover has-medium-font-size is-style-outline--3\"><a class=\"wp-block-button__link has-text-color has-background has-link-color has-text-align-center wp-element-button\" href=\"https:\/\/nabilaexperience.com\/de\/teneriffa-ausfluge-gruppen\/\" style=\"border-radius:0px;color:#ffbf00;background-color:#02244d7d\"><strong>GRUPPEN<\/strong><\/a><\/div>\n<\/div>\n<\/div><\/div>\n<\/div>\n<\/div><\/div>","protected":false},"excerpt":{"rendered":"<p>BEST FOR YOU BEST FOR<\/p>","protected":false},"author":1,"featured_media":4851,"parent":0,"menu_order":0,"comment_status":"closed","ping_status":"closed","template":"","meta":{"_acf_changed":false,"ocean_post_layout":"","ocean_both_sidebars_style":"","ocean_both_sidebars_content_width":0,"ocean_both_sidebars_sidebars_width":0,"ocean_sidebar":"","ocean_second_sidebar":"","ocean_disable_margins":"enable","ocean_add_body_class":"","ocean_shortcode_before_top_bar":"","ocean_shortcode_after_top_bar":"","ocean_shortcode_before_header":"","ocean_shortcode_after_header":"","ocean_has_shortcode":"","ocean_shortcode_after_title":"","ocean_shortcode_before_footer_widgets":"","ocean_shortcode_after_footer_widgets":"","ocean_shortcode_before_footer_bottom":"","ocean_shortcode_after_footer_bottom":"","ocean_display_top_bar":"default","ocean_display_header":"default","ocean_header_style":"","ocean_center_header_left_menu":"","ocean_custom_header_template":"","ocean_custom_logo":0,"ocean_custom_retina_logo":0,"ocean_custom_logo_max_width":0,"ocean_custom_logo_tablet_max_width":0,"ocean_custom_logo_mobile_max_width":0,"ocean_custom_logo_max_height":0,"ocean_custom_logo_tablet_max_height":0,"ocean_custom_logo_mobile_max_height":0,"ocean_header_custom_menu":"","ocean_menu_typo_font_family":"","ocean_menu_typo_font_subset":"","ocean_menu_typo_font_size":0,"ocean_menu_typo_font_size_tablet":0,"ocean_menu_typo_font_size_mobile":0,"ocean_menu_typo_font_size_unit":"px","ocean_menu_typo_font_weight":"","ocean_menu_typo_font_weight_tablet":"","ocean_menu_typo_font_weight_mobile":"","ocean_menu_typo_transform":"","ocean_menu_typo_transform_tablet":"","ocean_menu_typo_transform_mobile":"","ocean_menu_typo_line_height":0,"ocean_menu_typo_line_height_tablet":0,"ocean_menu_typo_line_height_mobile":0,"ocean_menu_typo_line_height_unit":"","ocean_menu_typo_spacing":0,"ocean_menu_typo_spacing_tablet":0,"ocean_menu_typo_spacing_mobile":0,"ocean_menu_typo_spacing_unit":"","ocean_menu_link_color":"","ocean_menu_link_color_hover":"","ocean_menu_link_color_active":"","ocean_menu_link_background":"","ocean_menu_link_hover_background":"","ocean_menu_link_active_background":"","ocean_menu_social_links_bg":"","ocean_menu_social_hover_links_bg":"","ocean_menu_social_links_color":"","ocean_menu_social_hover_links_color":"","ocean_disable_title":"default","ocean_disable_heading":"default","ocean_post_title":"","ocean_post_subheading":"","ocean_post_title_style":"","ocean_post_title_background_color":"","ocean_post_title_background":0,"ocean_post_title_bg_image_position":"","ocean_post_title_bg_image_attachment":"","ocean_post_title_bg_image_repeat":"","ocean_post_title_bg_image_size":"","ocean_post_title_height":0,"ocean_post_title_bg_overlay":0.5,"ocean_post_title_bg_overlay_color":"","ocean_disable_breadcrumbs":"default","ocean_breadcrumbs_color":"","ocean_breadcrumbs_separator_color":"","ocean_breadcrumbs_links_color":"","ocean_breadcrumbs_links_hover_color":"","ocean_display_footer_widgets":"default","ocean_display_footer_bottom":"default","ocean_custom_footer_template":"","_themeisle_gutenberg_block_has_review":false,"footnotes":""},"class_list":["post-7836","page","type-page","status-publish","has-post-thumbnail","hentry","entry","has-media","owp-thumbs-layout-vertical","owp-btn-very-big","owp-tabs-layout-horizontal","has-no-thumbnails"],"acf":[],"aioseo_notices":[],"jetpack_sharing_enabled":true,"_links":{"self":[{"href":"https:\/\/nabilaexperience.com\/de\/wp-json\/wp\/v2\/pages\/7836","targetHints":{"allow":["GET"]}}],"collection":[{"href":"https:\/\/nabilaexperience.com\/de\/wp-json\/wp\/v2\/pages"}],"about":[{"href":"https:\/\/nabilaexperience.com\/de\/wp-json\/wp\/v2\/types\/page"}],"author":[{"embeddable":true,"href":"https:\/\/nabilaexperience.com\/de\/wp-json\/wp\/v2\/users\/1"}],"replies":[{"embeddable":true,"href":"https:\/\/nabilaexperience.com\/de\/wp-json\/wp\/v2\/comments?post=7836"}],"version-history":[{"count":20,"href":"https:\/\/nabilaexperience.com\/de\/wp-json\/wp\/v2\/pages\/7836\/revisions"}],"predecessor-version":[{"id":9110,"href":"https:\/\/nabilaexperience.com\/de\/wp-json\/wp\/v2\/pages\/7836\/revisions\/9110"}],"wp:featuredmedia":[{"embeddable":true,"href":"https:\/\/nabilaexperience.com\/de\/wp-json\/wp\/v2\/media\/4851"}],"wp:attachment":[{"href":"https:\/\/nabilaexperience.com\/de\/wp-json\/wp\/v2\/media?parent=7836"}],"curies":[{"name":"wp","href":"https:\/\/api.w.org\/{rel}","templated":true}]}}